{"id":1040,"date":"2024-07-03T17:59:04","date_gmt":"2024-07-03T17:59:04","guid":{"rendered":"https:\/\/celplan.com\/?page_id=1040"},"modified":"2024-08-22T14:27:03","modified_gmt":"2024-08-22T14:27:03","slug":"telecom_networks","status":"publish","type":"page","link":"https:\/\/celplan.com\/es\/telecom_networks\/","title":{"rendered":"Redes de Telecomunicaciones"},"content":{"rendered":"<div class=\"wp-block-uagb-container uagb-block-eghuxq0k alignfull uagb-is-root-container\"><div class=\"uagb-container-inner-blocks-wrap\">\n<div class=\"wp-block-uagb-info-box uagb-block-z9doniw9 uagb-infobox__content-wrap  uagb-infobox-icon-above-title uagb-infobox-image-valign-top\"><div class=\"uagb-ifb-content\"><div class=\"uagb-ifb-title-wrap\"><h1 class=\"uagb-ifb-title\">Redes de Telecomunicaciones P\u00fablicas y Privadas<\/h1><\/div><\/div><\/div>\n<\/div><\/div>\n\n\n\n<div class=\"wp-block-uagb-container uagb-block-emclgmc9 alignfull uagb-is-root-container\"><div class=\"uagb-container-inner-blocks-wrap\">\n<div class=\"wp-block-uagb-container uagb-block-irrqqyib\">\n<div class=\"wp-block-uagb-image aligncenter uagb-block-xjfolfyf wp-block-uagb-image--layout-default wp-block-uagb-image--effect-static wp-block-uagb-image--align-center alignleft\"><figure class=\"wp-block-uagb-image__figure\"><img decoding=\"async\"  sizes=\"auto, (max-width: 480px) 150px\" src=\"https:\/\/celplan.com\/wp-content\/uploads\/2024\/07\/Markets-Telecom-cell-tower-1-MB-1536x1024-2-1024x683.jpg\" alt=\"\" width=\"564\" height=\"400\" title=\"concept of wireless radio Internet. 5G. 4G, 3G mobile technologies.\" loading=\"lazy\" role=\"img\"\/><\/figure><\/div>\n\n\n\n<div class=\"wp-block-uagb-container uagb-block-b253d7f1\">\n<div class=\"wp-block-uagb-info-box uagb-block-awdyunuf uagb-infobox__content-wrap  uagb-infobox-icon-above-title uagb-infobox-image-valign-top\"><div class=\"uagb-ifb-content\"><div class=\"uagb-ifb-title-wrap\"><\/div><p class=\"uagb-ifb-desc\">CelPlan ofrece un conjunto integral de productos y soluciones para redes inal\u00e1mbricas, que abarca todos los aspectos, desde la planificaci\u00f3n, el dise\u00f1o y la optimizaci\u00f3n hasta los servicios de campo, las pruebas de rendimiento y el an\u00e1lisis de la satisfacci\u00f3n del cliente. Con m\u00e1s de tres d\u00e9cadas de experiencia, CelPlan ha brindado servicios y herramientas de dise\u00f1o de redes a operadores y proveedores de operaciones y mantenimiento (O&amp;M) en todo el mundo.<br><br>Nuestra clientela incluye:<\/p><\/div><\/div>\n\n\n\n<ul class=\"wp-block-list\">\n<li>Operadores de servicios inal\u00e1mbricos p\u00fablicos (operadores)<\/li>\n\n\n\n<li>Proveedores de servicios de Internet inal\u00e1mbricos (WISP)<\/li>\n\n\n\n<li>Operadores de redes virtuales m\u00f3viles (MVNO) y operadores de redes virtuales privadas (PVNO)<\/li>\n\n\n\n<li>Redes de infraestructura cr\u00edtica<\/li>\n\n\n\n<li>Redes privadas<\/li>\n\n\n\n<li>Proveedores de operaciones y mantenimiento<\/li>\n<\/ul>\n<\/div>\n<\/div>\n\n\n\n<p>CelPlan ha ayudado a operadores inal\u00e1mbricos tanto emergentes como establecidos con el dise\u00f1o de redes, que abarcan tanto componentes inal\u00e1mbricos como de fibra \u00f3ptica. Nuestros servicios de consultor\u00eda para operadores m\u00e1s peque\u00f1os cubren diversos temas, como an\u00e1lisis de inundaciones, gesti\u00f3n de cortes de energ\u00eda, protocolos de seguridad y estrategias de financiamiento internacional.<br><br>Nuestra experiencia nos permite ayudar a su equipo a determinar la selecci\u00f3n \u00f3ptima del sitio, mejorar la cobertura de la red y desarrollar planes de frecuencia eficientes. Ofrecemos la capacidad de ampliar su equipo existente con ingenieros de radiofrecuencia (RF) especializados y remotos. Adem\u00e1s, CelPlan ofrece servicios de tutor\u00eda para capacitar y respaldar a su equipo local de ingenier\u00eda de RF.<\/p>\n\n\n\n<div class=\"wp-block-uagb-container uagb-block-zjbzc2rs\">\n<div class=\"wp-block-uagb-container uagb-block-04390dc4\">\n<div class=\"wp-block-uagb-info-box uagb-block-tx5a0wpu uagb-infobox__content-wrap  uagb-infobox-icon-above-title uagb-infobox-image-valign-top\"><div class=\"uagb-ifb-content\"><div class=\"uagb-ifb-title-wrap\"><\/div><p class=\"uagb-ifb-desc\">Nuestro portafolio de servicios incluye:<\/p><\/div><\/div>\n\n\n\n<ul class=\"wp-block-list\">\n<li>Dise\u00f1o y optimizaci\u00f3n de redes (herramientas y servicios)<\/li>\n\n\n\n<li>Detecci\u00f3n y mitigaci\u00f3n de interferencias<\/li>\n\n\n\n<li>Limpieza del espectro<\/li>\n\n\n\n<li>Auditor\u00eda de redes y estudios de sitios<\/li>\n\n\n\n<li>Calibraci\u00f3n de modelos de propagaci\u00f3n<\/li>\n\n\n\n<li>Estrategias \u00f3ptimas de selecci\u00f3n de sitios<\/li>\n\n\n\n<li>Planificaci\u00f3n de frecuencias<\/li>\n\n\n\n<li>T\u00e9cnicas de mejora de la huella celular<\/li>\n\n\n\n<li>An\u00e1lisis de capacidad<\/li>\n\n\n\n<li>Programas de capacitaci\u00f3n y tutor\u00eda<\/li>\n<\/ul>\n<\/div>\n\n\n\n<div class=\"wp-block-uagb-image alignleft uagb-block-wpexpcme wp-block-uagb-image--layout-default wp-block-uagb-image--effect-static wp-block-uagb-image--align-left\"><figure class=\"wp-block-uagb-image__figure\"><img decoding=\"async\"  sizes=\"auto, (max-width: 480px) 150px\" src=\"https:\/\/celplan.com\/wp-content\/uploads\/2024\/07\/cell-tower-1536x869-1-1024x579.jpg\" alt=\"\" width=\"564\" height=\"400\" title=\"cell-tower-1536x869-1\" loading=\"lazy\" role=\"img\"\/><\/figure><\/div>\n<\/div>\n<\/div><\/div>\n\n\n\n<p><\/p>","protected":false},"excerpt":{"rendered":"<p>CelPlan has assisted both emerging and established wireless operators with network design, encompassing both wireless and optical fiber components. Our consulting services for smaller operators cover diverse topics such as flood analysis, power outage management, security protocols, and international financing strategies. Our expertise enables us to assist your team in determining optimal site selection, enhancing [&hellip;]<\/p>\n","protected":false},"author":2,"featured_media":0,"parent":0,"menu_order":0,"comment_status":"closed","ping_status":"closed","template":"","meta":{"_uag_custom_page_level_css":"","_monsterinsights_skip_tracking":false,"_monsterinsights_sitenote_active":false,"_monsterinsights_sitenote_note":"","_monsterinsights_sitenote_category":0,"site-sidebar-layout":"no-sidebar","site-content-layout":"","ast-site-content-layout":"full-width-container","site-content-style":"unboxed","site-sidebar-style":"unboxed","ast-global-header-display":"","ast-banner-title-visibility":"","ast-main-header-display":"","ast-hfb-above-header-display":"","ast-hfb-below-header-display":"","ast-hfb-mobile-header-display":"","site-post-title":"disabled","ast-breadcrumbs-content":"","ast-featured-img":"","footer-sml-layout":"","ast-disable-related-posts":"","theme-transparent-header-meta":"","adv-header-id-meta":"","stick-header-meta":"","header-above-stick-meta":"","header-main-stick-meta":"","header-below-stick-meta":"","astra-migrate-meta-layouts":"set","ast-page-background-enabled":"default","ast-page-background-meta":{"desktop":{"background-color":"var(--ast-global-color-4)","background-image":"","background-repeat":"repeat","background-position":"center center","background-size":"auto","background-attachment":"scroll","background-type":"","background-media":"","overlay-type":"","overlay-color":"","overlay-opacity":"","overlay-gradient":""},"tablet":{"background-color":"","background-image":"","background-repeat":"repeat","background-position":"center center","background-size":"auto","background-attachment":"scroll","background-type":"","background-media":"","overlay-type":"","overlay-color":"","overlay-opacity":"","overlay-gradient":""},"mobile":{"background-color":"","background-image":"","background-repeat":"repeat","background-position":"center center","background-size":"auto","background-attachment":"scroll","background-type":"","background-media":"","overlay-type":"","overlay-color":"","overlay-opacity":"","overlay-gradient":""}},"ast-content-background-meta":{"desktop":{"background-color":"var(--ast-global-color-5)","background-image":"","background-repeat":"repeat","background-position":"center center","background-size":"auto","background-attachment":"scroll","background-type":"","background-media":"","overlay-type":"","overlay-color":"","overlay-opacity":"","overlay-gradient":""},"tablet":{"background-color":"var(--ast-global-color-5)","background-image":"","background-repeat":"repeat","background-position":"center center","background-size":"auto","background-attachment":"scroll","background-type":"","background-media":"","overlay-type":"","overlay-color":"","overlay-opacity":"","overlay-gradient":""},"mobile":{"background-color":"var(--ast-global-color-5)","background-image":"","background-repeat":"repeat","background-position":"center center","background-size":"auto","background-attachment":"scroll","background-type":"","background-media":"","overlay-type":"","overlay-color":"","overlay-opacity":"","overlay-gradient":""}},"footnotes":""},"class_list":["post-1040","page","type-page","status-publish","hentry"],"aioseo_notices":[],"uagb_featured_image_src":{"full":false,"thumbnail":false,"medium":false,"medium_large":false,"large":false,"1536x1536":false,"2048x2048":false,"trp-custom-language-flag":false},"uagb_author_info":{"display_name":"Cristine Korowajczuk","author_link":"https:\/\/celplan.com\/es\/author\/cris_en\/"},"uagb_comment_info":0,"uagb_excerpt":"CelPlan has assisted both emerging and established wireless operators with network design, encompassing both wireless and optical fiber components. Our consulting services for smaller operators cover diverse topics such as flood analysis, power outage management, security protocols, and international financing strategies. Our expertise enables us to assist your team in determining optimal site selection, enhancing&hellip;","_links":{"self":[{"href":"https:\/\/celplan.com\/es\/wp-json\/wp\/v2\/pages\/1040","targetHints":{"allow":["GET"]}}],"collection":[{"href":"https:\/\/celplan.com\/es\/wp-json\/wp\/v2\/pages"}],"about":[{"href":"https:\/\/celplan.com\/es\/wp-json\/wp\/v2\/types\/page"}],"author":[{"embeddable":true,"href":"https:\/\/celplan.com\/es\/wp-json\/wp\/v2\/users\/2"}],"replies":[{"embeddable":true,"href":"https:\/\/celplan.com\/es\/wp-json\/wp\/v2\/comments?post=1040"}],"version-history":[{"count":13,"href":"https:\/\/celplan.com\/es\/wp-json\/wp\/v2\/pages\/1040\/revisions"}],"predecessor-version":[{"id":2662,"href":"https:\/\/celplan.com\/es\/wp-json\/wp\/v2\/pages\/1040\/revisions\/2662"}],"wp:attachment":[{"href":"https:\/\/celplan.com\/es\/wp-json\/wp\/v2\/media?parent=1040"}],"curies":[{"name":"wp","href":"https:\/\/api.w.org\/{rel}","templated":true}]}}