{"id":1041,"date":"2024-07-03T17:59:04","date_gmt":"2024-07-03T17:59:04","guid":{"rendered":"https:\/\/celplan.com\/?page_id=1041"},"modified":"2024-08-06T16:28:55","modified_gmt":"2024-08-06T16:28:55","slug":"iot-private-networks","status":"publish","type":"page","link":"https:\/\/celplan.com\/es\/iot-private-networks\/","title":{"rendered":"IoT y Redes Privadas"},"content":{"rendered":"<div class=\"wp-block-uagb-container uagb-block-eghuxq0k alignfull uagb-is-root-container\"><div class=\"uagb-container-inner-blocks-wrap\">\n<div class=\"wp-block-uagb-info-box uagb-block-z9doniw9 uagb-infobox__content-wrap  uagb-infobox-icon-above-title uagb-infobox-image-valign-top\"><div class=\"uagb-ifb-content\"><div class=\"uagb-ifb-title-wrap\"><h1 class=\"uagb-ifb-title\">IoT y Redes Privadas<\/h1><\/div><\/div><\/div>\n<\/div><\/div>\n\n\n\n<div class=\"wp-block-uagb-container uagb-block-tzgachvo alignfull uagb-is-root-container\"><div class=\"uagb-container-inner-blocks-wrap\">\n<div class=\"wp-block-uagb-container uagb-block-tw1htwts\">\n<div class=\"wp-block-uagb-image alignleft uagb-block-eznmrr0m wp-block-uagb-image--layout-default wp-block-uagb-image--effect-static wp-block-uagb-image--align-left\"><figure class=\"wp-block-uagb-image__figure\"><img decoding=\"async\"  sizes=\"auto, (max-width: 480px) 150px\" src=\"https:\/\/celplan.com\/wp-content\/uploads\/2024\/07\/Iot-2-1024x569-1.jpg\" alt=\"\" width=\"564\" height=\"400\" title=\"Internet of things concept in the city\" loading=\"lazy\" role=\"img\"\/><\/figure><\/div>\n\n\n\n<div class=\"wp-block-uagb-info-box uagb-block-riabfonn uagb-infobox__content-wrap  uagb-infobox-icon-above-title uagb-infobox-image-valign-top\"><div class=\"uagb-ifb-content\"><div class=\"uagb-ifb-title-wrap\"><\/div><p class=\"uagb-ifb-desc\">Las redes privadas est\u00e1n dise\u00f1adas e implementadas para el uso exclusivo de organizaciones o grupos de usuarios espec\u00edficos. Estas redes priorizan la seguridad, la confiabilidad y el control total de los datos para los propietarios de la red. En consecuencia, son frecuentes en sectores como la log\u00edstica, la fabricaci\u00f3n y los sectores de infraestructura cr\u00edtica, incluidos los servicios p\u00fablicos y la seguridad p\u00fablica.<br><br>Un subconjunto de redes privadas, conocido como redes de Internet de las cosas (IoT), facilita la conectividad de sensores y dispositivos inteligentes. Tanto las redes de IoT como las privadas pueden utilizar una amplia gama de tecnolog\u00edas, que abarcan soluciones patentadas y estandarizadas. Estas tecnolog\u00edas incluyen sistemas de banda estrecha, IoT de banda estrecha (NB-IoT), redes de \u00e1rea amplia de bajo consumo (LPWAN), Wi-Fi, ZigBee, identificaci\u00f3n por radiofrecuencia (RFID), as\u00ed como redes celulares 4G\/5G y comunicaciones satelitales.<\/p><\/div><\/div>\n<\/div>\n\n\n\n<div class=\"wp-block-uagb-container uagb-block-p8iyszav\">\n<div class=\"wp-block-uagb-info-box uagb-block-1d8gszqh uagb-infobox__content-wrap  uagb-infobox-icon-above-title uagb-infobox-image-valign-top\"><div class=\"uagb-ifb-content\"><div class=\"uagb-ifb-title-wrap\"><\/div><p class=\"uagb-ifb-desc\"><br><br>CelPlan ofrece un soporte integral durante las fases de desarrollo e implementaci\u00f3n de estas redes. Nuestros servicios incluyen la selecci\u00f3n de tecnolog\u00eda, el modelado de propagaci\u00f3n en exteriores e interiores, el an\u00e1lisis de interferencias, la validaci\u00f3n de la cobertura mediante pruebas de conducci\u00f3n y recorrido, y la integraci\u00f3n completa del sistema para soluciones de red llave en mano.<br><br>CelPlan ofrece experiencia en el dise\u00f1o y construcci\u00f3n de redes que se adaptan a entornos din\u00e1micos con obst\u00e1culos m\u00f3viles, como contenedores o pal\u00e9s. Nuestros servicios incluyen el dimensionamiento preciso de la infraestructura de almacenamiento y transporte para soportar una amplia gama de dispositivos, desde sensores hasta c\u00e1maras de vigilancia.<\/p><\/div><\/div>\n\n\n\n<div class=\"wp-block-uagb-image alignleft uagb-block-bziwcm1b wp-block-uagb-image--layout-default wp-block-uagb-image--effect-static wp-block-uagb-image--align-left\"><figure class=\"wp-block-uagb-image__figure\"><img decoding=\"async\"  sizes=\"auto, (max-width: 480px) 150px\" src=\"https:\/\/celplan.com\/wp-content\/uploads\/2024\/07\/Iot-1-1024x569-1.jpg\" alt=\"\" width=\"564\" height=\"400\" title=\"Manager,Engineer,Check,And,Control,Automation,Robot,Arms,Machine,In\" loading=\"lazy\" role=\"img\"\/><\/figure><\/div>\n<\/div>\n\n\n\n<div class=\"wp-block-uagb-container uagb-block-71f5bba5 alignfull uagb-is-root-container\"><div class=\"uagb-container-inner-blocks-wrap\">\n<div class=\"wp-block-uagb-image alignleft uagb-block-5ffa627f wp-block-uagb-image--layout-default wp-block-uagb-image--effect-static wp-block-uagb-image--align-left\"><figure class=\"wp-block-uagb-image__figure\"><img decoding=\"async\" srcset=\"https:\/\/celplan.com\/wp-content\/uploads\/2024\/07\/Markets-Smart-City-1MB-1-1024x643-1.jpg ,https:\/\/celplan.com\/wp-content\/uploads\/2024\/07\/Markets-Smart-City-1MB-1-1024x643-1.jpg 780w, https:\/\/celplan.com\/wp-content\/uploads\/2024\/07\/Markets-Smart-City-1MB-1-1024x643-1.jpg 360w\" sizes=\"auto, (max-width: 480px) 150px\" src=\"https:\/\/celplan.com\/wp-content\/uploads\/2024\/07\/Markets-Smart-City-1MB-1-1024x643-1.jpg\" alt=\"\" class=\"uag-image-1393\" width=\"564\" height=\"400\" title=\"Markets\" loading=\"lazy\" role=\"img\"\/><\/figure><\/div>\n\n\n\n<div class=\"wp-block-uagb-container uagb-block-3bef1804\">\n<div class=\"wp-block-uagb-info-box uagb-block-bb26b68f uagb-infobox__content-wrap  uagb-infobox-icon-above-title uagb-infobox-image-valign-top\"><div class=\"uagb-ifb-content\"><div class=\"uagb-ifb-title-wrap\"><\/div><p class=\"uagb-ifb-desc\"><br><br>Las aplicaciones comunes de estas redes especializadas incluyen:<\/p><\/div><\/div>\n\n\n\n<ul class=\"wp-block-list\">\n<li>Sistemas de automatizaci\u00f3n de control de maquinaria<\/li>\n\n\n\n<li>Soluciones de seguimiento y gesti\u00f3n de activos<\/li>\n\n\n\n<li>Marcos de monitoreo de procesos<\/li>\n\n\n\n<li>Redes de sensores ambientales<\/li>\n\n\n\n<li>Sistemas de videovigilancia<\/li>\n\n\n\n<li>Protocolos de seguridad para trabajadores<\/li>\n\n\n\n<li>Operaciones con veh\u00edculos no tripulados<\/li>\n<\/ul>\n<\/div>\n<\/div><\/div>\n\n\n\n<p>La selecci\u00f3n de la tecnolog\u00eda adecuada es crucial para la eficacia de la red. La amplia experiencia de CelPlan y nuestro enfoque independiente de proveedores nos permiten guiarlo en la elecci\u00f3n de la soluci\u00f3n \u00f3ptima adaptada a sus requisitos espec\u00edficos. Nuestro objetivo es garantizar que la red implementada se alinee perfectamente con sus necesidades operativas y objetivos organizacionales.<\/p>\n<\/div><\/div>","protected":false},"excerpt":{"rendered":"<p>La selecci\u00f3n de la tecnolog\u00eda adecuada es crucial para la eficacia de la red. La amplia experiencia de CelPlan y nuestro enfoque independiente de proveedores nos permiten guiarlo en la elecci\u00f3n de la soluci\u00f3n \u00f3ptima adaptada a sus requisitos espec\u00edficos. Nuestro objetivo es garantizar que la red implementada se alinee perfectamente con sus necesidades operativas y objetivos organizacionales.<\/p>","protected":false},"author":2,"featured_media":0,"parent":0,"menu_order":0,"comment_status":"closed","ping_status":"closed","template":"","meta":{"_uag_custom_page_level_css":"","_monsterinsights_skip_tracking":false,"_monsterinsights_sitenote_active":false,"_monsterinsights_sitenote_note":"","_monsterinsights_sitenote_category":0,"site-sidebar-layout":"no-sidebar","site-content-layout":"","ast-site-content-layout":"full-width-container","site-content-style":"unboxed","site-sidebar-style":"unboxed","ast-global-header-display":"","ast-banner-title-visibility":"","ast-main-header-display":"","ast-hfb-above-header-display":"","ast-hfb-below-header-display":"","ast-hfb-mobile-header-display":"","site-post-title":"disabled","ast-breadcrumbs-content":"","ast-featured-img":"","footer-sml-layout":"","ast-disable-related-posts":"","theme-transparent-header-meta":"","adv-header-id-meta":"","stick-header-meta":"","header-above-stick-meta":"","header-main-stick-meta":"","header-below-stick-meta":"","astra-migrate-meta-layouts":"set","ast-page-background-enabled":"default","ast-page-background-meta":{"desktop":{"background-color":"var(--ast-global-color-4)","background-image":"","background-repeat":"repeat","background-position":"center center","background-size":"auto","background-attachment":"scroll","background-type":"","background-media":"","overlay-type":"","overlay-color":"","overlay-opacity":"","overlay-gradient":""},"tablet":{"background-color":"","background-image":"","background-repeat":"repeat","background-position":"center center","background-size":"auto","background-attachment":"scroll","background-type":"","background-media":"","overlay-type":"","overlay-color":"","overlay-opacity":"","overlay-gradient":""},"mobile":{"background-color":"","background-image":"","background-repeat":"repeat","background-position":"center center","background-size":"auto","background-attachment":"scroll","background-type":"","background-media":"","overlay-type":"","overlay-color":"","overlay-opacity":"","overlay-gradient":""}},"ast-content-background-meta":{"desktop":{"background-color":"var(--ast-global-color-5)","background-image":"","background-repeat":"repeat","background-position":"center center","background-size":"auto","background-attachment":"scroll","background-type":"","background-media":"","overlay-type":"","overlay-color":"","overlay-opacity":"","overlay-gradient":""},"tablet":{"background-color":"var(--ast-global-color-5)","background-image":"","background-repeat":"repeat","background-position":"center center","background-size":"auto","background-attachment":"scroll","background-type":"","background-media":"","overlay-type":"","overlay-color":"","overlay-opacity":"","overlay-gradient":""},"mobile":{"background-color":"var(--ast-global-color-5)","background-image":"","background-repeat":"repeat","background-position":"center center","background-size":"auto","background-attachment":"scroll","background-type":"","background-media":"","overlay-type":"","overlay-color":"","overlay-opacity":"","overlay-gradient":""}},"footnotes":""},"class_list":["post-1041","page","type-page","status-publish","hentry"],"aioseo_notices":[],"uagb_featured_image_src":{"full":false,"thumbnail":false,"medium":false,"medium_large":false,"large":false,"1536x1536":false,"2048x2048":false,"trp-custom-language-flag":false},"uagb_author_info":{"display_name":"Cristine Korowajczuk","author_link":"https:\/\/celplan.com\/es\/author\/cris_en\/"},"uagb_comment_info":0,"uagb_excerpt":"The selection of appropriate technology is crucial for network efficacy. CelPlan&#8217;s extensive experience and vendor-neutral approach enable us to guide you in choosing the optimal solution tailored to your specific requirements. Our objective is to ensure that the implemented network aligns perfectly with your operational needs and organizational goals.","_links":{"self":[{"href":"https:\/\/celplan.com\/es\/wp-json\/wp\/v2\/pages\/1041","targetHints":{"allow":["GET"]}}],"collection":[{"href":"https:\/\/celplan.com\/es\/wp-json\/wp\/v2\/pages"}],"about":[{"href":"https:\/\/celplan.com\/es\/wp-json\/wp\/v2\/types\/page"}],"author":[{"embeddable":true,"href":"https:\/\/celplan.com\/es\/wp-json\/wp\/v2\/users\/2"}],"replies":[{"embeddable":true,"href":"https:\/\/celplan.com\/es\/wp-json\/wp\/v2\/comments?post=1041"}],"version-history":[{"count":9,"href":"https:\/\/celplan.com\/es\/wp-json\/wp\/v2\/pages\/1041\/revisions"}],"predecessor-version":[{"id":2506,"href":"https:\/\/celplan.com\/es\/wp-json\/wp\/v2\/pages\/1041\/revisions\/2506"}],"wp:attachment":[{"href":"https:\/\/celplan.com\/es\/wp-json\/wp\/v2\/media?parent=1041"}],"curies":[{"name":"wp","href":"https:\/\/api.w.org\/{rel}","templated":true}]}}