{"id":1043,"date":"2024-07-03T17:59:04","date_gmt":"2024-07-03T17:59:04","guid":{"rendered":"https:\/\/celplan.com\/?page_id=1043"},"modified":"2024-08-07T15:48:15","modified_gmt":"2024-08-07T15:48:15","slug":"smart_utilities","status":"publish","type":"page","link":"https:\/\/celplan.com\/es\/smart_utilities\/","title":{"rendered":"Smart Utilities"},"content":{"rendered":"<div class=\"wp-block-uagb-container uagb-block-eghuxq0k alignfull uagb-is-root-container\"><div class=\"uagb-container-inner-blocks-wrap\">\n<div class=\"wp-block-uagb-info-box uagb-block-z9doniw9 uagb-infobox__content-wrap  uagb-infobox-icon-above-title uagb-infobox-image-valign-top\"><div class=\"uagb-ifb-content\"><div class=\"uagb-ifb-title-wrap\"><h1 class=\"uagb-ifb-title\">Smart Utilities<\/h1><\/div><\/div><\/div>\n<\/div><\/div>\n\n\n\n<div class=\"wp-block-uagb-container uagb-block-eidebwjs alignfull uagb-is-root-container\"><div class=\"uagb-container-inner-blocks-wrap\">\n<div class=\"wp-block-uagb-container uagb-block-ntavs5ha\">\n<div class=\"wp-block-uagb-image alignleft uagb-block-qy2ie9dr wp-block-uagb-image--layout-default wp-block-uagb-image--effect-static wp-block-uagb-image--align-left\"><figure class=\"wp-block-uagb-image__figure\"><img decoding=\"async\" srcset=\"https:\/\/celplan.com\/wp-content\/uploads\/2024\/07\/Markets-Utilities-Substation-1MB-1536x863-1-1024x575.jpg ,https:\/\/celplan.com\/wp-content\/uploads\/2024\/07\/Markets-Utilities-Substation-1MB-1536x863-1.jpg 780w, https:\/\/celplan.com\/wp-content\/uploads\/2024\/07\/Markets-Utilities-Substation-1MB-1536x863-1.jpg 360w\" sizes=\"auto, (max-width: 480px) 150px\" src=\"https:\/\/celplan.com\/wp-content\/uploads\/2024\/07\/Markets-Utilities-Substation-1MB-1536x863-1-1024x575.jpg\" alt=\"\" class=\"uag-image-1346\" width=\"564\" height=\"400\" title=\"Smart Utility\" loading=\"lazy\" role=\"img\"\/><\/figure><\/div>\n\n\n\n<div class=\"wp-block-uagb-info-box uagb-block-ggyz8qhr uagb-infobox__content-wrap  uagb-infobox-icon-above-title uagb-infobox-image-valign-top\"><div class=\"uagb-ifb-content\"><div class=\"uagb-ifb-title-wrap\"><\/div><p class=\"uagb-ifb-desc\">La infraestructura de la red el\u00e9ctrica est\u00e1 atravesando actualmente una r\u00e1pida transformaci\u00f3n. Las empresas el\u00e9ctricas se enfrentan al desaf\u00edo de ampliar la capacidad y mejorar la fiabilidad del servicio, lo que requiere redes de comunicaci\u00f3n internas robustas y rentables. CelPlan se ha consolidado como un proveedor l\u00edder de servicios de consultor\u00eda de conectividad para empresas el\u00e9ctricas de todo el mundo.<br><br>Nuestra experiencia abarca an\u00e1lisis integral de sistemas de extremo a extremo, asesoramiento en la selecci\u00f3n de tecnolog\u00edas, dise\u00f1o y simulaci\u00f3n de redes y servicios de resoluci\u00f3n de problemas. CelPlan mantiene un fuerte compromiso con la investigaci\u00f3n y el desarrollo, y ayuda continuamente a los clientes a abordar los desaf\u00edos emergentes.<\/p><\/div><\/div>\n<\/div>\n\n\n\n<div class=\"wp-block-uagb-container uagb-block-lxteyfrt\">\n<div class=\"wp-block-uagb-info-box uagb-block-79ijmjmt uagb-infobox__content-wrap  uagb-infobox-icon-above-title uagb-infobox-image-valign-top\"><div class=\"uagb-ifb-content\"><div class=\"uagb-ifb-title-wrap\"><\/div><p class=\"uagb-ifb-desc\">El paquete integral de software de planificaci\u00f3n y optimizaci\u00f3n de redes de CelPlan est\u00e1 dise\u00f1ado espec\u00edficamente para ingenieros de radiofrecuencia (RF) encargados de planificar redes confiables que superen el servicio de m\u00e1ximo esfuerzo para dispositivos m\u00f3viles.<br><br>Ofrecemos la posibilidad de ampliar su equipo existente con ingenieros de RF especializados y remotos. Adem\u00e1s, CelPlan ofrece servicios de tutor\u00eda para capacitar y respaldar a su equipo local de ingenier\u00eda de RF. Nuestra experiencia nos permite ayudar a su equipo a determinar la selecci\u00f3n \u00f3ptima del sitio, mejorar la cobertura de la red y desarrollar planes de canales de frecuencia eficientes.<\/p><\/div><\/div>\n\n\n\n<div class=\"wp-block-uagb-image alignleft uagb-block-zlzeflwe wp-block-uagb-image--layout-default wp-block-uagb-image--effect-static wp-block-uagb-image--align-left\"><figure class=\"wp-block-uagb-image__figure\"><img decoding=\"async\" srcset=\"https:\/\/celplan.com\/wp-content\/uploads\/2024\/07\/Markets-smart-energy-and-Utilities-1MB-1-1024x643-1.jpg ,https:\/\/celplan.com\/wp-content\/uploads\/2024\/07\/Markets-smart-energy-and-Utilities-1MB-1-1024x643-1.jpg 780w, https:\/\/celplan.com\/wp-content\/uploads\/2024\/07\/Markets-smart-energy-and-Utilities-1MB-1-1024x643-1.jpg 360w\" sizes=\"auto, (max-width: 480px) 150px\" src=\"https:\/\/celplan.com\/wp-content\/uploads\/2024\/07\/Markets-smart-energy-and-Utilities-1MB-1-1024x643-1.jpg\" alt=\"\" class=\"uag-image-1389\" width=\"564\" height=\"400\" title=\"Markets - Smart Utilities\" loading=\"lazy\" role=\"img\"\/><\/figure><\/div>\n<\/div>\n\n\n\n<div class=\"wp-block-uagb-container uagb-block-ttogtouf\">\n<div class=\"wp-block-uagb-image alignleft uagb-block-n3cxnlie wp-block-uagb-image--layout-default wp-block-uagb-image--effect-static wp-block-uagb-image--align-left\"><figure class=\"wp-block-uagb-image__figure\"><img decoding=\"async\" srcset=\"https:\/\/celplan.com\/wp-content\/uploads\/2024\/07\/smart-meters-iStock-533418457-1024x768.jpg ,https:\/\/celplan.com\/wp-content\/uploads\/2024\/07\/smart-meters-iStock-533418457.jpg 780w, https:\/\/celplan.com\/wp-content\/uploads\/2024\/07\/smart-meters-iStock-533418457.jpg 360w\" sizes=\"auto, (max-width: 480px) 150px\" src=\"https:\/\/celplan.com\/wp-content\/uploads\/2024\/07\/smart-meters-iStock-533418457-1024x768.jpg\" alt=\"\" class=\"uag-image-1715\" width=\"564\" height=\"400\" title=\"Smart Meters\" loading=\"lazy\" role=\"img\"\/><\/figure><\/div>\n\n\n\n<div class=\"wp-block-uagb-container uagb-block-63922fc2\">\n<div class=\"wp-block-uagb-info-box uagb-block-ujtuildy uagb-infobox__content-wrap  uagb-infobox-icon-above-title uagb-infobox-image-valign-top\"><div class=\"uagb-ifb-content\"><div class=\"uagb-ifb-title-wrap\"><\/div><p class=\"uagb-ifb-desc\">La cartera de servicios de CelPlan para empresas de servicios p\u00fablicos incluye:<\/p><\/div><\/div>\n\n\n\n<ul class=\"wp-block-list\">\n<li>Dise\u00f1o, an\u00e1lisis y optimizaci\u00f3n de redes de telecomunicaciones<\/li>\n\n\n\n<li>Dise\u00f1o de comunicaciones de automatizaci\u00f3n distribuida (DA)<\/li>\n\n\n\n<li>Planificaci\u00f3n de redes de medici\u00f3n inteligente e infraestructura de medici\u00f3n avanzada (AMI)<\/li>\n\n\n\n<li>Desarrollo de una hoja de ruta de inversi\u00f3n en telecomunicaciones a largo plazo<\/li>\n\n\n\n<li>Recomendaciones tecnol\u00f3gicas<\/li>\n\n\n\n<li>Planificaci\u00f3n del espectro y an\u00e1lisis de capacidad<\/li>\n\n\n\n<li>Preparaci\u00f3n de la narrativa t\u00e9cnica para respaldar las solicitudes de licencia<\/li>\n\n\n\n<li>Redacci\u00f3n de solicitudes de propuestas (RFP) y an\u00e1lisis de respuestas<\/li>\n<\/ul>\n<\/div>\n<\/div>\n\n\n\n<p>La selecci\u00f3n de la tecnolog\u00eda adecuada es crucial para la eficacia de la red. La amplia experiencia de CelPlan y nuestro enfoque independiente de proveedores nos permiten guiarlo en la elecci\u00f3n de la soluci\u00f3n \u00f3ptima adaptada a sus requisitos espec\u00edficos. Nuestro objetivo es garantizar que la red implementada se alinee perfectamente con sus necesidades operativas y objetivos organizacionales.<br><\/p>\n<\/div><\/div>","protected":false},"excerpt":{"rendered":"<p>La selecci\u00f3n de la tecnolog\u00eda adecuada es crucial para la eficacia de la red. La amplia experiencia de CelPlan y nuestro enfoque independiente de proveedores nos permiten guiarlo en la elecci\u00f3n de la soluci\u00f3n \u00f3ptima adaptada a sus requisitos espec\u00edficos. Nuestro objetivo es garantizar que la red implementada se alinee perfectamente con sus necesidades operativas y objetivos organizacionales.<\/p>","protected":false},"author":2,"featured_media":0,"parent":0,"menu_order":0,"comment_status":"closed","ping_status":"closed","template":"","meta":{"_uag_custom_page_level_css":"","_monsterinsights_skip_tracking":false,"_monsterinsights_sitenote_active":false,"_monsterinsights_sitenote_note":"","_monsterinsights_sitenote_category":0,"site-sidebar-layout":"no-sidebar","site-content-layout":"","ast-site-content-layout":"full-width-container","site-content-style":"unboxed","site-sidebar-style":"unboxed","ast-global-header-display":"","ast-banner-title-visibility":"","ast-main-header-display":"","ast-hfb-above-header-display":"","ast-hfb-below-header-display":"","ast-hfb-mobile-header-display":"","site-post-title":"disabled","ast-breadcrumbs-content":"","ast-featured-img":"","footer-sml-layout":"","ast-disable-related-posts":"","theme-transparent-header-meta":"","adv-header-id-meta":"","stick-header-meta":"","header-above-stick-meta":"","header-main-stick-meta":"","header-below-stick-meta":"","astra-migrate-meta-layouts":"set","ast-page-background-enabled":"default","ast-page-background-meta":{"desktop":{"background-color":"var(--ast-global-color-4)","background-image":"","background-repeat":"repeat","background-position":"center center","background-size":"auto","background-attachment":"scroll","background-type":"","background-media":"","overlay-type":"","overlay-color":"","overlay-opacity":"","overlay-gradient":""},"tablet":{"background-color":"","background-image":"","background-repeat":"repeat","background-position":"center center","background-size":"auto","background-attachment":"scroll","background-type":"","background-media":"","overlay-type":"","overlay-color":"","overlay-opacity":"","overlay-gradient":""},"mobile":{"background-color":"","background-image":"","background-repeat":"repeat","background-position":"center center","background-size":"auto","background-attachment":"scroll","background-type":"","background-media":"","overlay-type":"","overlay-color":"","overlay-opacity":"","overlay-gradient":""}},"ast-content-background-meta":{"desktop":{"background-color":"var(--ast-global-color-5)","background-image":"","background-repeat":"repeat","background-position":"center center","background-size":"auto","background-attachment":"scroll","background-type":"","background-media":"","overlay-type":"","overlay-color":"","overlay-opacity":"","overlay-gradient":""},"tablet":{"background-color":"var(--ast-global-color-5)","background-image":"","background-repeat":"repeat","background-position":"center center","background-size":"auto","background-attachment":"scroll","background-type":"","background-media":"","overlay-type":"","overlay-color":"","overlay-opacity":"","overlay-gradient":""},"mobile":{"background-color":"var(--ast-global-color-5)","background-image":"","background-repeat":"repeat","background-position":"center center","background-size":"auto","background-attachment":"scroll","background-type":"","background-media":"","overlay-type":"","overlay-color":"","overlay-opacity":"","overlay-gradient":""}},"footnotes":""},"class_list":["post-1043","page","type-page","status-publish","hentry"],"aioseo_notices":[],"uagb_featured_image_src":{"full":false,"thumbnail":false,"medium":false,"medium_large":false,"large":false,"1536x1536":false,"2048x2048":false,"trp-custom-language-flag":false},"uagb_author_info":{"display_name":"Cristine Korowajczuk","author_link":"https:\/\/celplan.com\/es\/author\/cris_en\/"},"uagb_comment_info":0,"uagb_excerpt":"The selection of appropriate technology is crucial for network efficacy. CelPlan&#8217;s extensive experience and vendor-neutral approach enable us to guide you in choosing the optimal solution tailored to your specific requirements. Our objective is to ensure that the implemented network aligns perfectly with your operational needs and organizational goals.","_links":{"self":[{"href":"https:\/\/celplan.com\/es\/wp-json\/wp\/v2\/pages\/1043","targetHints":{"allow":["GET"]}}],"collection":[{"href":"https:\/\/celplan.com\/es\/wp-json\/wp\/v2\/pages"}],"about":[{"href":"https:\/\/celplan.com\/es\/wp-json\/wp\/v2\/types\/page"}],"author":[{"embeddable":true,"href":"https:\/\/celplan.com\/es\/wp-json\/wp\/v2\/users\/2"}],"replies":[{"embeddable":true,"href":"https:\/\/celplan.com\/es\/wp-json\/wp\/v2\/comments?post=1043"}],"version-history":[{"count":11,"href":"https:\/\/celplan.com\/es\/wp-json\/wp\/v2\/pages\/1043\/revisions"}],"predecessor-version":[{"id":2509,"href":"https:\/\/celplan.com\/es\/wp-json\/wp\/v2\/pages\/1043\/revisions\/2509"}],"wp:attachment":[{"href":"https:\/\/celplan.com\/es\/wp-json\/wp\/v2\/media?parent=1043"}],"curies":[{"name":"wp","href":"https:\/\/api.w.org\/{rel}","templated":true}]}}