{"id":1044,"date":"2024-07-03T17:59:04","date_gmt":"2024-07-03T17:59:04","guid":{"rendered":"https:\/\/celplan.com\/?page_id=1044"},"modified":"2024-08-07T15:55:27","modified_gmt":"2024-08-07T15:55:27","slug":"smart_water","status":"publish","type":"page","link":"https:\/\/celplan.com\/es\/smart_water\/","title":{"rendered":"Saneamiento inteligente"},"content":{"rendered":"<div class=\"wp-block-uagb-container uagb-block-eghuxq0k alignfull uagb-is-root-container\"><div class=\"uagb-container-inner-blocks-wrap\">\n<div class=\"wp-block-uagb-info-box uagb-block-z9doniw9 uagb-infobox__content-wrap  uagb-infobox-icon-above-title uagb-infobox-image-valign-top\"><div class=\"uagb-ifb-content\"><div class=\"uagb-ifb-title-wrap\"><h1 class=\"uagb-ifb-title\">Saneamiento inteligente<\/h1><\/div><\/div><\/div>\n<\/div><\/div>\n\n\n\n<div class=\"wp-block-uagb-container uagb-block-eidebwjs alignfull uagb-is-root-container\"><div class=\"uagb-container-inner-blocks-wrap\">\n<div class=\"wp-block-uagb-container uagb-block-ntavs5ha\">\n<div class=\"wp-block-uagb-image alignleft uagb-block-qy2ie9dr wp-block-uagb-image--layout-default wp-block-uagb-image--effect-static wp-block-uagb-image--align-left\"><figure class=\"wp-block-uagb-image__figure\"><img decoding=\"async\" srcset=\"https:\/\/celplan.com\/wp-content\/uploads\/2024\/07\/Markets-smart-water-1MB-1024x643-3.jpg ,https:\/\/celplan.com\/wp-content\/uploads\/2024\/07\/Markets-smart-water-1MB-1024x643-3.jpg 780w, https:\/\/celplan.com\/wp-content\/uploads\/2024\/07\/Markets-smart-water-1MB-1024x643-3.jpg 360w\" sizes=\"auto, (max-width: 480px) 150px\" src=\"https:\/\/celplan.com\/wp-content\/uploads\/2024\/07\/Markets-smart-water-1MB-1024x643-3.jpg\" alt=\"\" class=\"uag-image-1453\" width=\"564\" height=\"400\" title=\"Saneamiento inteligente\" loading=\"lazy\" role=\"img\"\/><\/figure><\/div>\n\n\n\n<div class=\"wp-block-uagb-info-box uagb-block-ggyz8qhr uagb-infobox__content-wrap  uagb-infobox-icon-above-title uagb-infobox-image-valign-top\"><div class=\"uagb-ifb-content\"><div class=\"uagb-ifb-title-wrap\"><\/div><p class=\"uagb-ifb-desc\">Las empresas de agua se enfrentan a una serie compleja de desaf\u00edos operativos, entre ellos, la gesti\u00f3n de la creciente demanda, la soluci\u00f3n de los crecientes costos de la energ\u00eda, el mantenimiento de infraestructuras obsoletas, la mejora de la eficiencia y la sostenibilidad, y la gesti\u00f3n de perspectivas inciertas en materia de suministro de agua. Las herramientas de gesti\u00f3n tradicionales y las pol\u00edticas actuales a menudo resultan inadecuadas para abordar estos problemas multifac\u00e9ticos.<br><br>La maduraci\u00f3n de las soluciones basadas en datos, junto con los r\u00e1pidos avances en las tecnolog\u00edas y redes de telecomunicaciones, ahora permite una mayor instrumentaci\u00f3n y telemetr\u00eda de las redes de agua, en particular en los sistemas de distribuci\u00f3n. Este progreso tecnol\u00f3gico permite a las empresas de agua integrar dispositivos inteligentes como bombas, tuber\u00edas, sensores y v\u00e1lvulas en sus redes.<br><br>Una red h\u00eddrica inteligente y eficaz debe estructurarse en capas, utilizando datos de tecnolog\u00edas de comunicaci\u00f3n para respaldar las fuentes de agua, la producci\u00f3n, la transmisi\u00f3n, la distribuci\u00f3n y las necesidades de los consumidores. Cada capa debe estar respaldada por una infraestructura robusta de telecomunicaciones y TI para garantizar un flujo de informaci\u00f3n r\u00e1pido, confiable y seguro.<\/p><\/div><\/div>\n<\/div>\n\n\n\n<div class=\"wp-block-uagb-container uagb-block-lxteyfrt\">\n<div class=\"wp-block-uagb-container uagb-block-4a934b56\">\n<div class=\"wp-block-uagb-info-box uagb-block-79ijmjmt uagb-infobox__content-wrap  uagb-infobox-icon-above-title uagb-infobox-image-valign-top\"><div class=\"uagb-ifb-content\"><div class=\"uagb-ifb-title-wrap\"><\/div><p class=\"uagb-ifb-desc\">Los dispositivos inteligentes pueden abarcar una variedad de tecnolog\u00edas, desde sensores hasta sistemas de control remoto, cada una con distintos requisitos de confiabilidad y seguridad. Una red de agua inteligente integral debe abordar adecuadamente estas diversas necesidades para evitar problemas futuros en la gesti\u00f3n de dispositivos.<br><br>Las tecnolog\u00edas y sistemas actuales disponibles para redes de agua inteligentes incluyen:<\/p><\/div><\/div>\n\n\n\n<ul class=\"wp-block-list\">\n<li>Sistemas de supervisi\u00f3n<\/li>\n\n\n\n<li>Medici\u00f3n avanzada (AMR\/AMI)<\/li>\n\n\n\n<li>Sensores<\/li>\n\n\n\n<li>Medidores de caudal y presi\u00f3n<\/li>\n\n\n\n<li>Registradores de datos<\/li>\n\n\n\n<li>Paneles de control de servicios p\u00fablicos<\/li>\n\n\n\n<li>Gesti\u00f3n de activos (incluidas herramientas GIS y esquem\u00e1ticas)<\/li>\n\n\n\n<li>Herramientas para la fuerza laboral<\/li>\n\n\n\n<li>Sistemas de alerta<\/li>\n\n\n\n<li>Analytics<\/li>\n<\/ul>\n<\/div>\n\n\n\n<div class=\"wp-block-uagb-image alignleft uagb-block-zlzeflwe wp-block-uagb-image--layout-default wp-block-uagb-image--effect-static wp-block-uagb-image--align-left\"><figure class=\"wp-block-uagb-image__figure\"><img decoding=\"async\" srcset=\"https:\/\/celplan.com\/wp-content\/uploads\/2024\/07\/Markets-smart-water-2-1MB-1024x624-2.jpg ,https:\/\/celplan.com\/wp-content\/uploads\/2024\/07\/Markets-smart-water-2-1MB-1024x624-2.jpg 780w, https:\/\/celplan.com\/wp-content\/uploads\/2024\/07\/Markets-smart-water-2-1MB-1024x624-2.jpg 360w\" sizes=\"auto, (max-width: 480px) 150px\" src=\"https:\/\/celplan.com\/wp-content\/uploads\/2024\/07\/Markets-smart-water-2-1MB-1024x624-2.jpg\" alt=\"\" class=\"uag-image-1452\" width=\"564\" height=\"400\" title=\"Saneamiento inteligente\" loading=\"lazy\" role=\"img\"\/><\/figure><\/div>\n<\/div>\n\n\n\n<div class=\"wp-block-uagb-container uagb-block-ttogtouf\">\n<div class=\"wp-block-uagb-image alignleft uagb-block-n3cxnlie wp-block-uagb-image--layout-default wp-block-uagb-image--effect-static wp-block-uagb-image--align-left\"><figure class=\"wp-block-uagb-image__figure\"><img decoding=\"async\" srcset=\"https:\/\/celplan.com\/wp-content\/uploads\/2024\/07\/smart-water-meter-123rf-1024x678.jpg ,https:\/\/celplan.com\/wp-content\/uploads\/2024\/07\/smart-water-meter-123rf-scaled.jpg 780w, https:\/\/celplan.com\/wp-content\/uploads\/2024\/07\/smart-water-meter-123rf-scaled.jpg 360w\" sizes=\"auto, (max-width: 480px) 150px\" src=\"https:\/\/celplan.com\/wp-content\/uploads\/2024\/07\/smart-water-meter-123rf-1024x678.jpg\" alt=\"\" class=\"uag-image-1716\" width=\"564\" height=\"400\" title=\"Smart Water Meter\" loading=\"lazy\" role=\"img\"\/><\/figure><\/div>\n\n\n\n<div class=\"wp-block-uagb-container uagb-block-3911a729\">\n<div class=\"wp-block-uagb-info-box uagb-block-ujtuildy uagb-infobox__content-wrap  uagb-infobox-icon-above-title uagb-infobox-image-valign-top\"><div class=\"uagb-ifb-content\"><div class=\"uagb-ifb-title-wrap\"><\/div><p class=\"uagb-ifb-desc\">Las empresas de servicios de agua deben adoptar un enfoque hol\u00edstico al seleccionar tecnolog\u00edas de comunicaci\u00f3n, considerando factores como:<\/p><\/div><\/div>\n\n\n\n<ul class=\"wp-block-list\">\n<li>Escalabilidad de la tecnolog\u00eda<\/li>\n\n\n\n<li>Consideraciones de latencia<\/li>\n\n\n\n<li>Capacidades de cobertura<\/li>\n\n\n\n<li>Uso de espectro con licencia<\/li>\n\n\n\n<li>Soluciones patentadas versus estandarizadas<\/li>\n<\/ul>\n\n\n\n<p>CelPlan ha realizado este tipo de an\u00e1lisis para numerosas empresas de servicios p\u00fablicos y puede proponer soluciones personalizadas para respaldar los esfuerzos de optimizaci\u00f3n de la red y, al mismo tiempo, reducir los gastos de capital y operativos.<br><br>El dimensionamiento de dichas redes requiere m\u00faltiples capas de informaci\u00f3n, entre ellas:<\/p>\n\n\n\n<ul class=\"wp-block-list\">\n<li>Geolocalizaci\u00f3n de los dispositivos a monitorear y controlar<\/li>\n\n\n\n<li>Caracterizaci\u00f3n de las necesidades de comunicaci\u00f3n de cada dispositivo (demanda de rendimiento, latencia y protocolos)<\/li>\n\n\n\n<li>Disponibilidad y acuerdos de compartici\u00f3n de tecnolog\u00eda de infraestructura<\/li>\n\n\n\n<li>Opciones de espectro y tecnolog\u00eda<\/li>\n<\/ul>\n<\/div>\n<\/div>\n\n\n\n<p>Las decisiones que se tomen hoy deber\u00e1n servir a la industria durante un per\u00edodo cr\u00edtico de cambio, adapt\u00e1ndose a numerosos cambios tecnol\u00f3gicos y de comportamiento que se avecinan, desde una mayor disponibilidad de datos hasta mejores capacidades de toma de decisiones tanto para los consumidores como para las empresas de servicios p\u00fablicos. Seleccionar una soluci\u00f3n que no sea capaz de adaptarse a las necesidades futuras podr\u00eda resultar un costoso paso en falso.<br><br>La amplia experiencia de CelPlan y su enfoque neutral respecto de los proveedores nos permiten guiarlo en la elecci\u00f3n de la soluci\u00f3n \u00f3ptima adaptada a sus requisitos espec\u00edficos. Nuestro objetivo es garantizar que la red implementada se alinee perfectamente con sus necesidades operativas actuales y sus objetivos organizacionales futuros.<\/p>\n<\/div><\/div>","protected":false},"excerpt":{"rendered":"<p>CelPlan has conducted this type of analysis for numerous utilities and can propose tailored solutions to support network optimization efforts while reducing both capital and operational expenditures. The dimensioning of such networks requires multiple layers of information, including: Decisions made today will need to serve the industry through a critical period of change, adapting to [&hellip;]<\/p>\n","protected":false},"author":2,"featured_media":0,"parent":0,"menu_order":0,"comment_status":"closed","ping_status":"closed","template":"","meta":{"_uag_custom_page_level_css":"","_monsterinsights_skip_tracking":false,"_monsterinsights_sitenote_active":false,"_monsterinsights_sitenote_note":"","_monsterinsights_sitenote_category":0,"site-sidebar-layout":"no-sidebar","site-content-layout":"","ast-site-content-layout":"full-width-container","site-content-style":"unboxed","site-sidebar-style":"unboxed","ast-global-header-display":"","ast-banner-title-visibility":"","ast-main-header-display":"","ast-hfb-above-header-display":"","ast-hfb-below-header-display":"","ast-hfb-mobile-header-display":"","site-post-title":"disabled","ast-breadcrumbs-content":"","ast-featured-img":"","footer-sml-layout":"","ast-disable-related-posts":"","theme-transparent-header-meta":"","adv-header-id-meta":"","stick-header-meta":"","header-above-stick-meta":"","header-main-stick-meta":"","header-below-stick-meta":"","astra-migrate-meta-layouts":"set","ast-page-background-enabled":"default","ast-page-background-meta":{"desktop":{"background-color":"var(--ast-global-color-4)","background-image":"","background-repeat":"repeat","background-position":"center center","background-size":"auto","background-attachment":"scroll","background-type":"","background-media":"","overlay-type":"","overlay-color":"","overlay-opacity":"","overlay-gradient":""},"tablet":{"background-color":"","background-image":"","background-repeat":"repeat","background-position":"center center","background-size":"auto","background-attachment":"scroll","background-type":"","background-media":"","overlay-type":"","overlay-color":"","overlay-opacity":"","overlay-gradient":""},"mobile":{"background-color":"","background-image":"","background-repeat":"repeat","background-position":"center center","background-size":"auto","background-attachment":"scroll","background-type":"","background-media":"","overlay-type":"","overlay-color":"","overlay-opacity":"","overlay-gradient":""}},"ast-content-background-meta":{"desktop":{"background-color":"var(--ast-global-color-5)","background-image":"","background-repeat":"repeat","background-position":"center center","background-size":"auto","background-attachment":"scroll","background-type":"","background-media":"","overlay-type":"","overlay-color":"","overlay-opacity":"","overlay-gradient":""},"tablet":{"background-color":"var(--ast-global-color-5)","background-image":"","background-repeat":"repeat","background-position":"center center","background-size":"auto","background-attachment":"scroll","background-type":"","background-media":"","overlay-type":"","overlay-color":"","overlay-opacity":"","overlay-gradient":""},"mobile":{"background-color":"var(--ast-global-color-5)","background-image":"","background-repeat":"repeat","background-position":"center center","background-size":"auto","background-attachment":"scroll","background-type":"","background-media":"","overlay-type":"","overlay-color":"","overlay-opacity":"","overlay-gradient":""}},"footnotes":""},"class_list":["post-1044","page","type-page","status-publish","hentry"],"aioseo_notices":[],"uagb_featured_image_src":{"full":false,"thumbnail":false,"medium":false,"medium_large":false,"large":false,"1536x1536":false,"2048x2048":false,"trp-custom-language-flag":false},"uagb_author_info":{"display_name":"Cristine Korowajczuk","author_link":"https:\/\/celplan.com\/es\/author\/cris_en\/"},"uagb_comment_info":0,"uagb_excerpt":"CelPlan has conducted this type of analysis for numerous utilities and can propose tailored solutions to support network optimization efforts while reducing both capital and operational expenditures. The dimensioning of such networks requires multiple layers of information, including: Decisions made today will need to serve the industry through a critical period of change, adapting to&hellip;","_links":{"self":[{"href":"https:\/\/celplan.com\/es\/wp-json\/wp\/v2\/pages\/1044","targetHints":{"allow":["GET"]}}],"collection":[{"href":"https:\/\/celplan.com\/es\/wp-json\/wp\/v2\/pages"}],"about":[{"href":"https:\/\/celplan.com\/es\/wp-json\/wp\/v2\/types\/page"}],"author":[{"embeddable":true,"href":"https:\/\/celplan.com\/es\/wp-json\/wp\/v2\/users\/2"}],"replies":[{"embeddable":true,"href":"https:\/\/celplan.com\/es\/wp-json\/wp\/v2\/comments?post=1044"}],"version-history":[{"count":12,"href":"https:\/\/celplan.com\/es\/wp-json\/wp\/v2\/pages\/1044\/revisions"}],"predecessor-version":[{"id":2513,"href":"https:\/\/celplan.com\/es\/wp-json\/wp\/v2\/pages\/1044\/revisions\/2513"}],"wp:attachment":[{"href":"https:\/\/celplan.com\/es\/wp-json\/wp\/v2\/media?parent=1044"}],"curies":[{"name":"wp","href":"https:\/\/api.w.org\/{rel}","templated":true}]}}