{"id":1045,"date":"2024-07-03T17:59:04","date_gmt":"2024-07-03T17:59:04","guid":{"rendered":"https:\/\/celplan.com\/?page_id=1045"},"modified":"2024-08-22T16:03:36","modified_gmt":"2024-08-22T16:03:36","slug":"oil_and_gas","status":"publish","type":"page","link":"https:\/\/celplan.com\/es\/oil_and_gas\/","title":{"rendered":"Oil and Gas"},"content":{"rendered":"<div class=\"wp-block-uagb-container uagb-block-eghuxq0k alignfull uagb-is-root-container\"><div class=\"uagb-container-inner-blocks-wrap\">\n<div class=\"wp-block-uagb-info-box uagb-block-z9doniw9 uagb-infobox__content-wrap  uagb-infobox-icon-above-title uagb-infobox-image-valign-top\"><div class=\"uagb-ifb-content\"><div class=\"uagb-ifb-title-wrap\"><h1 class=\"uagb-ifb-title\">Petr\u00f3leo y Gas<\/h1><\/div><\/div><\/div>\n<\/div><\/div>\n\n\n\n<div class=\"wp-block-uagb-container uagb-block-eidebwjs alignfull uagb-is-root-container\"><div class=\"uagb-container-inner-blocks-wrap\">\n<div class=\"wp-block-uagb-container uagb-block-ntavs5ha\">\n<div class=\"wp-block-uagb-image aligncenter uagb-block-qy2ie9dr wp-block-uagb-image--layout-default wp-block-uagb-image--effect-static wp-block-uagb-image--align-center alignleft\"><figure class=\"wp-block-uagb-image__figure\"><img decoding=\"async\" srcset=\"https:\/\/celplan.com\/wp-content\/uploads\/2024\/07\/Markets-Oil-Gas-oil-rigs-1MB-1024x697-1.jpg ,https:\/\/celplan.com\/wp-content\/uploads\/2024\/07\/Markets-Oil-Gas-oil-rigs-1MB-1024x697-1.jpg 780w, https:\/\/celplan.com\/wp-content\/uploads\/2024\/07\/Markets-Oil-Gas-oil-rigs-1MB-1024x697-1.jpg 360w\" sizes=\"auto, (max-width: 480px) 150px\" src=\"https:\/\/celplan.com\/wp-content\/uploads\/2024\/07\/Markets-Oil-Gas-oil-rigs-1MB-1024x697-1.jpg\" alt=\"\" class=\"uag-image-1457\" width=\"564\" height=\"400\" title=\"Oil Pumps\" loading=\"lazy\" role=\"img\"\/><\/figure><\/div>\n\n\n\n<div class=\"wp-block-uagb-info-box uagb-block-ggyz8qhr uagb-infobox__content-wrap  uagb-infobox-icon-above-title uagb-infobox-image-valign-top\"><div class=\"uagb-ifb-content\"><div class=\"uagb-ifb-title-wrap\"><\/div><p class=\"uagb-ifb-desc\">La industria del petr\u00f3leo y el gas requiere sistemas de comunicaci\u00f3n que sean fiables y resistentes, capaces de funcionar en grandes \u00e1reas en condiciones ambientales adversas. El sector se enfrenta a numerosos desaf\u00edos, desde la optimizaci\u00f3n de recursos e inversiones de capital hasta la gesti\u00f3n del sistema de distribuci\u00f3n y la garant\u00eda de la seguridad del personal y las instalaciones.<br><br>Las inversiones en tecnolog\u00edas de Internet de las cosas (IoT) pueden mejorar significativamente la eficiencia operativa, en particular mediante una mayor automatizaci\u00f3n y el monitoreo remoto de procesos. La industria inal\u00e1mbrica contempor\u00e1nea ofrece una amplia gama de soluciones que pueden implementarse individualmente o en combinaci\u00f3n para abordar las necesidades multifac\u00e9ticas del sector. Estas abarcan desde redes en malla y LTE privadas hasta tecnolog\u00edas de banda estrecha, que abarcan tanto sistemas m\u00f3viles como fijos.<\/p><\/div><\/div>\n<\/div>\n\n\n\n<div class=\"wp-block-uagb-container uagb-block-lxteyfrt\">\n<div class=\"wp-block-uagb-info-box uagb-block-79ijmjmt uagb-infobox__content-wrap  uagb-infobox-icon-above-title uagb-infobox-image-valign-top\"><div class=\"uagb-ifb-content\"><div class=\"uagb-ifb-title-wrap\"><\/div><p class=\"uagb-ifb-desc\">La selecci\u00f3n de una soluci\u00f3n de red ideal para la industria del petr\u00f3leo y el gas depende de varios factores, incluidos los requisitos espec\u00edficos de la aplicaci\u00f3n, las limitaciones presupuestarias y las consideraciones del terreno y el entorno. CelPlan ofrece experiencia para ayudar a su equipo a comprender cada tecnolog\u00eda, seleccionar las opciones m\u00e1s adecuadas y guiar a su organizaci\u00f3n a trav\u00e9s de los procesos de dise\u00f1o, selecci\u00f3n de proveedores e implementaci\u00f3n de la red.<br><br>Adem\u00e1s, CelPlan ofrece servicios de consultor\u00eda y tutor\u00eda a pedido para capacitar y respaldar a su equipo local de ingenier\u00eda de radiofrecuencia (RF). Nuestra experiencia nos permite ayudar a su equipo a determinar la selecci\u00f3n \u00f3ptima del sitio, mejorar la cobertura de la red y desarrollar planes de canales de frecuencia eficientes.<\/p><\/div><\/div>\n\n\n\n<div class=\"wp-block-uagb-image aligncenter uagb-block-zlzeflwe wp-block-uagb-image--layout-default wp-block-uagb-image--effect-static wp-block-uagb-image--align-center alignleft\"><figure class=\"wp-block-uagb-image__figure\"><img decoding=\"async\" srcset=\"https:\/\/celplan.com\/wp-content\/uploads\/2024\/07\/Markets-Oil-Gas-gas-pipelines-1MB-1024x662-1.jpg ,https:\/\/celplan.com\/wp-content\/uploads\/2024\/07\/Markets-Oil-Gas-gas-pipelines-1MB-1024x662-1.jpg 780w, https:\/\/celplan.com\/wp-content\/uploads\/2024\/07\/Markets-Oil-Gas-gas-pipelines-1MB-1024x662-1.jpg 360w\" sizes=\"auto, (max-width: 480px) 150px\" src=\"https:\/\/celplan.com\/wp-content\/uploads\/2024\/07\/Markets-Oil-Gas-gas-pipelines-1MB-1024x662-1.jpg\" alt=\"\" class=\"uag-image-1462\" width=\"564\" height=\"400\" title=\"gas distribution station\" loading=\"lazy\" role=\"img\"\/><\/figure><\/div>\n<\/div>\n\n\n\n<div class=\"wp-block-uagb-container uagb-block-ttogtouf\">\n<div class=\"wp-block-uagb-image aligncenter uagb-block-n3cxnlie wp-block-uagb-image--layout-default wp-block-uagb-image--effect-static wp-block-uagb-image--align-center alignleft\"><figure class=\"wp-block-uagb-image__figure\"><img decoding=\"async\" srcset=\"https:\/\/celplan.com\/wp-content\/uploads\/2024\/07\/Markets-Oil-and-Gas-1MB-1-1024x643-1.jpg ,https:\/\/celplan.com\/wp-content\/uploads\/2024\/07\/Markets-Oil-and-Gas-1MB-1-1024x643-1.jpg 780w, https:\/\/celplan.com\/wp-content\/uploads\/2024\/07\/Markets-Oil-and-Gas-1MB-1-1024x643-1.jpg 360w\" sizes=\"auto, (max-width: 480px) 150px\" src=\"https:\/\/celplan.com\/wp-content\/uploads\/2024\/07\/Markets-Oil-and-Gas-1MB-1-1024x643-1.jpg\" alt=\"\" class=\"uag-image-1395\" width=\"564\" height=\"400\" title=\"Markets - Oil &amp; Gas\" loading=\"lazy\" role=\"img\"\/><\/figure><\/div>\n\n\n\n<div class=\"wp-block-uagb-container uagb-block-8173c528\">\n<div class=\"wp-block-uagb-info-box uagb-block-ujtuildy uagb-infobox__content-wrap  uagb-infobox-icon-above-title uagb-infobox-image-valign-top\"><div class=\"uagb-ifb-content\"><div class=\"uagb-ifb-title-wrap\"><\/div><p class=\"uagb-ifb-desc\">Las necesidades clave de la industria que pueden abordarse mediante una mejor conectividad incluyen:<br><\/p><\/div><\/div>\n\n\n\n<ul class=\"wp-block-list\">\n<li>Automatizaci\u00f3n, control y monitorizaci\u00f3n remota de procesos (SCADA)<\/li>\n\n\n\n<li>Recopilaci\u00f3n de datos de sensores en tiempo real<\/li>\n\n\n\n<li>Procedimientos de apagado y recuperaci\u00f3n de equipos<\/li>\n\n\n\n<li>Sistemas de medici\u00f3n, registro y control de producci\u00f3n<\/li>\n\n\n\n<li>Redes de videovigilancia<\/li>\n\n\n\n<li>Comunicaci\u00f3n y diagn\u00f3stico de equipos de perforaci\u00f3n<\/li>\n\n\n\n<li>Soluciones de seguimiento de activos<\/li>\n\n\n\n<li>Conectividad de la fuerza laboral (por ejemplo, acceso a Internet, servicios de VoIP)<\/li>\n<\/ul>\n<\/div>\n<\/div>\n\n\n\n<p>CelPlan puede facilitar el proceso de selecci\u00f3n de tecnolog\u00eda, ayudar a preparar solicitudes de propuestas (RFP) y analizar las respuestas de los proveedores. Despu\u00e9s de la selecci\u00f3n de la tecnolog\u00eda, CelPlan ofrece apoyo en el dise\u00f1o de la red y brinda tutor\u00eda a su equipo para la planificaci\u00f3n y optimizaci\u00f3n continuas, abordando los desaf\u00edos que puedan surgir durante la implementaci\u00f3n y la operaci\u00f3n.<br><br>La selecci\u00f3n de la tecnolog\u00eda adecuada es crucial para la eficacia de la red. La amplia experiencia de CelPlan y su enfoque independiente de los proveedores nos permiten guiarlo en la elecci\u00f3n de la soluci\u00f3n \u00f3ptima adaptada a sus requisitos espec\u00edficos. Nuestro objetivo es garantizar que la red implementada se alinee perfectamente con sus necesidades operativas y objetivos organizacionales en el sector del petr\u00f3leo y el gas.<\/p>\n<\/div><\/div>","protected":false},"excerpt":{"rendered":"<p>CelPlan can facilitate the technology selection process, assist in preparing Requests for Proposals (RFPs), and analyze vendor responses. Post-technology selection, CelPlan offers support in network design and provides mentorship to your team for ongoing planning and optimization, addressing challenges that may arise during implementation and operation. The selection of appropriate technology is crucial for network [&hellip;]<\/p>\n","protected":false},"author":2,"featured_media":0,"parent":0,"menu_order":0,"comment_status":"closed","ping_status":"closed","template":"","meta":{"_uag_custom_page_level_css":"","_monsterinsights_skip_tracking":false,"_monsterinsights_sitenote_active":false,"_monsterinsights_sitenote_note":"","_monsterinsights_sitenote_category":0,"site-sidebar-layout":"no-sidebar","site-content-layout":"","ast-site-content-layout":"full-width-container","site-content-style":"unboxed","site-sidebar-style":"unboxed","ast-global-header-display":"","ast-banner-title-visibility":"","ast-main-header-display":"","ast-hfb-above-header-display":"","ast-hfb-below-header-display":"","ast-hfb-mobile-header-display":"","site-post-title":"disabled","ast-breadcrumbs-content":"","ast-featured-img":"","footer-sml-layout":"","ast-disable-related-posts":"","theme-transparent-header-meta":"","adv-header-id-meta":"","stick-header-meta":"","header-above-stick-meta":"","header-main-stick-meta":"","header-below-stick-meta":"","astra-migrate-meta-layouts":"set","ast-page-background-enabled":"default","ast-page-background-meta":{"desktop":{"background-color":"var(--ast-global-color-4)","background-image":"","background-repeat":"repeat","background-position":"center center","background-size":"auto","background-attachment":"scroll","background-type":"","background-media":"","overlay-type":"","overlay-color":"","overlay-opacity":"","overlay-gradient":""},"tablet":{"background-color":"","background-image":"","background-repeat":"repeat","background-position":"center center","background-size":"auto","background-attachment":"scroll","background-type":"","background-media":"","overlay-type":"","overlay-color":"","overlay-opacity":"","overlay-gradient":""},"mobile":{"background-color":"","background-image":"","background-repeat":"repeat","background-position":"center center","background-size":"auto","background-attachment":"scroll","background-type":"","background-media":"","overlay-type":"","overlay-color":"","overlay-opacity":"","overlay-gradient":""}},"ast-content-background-meta":{"desktop":{"background-color":"var(--ast-global-color-5)","background-image":"","background-repeat":"repeat","background-position":"center center","background-size":"auto","background-attachment":"scroll","background-type":"","background-media":"","overlay-type":"","overlay-color":"","overlay-opacity":"","overlay-gradient":""},"tablet":{"background-color":"var(--ast-global-color-5)","background-image":"","background-repeat":"repeat","background-position":"center center","background-size":"auto","background-attachment":"scroll","background-type":"","background-media":"","overlay-type":"","overlay-color":"","overlay-opacity":"","overlay-gradient":""},"mobile":{"background-color":"var(--ast-global-color-5)","background-image":"","background-repeat":"repeat","background-position":"center center","background-size":"auto","background-attachment":"scroll","background-type":"","background-media":"","overlay-type":"","overlay-color":"","overlay-opacity":"","overlay-gradient":""}},"footnotes":""},"class_list":["post-1045","page","type-page","status-publish","hentry"],"aioseo_notices":[],"uagb_featured_image_src":{"full":false,"thumbnail":false,"medium":false,"medium_large":false,"large":false,"1536x1536":false,"2048x2048":false,"trp-custom-language-flag":false},"uagb_author_info":{"display_name":"Cristine Korowajczuk","author_link":"https:\/\/celplan.com\/es\/author\/cris_en\/"},"uagb_comment_info":0,"uagb_excerpt":"CelPlan can facilitate the technology selection process, assist in preparing Requests for Proposals (RFPs), and analyze vendor responses. Post-technology selection, CelPlan offers support in network design and provides mentorship to your team for ongoing planning and optimization, addressing challenges that may arise during implementation and operation. The selection of appropriate technology is crucial for network&hellip;","_links":{"self":[{"href":"https:\/\/celplan.com\/es\/wp-json\/wp\/v2\/pages\/1045","targetHints":{"allow":["GET"]}}],"collection":[{"href":"https:\/\/celplan.com\/es\/wp-json\/wp\/v2\/pages"}],"about":[{"href":"https:\/\/celplan.com\/es\/wp-json\/wp\/v2\/types\/page"}],"author":[{"embeddable":true,"href":"https:\/\/celplan.com\/es\/wp-json\/wp\/v2\/users\/2"}],"replies":[{"embeddable":true,"href":"https:\/\/celplan.com\/es\/wp-json\/wp\/v2\/comments?post=1045"}],"version-history":[{"count":8,"href":"https:\/\/celplan.com\/es\/wp-json\/wp\/v2\/pages\/1045\/revisions"}],"predecessor-version":[{"id":2675,"href":"https:\/\/celplan.com\/es\/wp-json\/wp\/v2\/pages\/1045\/revisions\/2675"}],"wp:attachment":[{"href":"https:\/\/celplan.com\/es\/wp-json\/wp\/v2\/media?parent=1045"}],"curies":[{"name":"wp","href":"https:\/\/api.w.org\/{rel}","templated":true}]}}