{"id":1046,"date":"2024-07-03T17:59:04","date_gmt":"2024-07-03T17:59:04","guid":{"rendered":"https:\/\/celplan.com\/?page_id=1046"},"modified":"2024-08-07T18:24:34","modified_gmt":"2024-08-07T18:24:34","slug":"mining","status":"publish","type":"page","link":"https:\/\/celplan.com\/es\/mining\/","title":{"rendered":"Miner\u00eda"},"content":{"rendered":"<div class=\"wp-block-uagb-container uagb-block-eghuxq0k alignfull uagb-is-root-container\"><div class=\"uagb-container-inner-blocks-wrap\">\n<div class=\"wp-block-uagb-info-box uagb-block-z9doniw9 uagb-infobox__content-wrap  uagb-infobox-icon-above-title uagb-infobox-image-valign-top\"><div class=\"uagb-ifb-content\"><div class=\"uagb-ifb-title-wrap\"><h1 class=\"uagb-ifb-title\">Miner\u00eda<\/h1><\/div><\/div><\/div>\n<\/div><\/div>\n\n\n\n<div class=\"wp-block-uagb-container uagb-block-nv1j5i6o alignfull uagb-is-root-container\"><div class=\"uagb-container-inner-blocks-wrap\">\n<p>La automatizaci\u00f3n es cada vez m\u00e1s frecuente en las operaciones mineras y, con ella, la necesidad de una conectividad confiable. <br>El sector minero est\u00e1 atravesando una transformaci\u00f3n digital y una amplia gama de nuevas aplicaciones requieren comunicaciones, cada una con diferentes requisitos de rendimiento, latencia y confiabilidad. La conectividad es vital tanto bajo tierra como en los lugares m\u00e1s remotos. Las redes de comunicaci\u00f3n pueden llevar la seguridad y las operaciones a un nuevo nivel y, al mismo tiempo, ofrecer soluciones rentables y seguras para un entorno tan hostil. &nbsp;<\/p>\n\n\n\n<div class=\"wp-block-uagb-container uagb-layout-grid uagb-block-w7z5ifg5\">\n<div class=\"wp-block-uagb-image aligncenter uagb-block-xnaz6fpo wp-block-uagb-image--layout-default wp-block-uagb-image--effect-static wp-block-uagb-image--align-center alignleft\"><figure class=\"wp-block-uagb-image__figure\"><img decoding=\"async\"  sizes=\"auto, (max-width: 480px) 150px\" src=\"https:\/\/celplan.com\/wp-content\/uploads\/2024\/07\/Markets-Mining-outdoor-train-1-MB-1024x683-2.jpg\" alt=\"\" width=\"396\" height=\"300\" title=\"Illuminated,Night,Shot,Of,Open,Surface,Coal,Mining,Garzweiler,Germany\" loading=\"lazy\" role=\"img\"\/><\/figure><\/div>\n\n\n\n<div class=\"wp-block-uagb-container uagb-block-9bb1988e\">\n<div class=\"wp-block-uagb-info-box uagb-block-lvdki8lf uagb-infobox__content-wrap  uagb-infobox-icon-above-title uagb-infobox-image-valign-top\"><div class=\"uagb-ifb-content\"><div class=\"uagb-ifb-title-wrap\"><\/div><p class=\"uagb-ifb-desc\">CelPlan puede ayudar a las operaciones mineras seleccionando y dise\u00f1ando:<\/p><\/div><\/div>\n\n\n\n<ul class=\"wp-block-list\">\n<li>Tecnolog\u00eda inal\u00e1mbrica adecuada y rentable&nbsp;<\/li>\n\n\n\n<li>Aplicaci\u00f3n apropiada para fibra y cable<\/li>\n\n\n\n<li>Sistema de antena distribuida (DAS)<\/li>\n\n\n\n<li>Ubicaciones para uso de cables con fugas&nbsp;<\/li>\n\n\n\n<li>Sistema de monitoreo de video<\/li>\n\n\n\n<li>Red de sensores ambientales<\/li>\n\n\n\n<li>Conectividad de backhaul (enlaces de microondas y sat\u00e9lite)<\/li>\n<\/ul>\n<\/div>\n<\/div>\n\n\n\n<div class=\"wp-block-uagb-container uagb-block-turyszwp\">\n<div class=\"wp-block-columns is-layout-flex wp-container-core-columns-is-layout-28f84493 wp-block-columns-is-layout-flex\">\n<div class=\"wp-block-column is-layout-flow wp-block-column-is-layout-flow\" style=\"flex-basis:100%\">\n<div class=\"wp-block-uagb-separator uagb-block-hdvmyrml\"><div class=\"uagb-separator-spacing-wrapper\"><div class=\"wp-block-uagb-separator__inner\" style=\"--my-background-image:\"><\/div><\/div><\/div>\n\n\n\n<p>Existen m\u00faltiples tecnolog\u00edas y tipos de redes que pueden satisfacer las necesidades de la industria minera. La elecci\u00f3n ideal depende de las aplicaciones involucradas, el presupuesto y el terreno\/entorno. CelPlan puede ayudar a su equipo a comprender cada tecnolog\u00eda, seleccionar las que tengan m\u00e1s sentido y guiar a su empresa a trav\u00e9s del proceso de dise\u00f1o, selecci\u00f3n de un proveedor e implementaci\u00f3n de una red. CelPlan se compromete a ofrecer a nuestros clientes una soluci\u00f3n completa, ayud\u00e1ndolos con cada paso del proceso, desde las tareas m\u00e1s b\u00e1sicas hasta las m\u00e1s complejas, que incluyen:<\/p>\n\n\n\n<p>CelPlan puede evaluar las necesidades de su organizaci\u00f3n, como conectividad, seguridad e infraestructura t\u00e9cnica. Se puede desarrollar un plan viable que incluya soluciones para conectar sus activos y miembros del equipo, ofreciendo el mejor equilibrio entre costo, tiempo y ciclo de vida del sistema.<\/p>\n<\/div>\n<\/div>\n\n\n\n<div class=\"wp-block-uagb-container uagb-layout-grid uagb-block-ubautaki\">\n<div class=\"wp-block-uagb-container uagb-block-9df71a41\">\n<ul class=\"wp-block-list\">\n<li>Capacitaci\u00f3n del personal (mantenimiento y operaci\u00f3n)<\/li>\n\n\n\n<li>An\u00e1lisis de equipos de protecci\u00f3n personal (EPP)<\/li>\n\n\n\n<li>Videovigilancia<\/li>\n\n\n\n<li>Cerco perimetral virtual y an\u00e1lisis de video<\/li>\n\n\n\n<li>An\u00e1lisis de fuentes de energ\u00eda alternativas<\/li>\n\n\n\n<li>Consideraciones de ciberseguridad<\/li>\n\n\n\n<li>Gesti\u00f3n de activos<\/li>\n<\/ul>\n<\/div>\n\n\n\n<div class=\"wp-block-uagb-image aligncenter uagb-block-27wqksce wp-block-uagb-image--layout-default wp-block-uagb-image--effect-static wp-block-uagb-image--align-center alignleft\"><figure class=\"wp-block-uagb-image__figure\"><img decoding=\"async\"  sizes=\"auto, (max-width: 480px) 150px\" src=\"https:\/\/celplan.com\/wp-content\/uploads\/2024\/07\/Markets-Mining-Indoor-375x250-1.jpg\" alt=\"\" width=\"396\" height=\"300\" title=\"Silhouettes,Of,Workers,In,The,Mine.\" loading=\"lazy\" role=\"img\"\/><\/figure><\/div>\n<\/div>\n\n\n\n<div class=\"wp-block-columns is-layout-flex wp-container-core-columns-is-layout-28f84493 wp-block-columns-is-layout-flex\">\n<div class=\"wp-block-column is-layout-flow wp-block-column-is-layout-flow\" style=\"flex-basis:100%\">\n<div class=\"wp-block-uagb-separator uagb-block-9fci4aqc\"><div class=\"uagb-separator-spacing-wrapper\"><div class=\"wp-block-uagb-separator__inner\" style=\"--my-background-image:\"><\/div><\/div><\/div>\n\n\n\n<p>CelPlan puede evaluar las necesidades de su organizaci\u00f3n, como conectividad, seguridad e infraestructura t\u00e9cnica. Se puede desarrollar un plan viable que incluya soluciones para conectar sus activos y miembros del equipo, ofreciendo el mejor equilibrio entre costo, tiempo y ciclo de vida del sistema.<\/p>\n\n\n\n<p>Las redes de sensores pueden proporcionar informaci\u00f3n relevante sobre la operaci\u00f3n minera, pero los datos deben ser almacenados, procesados \u200b\u200by utilizados por aplicaciones de IA y lagos de datos para que sean significativos. C\u00f3mo manejar estas variables es parte de nuestro trabajo. CelPlan puede analizar qu\u00e9 funciona mejor para el almacenamiento y procesamiento, por ejemplo, la nube y\/o centros de datos locales. CelPlan ha trabajado en el dise\u00f1o de redes de radio e h\u00edbridas para minas que brindaron soporte de comunicaci\u00f3n para:<\/p>\n<\/div>\n<\/div>\n\n\n\n<div class=\"wp-block-uagb-container uagb-layout-grid uagb-block-pwyoyciy\">\n<div class=\"wp-block-uagb-image aligncenter uagb-block-c3tsk1i4 wp-block-uagb-image--layout-default wp-block-uagb-image--effect-static wp-block-uagb-image--align-center alignleft\"><figure class=\"wp-block-uagb-image__figure\"><img decoding=\"async\"  sizes=\"auto, (max-width: 480px) 150px\" src=\"https:\/\/celplan.com\/wp-content\/uploads\/2024\/07\/Markets-Mining-tractor-1024x683-1.jpg\" alt=\"\" width=\"396\" height=\"300\" title=\"big yellow mining truck\" loading=\"lazy\" role=\"img\"\/><\/figure><\/div>\n\n\n\n<div class=\"wp-block-uagb-container uagb-block-56076f20\">\n<ul class=\"wp-block-list\">\n<li>Miner\u00eda a cielo abierto<\/li>\n\n\n\n<li>Train Loader (TLO) &amp;&nbsp;&nbsp;conveyor belts<\/li>\n\n\n\n<li>Miner\u00eda en t\u00faneles y galer\u00edas subterr\u00e1neas<\/li>\n\n\n\n<li>Miner\u00eda de pozos<\/li>\n\n\n\n<li>Maquinaria controlada a distancia<\/li>\n\n\n\n<li>Campamentos de trabajadores y comunicaci\u00f3n con la fuerza laboral<\/li>\n\n\n\n<li>Oficina administrativa&nbsp;<\/li>\n\n\n\n<li>Patios de mantenimiento y almacenamiento&nbsp;<\/li>\n\n\n\n<li>Ventilaci\u00f3n y otros sistemas de apoyo<\/li>\n\n\n\n<li>Recopilaci\u00f3n, almacenamiento y procesamiento de datos de sensores en tiempo real<\/li>\n\n\n\n<li>Medici\u00f3n, registro y control de la producci\u00f3n<\/li>\n\n\n\n<li>Seguimiento de activos<\/li>\n<\/ul>\n<\/div>\n<\/div>\n\n\n\n<p>CelPlan entiende que la industria minera tiene desaf\u00edos log\u00edsticos, geogr\u00e1ficos, ambientales y t\u00e9cnicos \u00fanicos. <br>Las minas pueden tener necesidades de cobertura tanto subterr\u00e1neas como superficiales. La cobertura de red en t\u00faneles, pozos y galer\u00edas debe abordarse de manera diferente a la cobertura en \u00e1reas de fosas profundas. Los cargadores de trenes tienen obstrucciones estructurales y de maquinaria que deben tenerse en cuenta al analizar la propagaci\u00f3n de se\u00f1ales. <br>El tipo de minerales y metales en las paredes de la mina afecta la propagaci\u00f3n inal\u00e1mbrica de manera diferente y debe tenerse en cuenta al dise\u00f1ar una red. CelPlan utiliza herramientas de modelado de propagaci\u00f3n de \u00faltima generaci\u00f3n operadas por ingenieros de RF experimentados para simular la cobertura e identificar brechas y problemas potenciales que podr\u00edan causar problemas en una red de misi\u00f3n cr\u00edtica que necesita ser confiable. <br><br>Elegir la tecnolog\u00eda adecuada para una red es fundamental y la experiencia de CelPlan y su enfoque independiente del proveedor nos permiten ayudarlo a elegir la soluci\u00f3n m\u00e1s adecuada para satisfacer sus necesidades.<\/p>\n<\/div>\n<\/div><\/div>","protected":false},"excerpt":{"rendered":"<p>Automation is becoming more prevalent in mining operations and, with it, the need for reliable connectivity. The mining sector is going through a digital transformation and a wide range of new applications are requiring communications, each with different requirements of throughput, latency, and reliability. Connectivity is vital both underground and in the most remote locations. [&hellip;]<\/p>\n","protected":false},"author":2,"featured_media":0,"parent":0,"menu_order":0,"comment_status":"closed","ping_status":"closed","template":"","meta":{"_uag_custom_page_level_css":"","_monsterinsights_skip_tracking":false,"_monsterinsights_sitenote_active":false,"_monsterinsights_sitenote_note":"","_monsterinsights_sitenote_category":0,"site-sidebar-layout":"no-sidebar","site-content-layout":"","ast-site-content-layout":"full-width-container","site-content-style":"unboxed","site-sidebar-style":"unboxed","ast-global-header-display":"","ast-banner-title-visibility":"","ast-main-header-display":"","ast-hfb-above-header-display":"","ast-hfb-below-header-display":"","ast-hfb-mobile-header-display":"","site-post-title":"disabled","ast-breadcrumbs-content":"","ast-featured-img":"","footer-sml-layout":"","ast-disable-related-posts":"","theme-transparent-header-meta":"","adv-header-id-meta":"","stick-header-meta":"","header-above-stick-meta":"","header-main-stick-meta":"","header-below-stick-meta":"","astra-migrate-meta-layouts":"set","ast-page-background-enabled":"default","ast-page-background-meta":{"desktop":{"background-color":"var(--ast-global-color-4)","background-image":"","background-repeat":"repeat","background-position":"center center","background-size":"auto","background-attachment":"scroll","background-type":"","background-media":"","overlay-type":"","overlay-color":"","overlay-opacity":"","overlay-gradient":""},"tablet":{"background-color":"","background-image":"","background-repeat":"repeat","background-position":"center center","background-size":"auto","background-attachment":"scroll","background-type":"","background-media":"","overlay-type":"","overlay-color":"","overlay-opacity":"","overlay-gradient":""},"mobile":{"background-color":"","background-image":"","background-repeat":"repeat","background-position":"center center","background-size":"auto","background-attachment":"scroll","background-type":"","background-media":"","overlay-type":"","overlay-color":"","overlay-opacity":"","overlay-gradient":""}},"ast-content-background-meta":{"desktop":{"background-color":"var(--ast-global-color-5)","background-image":"","background-repeat":"repeat","background-position":"center center","background-size":"auto","background-attachment":"scroll","background-type":"","background-media":"","overlay-type":"","overlay-color":"","overlay-opacity":"","overlay-gradient":""},"tablet":{"background-color":"var(--ast-global-color-5)","background-image":"","background-repeat":"repeat","background-position":"center center","background-size":"auto","background-attachment":"scroll","background-type":"","background-media":"","overlay-type":"","overlay-color":"","overlay-opacity":"","overlay-gradient":""},"mobile":{"background-color":"var(--ast-global-color-5)","background-image":"","background-repeat":"repeat","background-position":"center center","background-size":"auto","background-attachment":"scroll","background-type":"","background-media":"","overlay-type":"","overlay-color":"","overlay-opacity":"","overlay-gradient":""}},"footnotes":""},"class_list":["post-1046","page","type-page","status-publish","hentry"],"aioseo_notices":[],"uagb_featured_image_src":{"full":false,"thumbnail":false,"medium":false,"medium_large":false,"large":false,"1536x1536":false,"2048x2048":false,"trp-custom-language-flag":false},"uagb_author_info":{"display_name":"Cristine Korowajczuk","author_link":"https:\/\/celplan.com\/es\/author\/cris_en\/"},"uagb_comment_info":0,"uagb_excerpt":"Automation is becoming more prevalent in mining operations and, with it, the need for reliable connectivity. The mining sector is going through a digital transformation and a wide range of new applications are requiring communications, each with different requirements of throughput, latency, and reliability. Connectivity is vital both underground and in the most remote locations.&hellip;","_links":{"self":[{"href":"https:\/\/celplan.com\/es\/wp-json\/wp\/v2\/pages\/1046","targetHints":{"allow":["GET"]}}],"collection":[{"href":"https:\/\/celplan.com\/es\/wp-json\/wp\/v2\/pages"}],"about":[{"href":"https:\/\/celplan.com\/es\/wp-json\/wp\/v2\/types\/page"}],"author":[{"embeddable":true,"href":"https:\/\/celplan.com\/es\/wp-json\/wp\/v2\/users\/2"}],"replies":[{"embeddable":true,"href":"https:\/\/celplan.com\/es\/wp-json\/wp\/v2\/comments?post=1046"}],"version-history":[{"count":14,"href":"https:\/\/celplan.com\/es\/wp-json\/wp\/v2\/pages\/1046\/revisions"}],"predecessor-version":[{"id":2522,"href":"https:\/\/celplan.com\/es\/wp-json\/wp\/v2\/pages\/1046\/revisions\/2522"}],"wp:attachment":[{"href":"https:\/\/celplan.com\/es\/wp-json\/wp\/v2\/media?parent=1046"}],"curies":[{"name":"wp","href":"https:\/\/api.w.org\/{rel}","templated":true}]}}