{"id":1048,"date":"2024-07-03T17:59:04","date_gmt":"2024-07-03T17:59:04","guid":{"rendered":"https:\/\/celplan.com\/?page_id=1048"},"modified":"2024-08-22T15:02:49","modified_gmt":"2024-08-22T15:02:49","slug":"smart_cities","status":"publish","type":"page","link":"https:\/\/celplan.com\/es\/smart_cities\/","title":{"rendered":"Ciudades inteligentes"},"content":{"rendered":"<div class=\"wp-block-uagb-container uagb-block-eghuxq0k alignfull uagb-is-root-container\"><div class=\"uagb-container-inner-blocks-wrap\">\n<div class=\"wp-block-uagb-info-box uagb-block-z9doniw9 uagb-infobox__content-wrap  uagb-infobox-icon-above-title uagb-infobox-image-valign-top\"><div class=\"uagb-ifb-content\"><div class=\"uagb-ifb-title-wrap\"><h1 class=\"uagb-ifb-title\">Ciudades inteligentes<\/h1><\/div><\/div><\/div>\n<\/div><\/div>\n\n\n\n<div class=\"wp-block-uagb-container uagb-block-eidebwjs alignfull uagb-is-root-container\"><div class=\"uagb-container-inner-blocks-wrap\">\n<div class=\"wp-block-uagb-container uagb-block-ntavs5ha\">\n<div class=\"wp-block-uagb-image aligncenter uagb-block-qy2ie9dr wp-block-uagb-image--layout-default wp-block-uagb-image--effect-static wp-block-uagb-image--align-center alignleft\"><figure class=\"wp-block-uagb-image__figure\"><img decoding=\"async\" srcset=\"https:\/\/celplan.com\/wp-content\/uploads\/2024\/07\/sensors-1mb-1024x668.jpg ,https:\/\/celplan.com\/wp-content\/uploads\/2024\/07\/sensors-1mb-scaled.jpg 780w, https:\/\/celplan.com\/wp-content\/uploads\/2024\/07\/sensors-1mb-scaled.jpg 360w\" sizes=\"auto, (max-width: 480px) 150px\" src=\"https:\/\/celplan.com\/wp-content\/uploads\/2024\/07\/sensors-1mb-1024x668.jpg\" alt=\"\" class=\"uag-image-1733\" width=\"564\" height=\"400\" title=\"Smart Transport\" loading=\"lazy\" role=\"img\"\/><\/figure><\/div>\n\n\n\n<div class=\"wp-block-uagb-info-box uagb-block-ggyz8qhr uagb-infobox__content-wrap  uagb-infobox-icon-above-title uagb-infobox-image-valign-top\"><div class=\"uagb-ifb-content\"><div class=\"uagb-ifb-title-wrap\"><h3 class=\"uagb-ifb-title\">Integraci\u00f3n de las TIC<\/h3><\/div><p class=\"uagb-ifb-desc\">Las ciudades inteligentes aprovechan las tecnolog\u00edas avanzadas de la informaci\u00f3n y la comunicaci\u00f3n (TIC) para mejorar la eficiencia operativa, facilitar la difusi\u00f3n de informaci\u00f3n p\u00fablica y elevar la calidad de los servicios gubernamentales y el bienestar de los ciudadanos.<br><br>Los componentes fundamentales de la infraestructura de una ciudad inteligente incluyen redes integradas de sensores, c\u00e1maras y dispositivos interconectados, junto con sistemas sofisticados para recopilar y analizar grandes cantidades de datos para informar los procesos de toma de decisiones.<\/p><\/div><\/div>\n<\/div>\n\n\n\n<div class=\"wp-block-uagb-container uagb-block-lxteyfrt\">\n<div class=\"wp-block-uagb-container uagb-block-b5ab240c\">\n<div class=\"wp-block-uagb-info-box uagb-block-79ijmjmt uagb-infobox__content-wrap  uagb-infobox-icon-above-title uagb-infobox-image-valign-top\"><div class=\"uagb-ifb-content\"><div class=\"uagb-ifb-title-wrap\"><h3 class=\"uagb-ifb-title\">Enfoque multidisciplinario<\/h3><\/div><p class=\"uagb-ifb-desc\">Estas tecnolog\u00edas encuentran aplicaci\u00f3n en m\u00faltiples dominios urbanos:<br><\/p><\/div><\/div>\n\n\n\n<ul class=\"wp-block-list\">\n<li>Transporte: Sistemas inteligentes de gerenciamento de tr\u00e1fego, opera\u00e7\u00f5es otimizadas de transporte p\u00fablico e solu\u00e7\u00f5es avan\u00e7adas de estacionamento.<\/li>\n\n\n\n<li>Gesti\u00f3n energ\u00e9tica: implementaci\u00f3n de redes inteligentes, integraci\u00f3n de energ\u00eda renovable e alumbrado p\u00fablico energ\u00e9ticamente eficiente.<\/li>\n\n\n\n<li>Gesti\u00f3n de recursos h\u00eddricos: Sistemas avanzados de detecci\u00f3n de fugas, monitoreo del consumo y mecanismos de control de la calidad del agua.<\/li>\n\n\n\n<li>Gesti\u00f3n de residuos: Implementaci\u00f3n de contenedores inteligentes para residuos, optimizaci\u00f3n de rutas para servicios de recolecci\u00f3n y mejoras en las iniciativas de reciclaje.<\/li>\n\n\n\n<li>Seguridad P\u00fablica: Despliegue de sistemas integrales de vigilancia y protocolos coordinados de respuesta a emergencias.<\/li>\n\n\n\n<li>Atenci\u00f3n m\u00e9dica: integraci\u00f3n de servicios de telemedicina, sistemas de monitoreo de salud y capacidades de seguimiento de epidemias.<\/li>\n\n\n\n<li>Monitoreo Ambiental: Instalaci\u00f3n de sensores de calidad del aire y mecanismos de control de contaminaci\u00f3n ac\u00fastica.<\/li>\n\n\n\n<li>Gobernanza: Implementaci\u00f3n de servicios de gobierno electr\u00f3nico y plataformas de participaci\u00f3n ciudadana.<\/li>\n<\/ul>\n<\/div>\n\n\n\n<div class=\"wp-block-uagb-image aligncenter uagb-block-zlzeflwe wp-block-uagb-image--layout-default wp-block-uagb-image--effect-static wp-block-uagb-image--align-center alignleft\"><figure class=\"wp-block-uagb-image__figure\"><img decoding=\"async\" srcset=\"https:\/\/celplan.com\/wp-content\/uploads\/2024\/07\/smart-board-1mb-1024x623.jpg ,https:\/\/celplan.com\/wp-content\/uploads\/2024\/07\/smart-board-1mb-scaled.jpg 780w, https:\/\/celplan.com\/wp-content\/uploads\/2024\/07\/smart-board-1mb-scaled.jpg 360w\" sizes=\"auto, (max-width: 480px) 150px\" src=\"https:\/\/celplan.com\/wp-content\/uploads\/2024\/07\/smart-board-1mb-1024x623.jpg\" alt=\"\" class=\"uag-image-1734\" width=\"564\" height=\"400\" title=\"Smart Timetable\" loading=\"lazy\" role=\"img\"\/><\/figure><\/div>\n<\/div>\n\n\n\n<div class=\"wp-block-uagb-container uagb-block-ttogtouf\">\n<div class=\"wp-block-uagb-image aligncenter uagb-block-n3cxnlie wp-block-uagb-image--layout-default wp-block-uagb-image--effect-static wp-block-uagb-image--align-center alignleft\"><figure class=\"wp-block-uagb-image__figure\"><img decoding=\"async\" srcset=\"https:\/\/celplan.com\/wp-content\/uploads\/2024\/07\/traffic-1mb-1024x700.jpg ,https:\/\/celplan.com\/wp-content\/uploads\/2024\/07\/traffic-1mb-scaled.jpg 780w, https:\/\/celplan.com\/wp-content\/uploads\/2024\/07\/traffic-1mb-scaled.jpg 360w\" sizes=\"auto, (max-width: 480px) 150px\" src=\"https:\/\/celplan.com\/wp-content\/uploads\/2024\/07\/traffic-1mb-1024x700.jpg\" alt=\"\" class=\"uag-image-1735\" width=\"564\" height=\"400\" title=\"Intelligent Transport\" loading=\"lazy\" role=\"img\"\/><\/figure><\/div>\n\n\n\n<div class=\"wp-block-uagb-info-box uagb-block-ujtuildy uagb-infobox__content-wrap  uagb-infobox-icon-above-title uagb-infobox-image-valign-top\"><div class=\"uagb-ifb-content\"><div class=\"uagb-ifb-title-wrap\"><h3 class=\"uagb-ifb-title\">Nuestras habilidades<\/h3><\/div><p class=\"uagb-ifb-desc\">CelPlan ofrece conocimientos y servicios valiosos que son cruciales para las iniciativas de ciudades inteligentes. Nuestras capacidades incluyen el dise\u00f1o y la optimizaci\u00f3n de redes de comunicaci\u00f3n s\u00f3lidas y confiables que sirven como base para la infraestructura de las ciudades inteligentes, que abarcan componentes inal\u00e1mbricos y de fibra \u00f3ptica para garantizar una cobertura urbana integral.<br><br>Gracias a nuestro enfoque neutral respecto de los proveedores y a nuestra amplia experiencia en el sector, CelPlan ayuda a los planificadores urbanos a seleccionar las tecnolog\u00edas \u00f3ptimas para diversas aplicaciones de ciudades inteligentes. Esto puede implicar la integraci\u00f3n de diversas tecnolog\u00edas, como redes 4G\/5G, protocolos espec\u00edficos de IoT (por ejemplo, LoRaWAN, NB-IoT), Wi-Fi y otras soluciones pertinentes. Nuestra competencia en el dise\u00f1o de redes de IoT facilita la integraci\u00f3n de diversos sensores y dispositivos de ciudades inteligentes, desde sistemas de gesti\u00f3n del tr\u00e1fico hasta sensores de monitoreo ambiental.<br><br>La comprensi\u00f3n integral de CelPlan de la din\u00e1mica del flujo de datos y los requisitos de almacenamiento ayuda a los municipios a planificar los importantes vol\u00famenes de datos generados por las aplicaciones de ciudades inteligentes. Nuestra experiencia en el dise\u00f1o de redes seguras y resistentes para empresas de servicios p\u00fablicos y privadas es directamente aplicable para garantizar la integridad y la confiabilidad de las redes de las ciudades inteligentes.<\/p><\/div><\/div>\n<\/div>\n\n\n\n<p>Nuestro enfoque de planificaci\u00f3n de redes permite a las ciudades dise\u00f1ar soluciones escalables que se adapten a los avances tecnol\u00f3gicos futuros y a los requisitos urbanos en constante evoluci\u00f3n. CelPlan ofrece servicios de consultor\u00eda a planificadores urbanos y equipos de TI, junto con programas de capacitaci\u00f3n y tutor\u00eda para equipos de ingenier\u00eda locales responsables del mantenimiento de redes de ciudades inteligentes.<br><br>Nuestra experiencia en an\u00e1lisis de gastos operativos y de capital ayuda a las ciudades a optimizar las inversiones en tecnolog\u00edas de ciudades inteligentes, garantizando as\u00ed un uso eficiente de los recursos p\u00fablicos. La competencia de CelPlan en pruebas y optimizaci\u00f3n de redes garantiza un rendimiento \u00f3ptimo de las redes de ciudades inteligentes en diversas condiciones.<br><br>Al aprovechar la amplia experiencia de CelPlan en dise\u00f1o de redes, integraci\u00f3n de tecnolog\u00eda y optimizaci\u00f3n intersectorial, las ciudades inteligentes pueden desarrollar infraestructuras de comunicaci\u00f3n s\u00f3lidas, eficientes y preparadas para el futuro, capaces de soportar un amplio espectro de servicios y aplicaciones urbanas.<br><\/p>\n<\/div><\/div>","protected":false},"excerpt":{"rendered":"<p>Our approach to network planning enables cities to design scalable solutions adaptable to future technological advancements and evolving urban requirements. CelPlan provides consulting services to city planners and IT teams, along with training and mentoring programs for local engineering teams responsible for maintaining smart city networks. Our expertise in capital and operational expenditure analysis helps [&hellip;]<\/p>\n","protected":false},"author":2,"featured_media":0,"parent":0,"menu_order":0,"comment_status":"closed","ping_status":"closed","template":"","meta":{"_uag_custom_page_level_css":"","_monsterinsights_skip_tracking":false,"_monsterinsights_sitenote_active":false,"_monsterinsights_sitenote_note":"","_monsterinsights_sitenote_category":0,"site-sidebar-layout":"no-sidebar","site-content-layout":"","ast-site-content-layout":"full-width-container","site-content-style":"unboxed","site-sidebar-style":"unboxed","ast-global-header-display":"","ast-banner-title-visibility":"","ast-main-header-display":"","ast-hfb-above-header-display":"","ast-hfb-below-header-display":"","ast-hfb-mobile-header-display":"","site-post-title":"disabled","ast-breadcrumbs-content":"","ast-featured-img":"","footer-sml-layout":"","ast-disable-related-posts":"","theme-transparent-header-meta":"","adv-header-id-meta":"","stick-header-meta":"","header-above-stick-meta":"","header-main-stick-meta":"","header-below-stick-meta":"","astra-migrate-meta-layouts":"set","ast-page-background-enabled":"default","ast-page-background-meta":{"desktop":{"background-color":"var(--ast-global-color-4)","background-image":"","background-repeat":"repeat","background-position":"center center","background-size":"auto","background-attachment":"scroll","background-type":"","background-media":"","overlay-type":"","overlay-color":"","overlay-opacity":"","overlay-gradient":""},"tablet":{"background-color":"","background-image":"","background-repeat":"repeat","background-position":"center center","background-size":"auto","background-attachment":"scroll","background-type":"","background-media":"","overlay-type":"","overlay-color":"","overlay-opacity":"","overlay-gradient":""},"mobile":{"background-color":"","background-image":"","background-repeat":"repeat","background-position":"center center","background-size":"auto","background-attachment":"scroll","background-type":"","background-media":"","overlay-type":"","overlay-color":"","overlay-opacity":"","overlay-gradient":""}},"ast-content-background-meta":{"desktop":{"background-color":"var(--ast-global-color-5)","background-image":"","background-repeat":"repeat","background-position":"center center","background-size":"auto","background-attachment":"scroll","background-type":"","background-media":"","overlay-type":"","overlay-color":"","overlay-opacity":"","overlay-gradient":""},"tablet":{"background-color":"var(--ast-global-color-5)","background-image":"","background-repeat":"repeat","background-position":"center center","background-size":"auto","background-attachment":"scroll","background-type":"","background-media":"","overlay-type":"","overlay-color":"","overlay-opacity":"","overlay-gradient":""},"mobile":{"background-color":"var(--ast-global-color-5)","background-image":"","background-repeat":"repeat","background-position":"center center","background-size":"auto","background-attachment":"scroll","background-type":"","background-media":"","overlay-type":"","overlay-color":"","overlay-opacity":"","overlay-gradient":""}},"footnotes":""},"class_list":["post-1048","page","type-page","status-publish","hentry"],"aioseo_notices":[],"uagb_featured_image_src":{"full":false,"thumbnail":false,"medium":false,"medium_large":false,"large":false,"1536x1536":false,"2048x2048":false,"trp-custom-language-flag":false},"uagb_author_info":{"display_name":"Cristine Korowajczuk","author_link":"https:\/\/celplan.com\/es\/author\/cris_en\/"},"uagb_comment_info":0,"uagb_excerpt":"Our approach to network planning enables cities to design scalable solutions adaptable to future technological advancements and evolving urban requirements. CelPlan provides consulting services to city planners and IT teams, along with training and mentoring programs for local engineering teams responsible for maintaining smart city networks. Our expertise in capital and operational expenditure analysis helps&hellip;","_links":{"self":[{"href":"https:\/\/celplan.com\/es\/wp-json\/wp\/v2\/pages\/1048","targetHints":{"allow":["GET"]}}],"collection":[{"href":"https:\/\/celplan.com\/es\/wp-json\/wp\/v2\/pages"}],"about":[{"href":"https:\/\/celplan.com\/es\/wp-json\/wp\/v2\/types\/page"}],"author":[{"embeddable":true,"href":"https:\/\/celplan.com\/es\/wp-json\/wp\/v2\/users\/2"}],"replies":[{"embeddable":true,"href":"https:\/\/celplan.com\/es\/wp-json\/wp\/v2\/comments?post=1048"}],"version-history":[{"count":9,"href":"https:\/\/celplan.com\/es\/wp-json\/wp\/v2\/pages\/1048\/revisions"}],"predecessor-version":[{"id":2671,"href":"https:\/\/celplan.com\/es\/wp-json\/wp\/v2\/pages\/1048\/revisions\/2671"}],"wp:attachment":[{"href":"https:\/\/celplan.com\/es\/wp-json\/wp\/v2\/media?parent=1048"}],"curies":[{"name":"wp","href":"https:\/\/api.w.org\/{rel}","templated":true}]}}