{"id":1049,"date":"2024-07-03T17:59:04","date_gmt":"2024-07-03T17:59:04","guid":{"rendered":"https:\/\/celplan.com\/?page_id=1049"},"modified":"2024-08-22T14:48:38","modified_gmt":"2024-08-22T14:48:38","slug":"smart_farming","status":"publish","type":"page","link":"https:\/\/celplan.com\/es\/smart_farming\/","title":{"rendered":"Agricultura inteligente"},"content":{"rendered":"<div class=\"wp-block-uagb-container uagb-block-eghuxq0k alignfull uagb-is-root-container\"><div class=\"uagb-container-inner-blocks-wrap\">\n<div class=\"wp-block-uagb-info-box uagb-block-z9doniw9 uagb-infobox__content-wrap  uagb-infobox-icon-above-title uagb-infobox-image-valign-top\"><div class=\"uagb-ifb-content\"><div class=\"uagb-ifb-title-wrap\"><h1 class=\"uagb-ifb-title\">Agricultura inteligente<\/h1><\/div><\/div><\/div>\n<\/div><\/div>\n\n\n\n<div class=\"wp-block-uagb-container uagb-block-eidebwjs alignfull uagb-is-root-container\"><div class=\"uagb-container-inner-blocks-wrap\">\n<div class=\"wp-block-uagb-container uagb-block-ntavs5ha\">\n<div class=\"wp-block-uagb-image aligncenter uagb-block-qy2ie9dr wp-block-uagb-image--layout-default wp-block-uagb-image--effect-static wp-block-uagb-image--align-center alignleft\"><figure class=\"wp-block-uagb-image__figure\"><img decoding=\"async\" srcset=\"https:\/\/celplan.com\/wp-content\/uploads\/2024\/07\/ipad-1mb-1024x704.jpg ,https:\/\/celplan.com\/wp-content\/uploads\/2024\/07\/ipad-1mb-scaled.jpg 780w, https:\/\/celplan.com\/wp-content\/uploads\/2024\/07\/ipad-1mb-scaled.jpg 360w\" sizes=\"auto, (max-width: 480px) 150px\" src=\"https:\/\/celplan.com\/wp-content\/uploads\/2024\/07\/ipad-1mb-1024x704.jpg\" alt=\"\" class=\"uag-image-1727\" width=\"564\" height=\"400\" title=\"Agriculture,Technology\" loading=\"lazy\" role=\"img\"\/><\/figure><\/div>\n\n\n\n<div class=\"wp-block-uagb-info-box uagb-block-ggyz8qhr uagb-infobox__content-wrap  uagb-infobox-icon-above-title uagb-infobox-image-valign-top\"><div class=\"uagb-ifb-content\"><div class=\"uagb-ifb-title-wrap\"><\/div><p class=\"uagb-ifb-desc\">La agricultura inteligente plantea desaf\u00edos singulares en la aplicaci\u00f3n de las tecnolog\u00edas de la informaci\u00f3n y la comunicaci\u00f3n (TIC) contempor\u00e1neas a los escenarios agr\u00edcolas. Estos desaf\u00edos implican principalmente el establecimiento de conectividad en \u00e1reas extensas donde la infraestructura de telecomunicaciones suele ser limitada o inexistente.<br><br>La provisi\u00f3n de la conectividad necesaria abarca dos aspectos fundamentales: establecer conexiones entre todos los dispositivos agr\u00edcolas y un nodo central, y posteriormente vincular este nodo a las aplicaciones deseadas, ya sea localmente o a trav\u00e9s de servicios basados \u200b\u200ben la nube.<br><br>Desde una perspectiva agr\u00edcola, la Agricultura Inteligente (Smart Agriculture\/Smart Farming) deber\u00eda aportar valor a\u00f1adido mediante una mayor capacidad de toma de decisiones y procesos operativos y de gesti\u00f3n m\u00e1s eficientes. La conectividad de las telecomunicaciones facilita la recopilaci\u00f3n de informaci\u00f3n consistente y fiable a partir de una red de sensores y actuadores para respaldar estos objetivos.<\/p><\/div><\/div>\n<\/div>\n\n\n\n<div class=\"wp-block-uagb-container uagb-block-lxteyfrt\">\n<div class=\"wp-block-uagb-info-box uagb-block-79ijmjmt uagb-infobox__content-wrap  uagb-infobox-icon-above-title uagb-infobox-image-valign-top\"><div class=\"uagb-ifb-content\"><div class=\"uagb-ifb-title-wrap\"><\/div><p class=\"uagb-ifb-desc\">Para que los datos recopilados se utilicen de manera eficaz en los procesos de toma de decisiones, es necesario analizarlos en profundidad. Esto se puede lograr mediante la aplicaci\u00f3n de inteligencia artificial, aprendizaje autom\u00e1tico y algoritmos predictivos, ya sea de forma local o remota. El an\u00e1lisis de datos puede generar recomendaciones, identificar tendencias y producir estad\u00edsticas para definir informaci\u00f3n \u00fatil, lo que en \u00faltima instancia conduce a una mayor productividad, mejores rendimientos de los cultivos y la conservaci\u00f3n de recursos valiosos.<br><br>La infraestructura de telecomunicaciones juega un papel crucial para completar este ciclo, permitiendo programar y activar acciones automatizadas para agilizar las tareas, las operaciones de los equipos en campo y la gesti\u00f3n de veh\u00edculos.<\/p><\/div><\/div>\n\n\n\n<div class=\"wp-block-uagb-image aligncenter uagb-block-zlzeflwe wp-block-uagb-image--layout-default wp-block-uagb-image--effect-static wp-block-uagb-image--align-center alignleft\"><figure class=\"wp-block-uagb-image__figure\"><img decoding=\"async\" srcset=\"https:\/\/celplan.com\/wp-content\/uploads\/2024\/07\/tractor-1mb-1024x575.jpg ,https:\/\/celplan.com\/wp-content\/uploads\/2024\/07\/tractor-1mb-scaled.jpg 780w, https:\/\/celplan.com\/wp-content\/uploads\/2024\/07\/tractor-1mb-scaled.jpg 360w\" sizes=\"auto, (max-width: 480px) 150px\" src=\"https:\/\/celplan.com\/wp-content\/uploads\/2024\/07\/tractor-1mb-1024x575.jpg\" alt=\"\" class=\"uag-image-1728\" width=\"564\" height=\"400\" title=\"Autonomous Tractor\" loading=\"lazy\" role=\"img\"\/><\/figure><\/div>\n<\/div>\n\n\n\n<div class=\"wp-block-uagb-container uagb-block-ttogtouf\">\n<div class=\"wp-block-uagb-image aligncenter uagb-block-n3cxnlie wp-block-uagb-image--layout-default wp-block-uagb-image--effect-static wp-block-uagb-image--align-center alignleft\"><figure class=\"wp-block-uagb-image__figure\"><img decoding=\"async\" srcset=\"https:\/\/celplan.com\/wp-content\/uploads\/2024\/07\/drone-1mb-1024x683.jpg ,https:\/\/celplan.com\/wp-content\/uploads\/2024\/07\/drone-1mb-scaled.jpg 780w, https:\/\/celplan.com\/wp-content\/uploads\/2024\/07\/drone-1mb-scaled.jpg 360w\" sizes=\"auto, (max-width: 480px) 150px\" src=\"https:\/\/celplan.com\/wp-content\/uploads\/2024\/07\/drone-1mb-1024x683.jpg\" alt=\"\" class=\"uag-image-1726\" width=\"564\" height=\"400\" title=\"Agriculture Drone\" loading=\"lazy\" role=\"img\"\/><\/figure><\/div>\n\n\n\n<div class=\"wp-block-uagb-info-box uagb-block-ujtuildy uagb-infobox__content-wrap  uagb-infobox-icon-above-title uagb-infobox-image-valign-top\"><div class=\"uagb-ifb-content\"><div class=\"uagb-ifb-title-wrap\"><\/div><p class=\"uagb-ifb-desc\">Las aplicaciones de agricultura inteligente abarcan una amplia gama de funcionalidades, incluida la optimizaci\u00f3n del rendimiento, la automatizaci\u00f3n de instalaciones, el monitoreo de la salud del suelo, el ganado y los cultivos, operaciones de robots agr\u00edcolas, an\u00e1lisis visuales y actividades basadas en drones.<br><br>CelPlan ofrece experiencia en la especificaci\u00f3n, dise\u00f1o y gesti\u00f3n de la implementaci\u00f3n de redes de comunicaci\u00f3n que utilizan m\u00faltiples tecnolog\u00edas. Adem\u00e1s, brindamos asistencia en el an\u00e1lisis de gastos operativos y de capital para optimizar las operaciones agr\u00edcolas a un nivel sin precedentes. <br><br>Nuestro equipo de ingenieros y t\u00e9cnicos experimentados en telecomunicaciones ha estado abordando problemas relacionados con la cobertura, el rendimiento, las regulaciones y las interferencias durante m\u00e1s de tres d\u00e9cadas.<\/p><\/div><\/div>\n<\/div>\n\n\n\n<p>Un an\u00e1lisis exhaustivo de las tecnolog\u00edas actuales (como LoRaWAN, redes en malla, LTE privado, comunicaciones satelitales y enlaces de microondas), sus capacidades y estrategias de implementaci\u00f3n efectivas es esencial para aprovechar el potencial de la agricultura inteligente. Este an\u00e1lisis sirve como base para implementar soluciones de agricultura inteligente viables y eficientes. CelPlan puede ayudar a su equipo a dise\u00f1ar e implementar la mejor soluci\u00f3n.<\/p>\n<\/div><\/div>","protected":false},"excerpt":{"rendered":"<p>A comprehensive analysis of current technologies (such as LoRaWAN, Mesh networks, Private LTE, satellite communications, and microwave links), their capabilities, and effective deployment strategies is essential for realizing the potential of Smart Farming. This analysis serves as the foundation for implementing feasible and efficient Smart Agriculture solutions. CelPlan can assist your team with designing and [&hellip;]<\/p>\n","protected":false},"author":2,"featured_media":0,"parent":0,"menu_order":0,"comment_status":"closed","ping_status":"closed","template":"","meta":{"_uag_custom_page_level_css":"","_monsterinsights_skip_tracking":false,"_monsterinsights_sitenote_active":false,"_monsterinsights_sitenote_note":"","_monsterinsights_sitenote_category":0,"site-sidebar-layout":"no-sidebar","site-content-layout":"","ast-site-content-layout":"full-width-container","site-content-style":"unboxed","site-sidebar-style":"unboxed","ast-global-header-display":"","ast-banner-title-visibility":"","ast-main-header-display":"","ast-hfb-above-header-display":"","ast-hfb-below-header-display":"","ast-hfb-mobile-header-display":"","site-post-title":"disabled","ast-breadcrumbs-content":"","ast-featured-img":"","footer-sml-layout":"","ast-disable-related-posts":"","theme-transparent-header-meta":"","adv-header-id-meta":"","stick-header-meta":"","header-above-stick-meta":"","header-main-stick-meta":"","header-below-stick-meta":"","astra-migrate-meta-layouts":"set","ast-page-background-enabled":"default","ast-page-background-meta":{"desktop":{"background-color":"var(--ast-global-color-4)","background-image":"","background-repeat":"repeat","background-position":"center center","background-size":"auto","background-attachment":"scroll","background-type":"","background-media":"","overlay-type":"","overlay-color":"","overlay-opacity":"","overlay-gradient":""},"tablet":{"background-color":"","background-image":"","background-repeat":"repeat","background-position":"center center","background-size":"auto","background-attachment":"scroll","background-type":"","background-media":"","overlay-type":"","overlay-color":"","overlay-opacity":"","overlay-gradient":""},"mobile":{"background-color":"","background-image":"","background-repeat":"repeat","background-position":"center center","background-size":"auto","background-attachment":"scroll","background-type":"","background-media":"","overlay-type":"","overlay-color":"","overlay-opacity":"","overlay-gradient":""}},"ast-content-background-meta":{"desktop":{"background-color":"var(--ast-global-color-5)","background-image":"","background-repeat":"repeat","background-position":"center center","background-size":"auto","background-attachment":"scroll","background-type":"","background-media":"","overlay-type":"","overlay-color":"","overlay-opacity":"","overlay-gradient":""},"tablet":{"background-color":"var(--ast-global-color-5)","background-image":"","background-repeat":"repeat","background-position":"center center","background-size":"auto","background-attachment":"scroll","background-type":"","background-media":"","overlay-type":"","overlay-color":"","overlay-opacity":"","overlay-gradient":""},"mobile":{"background-color":"var(--ast-global-color-5)","background-image":"","background-repeat":"repeat","background-position":"center center","background-size":"auto","background-attachment":"scroll","background-type":"","background-media":"","overlay-type":"","overlay-color":"","overlay-opacity":"","overlay-gradient":""}},"footnotes":""},"class_list":["post-1049","page","type-page","status-publish","hentry"],"aioseo_notices":[],"uagb_featured_image_src":{"full":false,"thumbnail":false,"medium":false,"medium_large":false,"large":false,"1536x1536":false,"2048x2048":false,"trp-custom-language-flag":false},"uagb_author_info":{"display_name":"Cristine Korowajczuk","author_link":"https:\/\/celplan.com\/es\/author\/cris_en\/"},"uagb_comment_info":0,"uagb_excerpt":"A comprehensive analysis of current technologies (such as LoRaWAN, Mesh networks, Private LTE, satellite communications, and microwave links), their capabilities, and effective deployment strategies is essential for realizing the potential of Smart Farming. This analysis serves as the foundation for implementing feasible and efficient Smart Agriculture solutions. CelPlan can assist your team with designing and&hellip;","_links":{"self":[{"href":"https:\/\/celplan.com\/es\/wp-json\/wp\/v2\/pages\/1049","targetHints":{"allow":["GET"]}}],"collection":[{"href":"https:\/\/celplan.com\/es\/wp-json\/wp\/v2\/pages"}],"about":[{"href":"https:\/\/celplan.com\/es\/wp-json\/wp\/v2\/types\/page"}],"author":[{"embeddable":true,"href":"https:\/\/celplan.com\/es\/wp-json\/wp\/v2\/users\/2"}],"replies":[{"embeddable":true,"href":"https:\/\/celplan.com\/es\/wp-json\/wp\/v2\/comments?post=1049"}],"version-history":[{"count":8,"href":"https:\/\/celplan.com\/es\/wp-json\/wp\/v2\/pages\/1049\/revisions"}],"predecessor-version":[{"id":2705,"href":"https:\/\/celplan.com\/es\/wp-json\/wp\/v2\/pages\/1049\/revisions\/2705"}],"wp:attachment":[{"href":"https:\/\/celplan.com\/es\/wp-json\/wp\/v2\/media?parent=1049"}],"curies":[{"name":"wp","href":"https:\/\/api.w.org\/{rel}","templated":true}]}}