{"id":1079,"date":"2024-07-03T18:23:39","date_gmt":"2024-07-03T18:23:39","guid":{"rendered":"https:\/\/celplan.com\/?page_id=1079"},"modified":"2024-08-18T12:49:31","modified_gmt":"2024-08-18T12:49:31","slug":"geographical-database","status":"publish","type":"page","link":"https:\/\/celplan.com\/es\/geographical-database\/","title":{"rendered":"Geographical Database"},"content":{"rendered":"<div class=\"wp-block-uagb-container uagb-block-eghuxq0k alignfull uagb-is-root-container\"><div class=\"uagb-container-inner-blocks-wrap\">\n<div class=\"wp-block-uagb-info-box uagb-block-z9doniw9 uagb-infobox__content-wrap  uagb-infobox-icon-above-title uagb-infobox-image-valign-top\"><div class=\"uagb-ifb-content\"><div class=\"uagb-ifb-title-wrap\"><h1 class=\"uagb-ifb-title\">Bases de datos geogr\u00e1ficas<\/h1><\/div><\/div><\/div>\n<\/div><\/div>\n\n\n\n<div class=\"wp-block-uagb-container uagb-block-eidebwjs alignfull uagb-is-root-container\"><div class=\"uagb-container-inner-blocks-wrap\">\n<div class=\"wp-block-uagb-container uagb-block-ntavs5ha\">\n<div class=\"wp-block-uagb-image aligncenter uagb-block-qy2ie9dr wp-block-uagb-image--layout-default wp-block-uagb-image--effect-static wp-block-uagb-image--align-center alignleft\"><figure class=\"wp-block-uagb-image__figure\"><img decoding=\"async\" srcset=\"https:\/\/celplan.com\/wp-content\/uploads\/2024\/07\/Screenshot-2023-09-22-075310.png ,https:\/\/celplan.com\/wp-content\/uploads\/2024\/07\/Screenshot-2023-09-22-075310.png 780w, https:\/\/celplan.com\/wp-content\/uploads\/2024\/07\/Screenshot-2023-09-22-075310.png 360w\" sizes=\"auto, (max-width: 480px) 150px\" src=\"https:\/\/celplan.com\/wp-content\/uploads\/2024\/07\/Screenshot-2023-09-22-075310.png\" alt=\"\" class=\"uag-image-1796\" width=\"564\" height=\"400\" title=\"Screen with GIS\" loading=\"lazy\" role=\"img\"\/><\/figure><\/div>\n\n\n\n<div class=\"wp-block-uagb-info-box uagb-block-ggyz8qhr uagb-infobox__content-wrap  uagb-infobox-icon-above-title uagb-infobox-image-valign-top\"><div class=\"uagb-ifb-content\"><div class=\"uagb-ifb-title-wrap\"><\/div><p class=\"uagb-ifb-desc\">Adopte la pr\u00f3xima generaci\u00f3n de planificaci\u00f3n de redes inal\u00e1mbricas con CelPlanner Suite 14. Esta soluci\u00f3n avanzada integra a la perfecci\u00f3n innovaci\u00f3n y confiabilidad dentro de un ecosistema independiente del proveedor.<br><br>CelPlan ofrece la flexibilidad de proporcionar datos geoespaciales en formatos compatibles con la geoplataforma propia de nuestra suite o en cualquier formato especificado por nuestros clientes. Esta adaptabilidad garantiza una integraci\u00f3n perfecta con sus flujos de trabajo y sistemas existentes.<\/p><\/div><\/div>\n<\/div>\n\n\n\n<div class=\"wp-block-uagb-container uagb-block-lxteyfrt\">\n<div class=\"wp-block-uagb-info-box uagb-block-79ijmjmt uagb-infobox__content-wrap  uagb-infobox-icon-above-title uagb-infobox-image-valign-top\"><div class=\"uagb-ifb-content\"><div class=\"uagb-ifb-title-wrap\"><h3 class=\"uagb-ifb-title\">Datos del terreno<\/h3><\/div><p class=\"uagb-ifb-desc\">Digital Elevation Models (DEM) or Digital Terrain Models (DTM) can be provided with resolutions up to 1 meter. These high-precision terrain data are typically sourced from national geographic institutions, such as the United States Geological Survey (USGS) or Brazil&#8217;s IBGE\/DSG.<br>When available, we acquire raster format databases and process them to meet specific format requirements. In cases where raster data is unavailable, we extract terrain information from the highest quality topographical charts accessible. Alternatively, we update data using advanced photogrammetry systems.<br>Nuestro proceso implica la digitalizaci\u00f3n de curvas de nivel y elevaciones de picos a partir de mapas topogr\u00e1ficos. Estos datos digitalizados luego se someten a un proceso de linealizaci\u00f3n mediante software propietario. El software triangula los datos e interpola puntos entre las curvas de nivel digitalizadas, generando una base de datos continua de alta resoluci\u00f3n. Este nivel de detalle es esencial para realizar simulaciones precisas de sistemas inal\u00e1mbricos.<br>Este enfoque integral garantiza que podamos proporcionar los modelos de terreno m\u00e1s precisos y actualizados, independientemente del formato o la calidad original de los datos de origen.<\/p><\/div><\/div>\n\n\n\n<div class=\"wp-block-uagb-image aligncenter uagb-block-zlzeflwe wp-block-uagb-image--layout-default wp-block-uagb-image--effect-static wp-block-uagb-image--align-center alignleft\"><figure class=\"wp-block-uagb-image__figure\"><img decoding=\"async\" srcset=\"https:\/\/celplan.com\/wp-content\/uploads\/2024\/07\/Pakistan-Topography-3D-Photo-GIS.png ,https:\/\/celplan.com\/wp-content\/uploads\/2024\/07\/Pakistan-Topography-3D-Photo-GIS.png 780w, https:\/\/celplan.com\/wp-content\/uploads\/2024\/07\/Pakistan-Topography-3D-Photo-GIS.png 360w\" sizes=\"auto, (max-width: 480px) 150px\" src=\"https:\/\/celplan.com\/wp-content\/uploads\/2024\/07\/Pakistan-Topography-3D-Photo-GIS.png\" alt=\"\" class=\"uag-image-1795\" width=\"564\" height=\"400\" title=\"Topography 3D Photo\" loading=\"lazy\" role=\"img\"\/><\/figure><\/div>\n<\/div>\n\n\n\n<div class=\"wp-block-uagb-container uagb-block-ttogtouf\">\n<div class=\"wp-block-uagb-image aligncenter uagb-block-n3cxnlie wp-block-uagb-image--layout-default wp-block-uagb-image--effect-static wp-block-uagb-image--align-center alignleft\"><figure class=\"wp-block-uagb-image__figure\"><img decoding=\"async\" srcset=\"https:\/\/celplan.com\/wp-content\/uploads\/2024\/07\/GIS_MFL_2.5D-Tree.png.jpg ,https:\/\/celplan.com\/wp-content\/uploads\/2024\/07\/GIS_MFL_2.5D-Tree.png.jpg 780w, https:\/\/celplan.com\/wp-content\/uploads\/2024\/07\/GIS_MFL_2.5D-Tree.png.jpg 360w\" sizes=\"auto, (max-width: 480px) 150px\" src=\"https:\/\/celplan.com\/wp-content\/uploads\/2024\/07\/GIS_MFL_2.5D-Tree.png.jpg\" alt=\"\" class=\"uag-image-1793\" width=\"564\" height=\"400\" title=\"GIS_MFL_2.5D\" loading=\"lazy\" role=\"img\"\/><\/figure><\/div>\n\n\n\n<div class=\"wp-block-uagb-info-box uagb-block-ujtuildy uagb-infobox__content-wrap  uagb-infobox-icon-above-title uagb-infobox-image-valign-top\"><div class=\"uagb-ifb-content\"><div class=\"uagb-ifb-title-wrap\"><h3 class=\"uagb-ifb-title\">Clutter Data<\/h3><\/div><p class=\"uagb-ifb-desc\">Proporcionamos datos especializados sobre la cobertura y el uso del suelo adaptados a las aplicaciones de telecomunicaciones. Estos datos abarcan una amplia gama de clasificaciones, incluidas las urbanas, suburbanas, urbanas densas y varios tipos de vegetaci\u00f3n (baja, media y forestal), entre otras. Nuestras bases de datos pueden ofrecer resoluciones de hasta 1 metro, lo que garantiza un modelado ambiental muy detallado.<br><br>As contemporary wireless system designs increasingly utilize higher frequency bands, the demand for precise planning data has grown significantly. To meet this need, CelPlan offers Estimated Building Heights (EBH) databases. These advanced datasets are derived from ultra-high-resolution satellite imagery, providing detailed information on buildings and structures within the specified Area of Interest (AoI). Our EBH data offers vertical resolution accuracy of up to 5 meters, enabling three-dimensional modeling of the built environment.<br><br>Este nivel de detalle es crucial para modelar con precisi\u00f3n la propagaci\u00f3n de se\u00f1ales en entornos urbanos complejos, en particular en sistemas de alta frecuencia en los que la geometr\u00eda de los edificios afecta significativamente la propagaci\u00f3n de las ondas. Al incorporar datos de alta fidelidad, los planificadores de redes pueden optimizar la cobertura, la capacidad y el rendimiento general del sistema con una precisi\u00f3n sin precedentes.<\/p><\/div><\/div>\n<\/div>\n\n\n\n<p>La selecci\u00f3n de los datos de entrada adecuados es crucial para un buen dise\u00f1o de red. La amplia experiencia de CelPlan y su conocimiento de los requisitos de dise\u00f1o de RF nos permiten crear bases de datos GIS adecuadas para este tipo de aplicaciones.<br><\/p>\n<\/div><\/div>","protected":false},"excerpt":{"rendered":"<p>La selecci\u00f3n de los datos de entrada adecuados es crucial para un buen dise\u00f1o de red. La amplia experiencia de CelPlan y su conocimiento de los requisitos de dise\u00f1o de RF nos permiten crear bases de datos GIS adecuadas para este tipo de aplicaciones.<\/p>","protected":false},"author":2,"featured_media":0,"parent":0,"menu_order":0,"comment_status":"closed","ping_status":"closed","template":"","meta":{"_uag_custom_page_level_css":"","_monsterinsights_skip_tracking":false,"_monsterinsights_sitenote_active":false,"_monsterinsights_sitenote_note":"","_monsterinsights_sitenote_category":0,"site-sidebar-layout":"no-sidebar","site-content-layout":"","ast-site-content-layout":"full-width-container","site-content-style":"unboxed","site-sidebar-style":"unboxed","ast-global-header-display":"","ast-banner-title-visibility":"","ast-main-header-display":"","ast-hfb-above-header-display":"","ast-hfb-below-header-display":"","ast-hfb-mobile-header-display":"","site-post-title":"disabled","ast-breadcrumbs-content":"","ast-featured-img":"","footer-sml-layout":"","ast-disable-related-posts":"","theme-transparent-header-meta":"","adv-header-id-meta":"","stick-header-meta":"","header-above-stick-meta":"","header-main-stick-meta":"","header-below-stick-meta":"","astra-migrate-meta-layouts":"set","ast-page-background-enabled":"default","ast-page-background-meta":{"desktop":{"background-color":"var(--ast-global-color-4)","background-image":"","background-repeat":"repeat","background-position":"center center","background-size":"auto","background-attachment":"scroll","background-type":"","background-media":"","overlay-type":"","overlay-color":"","overlay-opacity":"","overlay-gradient":""},"tablet":{"background-color":"","background-image":"","background-repeat":"repeat","background-position":"center center","background-size":"auto","background-attachment":"scroll","background-type":"","background-media":"","overlay-type":"","overlay-color":"","overlay-opacity":"","overlay-gradient":""},"mobile":{"background-color":"","background-image":"","background-repeat":"repeat","background-position":"center center","background-size":"auto","background-attachment":"scroll","background-type":"","background-media":"","overlay-type":"","overlay-color":"","overlay-opacity":"","overlay-gradient":""}},"ast-content-background-meta":{"desktop":{"background-color":"var(--ast-global-color-5)","background-image":"","background-repeat":"repeat","background-position":"center center","background-size":"auto","background-attachment":"scroll","background-type":"","background-media":"","overlay-type":"","overlay-color":"","overlay-opacity":"","overlay-gradient":""},"tablet":{"background-color":"var(--ast-global-color-5)","background-image":"","background-repeat":"repeat","background-position":"center center","background-size":"auto","background-attachment":"scroll","background-type":"","background-media":"","overlay-type":"","overlay-color":"","overlay-opacity":"","overlay-gradient":""},"mobile":{"background-color":"var(--ast-global-color-5)","background-image":"","background-repeat":"repeat","background-position":"center center","background-size":"auto","background-attachment":"scroll","background-type":"","background-media":"","overlay-type":"","overlay-color":"","overlay-opacity":"","overlay-gradient":""}},"footnotes":""},"class_list":["post-1079","page","type-page","status-publish","hentry"],"aioseo_notices":[],"uagb_featured_image_src":{"full":false,"thumbnail":false,"medium":false,"medium_large":false,"large":false,"1536x1536":false,"2048x2048":false,"trp-custom-language-flag":false},"uagb_author_info":{"display_name":"Cristine Korowajczuk","author_link":"https:\/\/celplan.com\/es\/author\/cris_en\/"},"uagb_comment_info":0,"uagb_excerpt":"The selection of appropriate input data is crucial for a good network design. CelPlan&#8217;s extensive experience and understanding of RF design requirements allow us to create GIS databases suitable for this type of application.","_links":{"self":[{"href":"https:\/\/celplan.com\/es\/wp-json\/wp\/v2\/pages\/1079","targetHints":{"allow":["GET"]}}],"collection":[{"href":"https:\/\/celplan.com\/es\/wp-json\/wp\/v2\/pages"}],"about":[{"href":"https:\/\/celplan.com\/es\/wp-json\/wp\/v2\/types\/page"}],"author":[{"embeddable":true,"href":"https:\/\/celplan.com\/es\/wp-json\/wp\/v2\/users\/2"}],"replies":[{"embeddable":true,"href":"https:\/\/celplan.com\/es\/wp-json\/wp\/v2\/comments?post=1079"}],"version-history":[{"count":6,"href":"https:\/\/celplan.com\/es\/wp-json\/wp\/v2\/pages\/1079\/revisions"}],"predecessor-version":[{"id":2584,"href":"https:\/\/celplan.com\/es\/wp-json\/wp\/v2\/pages\/1079\/revisions\/2584"}],"wp:attachment":[{"href":"https:\/\/celplan.com\/es\/wp-json\/wp\/v2\/media?parent=1079"}],"curies":[{"name":"wp","href":"https:\/\/api.w.org\/{rel}","templated":true}]}}