{"id":1085,"date":"2024-07-03T18:31:43","date_gmt":"2024-07-03T18:31:43","guid":{"rendered":"https:\/\/celplan.com\/?page_id=1085"},"modified":"2024-08-22T14:21:24","modified_gmt":"2024-08-22T14:21:24","slug":"test_measurement","status":"publish","type":"page","link":"https:\/\/celplan.com\/es\/test_measurement\/","title":{"rendered":"Test and Measurement"},"content":{"rendered":"<div class=\"wp-block-uagb-container uagb-block-eghuxq0k alignfull uagb-is-root-container\"><div class=\"uagb-container-inner-blocks-wrap\">\n<div class=\"wp-block-uagb-info-box uagb-block-z9doniw9 uagb-infobox__content-wrap  uagb-infobox-icon-above-title uagb-infobox-image-valign-top\"><div class=\"uagb-ifb-content\"><div class=\"uagb-ifb-title-wrap\"><h1 class=\"uagb-ifb-title\">Prueba y medici\u00f3n de redes <\/h1><\/div><\/div><\/div>\n<\/div><\/div>\n\n\n\n<div class=\"wp-block-uagb-container uagb-block-eidebwjs alignfull uagb-is-root-container\"><div class=\"uagb-container-inner-blocks-wrap\">\n<div class=\"wp-block-uagb-container uagb-block-ntavs5ha\">\n<div class=\"wp-block-uagb-image aligncenter uagb-block-qy2ie9dr wp-block-uagb-image--layout-default wp-block-uagb-image--effect-static wp-block-uagb-image--align-center alignleft\"><figure class=\"wp-block-uagb-image__figure\"><img decoding=\"async\" srcset=\"https:\/\/celplan.com\/wp-content\/uploads\/2024\/07\/Prancheta-1-1-1024x575.jpg ,https:\/\/celplan.com\/wp-content\/uploads\/2024\/07\/Prancheta-1-1.jpg 780w, https:\/\/celplan.com\/wp-content\/uploads\/2024\/07\/Prancheta-1-1.jpg 360w\" sizes=\"auto, (max-width: 480px) 150px\" src=\"https:\/\/celplan.com\/wp-content\/uploads\/2024\/07\/Prancheta-1-1-1024x575.jpg\" alt=\"\" class=\"uag-image-1255\" width=\"564\" height=\"400\" title=\"Prancheta-1-1\" loading=\"lazy\" role=\"img\"\/><\/figure><\/div>\n\n\n\n<div class=\"wp-block-uagb-container uagb-block-63836f4a\">\n<div class=\"wp-block-uagb-info-box uagb-block-ggyz8qhr uagb-infobox__content-wrap  uagb-infobox-icon-above-title uagb-infobox-image-valign-top\"><div class=\"uagb-ifb-content\"><div class=\"uagb-ifb-title-wrap\"><h3 class=\"uagb-ifb-title\">Prueba y medici\u00f3n<\/h3><\/div><p class=\"uagb-ifb-desc\">CelPlan ofrece un conjunto completo de herramientas avanzadas de diagn\u00f3stico y optimizaci\u00f3n para redes inal\u00e1mbricas, que abarcan una amplia gama de tecnolog\u00edas, desde 2G hasta 5G, en frecuencias de 100 MHz a 30 GHz. Este conjunto de herramientas vers\u00e1til permite realizar pruebas de conducci\u00f3n precisas con mediciones etiquetadas geogr\u00e1ficamente, todo ello englobado en una \u00fanica licencia para todo el espectro. El conjunto incluye:<br><\/p><\/div><\/div>\n\n\n\n<ul class=\"wp-block-list\">\n<li><strong><span style=\"text-decoration: underline;\"><a href=\"https:\/\/celplan.com\/es\/cellspectrum-plus\/\" title=\"\">CellSpectrum Plus<\/a><\/span><\/strong>:Un analizador de espectro definido por software para un an\u00e1lisis de frecuencia detallado.<\/li>\n\n\n\n<li><strong><span style=\"text-decoration: underline;\"><a href=\"https:\/\/celplan.com\/es\/cellscanner\/\" title=\"\">CellScanner<\/a><\/span><\/strong>:Un esc\u00e1ner de tecnolog\u00eda definido por software para una evaluaci\u00f3n integral de la red en m\u00faltiples est\u00e1ndares.<\/li>\n\n\n\n<li><strong><span style=\"text-decoration: underline;\"><a href=\"https:\/\/celplan.com\/es\/cellwiereless-sm\/\" title=\"\">CellWireless SM<\/a><\/span><\/strong>:Una herramienta de monitoreo de espectro centralizada con unidades remotas que utilizan TDOA para localizar interferencias.<\/li>\n\n\n\n<li><strong><span style=\"text-decoration: underline;\"><a href=\"https:\/\/celplan.com\/es\/cellprobe\/\" title=\"CellProbe\">CellProbe<\/a><\/span><\/strong>:Una sonda IP de red avanzada para an\u00e1lisis en profundidad de paquetes y evaluaci\u00f3n del rendimiento.<\/li>\n\n\n\n<li><strong><span style=\"text-decoration: underline;\"><a href=\"https:\/\/celplan.com\/es\/customer-experience\/\" title=\"\">CellPhone<\/a><\/span><\/strong>:Una plataforma sofisticada para evaluar y cuantificar m\u00e9tricas de la experiencia del cliente.<\/li>\n<\/ul>\n<\/div>\n<\/div>\n\n\n\n<p>Este conjunto integrado de herramientas permite a los operadores e ingenieros de redes realizar diagn\u00f3sticos exhaustivos, identificar problemas de rendimiento e implementar optimizaciones espec\u00edficas en diversos entornos de redes inal\u00e1mbricas.<br><\/p>\n<\/div><\/div>","protected":false},"excerpt":{"rendered":"<p>Este conjunto integrado de herramientas permite a los operadores e ingenieros de redes realizar diagn\u00f3sticos exhaustivos, identificar problemas de rendimiento e implementar optimizaciones espec\u00edficas en diversos entornos de redes inal\u00e1mbricas.<\/p>","protected":false},"author":2,"featured_media":0,"parent":0,"menu_order":0,"comment_status":"closed","ping_status":"closed","template":"","meta":{"_uag_custom_page_level_css":"","_monsterinsights_skip_tracking":false,"_monsterinsights_sitenote_active":false,"_monsterinsights_sitenote_note":"","_monsterinsights_sitenote_category":0,"site-sidebar-layout":"no-sidebar","site-content-layout":"","ast-site-content-layout":"full-width-container","site-content-style":"unboxed","site-sidebar-style":"unboxed","ast-global-header-display":"","ast-banner-title-visibility":"","ast-main-header-display":"","ast-hfb-above-header-display":"","ast-hfb-below-header-display":"","ast-hfb-mobile-header-display":"","site-post-title":"disabled","ast-breadcrumbs-content":"","ast-featured-img":"","footer-sml-layout":"","ast-disable-related-posts":"","theme-transparent-header-meta":"","adv-header-id-meta":"","stick-header-meta":"","header-above-stick-meta":"","header-main-stick-meta":"","header-below-stick-meta":"","astra-migrate-meta-layouts":"set","ast-page-background-enabled":"default","ast-page-background-meta":{"desktop":{"background-color":"var(--ast-global-color-4)","background-image":"","background-repeat":"repeat","background-position":"center center","background-size":"auto","background-attachment":"scroll","background-type":"","background-media":"","overlay-type":"","overlay-color":"","overlay-opacity":"","overlay-gradient":""},"tablet":{"background-color":"","background-image":"","background-repeat":"repeat","background-position":"center center","background-size":"auto","background-attachment":"scroll","background-type":"","background-media":"","overlay-type":"","overlay-color":"","overlay-opacity":"","overlay-gradient":""},"mobile":{"background-color":"","background-image":"","background-repeat":"repeat","background-position":"center center","background-size":"auto","background-attachment":"scroll","background-type":"","background-media":"","overlay-type":"","overlay-color":"","overlay-opacity":"","overlay-gradient":""}},"ast-content-background-meta":{"desktop":{"background-color":"var(--ast-global-color-5)","background-image":"","background-repeat":"repeat","background-position":"center center","background-size":"auto","background-attachment":"scroll","background-type":"","background-media":"","overlay-type":"","overlay-color":"","overlay-opacity":"","overlay-gradient":""},"tablet":{"background-color":"var(--ast-global-color-5)","background-image":"","background-repeat":"repeat","background-position":"center center","background-size":"auto","background-attachment":"scroll","background-type":"","background-media":"","overlay-type":"","overlay-color":"","overlay-opacity":"","overlay-gradient":""},"mobile":{"background-color":"var(--ast-global-color-5)","background-image":"","background-repeat":"repeat","background-position":"center center","background-size":"auto","background-attachment":"scroll","background-type":"","background-media":"","overlay-type":"","overlay-color":"","overlay-opacity":"","overlay-gradient":""}},"footnotes":""},"class_list":["post-1085","page","type-page","status-publish","hentry"],"aioseo_notices":[],"uagb_featured_image_src":{"full":false,"thumbnail":false,"medium":false,"medium_large":false,"large":false,"1536x1536":false,"2048x2048":false,"trp-custom-language-flag":false},"uagb_author_info":{"display_name":"Cristine Korowajczuk","author_link":"https:\/\/celplan.com\/es\/author\/cris_en\/"},"uagb_comment_info":0,"uagb_excerpt":"This integrated set of tools empowers network operators and engineers to conduct thorough diagnostics, identify performance issues, and implement targeted optimizations across diverse wireless network environments.","_links":{"self":[{"href":"https:\/\/celplan.com\/es\/wp-json\/wp\/v2\/pages\/1085","targetHints":{"allow":["GET"]}}],"collection":[{"href":"https:\/\/celplan.com\/es\/wp-json\/wp\/v2\/pages"}],"about":[{"href":"https:\/\/celplan.com\/es\/wp-json\/wp\/v2\/types\/page"}],"author":[{"embeddable":true,"href":"https:\/\/celplan.com\/es\/wp-json\/wp\/v2\/users\/2"}],"replies":[{"embeddable":true,"href":"https:\/\/celplan.com\/es\/wp-json\/wp\/v2\/comments?post=1085"}],"version-history":[{"count":8,"href":"https:\/\/celplan.com\/es\/wp-json\/wp\/v2\/pages\/1085\/revisions"}],"predecessor-version":[{"id":2661,"href":"https:\/\/celplan.com\/es\/wp-json\/wp\/v2\/pages\/1085\/revisions\/2661"}],"wp:attachment":[{"href":"https:\/\/celplan.com\/es\/wp-json\/wp\/v2\/media?parent=1085"}],"curies":[{"name":"wp","href":"https:\/\/api.w.org\/{rel}","templated":true}]}}