{"id":1088,"date":"2024-07-03T18:31:43","date_gmt":"2024-07-03T18:31:43","guid":{"rendered":"https:\/\/celplan.com\/?page_id=1088"},"modified":"2024-08-18T15:17:25","modified_gmt":"2024-08-18T15:17:25","slug":"custom-software-development","status":"publish","type":"page","link":"https:\/\/celplan.com\/es\/custom-software-development\/","title":{"rendered":"Desarrollo de software personalizado"},"content":{"rendered":"<div class=\"wp-block-uagb-container uagb-block-eghuxq0k alignfull uagb-is-root-container\"><div class=\"uagb-container-inner-blocks-wrap\">\n<div class=\"wp-block-uagb-info-box uagb-block-z9doniw9 uagb-infobox__content-wrap  uagb-infobox-icon-above-title uagb-infobox-image-valign-top\"><div class=\"uagb-ifb-content\"><div class=\"uagb-ifb-title-wrap\"><h1 class=\"uagb-ifb-title\">Desarrollo de software personalizado<\/h1><\/div><\/div><\/div>\n<\/div><\/div>\n\n\n\n<div class=\"wp-block-uagb-container uagb-block-eidebwjs alignfull uagb-is-root-container\"><div class=\"uagb-container-inner-blocks-wrap\">\n<div class=\"wp-block-uagb-container uagb-block-ntavs5ha\">\n<div class=\"wp-block-uagb-image alignleft uagb-block-qy2ie9dr wp-block-uagb-image--layout-default wp-block-uagb-image--effect-static wp-block-uagb-image--align-left\"><figure class=\"wp-block-uagb-image__figure\"><img decoding=\"async\" srcset=\"https:\/\/celplan.com\/wp-content\/uploads\/2024\/06\/talents_Prancheta-1_compressed-1024x683.jpg ,https:\/\/celplan.com\/wp-content\/uploads\/2024\/06\/talents_Prancheta-1_compressed-scaled.jpg 780w, https:\/\/celplan.com\/wp-content\/uploads\/2024\/06\/talents_Prancheta-1_compressed-scaled.jpg 360w\" sizes=\"auto, (max-width: 480px) 150px\" src=\"https:\/\/celplan.com\/wp-content\/uploads\/2024\/06\/talents_Prancheta-1_compressed-1024x683.jpg\" alt=\"\" class=\"uag-image-989\" width=\"564\" height=\"400\" title=\"Talento\" loading=\"lazy\" role=\"img\"\/><\/figure><\/div>\n\n\n\n<div class=\"wp-block-uagb-info-box uagb-block-ggyz8qhr uagb-infobox__content-wrap  uagb-infobox-icon-above-title uagb-infobox-image-valign-top\"><div class=\"uagb-ifb-content\"><div class=\"uagb-ifb-title-wrap\"><\/div><p class=\"uagb-ifb-desc\">La amplia experiencia de CelPlan para abordar los desaf\u00edos de las redes inal\u00e1mbricas, junto con su experiencia en la industria y sus s\u00f3lidas capacidades de desarrollo de software, posicionan a la empresa como un socio ideal para crear soluciones personalizadas adaptadas a los requisitos espec\u00edficos de los clientes. <br>Our portfolio of custom software solutions encompasses Business Intelligence (BI) platforms, FCC compliance analysis tools, E911 location system design software, and air-to-ground coverage and interference analysis applications.<br><br>Un ejemplo notable de nuestra oferta de software personalizado es CellAircraft, una herramienta avanzada dise\u00f1ada para la evaluaci\u00f3n del rendimiento en el enlace descendente de redes aire-tierra (ATG). Al reconocer las amplias \u00e1reas de cobertura inherentes a las redes ATG, CelPlan ha implementado optimizaciones significativas en CellAircraft, lo que permite realizar c\u00e1lculos r\u00e1pidos para implementaciones a gran escala, incluidos dise\u00f1os de redes a nivel nacional.<\/p><\/div><\/div>\n<\/div>\n\n\n\n<div class=\"wp-block-uagb-container uagb-block-lxteyfrt\">\n<div class=\"wp-block-uagb-info-box uagb-block-79ijmjmt uagb-infobox__content-wrap  uagb-infobox-icon-above-title uagb-infobox-image-valign-top\"><div class=\"uagb-ifb-content\"><div class=\"uagb-ifb-title-wrap\"><h3 class=\"uagb-ifb-title\">CellAircraft<\/h3><\/div><p class=\"uagb-ifb-desc\">En el contexto de escasez de espectro que enfrentan las redes ATG, CellAircraft otorga una gran importancia al an\u00e1lisis detallado de interferencias. Este enfoque permite maximizar la utilizaci\u00f3n del espectro sin comprometer el rendimiento del sistema, una consideraci\u00f3n fundamental en el panorama de las telecomunicaciones actual.<br><br>CellAircraft se integra perfectamente con algoritmos especificados por el cliente para predecir el rendimiento de las aeronaves, teniendo en cuenta tanto los factores de cobertura como los de interferencia. El software aprovecha los datos del proyecto CelPlanner para el dise\u00f1o del sitio y la cobertura esperada, y luego calcula indicadores clave de rendimiento como el rendimiento, el aumento de ruido, el nivel de se\u00f1al y la relaci\u00f3n se\u00f1al\/ruido (SNR) en una cuadr\u00edcula a m\u00faltiples altitudes de aeronaves.<\/p><\/div><\/div>\n\n\n\n<div class=\"wp-block-uagb-image alignleft uagb-block-zlzeflwe wp-block-uagb-image--layout-default wp-block-uagb-image--effect-static wp-block-uagb-image--align-left\"><figure class=\"wp-block-uagb-image__figure\"><img decoding=\"async\" srcset=\"https:\/\/celplan.com\/wp-content\/uploads\/2024\/07\/CellAircraft-3.png ,https:\/\/celplan.com\/wp-content\/uploads\/2024\/07\/CellAircraft-3.png 780w, https:\/\/celplan.com\/wp-content\/uploads\/2024\/07\/CellAircraft-3.png 360w\" sizes=\"auto, (max-width: 480px) 150px\" src=\"https:\/\/celplan.com\/wp-content\/uploads\/2024\/07\/CellAircraft-3.png\" alt=\"\" class=\"uag-image-1204\" width=\"564\" height=\"400\" title=\"CellAircraft-3\" loading=\"lazy\" role=\"img\"\/><\/figure><\/div>\n<\/div>\n\n\n\n<div class=\"wp-block-uagb-container uagb-block-ttogtouf\">\n<div class=\"wp-block-uagb-image alignleft uagb-block-n3cxnlie wp-block-uagb-image--layout-default wp-block-uagb-image--effect-static wp-block-uagb-image--align-left\"><figure class=\"wp-block-uagb-image__figure\"><img decoding=\"async\" srcset=\"https:\/\/celplan.com\/wp-content\/uploads\/2024\/07\/aircraft-steering.png ,https:\/\/celplan.com\/wp-content\/uploads\/2024\/07\/aircraft-steering.png 780w, https:\/\/celplan.com\/wp-content\/uploads\/2024\/07\/aircraft-steering.png 360w\" sizes=\"auto, (max-width: 480px) 150px\" src=\"https:\/\/celplan.com\/wp-content\/uploads\/2024\/07\/aircraft-steering.png\" alt=\"\" class=\"uag-image-1806\" width=\"564\" height=\"400\" title=\"aircraft-steering\" loading=\"lazy\" role=\"img\"\/><\/figure><\/div>\n\n\n\n<div class=\"wp-block-uagb-info-box uagb-block-ujtuildy uagb-infobox__content-wrap  uagb-infobox-icon-above-title uagb-infobox-image-valign-top\"><div class=\"uagb-ifb-content\"><div class=\"uagb-ifb-title-wrap\"><\/div><p class=\"uagb-ifb-desc\">Adem\u00e1s, CellAircraft incorpora una funci\u00f3n innovadora que ayuda a identificar las ubicaciones \u00f3ptimas para sitios adicionales y simula el impacto de estos nuevos sitios en la conectividad de las aeronaves. Esta funcionalidad resulta invaluable para los esfuerzos de expansi\u00f3n y optimizaci\u00f3n de la red.<br><br>Al ofrecer soluciones tan altamente especializadas y adaptables, CelPlan demuestra su compromiso de abordar los desaf\u00edos \u00fanicos que enfrentan los diferentes sectores de la industria de las comunicaciones inal\u00e1mbricas, desde las redes terrestres hasta los sistemas a\u00e9reos.<\/p><\/div><\/div>\n<\/div>\n<\/div><\/div>","protected":false},"excerpt":{"rendered":"","protected":false},"author":2,"featured_media":0,"parent":0,"menu_order":0,"comment_status":"closed","ping_status":"closed","template":"","meta":{"_uag_custom_page_level_css":"","_monsterinsights_skip_tracking":false,"_monsterinsights_sitenote_active":false,"_monsterinsights_sitenote_note":"","_monsterinsights_sitenote_category":0,"site-sidebar-layout":"no-sidebar","site-content-layout":"","ast-site-content-layout":"full-width-container","site-content-style":"unboxed","site-sidebar-style":"unboxed","ast-global-header-display":"","ast-banner-title-visibility":"","ast-main-header-display":"","ast-hfb-above-header-display":"","ast-hfb-below-header-display":"","ast-hfb-mobile-header-display":"","site-post-title":"disabled","ast-breadcrumbs-content":"","ast-featured-img":"","footer-sml-layout":"","ast-disable-related-posts":"","theme-transparent-header-meta":"","adv-header-id-meta":"","stick-header-meta":"","header-above-stick-meta":"","header-main-stick-meta":"","header-below-stick-meta":"","astra-migrate-meta-layouts":"set","ast-page-background-enabled":"default","ast-page-background-meta":{"desktop":{"background-color":"var(--ast-global-color-4)","background-image":"","background-repeat":"repeat","background-position":"center center","background-size":"auto","background-attachment":"scroll","background-type":"","background-media":"","overlay-type":"","overlay-color":"","overlay-opacity":"","overlay-gradient":""},"tablet":{"background-color":"","background-image":"","background-repeat":"repeat","background-position":"center center","background-size":"auto","background-attachment":"scroll","background-type":"","background-media":"","overlay-type":"","overlay-color":"","overlay-opacity":"","overlay-gradient":""},"mobile":{"background-color":"","background-image":"","background-repeat":"repeat","background-position":"center center","background-size":"auto","background-attachment":"scroll","background-type":"","background-media":"","overlay-type":"","overlay-color":"","overlay-opacity":"","overlay-gradient":""}},"ast-content-background-meta":{"desktop":{"background-color":"var(--ast-global-color-5)","background-image":"","background-repeat":"repeat","background-position":"center center","background-size":"auto","background-attachment":"scroll","background-type":"","background-media":"","overlay-type":"","overlay-color":"","overlay-opacity":"","overlay-gradient":""},"tablet":{"background-color":"var(--ast-global-color-5)","background-image":"","background-repeat":"repeat","background-position":"center center","background-size":"auto","background-attachment":"scroll","background-type":"","background-media":"","overlay-type":"","overlay-color":"","overlay-opacity":"","overlay-gradient":""},"mobile":{"background-color":"var(--ast-global-color-5)","background-image":"","background-repeat":"repeat","background-position":"center center","background-size":"auto","background-attachment":"scroll","background-type":"","background-media":"","overlay-type":"","overlay-color":"","overlay-opacity":"","overlay-gradient":""}},"footnotes":""},"class_list":["post-1088","page","type-page","status-publish","hentry"],"aioseo_notices":[],"uagb_featured_image_src":{"full":false,"thumbnail":false,"medium":false,"medium_large":false,"large":false,"1536x1536":false,"2048x2048":false,"trp-custom-language-flag":false},"uagb_author_info":{"display_name":"Cristine Korowajczuk","author_link":"https:\/\/celplan.com\/es\/author\/cris_en\/"},"uagb_comment_info":0,"uagb_excerpt":null,"_links":{"self":[{"href":"https:\/\/celplan.com\/es\/wp-json\/wp\/v2\/pages\/1088","targetHints":{"allow":["GET"]}}],"collection":[{"href":"https:\/\/celplan.com\/es\/wp-json\/wp\/v2\/pages"}],"about":[{"href":"https:\/\/celplan.com\/es\/wp-json\/wp\/v2\/types\/page"}],"author":[{"embeddable":true,"href":"https:\/\/celplan.com\/es\/wp-json\/wp\/v2\/users\/2"}],"replies":[{"embeddable":true,"href":"https:\/\/celplan.com\/es\/wp-json\/wp\/v2\/comments?post=1088"}],"version-history":[{"count":6,"href":"https:\/\/celplan.com\/es\/wp-json\/wp\/v2\/pages\/1088\/revisions"}],"predecessor-version":[{"id":2585,"href":"https:\/\/celplan.com\/es\/wp-json\/wp\/v2\/pages\/1088\/revisions\/2585"}],"wp:attachment":[{"href":"https:\/\/celplan.com\/es\/wp-json\/wp\/v2\/media?parent=1088"}],"curies":[{"name":"wp","href":"https:\/\/api.w.org\/{rel}","templated":true}]}}