{"id":1089,"date":"2024-07-03T18:31:43","date_gmt":"2024-07-03T18:31:43","guid":{"rendered":"https:\/\/celplan.com\/?page_id=1089"},"modified":"2024-07-26T20:22:21","modified_gmt":"2024-07-26T20:22:21","slug":"turnkey_network_deployments","status":"publish","type":"page","link":"https:\/\/celplan.com\/es\/turnkey_network_deployments\/","title":{"rendered":"Implementaciones de red Turnkey"},"content":{"rendered":"<div class=\"wp-block-uagb-container uagb-block-eghuxq0k alignfull uagb-is-root-container\"><div class=\"uagb-container-inner-blocks-wrap\">\n<div class=\"wp-block-uagb-info-box uagb-block-z9doniw9 uagb-infobox__content-wrap  uagb-infobox-icon-above-title uagb-infobox-image-valign-top\"><div class=\"uagb-ifb-content\"><div class=\"uagb-ifb-title-wrap\"><h1 class=\"uagb-ifb-title\">Implementaciones de red Turnkey<\/h1><\/div><\/div><\/div>\n<\/div><\/div>\n\n\n\n<div class=\"wp-block-uagb-container uagb-block-eidebwjs alignfull uagb-is-root-container\"><div class=\"uagb-container-inner-blocks-wrap\">\n<div class=\"wp-block-uagb-container uagb-block-ntavs5ha\">\n<div class=\"wp-block-uagb-image alignleft uagb-block-qy2ie9dr wp-block-uagb-image--layout-default wp-block-uagb-image--effect-static wp-block-uagb-image--align-left\"><figure class=\"wp-block-uagb-image__figure\"><img decoding=\"async\" srcset=\"https:\/\/celplan.com\/wp-content\/uploads\/2024\/07\/video-surveillance-2-1024x681.jpg ,https:\/\/celplan.com\/wp-content\/uploads\/2024\/07\/video-surveillance-2-scaled.jpg 780w, https:\/\/celplan.com\/wp-content\/uploads\/2024\/07\/video-surveillance-2-scaled.jpg 360w\" sizes=\"auto, (max-width: 480px) 150px\" src=\"https:\/\/celplan.com\/wp-content\/uploads\/2024\/07\/video-surveillance-2-1024x681.jpg\" alt=\"\" class=\"uag-image-1956\" width=\"564\" height=\"400\" title=\"CCTV Camera or surveillance operating on street and building at\" loading=\"lazy\" role=\"img\"\/><\/figure><\/div>\n\n\n\n<div class=\"wp-block-uagb-info-box uagb-block-ggyz8qhr uagb-infobox__content-wrap  uagb-infobox-icon-above-title uagb-infobox-image-valign-top\"><div class=\"uagb-ifb-content\"><div class=\"uagb-ifb-title-wrap\"><\/div><p class=\"uagb-ifb-desc\">CelPlan ofrece soluciones integrales de implementaci\u00f3n llave en mano para organizaciones que priorizan sus actividades comerciales principales. Nuestro servicio integral incluye evaluaci\u00f3n de las necesidades del cliente, dise\u00f1o de red, adquisici\u00f3n, implementaci\u00f3n, pruebas y capacitaci\u00f3n de usuarios.<br><br>Tambi\u00e9n brindamos servicios de gesti\u00f3n de proyectos para implementaciones de redes complejas que involucran a m\u00faltiples contratistas, reconfiguraci\u00f3n de enlaces de microondas para aumentar la capacidad y servicios administrados para operaciones de redes complejas.<br><br>Nuestros servicios de mantenimiento emplean tecnolog\u00eda avanzada para monitorear de forma remota el rendimiento de la red en sistemas de video, TI y comunicaciones. Este enfoque nos permite detectar no solo fallas sino tambi\u00e9n degradaci\u00f3n del rendimiento, lo que facilita el mantenimiento proactivo. CelPlan contrata y capacita a personal local, supervisando equipos remotos para garantizar una prestaci\u00f3n de servicios eficiente.<\/p><\/div><\/div>\n<\/div>\n\n\n\n<div class=\"wp-block-uagb-container uagb-block-lxteyfrt\">\n<div class=\"wp-block-uagb-info-box uagb-block-79ijmjmt uagb-infobox__content-wrap  uagb-infobox-icon-above-title uagb-infobox-image-valign-top\"><div class=\"uagb-ifb-content\"><div class=\"uagb-ifb-title-wrap\"><\/div><p class=\"uagb-ifb-desc\">A lo largo de los a\u00f1os, CelPlan ha desarrollado una metodolog\u00eda altamente efectiva para implementar proyectos como los Sistemas de C\u00e1maras en Postes de Seguridad P\u00fablica. Nuestro enfoque de proyecto se centra principalmente en ofrecer soluciones que satisfagan las necesidades de los clientes de la manera m\u00e1s eficiente y efectiva posible.<br><br>We firmly believe in a thorough design review process. To ensure we fully comprehend our clients\u2019 surveillance requirements, we initiate the project with kick-off meetings where requirements are exchanged, analyzed, and understood by all stakeholders. We also conduct joint site visits to review surveillance requirements and deployment facilities.<br><br>A lo largo del ciclo de vida del proyecto, programamos reuniones semanales entre el equipo de implementaci\u00f3n de CelPlan y los puntos de contacto (POC) designados por el cliente para monitorear de cerca el estado del proyecto. Se lleva a cabo un estudio de campo integral para verificar la idoneidad del dise\u00f1o preliminar y recopilar informaci\u00f3n detallada para cada sitio involucrado.<\/p><\/div><\/div>\n\n\n\n<div class=\"wp-block-uagb-image alignleft uagb-block-zlzeflwe wp-block-uagb-image--layout-default wp-block-uagb-image--effect-static wp-block-uagb-image--align-left\"><figure class=\"wp-block-uagb-image__figure\"><img decoding=\"async\" srcset=\"https:\/\/celplan.com\/wp-content\/uploads\/2024\/07\/police-officer-video-wall-operator-post-1-1024x683.jpg ,https:\/\/celplan.com\/wp-content\/uploads\/2024\/07\/police-officer-video-wall-operator-post-1.jpg 780w, https:\/\/celplan.com\/wp-content\/uploads\/2024\/07\/police-officer-video-wall-operator-post-1.jpg 360w\" sizes=\"auto, (max-width: 480px) 150px\" src=\"https:\/\/celplan.com\/wp-content\/uploads\/2024\/07\/police-officer-video-wall-operator-post-1-1024x683.jpg\" alt=\"\" class=\"uag-image-1957\" width=\"564\" height=\"400\" title=\"Video wall\" loading=\"lazy\" role=\"img\"\/><\/figure><\/div>\n<\/div>\n\n\n\n<div class=\"wp-block-uagb-container uagb-block-ttogtouf\">\n<div class=\"wp-block-uagb-image alignleft uagb-block-n3cxnlie wp-block-uagb-image--layout-default wp-block-uagb-image--effect-static wp-block-uagb-image--align-left\"><figure class=\"wp-block-uagb-image__figure\"><img decoding=\"async\" srcset=\"https:\/\/celplan.com\/wp-content\/uploads\/2024\/07\/fiber-1mb-1024x683.jpg ,https:\/\/celplan.com\/wp-content\/uploads\/2024\/07\/fiber-1mb-scaled.jpg 780w, https:\/\/celplan.com\/wp-content\/uploads\/2024\/07\/fiber-1mb-scaled.jpg 360w\" sizes=\"auto, (max-width: 480px) 150px\" src=\"https:\/\/celplan.com\/wp-content\/uploads\/2024\/07\/fiber-1mb-1024x683.jpg\" alt=\"\" class=\"uag-image-1743\" width=\"564\" height=\"400\" title=\"Fiber optic\" loading=\"lazy\" role=\"img\"\/><\/figure><\/div>\n\n\n\n<div class=\"wp-block-uagb-info-box uagb-block-ujtuildy uagb-infobox__content-wrap  uagb-infobox-icon-above-title uagb-infobox-image-valign-top\"><div class=\"uagb-ifb-content\"><div class=\"uagb-ifb-title-wrap\"><\/div><p class=\"uagb-ifb-desc\">La fase posterior de planificaci\u00f3n y dise\u00f1o implica detallar el alcance del proyecto y finalizar los dise\u00f1os en colaboraci\u00f3n con el departamento de TI del cliente. Esto incluye definir la selecci\u00f3n de c\u00e1maras, el dise\u00f1o de redes cableadas\/inal\u00e1mbricas y la planificaci\u00f3n de IP. Una vez que el cliente aprueba los dise\u00f1os, iniciamos la fase de planificaci\u00f3n, que implica dimensionar cada aspecto de las etapas de implementaci\u00f3n, determinar secuencias de tareas, coordinar la log\u00edstica y asignar recursos.<br><br>Sigue la fase de ejecuci\u00f3n, que abarca la adquisici\u00f3n de materiales, la gesti\u00f3n de inventario, la preparaci\u00f3n y configuraci\u00f3n de los equipos, la instalaci\u00f3n de componentes de c\u00e1mara y radio y la implementaci\u00f3n sistem\u00e1tica de todas las funciones.<br>Al finalizar cada implementaci\u00f3n, CelPlan proporciona un Plan de prueba de aceptaci\u00f3n del cliente. Realizamos pruebas exhaustivas de cada ubicaci\u00f3n antes de la entrega, minimizando el esfuerzo y el tiempo del cliente. Despu\u00e9s de la aceptaci\u00f3n, proporcionamos diagramas integrales de red\/sistema y planes IP de equipos.<br><br>Durante la fase de mantenimiento y soporte, el equipo de soporte de CelPlan permanece accesible para abordar cualquier problema del cliente. Adem\u00e1s, realizamos un seguimiento proactivo semanalmente. Nuestro equipo de soporte est\u00e1 preparado para responder de forma remota o in situ para investigar y resolver problemas potenciales.<\/p><\/div><\/div>\n<\/div>\n\n\n\n<p>La selecci\u00f3n de la tecnolog\u00eda adecuada es crucial para la eficacia de la red. La amplia experiencia de CelPlan y nuestro enfoque independiente de proveedores nos permiten guiarlo en la elecci\u00f3n de la soluci\u00f3n \u00f3ptima adaptada a sus requisitos espec\u00edficos. Nuestro objetivo es garantizar que la red implementada se alinee perfectamente con sus necesidades operativas y objetivos organizacionales.<br><\/p>\n<\/div><\/div>","protected":false},"excerpt":{"rendered":"<p>La selecci\u00f3n de la tecnolog\u00eda adecuada es crucial para la eficacia de la red. La amplia experiencia de CelPlan y nuestro enfoque independiente de proveedores nos permiten guiarlo en la elecci\u00f3n de la soluci\u00f3n \u00f3ptima adaptada a sus requisitos espec\u00edficos. Nuestro objetivo es garantizar que la red implementada se alinee perfectamente con sus necesidades operativas y objetivos organizacionales.<\/p>","protected":false},"author":2,"featured_media":0,"parent":0,"menu_order":0,"comment_status":"closed","ping_status":"closed","template":"","meta":{"_uag_custom_page_level_css":"","_monsterinsights_skip_tracking":false,"_monsterinsights_sitenote_active":false,"_monsterinsights_sitenote_note":"","_monsterinsights_sitenote_category":0,"site-sidebar-layout":"no-sidebar","site-content-layout":"","ast-site-content-layout":"full-width-container","site-content-style":"unboxed","site-sidebar-style":"unboxed","ast-global-header-display":"","ast-banner-title-visibility":"","ast-main-header-display":"","ast-hfb-above-header-display":"","ast-hfb-below-header-display":"","ast-hfb-mobile-header-display":"","site-post-title":"disabled","ast-breadcrumbs-content":"","ast-featured-img":"","footer-sml-layout":"","ast-disable-related-posts":"","theme-transparent-header-meta":"","adv-header-id-meta":"","stick-header-meta":"","header-above-stick-meta":"","header-main-stick-meta":"","header-below-stick-meta":"","astra-migrate-meta-layouts":"set","ast-page-background-enabled":"default","ast-page-background-meta":{"desktop":{"background-color":"var(--ast-global-color-4)","background-image":"","background-repeat":"repeat","background-position":"center center","background-size":"auto","background-attachment":"scroll","background-type":"","background-media":"","overlay-type":"","overlay-color":"","overlay-opacity":"","overlay-gradient":""},"tablet":{"background-color":"","background-image":"","background-repeat":"repeat","background-position":"center center","background-size":"auto","background-attachment":"scroll","background-type":"","background-media":"","overlay-type":"","overlay-color":"","overlay-opacity":"","overlay-gradient":""},"mobile":{"background-color":"","background-image":"","background-repeat":"repeat","background-position":"center center","background-size":"auto","background-attachment":"scroll","background-type":"","background-media":"","overlay-type":"","overlay-color":"","overlay-opacity":"","overlay-gradient":""}},"ast-content-background-meta":{"desktop":{"background-color":"var(--ast-global-color-5)","background-image":"","background-repeat":"repeat","background-position":"center center","background-size":"auto","background-attachment":"scroll","background-type":"","background-media":"","overlay-type":"","overlay-color":"","overlay-opacity":"","overlay-gradient":""},"tablet":{"background-color":"var(--ast-global-color-5)","background-image":"","background-repeat":"repeat","background-position":"center center","background-size":"auto","background-attachment":"scroll","background-type":"","background-media":"","overlay-type":"","overlay-color":"","overlay-opacity":"","overlay-gradient":""},"mobile":{"background-color":"var(--ast-global-color-5)","background-image":"","background-repeat":"repeat","background-position":"center center","background-size":"auto","background-attachment":"scroll","background-type":"","background-media":"","overlay-type":"","overlay-color":"","overlay-opacity":"","overlay-gradient":""}},"footnotes":""},"class_list":["post-1089","page","type-page","status-publish","hentry"],"aioseo_notices":[],"uagb_featured_image_src":{"full":false,"thumbnail":false,"medium":false,"medium_large":false,"large":false,"1536x1536":false,"2048x2048":false,"trp-custom-language-flag":false},"uagb_author_info":{"display_name":"Cristine Korowajczuk","author_link":"https:\/\/celplan.com\/es\/author\/cris_en\/"},"uagb_comment_info":0,"uagb_excerpt":"The selection of appropriate technology is crucial for network efficacy. CelPlan&#8217;s extensive experience and vendor-neutral approach enable us to guide you in choosing the optimal solution tailored to your specific requirements. Our objective is to ensure that the implemented network aligns perfectly with your operational needs and organizational goals.","_links":{"self":[{"href":"https:\/\/celplan.com\/es\/wp-json\/wp\/v2\/pages\/1089","targetHints":{"allow":["GET"]}}],"collection":[{"href":"https:\/\/celplan.com\/es\/wp-json\/wp\/v2\/pages"}],"about":[{"href":"https:\/\/celplan.com\/es\/wp-json\/wp\/v2\/types\/page"}],"author":[{"embeddable":true,"href":"https:\/\/celplan.com\/es\/wp-json\/wp\/v2\/users\/2"}],"replies":[{"embeddable":true,"href":"https:\/\/celplan.com\/es\/wp-json\/wp\/v2\/comments?post=1089"}],"version-history":[{"count":5,"href":"https:\/\/celplan.com\/es\/wp-json\/wp\/v2\/pages\/1089\/revisions"}],"predecessor-version":[{"id":1959,"href":"https:\/\/celplan.com\/es\/wp-json\/wp\/v2\/pages\/1089\/revisions\/1959"}],"wp:attachment":[{"href":"https:\/\/celplan.com\/es\/wp-json\/wp\/v2\/media?parent=1089"}],"curies":[{"name":"wp","href":"https:\/\/api.w.org\/{rel}","templated":true}]}}