{"id":1090,"date":"2024-07-03T18:31:43","date_gmt":"2024-07-03T18:31:43","guid":{"rendered":"https:\/\/celplan.com\/?page_id=1090"},"modified":"2024-08-01T15:38:32","modified_gmt":"2024-08-01T15:38:32","slug":"ict_engineering_consulting","status":"publish","type":"page","link":"https:\/\/celplan.com\/es\/ict_engineering_consulting\/","title":{"rendered":"ICT Engineering and Consulting"},"content":{"rendered":"<div class=\"wp-block-uagb-container uagb-block-eghuxq0k alignfull uagb-is-root-container\"><div class=\"uagb-container-inner-blocks-wrap\">\n<div class=\"wp-block-uagb-info-box uagb-block-z9doniw9 uagb-infobox__content-wrap  uagb-infobox-icon-above-title uagb-infobox-image-valign-top\"><div class=\"uagb-ifb-content\"><div class=\"uagb-ifb-title-wrap\"><h1 class=\"uagb-ifb-title\">Ingenier\u00eda y Consultor\u00eda TIC<\/h1><\/div><\/div><\/div>\n<\/div><\/div>\n\n\n\n<blockquote class=\"wp-block-quote is-layout-flow wp-block-quote-is-layout-flow\">\n<p><\/p>\n\n\n\n<p>CelPlan ofrece un conjunto integral de servicios de ingenier\u00eda y consultor\u00eda de telecomunicaciones, que abarcan todos los aspectos de las tecnolog\u00edas de la comunicaci\u00f3n y la informaci\u00f3n.<\/p>\n<\/blockquote>\n\n\n\n<div class=\"wp-block-uagb-container uagb-block-eidebwjs alignfull uagb-is-root-container\"><div class=\"uagb-container-inner-blocks-wrap\">\n<div class=\"wp-block-uagb-container uagb-block-ntavs5ha\">\n<div class=\"wp-block-uagb-image aligncenter uagb-block-qy2ie9dr wp-block-uagb-image--layout-default wp-block-uagb-image--effect-static wp-block-uagb-image--align-center alignleft\"><figure class=\"wp-block-uagb-image__figure\"><img decoding=\"async\" srcset=\"https:\/\/celplan.com\/wp-content\/uploads\/2024\/07\/servers-1mb-1024x561.jpg ,https:\/\/celplan.com\/wp-content\/uploads\/2024\/07\/servers-1mb-scaled.jpg 780w, https:\/\/celplan.com\/wp-content\/uploads\/2024\/07\/servers-1mb-scaled.jpg 360w\" sizes=\"auto, (max-width: 480px) 150px\" src=\"https:\/\/celplan.com\/wp-content\/uploads\/2024\/07\/servers-1mb-1024x561.jpg\" alt=\"\" class=\"uag-image-1744\" width=\"564\" height=\"400\" title=\"Datacenter\" loading=\"lazy\" role=\"img\"\/><\/figure><\/div>\n\n\n\n<div class=\"wp-block-uagb-container uagb-block-1c719954\">\n<div class=\"wp-block-uagb-info-box uagb-block-ggyz8qhr uagb-infobox__content-wrap  uagb-infobox-icon-above-title uagb-infobox-image-valign-top\"><div class=\"uagb-ifb-content\"><div class=\"uagb-ifb-title-wrap\"><h3 class=\"uagb-ifb-title\">Consultor\u00eda en Tecnolog\u00edas de la Informaci\u00f3n y la Comunicaci\u00f3n (TIC)<\/h3><\/div><p class=\"uagb-ifb-desc\">El equipo de CelPlan posee una combinaci\u00f3n \u00fanica de experiencia y alianzas industriales de larga data, lo que le permite comprender de manera integral el panorama de las TIC. Esto nos permite proponer soluciones que van m\u00e1s all\u00e1 del dise\u00f1o de redes convencional.<br><br>Nuestro portafolio de servicios incluye:<\/p><\/div><\/div>\n\n\n\n<ul class=\"wp-block-list\">\n<li>An\u00e1lisis del modelo de negocio de las TIC: Ayudamos a los clientes a evaluar y optimizar sus modelos de negocio de las TIC, incluidas las estrategias de compartici\u00f3n de infraestructura y el dimensionamiento de centros de datos.<\/li>\n\n\n\n<li>Estrategias de expansi\u00f3n de red: CelPlan realiza an\u00e1lisis de costo-beneficio para extensiones de red, comparando soluciones de fibra \u00f3ptica e inal\u00e1mbricas.<\/li>\n<\/ul>\n<\/div>\n<\/div>\n\n\n\n<div class=\"wp-block-uagb-container uagb-block-lxteyfrt\">\n<div class=\"wp-block-uagb-container uagb-block-19a51665\">\n<ul class=\"wp-block-list\">\n<li>Evaluaci\u00f3n integral de la arquitectura e infraestructura de las TIC: evaluamos las funciones administrativas, t\u00e9cnicas, de gesti\u00f3n y operativas en toda la empresa y brindamos recomendaciones para:\n<ul class=\"wp-block-list\">\n<li>Mejoras en la arquitectura y la infraestructura<\/li>\n\n\n\n<li>Optimizaci\u00f3n de sistemas de comunicaci\u00f3n<\/li>\n\n\n\n<li>Soluciones de gesti\u00f3n de bases de datos y centros de datos<\/li>\n\n\n\n<li>Ampliaci\u00f3n de la capacidad de almacenamiento de datos<\/li>\n\n\n\n<li>Consideraciones sobre la virtualizaci\u00f3n de servidores y el hardware f\u00edsico<\/li>\n\n\n\n<li>Plataformas y sistemas operativos<\/li>\n\n\n\n<li>Sistemas computacionales basados \u200b\u200ben la nube<\/li>\n\n\n\n<li>Tecnolog\u00edas TIC auxiliares<\/li>\n<\/ul>\n<\/li>\n\n\n\n<li>Sistemas de comunicaci\u00f3n y an\u00e1lisis de redes: CelPlan realiza evaluaciones t\u00e9cnicas de varios tipos de redes, entre ellas:\n<ul class=\"wp-block-list\">\n<li>Redes de \u00e1rea local (LAN) y redes de \u00e1rea local inal\u00e1mbricas (WLAN)<\/li>\n\n\n\n<li>Redes de Internet e Intranet<\/li>\n\n\n\n<li>Sistemas wifi<\/li>\n\n\n\n<li>Redes de fibra \u00f3ptica<\/li>\n\n\n\n<li>Redes inal\u00e1mbricas<\/li>\n\n\n\n<li>Plataformas y sistemas operativos<\/li>\n\n\n\n<li>Sistemas de comunicaci\u00f3n de respaldo<\/li>\n\n\n\n<li>Wide Area Networks (WAN)<\/li>\n\n\n\n<li>Redes m\u00f3viles<\/li>\n<\/ul>\n<\/li>\n<\/ul>\n<\/div>\n\n\n\n<div class=\"wp-block-uagb-image aligncenter uagb-block-zlzeflwe wp-block-uagb-image--layout-default wp-block-uagb-image--effect-static wp-block-uagb-image--align-center alignleft\"><figure class=\"wp-block-uagb-image__figure\"><img decoding=\"async\" srcset=\"https:\/\/celplan.com\/wp-content\/uploads\/2024\/07\/consultant-cloud-1024x683.jpg ,https:\/\/celplan.com\/wp-content\/uploads\/2024\/07\/consultant-cloud-scaled.jpg 780w, https:\/\/celplan.com\/wp-content\/uploads\/2024\/07\/consultant-cloud-scaled.jpg 360w\" sizes=\"auto, (max-width: 480px) 150px\" src=\"https:\/\/celplan.com\/wp-content\/uploads\/2024\/07\/consultant-cloud-1024x683.jpg\" alt=\"\" class=\"uag-image-1935\" width=\"564\" height=\"400\" title=\"Consulting\" loading=\"lazy\" role=\"img\"\/><\/figure><\/div>\n<\/div>\n\n\n\n<div class=\"wp-block-uagb-container uagb-block-ttogtouf\">\n<div class=\"wp-block-uagb-image aligncenter uagb-block-n3cxnlie wp-block-uagb-image--layout-default wp-block-uagb-image--effect-static wp-block-uagb-image--align-center alignleft\"><figure class=\"wp-block-uagb-image__figure\"><img decoding=\"async\" srcset=\"https:\/\/celplan.com\/wp-content\/uploads\/2024\/07\/datacenter-cables-1024x576.jpg ,https:\/\/celplan.com\/wp-content\/uploads\/2024\/07\/datacenter-cables-scaled.jpg 780w, https:\/\/celplan.com\/wp-content\/uploads\/2024\/07\/datacenter-cables-scaled.jpg 360w\" sizes=\"auto, (max-width: 480px) 150px\" src=\"https:\/\/celplan.com\/wp-content\/uploads\/2024\/07\/datacenter-cables-1024x576.jpg\" alt=\"\" class=\"uag-image-1936\" width=\"564\" height=\"400\" title=\"Network,Equipment.\" loading=\"lazy\" role=\"img\"\/><\/figure><\/div>\n\n\n\n<ul class=\"wp-block-list\">\n<li>Optimizaci\u00f3n de centros de datos e infraestructura TI: Analizamos y recomendamos mejoras para:\n<ul class=\"wp-block-list\">\n<li>Sistemas y redes de comunicaci\u00f3n dentro de los centros de datos<\/li>\n\n\n\n<li>Utilizaci\u00f3n de activos y eficiencia de costos<\/li>\n\n\n\n<li>Estrategias de compartici\u00f3n de centros de datos<\/li>\n\n\n\n<li>Soluciones de hardware y software<\/li>\n\n\n\n<li>Sistemas de gesti\u00f3n<\/li>\n\n\n\n<li>Sistemas de energ\u00eda de respaldo<\/li>\n<\/ul>\n<\/li>\n\n\n\n<li>Previsi\u00f3n de demanda y planificaci\u00f3n de capacidad: CelPlan estima la demanda de servicios y clientes en toda la empresa, recomendando soluciones de TIC y sistemas complementarios para satisfacer las necesidades previstas.<\/li>\n\n\n\n<li>Advanced Technology Integration: We provide recommendations for operational efficiency improvements through the implementation of big data analytics, artificial intelligence (AI), machine learning (ML), Internet of Things (IoT), cloud computing, and virtual solutions.<\/li>\n<\/ul>\n<\/div>\n<\/div><\/div>","protected":false},"excerpt":{"rendered":"<p>CelPlan ofrece un conjunto integral de servicios de ingenier\u00eda y consultor\u00eda de telecomunicaciones, que abarcan todos los aspectos de las tecnolog\u00edas de la comunicaci\u00f3n y la informaci\u00f3n.<\/p>","protected":false},"author":2,"featured_media":0,"parent":0,"menu_order":0,"comment_status":"closed","ping_status":"closed","template":"","meta":{"_uag_custom_page_level_css":"","_monsterinsights_skip_tracking":false,"_monsterinsights_sitenote_active":false,"_monsterinsights_sitenote_note":"","_monsterinsights_sitenote_category":0,"site-sidebar-layout":"no-sidebar","site-content-layout":"","ast-site-content-layout":"full-width-container","site-content-style":"unboxed","site-sidebar-style":"unboxed","ast-global-header-display":"","ast-banner-title-visibility":"","ast-main-header-display":"","ast-hfb-above-header-display":"","ast-hfb-below-header-display":"","ast-hfb-mobile-header-display":"","site-post-title":"disabled","ast-breadcrumbs-content":"","ast-featured-img":"","footer-sml-layout":"","ast-disable-related-posts":"","theme-transparent-header-meta":"","adv-header-id-meta":"","stick-header-meta":"","header-above-stick-meta":"","header-main-stick-meta":"","header-below-stick-meta":"","astra-migrate-meta-layouts":"set","ast-page-background-enabled":"default","ast-page-background-meta":{"desktop":{"background-color":"var(--ast-global-color-4)","background-image":"","background-repeat":"repeat","background-position":"center center","background-size":"auto","background-attachment":"scroll","background-type":"","background-media":"","overlay-type":"","overlay-color":"","overlay-opacity":"","overlay-gradient":""},"tablet":{"background-color":"","background-image":"","background-repeat":"repeat","background-position":"center center","background-size":"auto","background-attachment":"scroll","background-type":"","background-media":"","overlay-type":"","overlay-color":"","overlay-opacity":"","overlay-gradient":""},"mobile":{"background-color":"","background-image":"","background-repeat":"repeat","background-position":"center center","background-size":"auto","background-attachment":"scroll","background-type":"","background-media":"","overlay-type":"","overlay-color":"","overlay-opacity":"","overlay-gradient":""}},"ast-content-background-meta":{"desktop":{"background-color":"var(--ast-global-color-5)","background-image":"","background-repeat":"repeat","background-position":"center center","background-size":"auto","background-attachment":"scroll","background-type":"","background-media":"","overlay-type":"","overlay-color":"","overlay-opacity":"","overlay-gradient":""},"tablet":{"background-color":"var(--ast-global-color-5)","background-image":"","background-repeat":"repeat","background-position":"center center","background-size":"auto","background-attachment":"scroll","background-type":"","background-media":"","overlay-type":"","overlay-color":"","overlay-opacity":"","overlay-gradient":""},"mobile":{"background-color":"var(--ast-global-color-5)","background-image":"","background-repeat":"repeat","background-position":"center center","background-size":"auto","background-attachment":"scroll","background-type":"","background-media":"","overlay-type":"","overlay-color":"","overlay-opacity":"","overlay-gradient":""}},"footnotes":""},"class_list":["post-1090","page","type-page","status-publish","hentry"],"aioseo_notices":[],"uagb_featured_image_src":{"full":false,"thumbnail":false,"medium":false,"medium_large":false,"large":false,"1536x1536":false,"2048x2048":false,"trp-custom-language-flag":false},"uagb_author_info":{"display_name":"Cristine Korowajczuk","author_link":"https:\/\/celplan.com\/es\/author\/cris_en\/"},"uagb_comment_info":0,"uagb_excerpt":"CelPlan offers a comprehensive suite of Telecommunication Engineering and Consulting Services, encompassing all aspects of communication and information technologies.","_links":{"self":[{"href":"https:\/\/celplan.com\/es\/wp-json\/wp\/v2\/pages\/1090","targetHints":{"allow":["GET"]}}],"collection":[{"href":"https:\/\/celplan.com\/es\/wp-json\/wp\/v2\/pages"}],"about":[{"href":"https:\/\/celplan.com\/es\/wp-json\/wp\/v2\/types\/page"}],"author":[{"embeddable":true,"href":"https:\/\/celplan.com\/es\/wp-json\/wp\/v2\/users\/2"}],"replies":[{"embeddable":true,"href":"https:\/\/celplan.com\/es\/wp-json\/wp\/v2\/comments?post=1090"}],"version-history":[{"count":14,"href":"https:\/\/celplan.com\/es\/wp-json\/wp\/v2\/pages\/1090\/revisions"}],"predecessor-version":[{"id":2370,"href":"https:\/\/celplan.com\/es\/wp-json\/wp\/v2\/pages\/1090\/revisions\/2370"}],"wp:attachment":[{"href":"https:\/\/celplan.com\/es\/wp-json\/wp\/v2\/media?parent=1090"}],"curies":[{"name":"wp","href":"https:\/\/api.w.org\/{rel}","templated":true}]}}