{"id":1091,"date":"2024-07-03T18:31:43","date_gmt":"2024-07-03T18:31:43","guid":{"rendered":"https:\/\/celplan.com\/?page_id=1091"},"modified":"2024-08-18T15:38:50","modified_gmt":"2024-08-18T15:38:50","slug":"field_services","status":"publish","type":"page","link":"https:\/\/celplan.com\/es\/field_services\/","title":{"rendered":"Servicios de Campo"},"content":{"rendered":"<div class=\"wp-block-uagb-container uagb-block-eghuxq0k alignfull uagb-is-root-container\"><div class=\"uagb-container-inner-blocks-wrap\">\n<div class=\"wp-block-uagb-info-box uagb-block-z9doniw9 uagb-infobox__content-wrap  uagb-infobox-icon-above-title uagb-infobox-image-valign-top\"><div class=\"uagb-ifb-content\"><div class=\"uagb-ifb-title-wrap\"><h1 class=\"uagb-ifb-title\">Servicios de Campo<\/h1><\/div><\/div><\/div>\n<\/div><\/div>\n\n\n\n<div class=\"wp-block-uagb-container uagb-block-eidebwjs alignfull uagb-is-root-container\"><div class=\"uagb-container-inner-blocks-wrap\">\n<div class=\"wp-block-uagb-container uagb-block-ntavs5ha\">\n<div class=\"wp-block-uagb-image aligncenter uagb-block-qy2ie9dr wp-block-uagb-image--layout-default wp-block-uagb-image--effect-static wp-block-uagb-image--align-center alignleft\"><figure class=\"wp-block-uagb-image__figure\"><img decoding=\"async\" srcset=\"https:\/\/celplan.com\/wp-content\/uploads\/2024\/07\/measuring-5G-1024x683.jpg ,https:\/\/celplan.com\/wp-content\/uploads\/2024\/07\/measuring-5G-scaled.jpg 780w, https:\/\/celplan.com\/wp-content\/uploads\/2024\/07\/measuring-5G-scaled.jpg 360w\" sizes=\"auto, (max-width: 480px) 150px\" src=\"https:\/\/celplan.com\/wp-content\/uploads\/2024\/07\/measuring-5G-1024x683.jpg\" alt=\"\" class=\"uag-image-1924\" width=\"564\" height=\"400\" title=\"5G\" loading=\"lazy\" role=\"img\"\/><\/figure><\/div>\n\n\n\n<div class=\"wp-block-uagb-container uagb-block-5ebb19aa\">\n<div class=\"wp-block-uagb-info-box uagb-block-ggyz8qhr uagb-infobox__content-wrap  uagb-infobox-icon-above-title uagb-infobox-image-valign-top\"><div class=\"uagb-ifb-content\"><div class=\"uagb-ifb-title-wrap\"><\/div><p class=\"uagb-ifb-desc\">Para dar soporte a una red inal\u00e1mbrica, normalmente se necesitan varios tipos de servicios de campo para garantizar un rendimiento, una fiabilidad y una cobertura \u00f3ptimos de la red. CelPlan puede respaldar su implementaci\u00f3n con una variedad de servicios de campo:<br><\/p><\/div><\/div>\n\n\n\n<ul class=\"wp-block-list\">\n<li>Estudios de sitio y planificaci\u00f3n de RF:\n<ul class=\"wp-block-list\">\n<li>Realizar estudios f\u00edsicos del sitio para evaluar las ubicaciones \u00f3ptimas para los puntos de acceso<\/li>\n\n\n\n<li>Realizaci\u00f3n de an\u00e1lisis del espectro de RF para identificar fuentes de interferencia<\/li>\n\n\n\n<li>Creaci\u00f3n de mapas de calor para visualizar la cobertura y la intensidad de la se\u00f1al<\/li>\n<\/ul>\n<\/li>\n\n\n\n<li>Instalaci\u00f3n y despliegue:\n<ul class=\"wp-block-list\">\n<li>Instalaci\u00f3n de puntos de acceso inal\u00e1mbricos, antenas y hardware relacionado<\/li>\n\n\n\n<li>Configuraci\u00f3n y prueba de equipos en sitio<\/li>\n\n\n\n<li>Instalaci\u00f3n y gesti\u00f3n de cables<\/li>\n<\/ul>\n<\/li>\n<\/ul>\n<\/div>\n<\/div>\n\n\n\n<div class=\"wp-block-uagb-container uagb-block-lxteyfrt\">\n<div class=\"wp-block-uagb-container uagb-block-717f07aa\">\n<div class=\"wp-block-uagb-info-box uagb-block-79ijmjmt uagb-infobox__content-wrap  uagb-infobox-icon-above-title uagb-infobox-image-valign-top\"><div class=\"uagb-ifb-content\"><div class=\"uagb-ifb-title-wrap\"><\/div><p class=\"uagb-ifb-desc\"><br><\/p><\/div><\/div>\n\n\n\n<ul class=\"wp-block-list\">\n<li>Optimizaci\u00f3n de la red:\n<ul class=\"wp-block-list\">\n<li>Ajuste fino de la ubicaci\u00f3n y configuraci\u00f3n del punto de acceso<\/li>\n\n\n\n<li>Ajuste de los niveles de potencia y asignaciones de canales<\/li>\n\n\n\n<li>Optimizaci\u00f3n de la capacidad y la cobertura en funci\u00f3n de los patrones de uso<\/li>\n<\/ul>\n<\/li>\n\n\n\n<li>Soluci\u00f3n de problemas y mantenimiento:\n<ul class=\"wp-block-list\">\n<li>Diagn\u00f3stico y resoluci\u00f3n de problemas de conectividad en el sitio<\/li>\n\n\n\n<li>Reemplazo de hardware defectuoso<\/li>\n\n\n\n<li>Realizar controles de mantenimiento peri\u00f3dicos<\/li>\n\n\n\n<li>Pruebas y monitorizaci\u00f3n del rendimiento:<\/li>\n\n\n\n<li>Realizaci\u00f3n de pruebas de rendimiento y latencia<\/li>\n\n\n\n<li>Monitoreo de la intensidad y calidad de la se\u00f1al<\/li>\n\n\n\n<li>Evaluaci\u00f3n de la experiencia del usuario en el mundo real<\/li>\n<\/ul>\n<\/li>\n\n\n\n<li>Evaluaciones de seguridad:\n<ul class=\"wp-block-list\">\n<li>Realizaci\u00f3n de auditor\u00edas de seguridad inal\u00e1mbrica<\/li>\n\n\n\n<li>Identificar y abordar vulnerabilidades<\/li>\n\n\n\n<li>Implementar medidas de seguridad como el cifrado adecuado<\/li>\n<\/ul>\n<\/li>\n<\/ul>\n<\/div>\n\n\n\n<div class=\"wp-block-uagb-image aligncenter uagb-block-zlzeflwe wp-block-uagb-image--layout-default wp-block-uagb-image--effect-static wp-block-uagb-image--align-center alignleft\"><figure class=\"wp-block-uagb-image__figure\"><img decoding=\"async\" srcset=\"https:\/\/celplan.com\/wp-content\/uploads\/2024\/07\/Image-CellWireless-07-1024x819.png ,https:\/\/celplan.com\/wp-content\/uploads\/2024\/07\/Image-CellWireless-07.png 780w, https:\/\/celplan.com\/wp-content\/uploads\/2024\/07\/Image-CellWireless-07.png 360w\" sizes=\"auto, (max-width: 480px) 150px\" src=\"https:\/\/celplan.com\/wp-content\/uploads\/2024\/07\/Image-CellWireless-07-1024x819.png\" alt=\"\" class=\"uag-image-1845\" width=\"564\" height=\"400\" title=\"Image CellWireless 07\" loading=\"lazy\" role=\"img\"\/><\/figure><\/div>\n<\/div>\n\n\n\n<div class=\"wp-block-uagb-container uagb-block-ttogtouf\">\n<div class=\"wp-block-uagb-image aligncenter uagb-block-n3cxnlie wp-block-uagb-image--layout-default wp-block-uagb-image--effect-static wp-block-uagb-image--align-center alignleft\"><figure class=\"wp-block-uagb-image__figure\"><img decoding=\"async\" srcset=\"https:\/\/celplan.com\/wp-content\/uploads\/2024\/07\/Screenshot-2023-09-22-075055.png ,https:\/\/celplan.com\/wp-content\/uploads\/2024\/07\/Screenshot-2023-09-22-075055.png 780w, https:\/\/celplan.com\/wp-content\/uploads\/2024\/07\/Screenshot-2023-09-22-075055.png 360w\" sizes=\"auto, (max-width: 480px) 150px\" src=\"https:\/\/celplan.com\/wp-content\/uploads\/2024\/07\/Screenshot-2023-09-22-075055.png\" alt=\"\" class=\"uag-image-1971\" width=\"564\" height=\"400\" title=\"Servicios de Campo\" loading=\"lazy\" role=\"img\"\/><\/figure><\/div>\n\n\n\n<div class=\"wp-block-uagb-container uagb-block-5ad33087\">\n<ul class=\"wp-block-list\">\n<li>Actualizaciones y expansiones:\n<ul class=\"wp-block-list\">\n<li>Agregar nuevos puntos de acceso para ampliar la cobertura<\/li>\n\n\n\n<li>Actualizaci\u00f3n del hardware existente para admitir est\u00e1ndares m\u00e1s nuevos<\/li>\n\n\n\n<li>Integraci\u00f3n de nuevas tecnolog\u00edas (por ejemplo, Wi-Fi 6, 5G)<\/li>\n<\/ul>\n<\/li>\n\n\n\n<li>Adaptaciones ambientales:\n<ul class=\"wp-block-list\">\n<li>Ajuste de la red a los cambios en el entorno f\u00edsico<\/li>\n\n\n\n<li>Abordar las variaciones estacionales que pueden afectar la propagaci\u00f3n de la se\u00f1al<\/li>\n<\/ul>\n<\/li>\n\n\n\n<li>Comprobaciones de cumplimiento:\n<ul class=\"wp-block-list\">\n<li>Garantizar el cumplimiento de los requisitos reglamentarios<\/li>\n\n\n\n<li>Verificar la correcta implementaci\u00f3n de las pol\u00edticas de la empresa<\/li>\n<\/ul>\n<\/li>\n\n\n\n<li>Soporte y formaci\u00f3n al usuario:\n<ul class=\"wp-block-list\">\n<li>Proporcionar soporte en el sitio para problemas de conectividad.<\/li>\n\n\n\n<li>Capacitaci\u00f3n del personal de TI local sobre la gesti\u00f3n de redes inal\u00e1mbricas<\/li>\n<\/ul>\n<\/li>\n\n\n\n<li>Documentaci\u00f3n:\n<ul class=\"wp-block-list\">\n<li>Mantener actualizados los diagramas de red y los inventarios de equipos.<\/li>\n\n\n\n<li>Documentar cambios, problemas y resoluciones<\/li>\n<\/ul>\n<\/li>\n<\/ul>\n<\/div>\n<\/div>\n\n\n\n<p>Los servicios de campo que ofrece CelPlan son fundamentales para mantener una red inal\u00e1mbrica robusta, segura y eficiente. Podemos adaptar los servicios para satisfacer las necesidades espec\u00edficas de su red y su industria, y las tecnolog\u00edas particulares que se utilicen.<\/p>\n<\/div><\/div>","protected":false},"excerpt":{"rendered":"<p>Los servicios de campo que ofrece CelPlan son fundamentales para mantener una red inal\u00e1mbrica robusta, segura y eficiente. Podemos adaptar los servicios para satisfacer las necesidades espec\u00edficas de su red y su industria, y las tecnolog\u00edas particulares que se utilicen.<\/p>","protected":false},"author":2,"featured_media":0,"parent":0,"menu_order":0,"comment_status":"closed","ping_status":"closed","template":"","meta":{"_uag_custom_page_level_css":"","_monsterinsights_skip_tracking":false,"_monsterinsights_sitenote_active":false,"_monsterinsights_sitenote_note":"","_monsterinsights_sitenote_category":0,"site-sidebar-layout":"no-sidebar","site-content-layout":"","ast-site-content-layout":"full-width-container","site-content-style":"unboxed","site-sidebar-style":"unboxed","ast-global-header-display":"","ast-banner-title-visibility":"","ast-main-header-display":"","ast-hfb-above-header-display":"","ast-hfb-below-header-display":"","ast-hfb-mobile-header-display":"","site-post-title":"disabled","ast-breadcrumbs-content":"","ast-featured-img":"","footer-sml-layout":"","ast-disable-related-posts":"","theme-transparent-header-meta":"","adv-header-id-meta":"","stick-header-meta":"","header-above-stick-meta":"","header-main-stick-meta":"","header-below-stick-meta":"","astra-migrate-meta-layouts":"set","ast-page-background-enabled":"default","ast-page-background-meta":{"desktop":{"background-color":"var(--ast-global-color-4)","background-image":"","background-repeat":"repeat","background-position":"center center","background-size":"auto","background-attachment":"scroll","background-type":"","background-media":"","overlay-type":"","overlay-color":"","overlay-opacity":"","overlay-gradient":""},"tablet":{"background-color":"","background-image":"","background-repeat":"repeat","background-position":"center center","background-size":"auto","background-attachment":"scroll","background-type":"","background-media":"","overlay-type":"","overlay-color":"","overlay-opacity":"","overlay-gradient":""},"mobile":{"background-color":"","background-image":"","background-repeat":"repeat","background-position":"center center","background-size":"auto","background-attachment":"scroll","background-type":"","background-media":"","overlay-type":"","overlay-color":"","overlay-opacity":"","overlay-gradient":""}},"ast-content-background-meta":{"desktop":{"background-color":"var(--ast-global-color-5)","background-image":"","background-repeat":"repeat","background-position":"center center","background-size":"auto","background-attachment":"scroll","background-type":"","background-media":"","overlay-type":"","overlay-color":"","overlay-opacity":"","overlay-gradient":""},"tablet":{"background-color":"var(--ast-global-color-5)","background-image":"","background-repeat":"repeat","background-position":"center center","background-size":"auto","background-attachment":"scroll","background-type":"","background-media":"","overlay-type":"","overlay-color":"","overlay-opacity":"","overlay-gradient":""},"mobile":{"background-color":"var(--ast-global-color-5)","background-image":"","background-repeat":"repeat","background-position":"center center","background-size":"auto","background-attachment":"scroll","background-type":"","background-media":"","overlay-type":"","overlay-color":"","overlay-opacity":"","overlay-gradient":""}},"footnotes":""},"class_list":["post-1091","page","type-page","status-publish","hentry"],"aioseo_notices":[],"uagb_featured_image_src":{"full":false,"thumbnail":false,"medium":false,"medium_large":false,"large":false,"1536x1536":false,"2048x2048":false,"trp-custom-language-flag":false},"uagb_author_info":{"display_name":"Cristine Korowajczuk","author_link":"https:\/\/celplan.com\/es\/author\/cris_en\/"},"uagb_comment_info":0,"uagb_excerpt":"The field services offered by CelPlan are crucial for maintaining a robust, secure, and efficient wireless network. We can tailor the services to meet the specific needs of your network and industry, and the particular technologies in use.","_links":{"self":[{"href":"https:\/\/celplan.com\/es\/wp-json\/wp\/v2\/pages\/1091","targetHints":{"allow":["GET"]}}],"collection":[{"href":"https:\/\/celplan.com\/es\/wp-json\/wp\/v2\/pages"}],"about":[{"href":"https:\/\/celplan.com\/es\/wp-json\/wp\/v2\/types\/page"}],"author":[{"embeddable":true,"href":"https:\/\/celplan.com\/es\/wp-json\/wp\/v2\/users\/2"}],"replies":[{"embeddable":true,"href":"https:\/\/celplan.com\/es\/wp-json\/wp\/v2\/comments?post=1091"}],"version-history":[{"count":8,"href":"https:\/\/celplan.com\/es\/wp-json\/wp\/v2\/pages\/1091\/revisions"}],"predecessor-version":[{"id":2592,"href":"https:\/\/celplan.com\/es\/wp-json\/wp\/v2\/pages\/1091\/revisions\/2592"}],"wp:attachment":[{"href":"https:\/\/celplan.com\/es\/wp-json\/wp\/v2\/media?parent=1091"}],"curies":[{"name":"wp","href":"https:\/\/api.w.org\/{rel}","templated":true}]}}