{"id":1093,"date":"2024-07-03T18:31:43","date_gmt":"2024-07-03T18:31:43","guid":{"rendered":"https:\/\/celplan.com\/?page_id=1093"},"modified":"2024-08-19T13:56:49","modified_gmt":"2024-08-19T13:56:49","slug":"iot_consulting_deployment","status":"publish","type":"page","link":"https:\/\/celplan.com\/es\/iot_consulting_deployment\/","title":{"rendered":"Consultor\u00eda e implementaci\u00f3n de IoT"},"content":{"rendered":"<p><\/p>\n\n\n\n<div class=\"wp-block-uagb-container uagb-block-eghuxq0k alignfull uagb-is-root-container\"><div class=\"uagb-container-inner-blocks-wrap\">\n<div class=\"wp-block-uagb-info-box uagb-block-z9doniw9 uagb-infobox__content-wrap  uagb-infobox-icon-above-title uagb-infobox-image-valign-top\"><div class=\"uagb-ifb-content\"><div class=\"uagb-ifb-title-wrap\"><h1 class=\"uagb-ifb-title\">Consultor\u00eda e implementaci\u00f3n de IoT<\/h1><\/div><\/div><\/div>\n<\/div><\/div>\n\n\n\n<div class=\"wp-block-uagb-container uagb-block-eidebwjs alignfull uagb-is-root-container\"><div class=\"uagb-container-inner-blocks-wrap\">\n<div class=\"wp-block-uagb-container uagb-block-ntavs5ha\">\n<div class=\"wp-block-uagb-image alignleft uagb-block-qy2ie9dr wp-block-uagb-image--layout-default wp-block-uagb-image--effect-static wp-block-uagb-image--align-left\"><figure class=\"wp-block-uagb-image__figure\"><img decoding=\"async\" srcset=\"https:\/\/celplan.com\/wp-content\/uploads\/2024\/07\/iStock-875477982-ai-and-smart-energy-1024x683.jpg ,https:\/\/celplan.com\/wp-content\/uploads\/2024\/07\/iStock-875477982-ai-and-smart-energy-scaled.jpg 780w, https:\/\/celplan.com\/wp-content\/uploads\/2024\/07\/iStock-875477982-ai-and-smart-energy-scaled.jpg 360w\" sizes=\"auto, (max-width: 480px) 150px\" src=\"https:\/\/celplan.com\/wp-content\/uploads\/2024\/07\/iStock-875477982-ai-and-smart-energy-1024x683.jpg\" alt=\"\" class=\"uag-image-1923\" width=\"564\" height=\"400\" title=\"Ai utility\" loading=\"lazy\" role=\"img\"\/><\/figure><\/div>\n\n\n\n<div class=\"wp-block-uagb-info-box uagb-block-ggyz8qhr uagb-infobox__content-wrap  uagb-infobox-icon-above-title uagb-infobox-image-valign-top\"><div class=\"uagb-ifb-content\"><div class=\"uagb-ifb-title-wrap\"><\/div><p class=\"uagb-ifb-desc\">Una red de \u00e1rea amplia de bajo consumo (LPWA) es un sistema de telecomunicaciones inal\u00e1mbrico dise\u00f1ado para una amplia cobertura geogr\u00e1fica que facilita la comunicaci\u00f3n de bajo ancho de banda entre dispositivos conectados, en particular sensores que funcionan con bater\u00edas.<br><br>Las redes LPWA se pueden implementar como redes privadas de sensores inal\u00e1mbricos o se pueden ofrecer como servicios de terceros, lo que elimina la necesidad de que los propietarios de sensores inviertan en infraestructura de puerta de enlace. Estas redes se caracterizan por un gran volumen de dispositivos de baja velocidad de datos.<br><\/p><\/div><\/div>\n<\/div>\n\n\n\n<div class=\"wp-block-uagb-container uagb-block-lxteyfrt\">\n<div class=\"wp-block-uagb-container uagb-block-97bf391e\">\n<div class=\"wp-block-uagb-info-box uagb-block-79ijmjmt uagb-infobox__content-wrap  uagb-infobox-icon-above-title uagb-infobox-image-valign-top\"><div class=\"uagb-ifb-content\"><div class=\"uagb-ifb-title-wrap\"><\/div><p class=\"uagb-ifb-desc\">CelPlan ofrece soluciones de implementaci\u00f3n integrales para organizaciones centradas en sus objetivos comerciales principales. Nuestro servicio integral abarca:<\/p><\/div><\/div>\n\n\n\n<ul class=\"wp-block-list\">\n<li>Evaluaci\u00f3n de necesidades<\/li>\n\n\n\n<li>Dise\u00f1o de red<\/li>\n\n\n\n<li>Adquisici\u00f3n de equipos<\/li>\n\n\n\n<li>Despliegue<\/li>\n\n\n\n<li>Pruebas<\/li>\n\n\n\n<li>Capacitaci\u00f3n de usuarios<\/li>\n<\/ul>\n\n\n\n<p>Adem\u00e1s, brindamos servicios de gesti\u00f3n de proyectos para implementaciones de redes de m\u00faltiples contratistas, reconfiguraci\u00f3n de enlaces de microondas para mejorar la capacidad y servicios administrados para operaciones de red complejas.<\/p>\n<\/div>\n\n\n\n<div class=\"wp-block-uagb-image alignleft uagb-block-zlzeflwe wp-block-uagb-image--layout-default wp-block-uagb-image--effect-static wp-block-uagb-image--align-left\"><figure class=\"wp-block-uagb-image__figure\"><img decoding=\"async\" srcset=\"https:\/\/celplan.com\/wp-content\/uploads\/2024\/07\/SmartFarming2.jpg ,https:\/\/celplan.com\/wp-content\/uploads\/2024\/07\/SmartFarming2.jpg 780w, https:\/\/celplan.com\/wp-content\/uploads\/2024\/07\/SmartFarming2.jpg 360w\" sizes=\"auto, (max-width: 480px) 150px\" src=\"https:\/\/celplan.com\/wp-content\/uploads\/2024\/07\/SmartFarming2.jpg\" alt=\"\" class=\"uag-image-1480\" width=\"564\" height=\"400\" title=\"SmartFarming2\" loading=\"lazy\" role=\"img\"\/><\/figure><\/div>\n<\/div>\n\n\n\n<div class=\"wp-block-uagb-container uagb-block-ttogtouf\">\n<div class=\"wp-block-uagb-image alignleft uagb-block-n3cxnlie wp-block-uagb-image--layout-default wp-block-uagb-image--effect-static wp-block-uagb-image--align-left\"><figure class=\"wp-block-uagb-image__figure\"><img decoding=\"async\" srcset=\"https:\/\/celplan.com\/wp-content\/uploads\/2024\/07\/Markets-Smart-City-1MB-1-1024x643-1.jpg ,https:\/\/celplan.com\/wp-content\/uploads\/2024\/07\/Markets-Smart-City-1MB-1-1024x643-1.jpg 780w, https:\/\/celplan.com\/wp-content\/uploads\/2024\/07\/Markets-Smart-City-1MB-1-1024x643-1.jpg 360w\" sizes=\"auto, (max-width: 480px) 150px\" src=\"https:\/\/celplan.com\/wp-content\/uploads\/2024\/07\/Markets-Smart-City-1MB-1-1024x643-1.jpg\" alt=\"\" class=\"uag-image-1393\" width=\"564\" height=\"400\" title=\"Markets\" loading=\"lazy\" role=\"img\"\/><\/figure><\/div>\n\n\n\n<div class=\"wp-block-uagb-info-box uagb-block-ujtuildy uagb-infobox__content-wrap  uagb-infobox-icon-above-title uagb-infobox-image-valign-top\"><div class=\"uagb-ifb-content\"><div class=\"uagb-ifb-title-wrap\"><\/div><p class=\"uagb-ifb-desc\">Nuestra experiencia abarca desde la definici\u00f3n de los requisitos de su organizaci\u00f3n hasta la identificaci\u00f3n de las estrategias m\u00e1s rentables para implementar una red de Internet de las cosas (IoT) adaptada a sus necesidades de recopilaci\u00f3n de datos. Adem\u00e1s, CelPlan puede ayudarlo a especificar los requisitos de almacenamiento y procesamiento para dimensionar con precisi\u00f3n la infraestructura necesaria para la transmisi\u00f3n y el almacenamiento de datos.<\/p><\/div><\/div>\n<\/div>\n\n\n\n<p>La selecci\u00f3n de la tecnolog\u00eda adecuada es crucial para la eficacia de la red. La amplia experiencia de CelPlan y nuestro enfoque independiente de proveedores nos permiten guiarlo en la elecci\u00f3n de la soluci\u00f3n \u00f3ptima adaptada a sus requisitos espec\u00edficos. Nuestro objetivo es garantizar que la red implementada se alinee perfectamente con sus necesidades operativas y objetivos organizacionales.<br><\/p>\n<\/div><\/div>","protected":false},"excerpt":{"rendered":"<p>Additionally, we provide project management services for multi-contractor network deployments, microwave link reconfiguration for capacity enhancement, and managed services for complex network operations. The selection of appropriate technology is crucial for network efficacy. CelPlan&#8217;s extensive experience and vendor-neutral approach enable us to guide you in choosing the optimal solution tailored to your specific requirements. Our [&hellip;]<\/p>\n","protected":false},"author":2,"featured_media":0,"parent":0,"menu_order":0,"comment_status":"closed","ping_status":"closed","template":"","meta":{"_uag_custom_page_level_css":"","_monsterinsights_skip_tracking":false,"_monsterinsights_sitenote_active":false,"_monsterinsights_sitenote_note":"","_monsterinsights_sitenote_category":0,"site-sidebar-layout":"no-sidebar","site-content-layout":"","ast-site-content-layout":"full-width-container","site-content-style":"unboxed","site-sidebar-style":"unboxed","ast-global-header-display":"","ast-banner-title-visibility":"","ast-main-header-display":"","ast-hfb-above-header-display":"","ast-hfb-below-header-display":"","ast-hfb-mobile-header-display":"","site-post-title":"disabled","ast-breadcrumbs-content":"","ast-featured-img":"","footer-sml-layout":"","ast-disable-related-posts":"","theme-transparent-header-meta":"","adv-header-id-meta":"","stick-header-meta":"","header-above-stick-meta":"","header-main-stick-meta":"","header-below-stick-meta":"","astra-migrate-meta-layouts":"set","ast-page-background-enabled":"default","ast-page-background-meta":{"desktop":{"background-color":"var(--ast-global-color-4)","background-image":"","background-repeat":"repeat","background-position":"center center","background-size":"auto","background-attachment":"scroll","background-type":"","background-media":"","overlay-type":"","overlay-color":"","overlay-opacity":"","overlay-gradient":""},"tablet":{"background-color":"","background-image":"","background-repeat":"repeat","background-position":"center center","background-size":"auto","background-attachment":"scroll","background-type":"","background-media":"","overlay-type":"","overlay-color":"","overlay-opacity":"","overlay-gradient":""},"mobile":{"background-color":"","background-image":"","background-repeat":"repeat","background-position":"center center","background-size":"auto","background-attachment":"scroll","background-type":"","background-media":"","overlay-type":"","overlay-color":"","overlay-opacity":"","overlay-gradient":""}},"ast-content-background-meta":{"desktop":{"background-color":"var(--ast-global-color-5)","background-image":"","background-repeat":"repeat","background-position":"center center","background-size":"auto","background-attachment":"scroll","background-type":"","background-media":"","overlay-type":"","overlay-color":"","overlay-opacity":"","overlay-gradient":""},"tablet":{"background-color":"var(--ast-global-color-5)","background-image":"","background-repeat":"repeat","background-position":"center center","background-size":"auto","background-attachment":"scroll","background-type":"","background-media":"","overlay-type":"","overlay-color":"","overlay-opacity":"","overlay-gradient":""},"mobile":{"background-color":"var(--ast-global-color-5)","background-image":"","background-repeat":"repeat","background-position":"center center","background-size":"auto","background-attachment":"scroll","background-type":"","background-media":"","overlay-type":"","overlay-color":"","overlay-opacity":"","overlay-gradient":""}},"footnotes":""},"class_list":["post-1093","page","type-page","status-publish","hentry"],"aioseo_notices":[],"uagb_featured_image_src":{"full":false,"thumbnail":false,"medium":false,"medium_large":false,"large":false,"1536x1536":false,"2048x2048":false,"trp-custom-language-flag":false},"uagb_author_info":{"display_name":"Cristine Korowajczuk","author_link":"https:\/\/celplan.com\/es\/author\/cris_en\/"},"uagb_comment_info":0,"uagb_excerpt":"Additionally, we provide project management services for multi-contractor network deployments, microwave link reconfiguration for capacity enhancement, and managed services for complex network operations. The selection of appropriate technology is crucial for network efficacy. CelPlan&#8217;s extensive experience and vendor-neutral approach enable us to guide you in choosing the optimal solution tailored to your specific requirements. Our&hellip;","_links":{"self":[{"href":"https:\/\/celplan.com\/es\/wp-json\/wp\/v2\/pages\/1093","targetHints":{"allow":["GET"]}}],"collection":[{"href":"https:\/\/celplan.com\/es\/wp-json\/wp\/v2\/pages"}],"about":[{"href":"https:\/\/celplan.com\/es\/wp-json\/wp\/v2\/types\/page"}],"author":[{"embeddable":true,"href":"https:\/\/celplan.com\/es\/wp-json\/wp\/v2\/users\/2"}],"replies":[{"embeddable":true,"href":"https:\/\/celplan.com\/es\/wp-json\/wp\/v2\/comments?post=1093"}],"version-history":[{"count":7,"href":"https:\/\/celplan.com\/es\/wp-json\/wp\/v2\/pages\/1093\/revisions"}],"predecessor-version":[{"id":2632,"href":"https:\/\/celplan.com\/es\/wp-json\/wp\/v2\/pages\/1093\/revisions\/2632"}],"wp:attachment":[{"href":"https:\/\/celplan.com\/es\/wp-json\/wp\/v2\/media?parent=1093"}],"curies":[{"name":"wp","href":"https:\/\/api.w.org\/{rel}","templated":true}]}}