{"id":1094,"date":"2024-07-03T18:31:43","date_gmt":"2024-07-03T18:31:43","guid":{"rendered":"https:\/\/celplan.com\/?page_id=1094"},"modified":"2024-08-22T16:45:53","modified_gmt":"2024-08-22T16:45:53","slug":"network_solutions_services","status":"publish","type":"page","link":"https:\/\/celplan.com\/es\/network_solutions_services\/","title":{"rendered":"Soluciones y servicios de red"},"content":{"rendered":"<div class=\"wp-block-uagb-container uagb-block-eghuxq0k alignfull uagb-is-root-container\"><div class=\"uagb-container-inner-blocks-wrap\">\n<div class=\"wp-block-uagb-info-box uagb-block-z9doniw9 uagb-infobox__content-wrap  uagb-infobox-icon-above-title uagb-infobox-image-valign-top\"><div class=\"uagb-ifb-content\"><div class=\"uagb-ifb-title-wrap\"><h1 class=\"uagb-ifb-title\">Soluciones y servicios de red<\/h1><\/div><\/div><\/div>\n<\/div><\/div>\n\n\n\n<div class=\"wp-block-uagb-container uagb-block-eidebwjs alignfull uagb-is-root-container\"><div class=\"uagb-container-inner-blocks-wrap\">\n<div class=\"wp-block-uagb-container uagb-block-ntavs5ha\">\n<div class=\"wp-block-uagb-image aligncenter uagb-block-qy2ie9dr wp-block-uagb-image--layout-default wp-block-uagb-image--effect-static wp-block-uagb-image--align-center alignleft\"><figure class=\"wp-block-uagb-image__figure\"><img decoding=\"async\" srcset=\"https:\/\/celplan.com\/wp-content\/uploads\/2024\/07\/5227_Testeira_LinkedIn_Ingles_CelPlan-1024x259.png ,https:\/\/celplan.com\/wp-content\/uploads\/2024\/07\/5227_Testeira_LinkedIn_Ingles_CelPlan.png 780w, https:\/\/celplan.com\/wp-content\/uploads\/2024\/07\/5227_Testeira_LinkedIn_Ingles_CelPlan.png 360w\" sizes=\"auto, (max-width: 480px) 150px\" src=\"https:\/\/celplan.com\/wp-content\/uploads\/2024\/07\/5227_Testeira_LinkedIn_Ingles_CelPlan-1024x259.png\" alt=\"\" class=\"uag-image-1559\" width=\"564\" height=\"400\" title=\"IoT Networks\" loading=\"lazy\" role=\"img\"\/><\/figure><\/div>\n\n\n\n<div class=\"wp-block-uagb-info-box uagb-block-ggyz8qhr uagb-infobox__content-wrap  uagb-infobox-icon-above-title uagb-infobox-image-valign-top\"><div class=\"uagb-ifb-content\"><div class=\"uagb-ifb-title-wrap\"><\/div><p class=\"uagb-ifb-desc\">CelPlan Technologies ofrece una amplia gama de servicios de dise\u00f1o, instalaci\u00f3n y puesta en marcha de redes para telecomunicaciones y otros sectores, como energ\u00eda, agua y petr\u00f3leo y gas. Estos servicios est\u00e1n disponibles como implementaciones parciales o soluciones completas llave en mano.<\/p><\/div><\/div>\n<\/div>\n\n\n\n<div class=\"wp-block-uagb-container uagb-block-lxteyfrt\">\n<div class=\"wp-block-uagb-info-box uagb-block-79ijmjmt uagb-infobox__content-wrap  uagb-infobox-icon-above-title uagb-infobox-image-valign-top\"><div class=\"uagb-ifb-content\"><div class=\"uagb-ifb-title-wrap\"><h3 class=\"uagb-ifb-title\">Dise\u00f1o de red de misi\u00f3n cr\u00edtica<\/h3><\/div><p class=\"uagb-ifb-desc\">Nuestro equipo t\u00e9cnico especializado dise\u00f1a proyectos de radiofrecuencia (RF) para todas las tecnolog\u00edas y bandas de frecuencia. El software propietario de CelPlan, CellDesigner, es independiente del proveedor, lo que permite una implementaci\u00f3n vers\u00e1til del proyecto. Utilizamos bases de datos avanzadas de terrenos y ruidos para crear dise\u00f1os que se alinean estrechamente con las condiciones del mundo real. Nuestra experiencia abarca desde radio m\u00f3vil terrestre y de banda estrecha hasta tecnolog\u00edas 4G\/5G, lo que nos permite abordar desaf\u00edos de red complejos.<br><br>Nuestro equipo de ingenier\u00eda se mantiene a la vanguardia de las tendencias de la industria y las bandas de frecuencia emergentes. Participamos activamente en el dise\u00f1o de redes para las bandas de Citizens Broadband Radio Service (CBRS) y TV White Space (TVWS). Tambi\u00e9n monitoreamos de cerca los desarrollos de subastas de banda C y estamos preparados para ayudar a los clientes con an\u00e1lisis previos a la subasta y dise\u00f1os integrales tras la adquisici\u00f3n de la licencia.<br><br>Con el crecimiento exponencial del tr\u00e1fico inal\u00e1mbrico, impulsado por los usuarios tradicionales y la Internet de las cosas (IoT), existe una demanda creciente de espectro y diversos requisitos de calidad de servicio (QoS). CelPlan posee la experiencia, las habilidades y las herramientas necesarias para dise\u00f1ar redes de IoT e implementar infraestructura 5G.<br><br>Muchas aplicaciones inal\u00e1mbricas emergentes requieren alta confiabilidad y baja latencia. CelPlan tiene m\u00e1s de una d\u00e9cada de experiencia en el dise\u00f1o de redes de misi\u00f3n cr\u00edtica y en la asistencia a clientes con expansiones e integraci\u00f3n de nuevas tecnolog\u00edas.<br><br>Dise\u00f1amos redes para bandas con y sin licencia, teniendo en cuenta sus distintos perfiles de interferencia. Adem\u00e1s del dise\u00f1o, garantizamos que el sistema cumpla con los requisitos de la FCC y otras agencias regulatorias. CelPlan tambi\u00e9n puede producir descripciones t\u00e9cnicas para respaldar las renovaciones de licencias y las solicitudes ante los organismos regulatorios.<\/p><\/div><\/div>\n\n\n\n<div class=\"wp-block-uagb-image aligncenter uagb-block-zlzeflwe wp-block-uagb-image--layout-default wp-block-uagb-image--effect-static wp-block-uagb-image--align-center alignleft\"><figure class=\"wp-block-uagb-image__figure\"><img decoding=\"async\" srcset=\"https:\/\/celplan.com\/wp-content\/uploads\/2024\/07\/endpoints-with-coverage-celplanner.png ,https:\/\/celplan.com\/wp-content\/uploads\/2024\/07\/endpoints-with-coverage-celplanner.png 780w, https:\/\/celplan.com\/wp-content\/uploads\/2024\/07\/endpoints-with-coverage-celplanner.png 360w\" sizes=\"auto, (max-width: 480px) 150px\" src=\"https:\/\/celplan.com\/wp-content\/uploads\/2024\/07\/endpoints-with-coverage-celplanner.png\" alt=\"\" class=\"uag-image-1777\" width=\"564\" height=\"400\" title=\"Network Design\" loading=\"lazy\" role=\"img\"\/><\/figure><\/div>\n<\/div>\n\n\n\n<div class=\"wp-block-uagb-container uagb-block-ttogtouf\">\n<div class=\"wp-block-uagb-image aligncenter uagb-block-n3cxnlie wp-block-uagb-image--layout-default wp-block-uagb-image--effect-static wp-block-uagb-image--align-center alignleft\"><figure class=\"wp-block-uagb-image__figure\"><img decoding=\"async\" srcset=\"https:\/\/celplan.com\/wp-content\/uploads\/2024\/07\/4522_Materia_Blog_Mercado_Outubro_CelPlan-1024x678.png ,https:\/\/celplan.com\/wp-content\/uploads\/2024\/07\/4522_Materia_Blog_Mercado_Outubro_CelPlan.png 780w, https:\/\/celplan.com\/wp-content\/uploads\/2024\/07\/4522_Materia_Blog_Mercado_Outubro_CelPlan.png 360w\" sizes=\"auto, (max-width: 480px) 150px\" src=\"https:\/\/celplan.com\/wp-content\/uploads\/2024\/07\/4522_Materia_Blog_Mercado_Outubro_CelPlan-1024x678.png\" alt=\"\" class=\"uag-image-1240\" width=\"564\" height=\"400\" title=\"IoT City Figure\" loading=\"lazy\" role=\"img\"\/><\/figure><\/div>\n\n\n\n<div class=\"wp-block-uagb-info-box uagb-block-ujtuildy uagb-infobox__content-wrap  uagb-infobox-icon-above-title uagb-infobox-image-valign-top\"><div class=\"uagb-ifb-content\"><div class=\"uagb-ifb-title-wrap\"><h3 class=\"uagb-ifb-title\">Redes privadas LTE y 5G<\/h3><\/div><p class=\"uagb-ifb-desc\">LTE y 5G, evoluciones del est\u00e1ndar 3GPP basado en OFDMA, requieren un nuevo enfoque para un dise\u00f1o eficaz y de misi\u00f3n cr\u00edtica.<br><br>Comprender las complejidades de la tecnolog\u00eda es crucial para dimensionar adecuadamente el sistema y equilibrar la capacidad con la interferencia para crear redes eficientes y confiables.<br><br>CelPlan ayuda a los clientes a comprender estas tecnolog\u00edas y a modelar las demandas reales de las aplicaciones. Desarrollar un plan integral que describa las aplicaciones que se atender\u00e1n, sus requisitos de tr\u00e1fico de datos y sus ubicaciones es esencial para dise\u00f1ar una red que proporcione un servicio adecuado y confiable de manera rentable.<br><br><br><\/p><\/div><\/div>\n<\/div>\n\n\n\n<div class=\"wp-block-uagb-container uagb-block-b0ca66ba\">\n<div class=\"wp-block-uagb-info-box uagb-block-4ddbeda6 uagb-infobox__content-wrap  uagb-infobox-icon-above-title uagb-infobox-image-valign-top\"><div class=\"uagb-ifb-content\"><div class=\"uagb-ifb-title-wrap\"><h3 class=\"uagb-ifb-title\">Proyectos llave en mano, gesti\u00f3n de proyectos y mantenimiento<\/h3><\/div><p class=\"uagb-ifb-desc\">Durante la implementaci\u00f3n del sistema, CelPlan proporciona dise\u00f1os detallados para una implementaci\u00f3n sin inconvenientes y verifica el rendimiento general del sistema. Estos pasos pueden ser ejecutados \u00fanicamente por el personal de CelPlan o en colaboraci\u00f3n con el personal del cliente. Actuamos como ejecutores, asesores y\/o capacitadores para todo el espectro de actividades de dise\u00f1o inal\u00e1mbrico.<br><br>CelPlan ofrece implementaciones llave en mano para empresas que se centran en su negocio principal. Este servicio integral incluye la evaluaci\u00f3n de las necesidades del cliente, el dise\u00f1o de la red, el abastecimiento, la implementaci\u00f3n, las pruebas y la capacitaci\u00f3n de los usuarios.<br><br>Tambi\u00e9n brindamos servicios de gesti\u00f3n de proyectos para implementaciones de redes que involucran m\u00faltiples contratistas, reconfiguraci\u00f3n de enlaces de microondas para mayor capacidad y servicios administrados para operaciones de red complejas.<br><br>Nuestros servicios de mantenimiento utilizan tecnolog\u00eda avanzada para monitorear de forma remota el rendimiento de la red (video, TI, comunicaciones), detectando no solo fallas sino tambi\u00e9n degradaci\u00f3n del rendimiento, lo que permite un mantenimiento proactivo. CelPlan emplea y capacita personal local, supervisando equipos remotos para garantizar una prestaci\u00f3n de servicios eficiente.<\/p><\/div><\/div>\n\n\n\n<div class=\"wp-block-uagb-image aligncenter uagb-block-42365170 wp-block-uagb-image--layout-default wp-block-uagb-image--effect-static wp-block-uagb-image--align-center alignleft\"><figure class=\"wp-block-uagb-image__figure\"><img decoding=\"async\" srcset=\"https:\/\/celplan.com\/wp-content\/uploads\/2024\/07\/Iot-1-1024x569-1.jpg ,https:\/\/celplan.com\/wp-content\/uploads\/2024\/07\/Iot-1-1024x569-1.jpg 780w, https:\/\/celplan.com\/wp-content\/uploads\/2024\/07\/Iot-1-1024x569-1.jpg 360w\" sizes=\"auto, (max-width: 480px) 150px\" src=\"https:\/\/celplan.com\/wp-content\/uploads\/2024\/07\/Iot-1-1024x569-1.jpg\" alt=\"\" class=\"uag-image-1274\" width=\"564\" height=\"400\" title=\"Manager,Engineer,\" loading=\"lazy\" role=\"img\"\/><\/figure><\/div>\n<\/div>\n\n\n\n<p>La selecci\u00f3n de la tecnolog\u00eda adecuada es crucial para la eficacia de la red. La amplia experiencia de CelPlan y nuestro enfoque independiente de proveedores nos permiten guiarlo en la elecci\u00f3n de la soluci\u00f3n \u00f3ptima adaptada a sus requisitos espec\u00edficos. Nuestro objetivo es garantizar que la red implementada se alinee perfectamente con sus necesidades operativas y objetivos organizacionales.<br><\/p>\n<\/div><\/div>","protected":false},"excerpt":{"rendered":"<p>La selecci\u00f3n de la tecnolog\u00eda adecuada es crucial para la eficacia de la red. La amplia experiencia de CelPlan y nuestro enfoque independiente de proveedores nos permiten guiarlo en la elecci\u00f3n de la soluci\u00f3n \u00f3ptima adaptada a sus requisitos espec\u00edficos. Nuestro objetivo es garantizar que la red implementada se alinee perfectamente con sus necesidades operativas y objetivos organizacionales.<\/p>","protected":false},"author":2,"featured_media":0,"parent":0,"menu_order":0,"comment_status":"closed","ping_status":"closed","template":"","meta":{"_uag_custom_page_level_css":"","_monsterinsights_skip_tracking":false,"_monsterinsights_sitenote_active":false,"_monsterinsights_sitenote_note":"","_monsterinsights_sitenote_category":0,"site-sidebar-layout":"no-sidebar","site-content-layout":"","ast-site-content-layout":"full-width-container","site-content-style":"unboxed","site-sidebar-style":"unboxed","ast-global-header-display":"","ast-banner-title-visibility":"","ast-main-header-display":"","ast-hfb-above-header-display":"","ast-hfb-below-header-display":"","ast-hfb-mobile-header-display":"","site-post-title":"disabled","ast-breadcrumbs-content":"","ast-featured-img":"","footer-sml-layout":"","ast-disable-related-posts":"","theme-transparent-header-meta":"","adv-header-id-meta":"","stick-header-meta":"","header-above-stick-meta":"","header-main-stick-meta":"","header-below-stick-meta":"","astra-migrate-meta-layouts":"set","ast-page-background-enabled":"default","ast-page-background-meta":{"desktop":{"background-color":"var(--ast-global-color-4)","background-image":"","background-repeat":"repeat","background-position":"center center","background-size":"auto","background-attachment":"scroll","background-type":"","background-media":"","overlay-type":"","overlay-color":"","overlay-opacity":"","overlay-gradient":""},"tablet":{"background-color":"","background-image":"","background-repeat":"repeat","background-position":"center center","background-size":"auto","background-attachment":"scroll","background-type":"","background-media":"","overlay-type":"","overlay-color":"","overlay-opacity":"","overlay-gradient":""},"mobile":{"background-color":"","background-image":"","background-repeat":"repeat","background-position":"center center","background-size":"auto","background-attachment":"scroll","background-type":"","background-media":"","overlay-type":"","overlay-color":"","overlay-opacity":"","overlay-gradient":""}},"ast-content-background-meta":{"desktop":{"background-color":"var(--ast-global-color-5)","background-image":"","background-repeat":"repeat","background-position":"center center","background-size":"auto","background-attachment":"scroll","background-type":"","background-media":"","overlay-type":"","overlay-color":"","overlay-opacity":"","overlay-gradient":""},"tablet":{"background-color":"var(--ast-global-color-5)","background-image":"","background-repeat":"repeat","background-position":"center center","background-size":"auto","background-attachment":"scroll","background-type":"","background-media":"","overlay-type":"","overlay-color":"","overlay-opacity":"","overlay-gradient":""},"mobile":{"background-color":"var(--ast-global-color-5)","background-image":"","background-repeat":"repeat","background-position":"center center","background-size":"auto","background-attachment":"scroll","background-type":"","background-media":"","overlay-type":"","overlay-color":"","overlay-opacity":"","overlay-gradient":""}},"footnotes":""},"class_list":["post-1094","page","type-page","status-publish","hentry"],"aioseo_notices":[],"uagb_featured_image_src":{"full":false,"thumbnail":false,"medium":false,"medium_large":false,"large":false,"1536x1536":false,"2048x2048":false,"trp-custom-language-flag":false},"uagb_author_info":{"display_name":"Cristine Korowajczuk","author_link":"https:\/\/celplan.com\/es\/author\/cris_en\/"},"uagb_comment_info":0,"uagb_excerpt":"The selection of appropriate technology is crucial for network efficacy. CelPlan&#8217;s extensive experience and vendor-neutral approach enable us to guide you in choosing the optimal solution tailored to your specific requirements. Our objective is to ensure that the implemented network aligns perfectly with your operational needs and organizational goals.","_links":{"self":[{"href":"https:\/\/celplan.com\/es\/wp-json\/wp\/v2\/pages\/1094","targetHints":{"allow":["GET"]}}],"collection":[{"href":"https:\/\/celplan.com\/es\/wp-json\/wp\/v2\/pages"}],"about":[{"href":"https:\/\/celplan.com\/es\/wp-json\/wp\/v2\/types\/page"}],"author":[{"embeddable":true,"href":"https:\/\/celplan.com\/es\/wp-json\/wp\/v2\/users\/2"}],"replies":[{"embeddable":true,"href":"https:\/\/celplan.com\/es\/wp-json\/wp\/v2\/comments?post=1094"}],"version-history":[{"count":9,"href":"https:\/\/celplan.com\/es\/wp-json\/wp\/v2\/pages\/1094\/revisions"}],"predecessor-version":[{"id":2678,"href":"https:\/\/celplan.com\/es\/wp-json\/wp\/v2\/pages\/1094\/revisions\/2678"}],"wp:attachment":[{"href":"https:\/\/celplan.com\/es\/wp-json\/wp\/v2\/media?parent=1094"}],"curies":[{"name":"wp","href":"https:\/\/api.w.org\/{rel}","templated":true}]}}