{"id":1095,"date":"2024-07-03T18:31:43","date_gmt":"2024-07-03T18:31:43","guid":{"rendered":"https:\/\/celplan.com\/?page_id=1095"},"modified":"2024-07-26T20:17:24","modified_gmt":"2024-07-26T20:17:24","slug":"network_testing","status":"publish","type":"page","link":"https:\/\/celplan.com\/es\/network_testing\/","title":{"rendered":"Pruebas de red"},"content":{"rendered":"<div class=\"wp-block-uagb-container uagb-block-eghuxq0k alignfull uagb-is-root-container\"><div class=\"uagb-container-inner-blocks-wrap\">\n<div class=\"wp-block-uagb-info-box uagb-block-z9doniw9 uagb-infobox__content-wrap  uagb-infobox-icon-above-title uagb-infobox-image-valign-top\"><div class=\"uagb-ifb-content\"><div class=\"uagb-ifb-title-wrap\"><h1 class=\"uagb-ifb-title\">Pruebas de red<\/h1><\/div><\/div><\/div>\n<\/div><\/div>\n\n\n\n<div class=\"wp-block-uagb-container uagb-block-eidebwjs alignfull uagb-is-root-container\"><div class=\"uagb-container-inner-blocks-wrap\">\n<div class=\"wp-block-uagb-container uagb-block-ntavs5ha\">\n<div class=\"wp-block-uagb-image aligncenter uagb-block-qy2ie9dr wp-block-uagb-image--layout-default wp-block-uagb-image--effect-static wp-block-uagb-image--align-center alignleft\"><figure class=\"wp-block-uagb-image__figure\"><img decoding=\"async\" srcset=\"https:\/\/celplan.com\/wp-content\/uploads\/2024\/07\/measuring-5G-1024x683.jpg ,https:\/\/celplan.com\/wp-content\/uploads\/2024\/07\/measuring-5G-scaled.jpg 780w, https:\/\/celplan.com\/wp-content\/uploads\/2024\/07\/measuring-5G-scaled.jpg 360w\" sizes=\"auto, (max-width: 480px) 150px\" src=\"https:\/\/celplan.com\/wp-content\/uploads\/2024\/07\/measuring-5G-1024x683.jpg\" alt=\"\" class=\"uag-image-1924\" width=\"564\" height=\"400\" title=\"5G\" loading=\"lazy\" role=\"img\"\/><\/figure><\/div>\n\n\n\n<div class=\"wp-block-uagb-info-box uagb-block-ggyz8qhr uagb-infobox__content-wrap  uagb-infobox-icon-above-title uagb-infobox-image-valign-top\"><div class=\"uagb-ifb-content\"><div class=\"uagb-ifb-title-wrap\"><h3 class=\"uagb-ifb-title\">Pruebas de red<\/h3><\/div><p class=\"uagb-ifb-desc\">Probar el rendimiento de las redes de datos, ya sean cableadas o inal\u00e1mbricas, es crucial para garantizar una funcionalidad y una experiencia de usuario \u00f3ptimas en el mundo interconectado de hoy. Al evaluar sistem\u00e1ticamente varios aspectos del rendimiento de la red, las organizaciones pueden identificar cuellos de botella, ineficiencias y posibles puntos de falla antes de que afecten a los usuarios finales o a las operaciones cr\u00edticas. Este enfoque proactivo permite optimizar, planificar la capacidad y solucionar problemas de manera oportuna, lo que en \u00faltima instancia conduce a una mayor confiabilidad, velocidad y calidad general del servicio. Adem\u00e1s, las pruebas de rendimiento peri\u00f3dicas ayudan a las organizaciones a cumplir con los acuerdos de nivel de servicio (SLA) y los est\u00e1ndares de la industria, lo que es particularmente importante en sectores donde la confiabilidad de la red es primordial, como las finanzas, la atenci\u00f3n m\u00e9dica y los servicios de emergencia.<br><br>En una era en la que la transformaci\u00f3n digital avanza r\u00e1pidamente, no se puede exagerar la importancia de un rendimiento s\u00f3lido de la red. A medida que las empresas dependen cada vez m\u00e1s de los servicios en la nube, las soluciones de trabajo remoto y las aplicaciones que hacen un uso intensivo de los datos, incluso los problemas menores de la red pueden provocar p\u00e9rdidas significativas de productividad e insatisfacci\u00f3n de los clientes. Al implementar estrategias integrales de prueba del rendimiento de la red, las organizaciones pueden asegurarse de que su infraestructura pueda manejar las demandas actuales y, al mismo tiempo, prepararse para el crecimiento futuro y los avances tecnol\u00f3gicos. Esta previsi\u00f3n no solo ayuda a mantener una ventaja competitiva, sino que tambi\u00e9n contribuye al ahorro de costos al evitar actualizaciones innecesarias y reducir los gastos relacionados con el tiempo de inactividad. En \u00faltima instancia, una red bien probada y optimizada constituye la columna vertebral de las operaciones eficientes, la comunicaci\u00f3n fluida y la innovaci\u00f3n en la era digital.<\/p><\/div><\/div>\n<\/div>\n\n\n\n<div class=\"wp-block-uagb-container uagb-block-lxteyfrt\">\n<div class=\"wp-block-uagb-info-box uagb-block-79ijmjmt uagb-infobox__content-wrap  uagb-infobox-icon-above-title uagb-infobox-image-valign-top\"><div class=\"uagb-ifb-content\"><div class=\"uagb-ifb-title-wrap\"><h3 class=\"uagb-ifb-title\">Las herramientas adecuadas para el trabajo<\/h3><\/div><p class=\"uagb-ifb-desc\">CelPlan ofrece un conjunto completo de herramientas para medir y analizar el rendimiento de la red, siendo CellProbe y CellScanner dos componentes clave. CellProbe proporciona varias capacidades de an\u00e1lisis de red, que incluyen medici\u00f3n de rendimiento, an\u00e1lisis de paquetes, monitoreo de latencia y recopilaci\u00f3n de datos SNMP. Puede realizar pruebas de rendimiento en la vida real, medir el rendimiento m\u00e1ximo y espec\u00edfico de la aplicaci\u00f3n, y realizar evaluaciones de rendimiento de enlaces para el tr\u00e1fico TCP y UDP. CellProbe tambi\u00e9n incluye un esc\u00e1ner de paquetes, que aprovecha Wireshark para un an\u00e1lisis detallado del protocolo, as\u00ed como un monitor de ping para evaluar la latencia y la conectividad de la red. Es importante destacar que CellProbe puede asociar todas estas mediciones con coordenadas GPS, lo que permite obtener datos de rendimiento mapeados geogr\u00e1ficamente. Esto permite a los operadores de red identificar problemas espec\u00edficos de la ubicaci\u00f3n y tendencias en el rendimiento de la red.<br><br>CellScanner complementa a CellProbe al proporcionar un an\u00e1lisis de RF detallado en m\u00faltiples tecnolog\u00edas celulares, incluidas GSM, UMTS, LTE y 5G. Puede escanear simult\u00e1neamente m\u00faltiples canales y tecnolog\u00edas, registrando datos de pruebas de conducci\u00f3n con coordenadas geogr\u00e1ficas asociadas. CellScanner mide par\u00e1metros de RF clave como la intensidad de la se\u00f1al, la calidad y los niveles de interferencia. Cuando se combina con las m\u00e9tricas de rendimiento de capa superior de CellProbe, esto brinda una vista integral del rendimiento de la red desde la capa f\u00edsica hasta la capa de aplicaci\u00f3n.<br><br>La capacidad de correlacionar las condiciones de RF con el rendimiento, la latencia y otros indicadores de rendimiento permite una optimizaci\u00f3n y resoluci\u00f3n de problemas integrales. En conjunto, estas herramientas permiten a los operadores de red recopilar datos de rendimiento detallados basados \u200b\u200ben la ubicaci\u00f3n que se pueden utilizar para identificar \u00e1reas de mejora, validar cambios en la red y garantizar una experiencia de usuario de alta calidad en toda su \u00e1rea de cobertura.de conducci\u00f3n con coordenadas geogr\u00e1ficas asociadas. CellScanner mide par\u00e1metros de RF clave como la intensidad de la se\u00f1al, la calidad y los niveles de interferencia. Cuando se combina con las m\u00e9tricas de rendimiento de capa superior de CellProbe, esto brinda una vista integral del rendimiento de la red desde la capa f\u00edsica hasta la capa de aplicaci\u00f3n.<\/p><\/div><\/div>\n\n\n\n<div class=\"wp-block-uagb-image aligncenter uagb-block-zlzeflwe wp-block-uagb-image--layout-default wp-block-uagb-image--effect-static wp-block-uagb-image--align-center alignleft\"><figure class=\"wp-block-uagb-image__figure\"><img decoding=\"async\" srcset=\"https:\/\/celplan.com\/wp-content\/uploads\/2024\/07\/Image-CellWireless-07-1024x819.png ,https:\/\/celplan.com\/wp-content\/uploads\/2024\/07\/Image-CellWireless-07.png 780w, https:\/\/celplan.com\/wp-content\/uploads\/2024\/07\/Image-CellWireless-07.png 360w\" sizes=\"auto, (max-width: 480px) 150px\" src=\"https:\/\/celplan.com\/wp-content\/uploads\/2024\/07\/Image-CellWireless-07-1024x819.png\" alt=\"\" class=\"uag-image-1845\" width=\"564\" height=\"400\" title=\"Image CellWireless 07\" loading=\"lazy\" role=\"img\"\/><\/figure><\/div>\n<\/div>\n<\/div><\/div>","protected":false},"excerpt":{"rendered":"","protected":false},"author":2,"featured_media":0,"parent":0,"menu_order":0,"comment_status":"closed","ping_status":"closed","template":"","meta":{"_uag_custom_page_level_css":"","_monsterinsights_skip_tracking":false,"_monsterinsights_sitenote_active":false,"_monsterinsights_sitenote_note":"","_monsterinsights_sitenote_category":0,"site-sidebar-layout":"no-sidebar","site-content-layout":"","ast-site-content-layout":"full-width-container","site-content-style":"unboxed","site-sidebar-style":"unboxed","ast-global-header-display":"","ast-banner-title-visibility":"","ast-main-header-display":"","ast-hfb-above-header-display":"","ast-hfb-below-header-display":"","ast-hfb-mobile-header-display":"","site-post-title":"disabled","ast-breadcrumbs-content":"","ast-featured-img":"","footer-sml-layout":"","ast-disable-related-posts":"","theme-transparent-header-meta":"","adv-header-id-meta":"","stick-header-meta":"","header-above-stick-meta":"","header-main-stick-meta":"","header-below-stick-meta":"","astra-migrate-meta-layouts":"set","ast-page-background-enabled":"default","ast-page-background-meta":{"desktop":{"background-color":"var(--ast-global-color-4)","background-image":"","background-repeat":"repeat","background-position":"center center","background-size":"auto","background-attachment":"scroll","background-type":"","background-media":"","overlay-type":"","overlay-color":"","overlay-opacity":"","overlay-gradient":""},"tablet":{"background-color":"","background-image":"","background-repeat":"repeat","background-position":"center center","background-size":"auto","background-attachment":"scroll","background-type":"","background-media":"","overlay-type":"","overlay-color":"","overlay-opacity":"","overlay-gradient":""},"mobile":{"background-color":"","background-image":"","background-repeat":"repeat","background-position":"center center","background-size":"auto","background-attachment":"scroll","background-type":"","background-media":"","overlay-type":"","overlay-color":"","overlay-opacity":"","overlay-gradient":""}},"ast-content-background-meta":{"desktop":{"background-color":"var(--ast-global-color-5)","background-image":"","background-repeat":"repeat","background-position":"center center","background-size":"auto","background-attachment":"scroll","background-type":"","background-media":"","overlay-type":"","overlay-color":"","overlay-opacity":"","overlay-gradient":""},"tablet":{"background-color":"var(--ast-global-color-5)","background-image":"","background-repeat":"repeat","background-position":"center center","background-size":"auto","background-attachment":"scroll","background-type":"","background-media":"","overlay-type":"","overlay-color":"","overlay-opacity":"","overlay-gradient":""},"mobile":{"background-color":"var(--ast-global-color-5)","background-image":"","background-repeat":"repeat","background-position":"center center","background-size":"auto","background-attachment":"scroll","background-type":"","background-media":"","overlay-type":"","overlay-color":"","overlay-opacity":"","overlay-gradient":""}},"footnotes":""},"class_list":["post-1095","page","type-page","status-publish","hentry"],"aioseo_notices":[],"uagb_featured_image_src":{"full":false,"thumbnail":false,"medium":false,"medium_large":false,"large":false,"1536x1536":false,"2048x2048":false,"trp-custom-language-flag":false},"uagb_author_info":{"display_name":"Cristine Korowajczuk","author_link":"https:\/\/celplan.com\/es\/author\/cris_en\/"},"uagb_comment_info":0,"uagb_excerpt":null,"_links":{"self":[{"href":"https:\/\/celplan.com\/es\/wp-json\/wp\/v2\/pages\/1095","targetHints":{"allow":["GET"]}}],"collection":[{"href":"https:\/\/celplan.com\/es\/wp-json\/wp\/v2\/pages"}],"about":[{"href":"https:\/\/celplan.com\/es\/wp-json\/wp\/v2\/types\/page"}],"author":[{"embeddable":true,"href":"https:\/\/celplan.com\/es\/wp-json\/wp\/v2\/users\/2"}],"replies":[{"embeddable":true,"href":"https:\/\/celplan.com\/es\/wp-json\/wp\/v2\/comments?post=1095"}],"version-history":[{"count":16,"href":"https:\/\/celplan.com\/es\/wp-json\/wp\/v2\/pages\/1095\/revisions"}],"predecessor-version":[{"id":1985,"href":"https:\/\/celplan.com\/es\/wp-json\/wp\/v2\/pages\/1095\/revisions\/1985"}],"wp:attachment":[{"href":"https:\/\/celplan.com\/es\/wp-json\/wp\/v2\/media?parent=1095"}],"curies":[{"name":"wp","href":"https:\/\/api.w.org\/{rel}","templated":true}]}}