{"id":1097,"date":"2024-07-03T18:31:43","date_gmt":"2024-07-03T18:31:43","guid":{"rendered":"https:\/\/celplan.com\/?page_id=1097"},"modified":"2024-08-22T14:12:09","modified_gmt":"2024-08-22T14:12:09","slug":"training_development_programs","status":"publish","type":"page","link":"https:\/\/celplan.com\/es\/training_development_programs\/","title":{"rendered":"Programas de formaci\u00f3n y desarrollo"},"content":{"rendered":"<div class=\"wp-block-uagb-container uagb-block-eghuxq0k alignfull uagb-is-root-container\"><div class=\"uagb-container-inner-blocks-wrap\">\n<div class=\"wp-block-uagb-info-box uagb-block-z9doniw9 uagb-infobox__content-wrap  uagb-infobox-icon-above-title uagb-infobox-image-valign-top\"><div class=\"uagb-ifb-content\"><div class=\"uagb-ifb-title-wrap\"><h1 class=\"uagb-ifb-title\">Programas de formaci\u00f3n y desarrollo<\/h1><\/div><\/div><\/div>\n<\/div><\/div>\n\n\n\n<div class=\"wp-block-uagb-container uagb-block-eidebwjs alignfull uagb-is-root-container\"><div class=\"uagb-container-inner-blocks-wrap\">\n<div class=\"wp-block-uagb-container uagb-block-ntavs5ha\">\n<div class=\"wp-block-uagb-image aligncenter uagb-block-qy2ie9dr wp-block-uagb-image--layout-default wp-block-uagb-image--effect-static wp-block-uagb-image--align-center alignleft\"><figure class=\"wp-block-uagb-image__figure\"><img decoding=\"async\" srcset=\"https:\/\/celplan.com\/wp-content\/uploads\/2024\/07\/training-1024x430.jpg ,https:\/\/celplan.com\/wp-content\/uploads\/2024\/07\/training-scaled.jpg 780w, https:\/\/celplan.com\/wp-content\/uploads\/2024\/07\/training-scaled.jpg 360w\" sizes=\"auto, (max-width: 480px) 150px\" src=\"https:\/\/celplan.com\/wp-content\/uploads\/2024\/07\/training-1024x430.jpg\" alt=\"\" class=\"uag-image-1925\" width=\"564\" height=\"400\" title=\"training\" loading=\"lazy\" role=\"img\"\/><\/figure><\/div>\n\n\n\n<div class=\"wp-block-uagb-info-box uagb-block-ggyz8qhr uagb-infobox__content-wrap  uagb-infobox-icon-above-title uagb-infobox-image-valign-top\"><div class=\"uagb-ifb-content\"><div class=\"uagb-ifb-title-wrap\"><\/div><p class=\"uagb-ifb-desc\">CelPlan ofrece un programa de capacitaci\u00f3n integral y diverso que cubre varios aspectos de los sistemas de comunicaci\u00f3n inal\u00e1mbrica y planificaci\u00f3n de redes, con cursos que van desde clases de nivel introductorio sobre conceptos b\u00e1sicos de comunicaci\u00f3n inal\u00e1mbrica hasta temas avanzados en tecnolog\u00edas espec\u00edficas.<br><br>CelPlan tambi\u00e9n ofrece capacitaci\u00f3n sobre nuestro paquete de software de dise\u00f1o de redes, incluido CelPlanner, que se utiliza para la planificaci\u00f3n de sistemas inal\u00e1mbricos, planificaci\u00f3n de sistemas punto-multipunto y planificaci\u00f3n de enlaces de microondas. <br><br>CelPlan tambi\u00e9n ofrece cursos sobre aspectos pr\u00e1cticos del dise\u00f1o y optimizaci\u00f3n de redes, como mediciones de nivel de se\u00f1al, calibraci\u00f3n de modelos de predicci\u00f3n y an\u00e1lisis y estudio de sistemas reales.<\/p><\/div><\/div>\n<\/div>\n\n\n\n<div class=\"wp-block-uagb-container uagb-block-lxteyfrt\">\n<div class=\"wp-block-uagb-info-box uagb-block-79ijmjmt uagb-infobox__content-wrap  uagb-infobox-icon-above-title uagb-infobox-image-valign-top\"><div class=\"uagb-ifb-content\"><div class=\"uagb-ifb-title-wrap\"><\/div><p class=\"uagb-ifb-desc\">El programa de capacitaci\u00f3n est\u00e1 dise\u00f1ado para atender a distintos niveles de audiencia, desde gerentes y administradores hasta ingenieros y t\u00e9cnicos. Los cursos se pueden personalizar para satisfacer las necesidades espec\u00edficas de los clientes y se pueden realizar en las instalaciones de CelPlan, en las instalaciones de los clientes o en universidades. CelPlan hace hincapi\u00e9 en el aprendizaje pr\u00e1ctico y, a menudo, incorpora ejercicios pr\u00e1cticos y estudios de casos en sus cursos.<br><br>Celplan tambi\u00e9n ofrece sesiones de capacitaci\u00f3n gratuitas para nuevas versiones de software para garantizar que los clientes puedan aprovechar al m\u00e1ximo las nuevas funciones. <br><br>Adem\u00e1s, CelPlan ofrece cursos especializados en tecnolog\u00edas emergentes como IoT y 5G, as\u00ed como sesiones enfocadas en aspectos espec\u00edficos del dise\u00f1o de redes como redes de \u00e1rea de campo para servicios p\u00fablicos.<\/p><\/div><\/div>\n\n\n\n<div class=\"wp-block-uagb-image aligncenter uagb-block-zlzeflwe wp-block-uagb-image--layout-default wp-block-uagb-image--effect-static wp-block-uagb-image--align-center alignleft\"><figure class=\"wp-block-uagb-image__figure\"><img decoding=\"async\" srcset=\"https:\/\/celplan.com\/wp-content\/uploads\/2024\/07\/consultant-cloud-1024x683.jpg ,https:\/\/celplan.com\/wp-content\/uploads\/2024\/07\/consultant-cloud-scaled.jpg 780w, https:\/\/celplan.com\/wp-content\/uploads\/2024\/07\/consultant-cloud-scaled.jpg 360w\" sizes=\"auto, (max-width: 480px) 150px\" src=\"https:\/\/celplan.com\/wp-content\/uploads\/2024\/07\/consultant-cloud-1024x683.jpg\" alt=\"\" class=\"uag-image-1935\" width=\"564\" height=\"400\" title=\"Consulting\" loading=\"lazy\" role=\"img\"\/><\/figure><\/div>\n<\/div>\n\n\n\n<p>Comun\u00edquese con CelPlan hoy para explorar nuestro cat\u00e1logo integral de cursos de capacitaci\u00f3n o para analizar soluciones de aprendizaje personalizadas adaptadas a los requisitos espec\u00edficos de su equipo.<\/p>\n<\/div><\/div>","protected":false},"excerpt":{"rendered":"<p>Comun\u00edquese con CelPlan hoy para explorar nuestro cat\u00e1logo integral de cursos de capacitaci\u00f3n o para analizar soluciones de aprendizaje personalizadas adaptadas a los requisitos espec\u00edficos de su equipo.<\/p>","protected":false},"author":2,"featured_media":0,"parent":0,"menu_order":0,"comment_status":"closed","ping_status":"closed","template":"","meta":{"_uag_custom_page_level_css":"","_monsterinsights_skip_tracking":false,"_monsterinsights_sitenote_active":false,"_monsterinsights_sitenote_note":"","_monsterinsights_sitenote_category":0,"site-sidebar-layout":"no-sidebar","site-content-layout":"","ast-site-content-layout":"full-width-container","site-content-style":"unboxed","site-sidebar-style":"unboxed","ast-global-header-display":"","ast-banner-title-visibility":"","ast-main-header-display":"","ast-hfb-above-header-display":"","ast-hfb-below-header-display":"","ast-hfb-mobile-header-display":"","site-post-title":"disabled","ast-breadcrumbs-content":"","ast-featured-img":"","footer-sml-layout":"","ast-disable-related-posts":"","theme-transparent-header-meta":"","adv-header-id-meta":"","stick-header-meta":"","header-above-stick-meta":"","header-main-stick-meta":"","header-below-stick-meta":"","astra-migrate-meta-layouts":"set","ast-page-background-enabled":"default","ast-page-background-meta":{"desktop":{"background-color":"var(--ast-global-color-4)","background-image":"","background-repeat":"repeat","background-position":"center center","background-size":"auto","background-attachment":"scroll","background-type":"","background-media":"","overlay-type":"","overlay-color":"","overlay-opacity":"","overlay-gradient":""},"tablet":{"background-color":"","background-image":"","background-repeat":"repeat","background-position":"center center","background-size":"auto","background-attachment":"scroll","background-type":"","background-media":"","overlay-type":"","overlay-color":"","overlay-opacity":"","overlay-gradient":""},"mobile":{"background-color":"","background-image":"","background-repeat":"repeat","background-position":"center center","background-size":"auto","background-attachment":"scroll","background-type":"","background-media":"","overlay-type":"","overlay-color":"","overlay-opacity":"","overlay-gradient":""}},"ast-content-background-meta":{"desktop":{"background-color":"var(--ast-global-color-5)","background-image":"","background-repeat":"repeat","background-position":"center center","background-size":"auto","background-attachment":"scroll","background-type":"","background-media":"","overlay-type":"","overlay-color":"","overlay-opacity":"","overlay-gradient":""},"tablet":{"background-color":"var(--ast-global-color-5)","background-image":"","background-repeat":"repeat","background-position":"center center","background-size":"auto","background-attachment":"scroll","background-type":"","background-media":"","overlay-type":"","overlay-color":"","overlay-opacity":"","overlay-gradient":""},"mobile":{"background-color":"var(--ast-global-color-5)","background-image":"","background-repeat":"repeat","background-position":"center center","background-size":"auto","background-attachment":"scroll","background-type":"","background-media":"","overlay-type":"","overlay-color":"","overlay-opacity":"","overlay-gradient":""}},"footnotes":""},"class_list":["post-1097","page","type-page","status-publish","hentry"],"aioseo_notices":[],"uagb_featured_image_src":{"full":false,"thumbnail":false,"medium":false,"medium_large":false,"large":false,"1536x1536":false,"2048x2048":false,"trp-custom-language-flag":false},"uagb_author_info":{"display_name":"Cristine Korowajczuk","author_link":"https:\/\/celplan.com\/es\/author\/cris_en\/"},"uagb_comment_info":0,"uagb_excerpt":"Contact CelPlan today to explore our comprehensive catalog of training courses or to discuss customized learning solutions tailored to your team&#8217;s specific requirements.","_links":{"self":[{"href":"https:\/\/celplan.com\/es\/wp-json\/wp\/v2\/pages\/1097","targetHints":{"allow":["GET"]}}],"collection":[{"href":"https:\/\/celplan.com\/es\/wp-json\/wp\/v2\/pages"}],"about":[{"href":"https:\/\/celplan.com\/es\/wp-json\/wp\/v2\/types\/page"}],"author":[{"embeddable":true,"href":"https:\/\/celplan.com\/es\/wp-json\/wp\/v2\/users\/2"}],"replies":[{"embeddable":true,"href":"https:\/\/celplan.com\/es\/wp-json\/wp\/v2\/comments?post=1097"}],"version-history":[{"count":7,"href":"https:\/\/celplan.com\/es\/wp-json\/wp\/v2\/pages\/1097\/revisions"}],"predecessor-version":[{"id":2658,"href":"https:\/\/celplan.com\/es\/wp-json\/wp\/v2\/pages\/1097\/revisions\/2658"}],"wp:attachment":[{"href":"https:\/\/celplan.com\/es\/wp-json\/wp\/v2\/media?parent=1097"}],"curies":[{"name":"wp","href":"https:\/\/api.w.org\/{rel}","templated":true}]}}