{"id":1492,"date":"2024-07-10T19:32:05","date_gmt":"2024-07-10T19:32:05","guid":{"rendered":"https:\/\/celplan.com\/?page_id=1492"},"modified":"2024-09-24T22:31:26","modified_gmt":"2024-09-24T22:31:26","slug":"celldesigner","status":"publish","type":"page","link":"https:\/\/celplan.com\/es\/celldesigner\/","title":{"rendered":"CellDesigner"},"content":{"rendered":"<div class=\"wp-block-uagb-container uagb-block-eghuxq0k alignfull uagb-is-root-container\"><div class=\"uagb-container-inner-blocks-wrap\">\n<div class=\"wp-block-uagb-info-box uagb-block-z9doniw9 uagb-infobox__content-wrap  uagb-infobox-icon-above-title uagb-infobox-image-valign-top\"><div class=\"uagb-ifb-content\"><div class=\"uagb-ifb-title-wrap\"><h1 class=\"uagb-ifb-title\">CellDesigner<\/h1><\/div><\/div><\/div>\n<\/div><\/div>\n\n\n\n<p><\/p>\n\n\n\n<p><\/p>\n\n\n\n<div class=\"wp-block-uagb-container uagb-block-eidebwjs alignfull uagb-is-root-container\"><div class=\"uagb-container-inner-blocks-wrap\">\n<h2 class=\"wp-block-heading\">Presentamos CellDesigner 14: la soluci\u00f3n integral para el dise\u00f1o de redes inal\u00e1mbricas<\/h2>\n\n\n\n<div class=\"wp-block-uagb-container uagb-block-ntavs5ha\">\n<div class=\"wp-block-uagb-image aligncenter uagb-block-qy2ie9dr wp-block-uagb-image--layout-default wp-block-uagb-image--effect-static wp-block-uagb-image--align-center alignleft\"><figure class=\"wp-block-uagb-image__figure\"><img decoding=\"async\" srcset=\"https:\/\/celplan.com\/wp-content\/uploads\/2024\/07\/morfologia-out-1-1024x632.jpg ,https:\/\/celplan.com\/wp-content\/uploads\/2024\/07\/morfologia-out-1.jpg 780w, https:\/\/celplan.com\/wp-content\/uploads\/2024\/07\/morfologia-out-1.jpg 360w\" sizes=\"auto, (max-width: 480px) 150px\" src=\"https:\/\/celplan.com\/wp-content\/uploads\/2024\/07\/morfologia-out-1-1024x632.jpg\" alt=\"\" class=\"uag-image-1441\" width=\"564\" height=\"400\" title=\"Clutter\" loading=\"lazy\" role=\"img\"\/><\/figure><\/div>\n\n\n\n<div class=\"wp-block-uagb-container uagb-block-64a73f6b\">\n<div class=\"wp-block-uagb-info-box uagb-block-ggyz8qhr uagb-infobox__content-wrap  uagb-infobox-icon-above-title uagb-infobox-image-valign-top\"><div class=\"uagb-ifb-content\"><div class=\"uagb-ifb-title-wrap\"><h3 class=\"uagb-ifb-title\">CellDesigner 14<\/h3><\/div><p class=\"uagb-ifb-desc\">CellDesigner 14, desarrollado por CelPlan Technologies, es la respuesta definitiva a los complejos desaf\u00edos de dise\u00f1o de redes inal\u00e1mbricas de la actualidad. Este potente paquete de software permite a las empresas de servicios p\u00fablicos y a las empresas crear, validar y optimizar redes inal\u00e1mbricas de misi\u00f3n cr\u00edtica con una precisi\u00f3n y una eficiencia incomparables.<br><br>The CellDesigner Suite comprises several integrated tools:<\/p><\/div><\/div>\n\n\n\n<ul class=\"wp-block-list\">\n<li>CelPlanner: el m\u00f3dulo principal para modelado de red, an\u00e1lisis de cobertura e interferencias y simulaci\u00f3n de tr\u00e1fico.<\/li>\n\n\n\n<li>CellNetwork: Especializada en planificaci\u00f3n de backhaul.<\/li>\n\n\n\n<li>CellPerformance: maneja la integraci\u00f3n de datos de medici\u00f3n de campo, planificaci\u00f3n autom\u00e1tica de celdas (ACP), planificaci\u00f3n autom\u00e1tica de frecuencias y recursos (AFP) y visualizaci\u00f3n de hiperventanas para an\u00e1lisis de datos en profundidad.<\/li>\n\n\n\n<li>CelData: Proporciona capacidades de edici\u00f3n de bases de datos SIG.<\/li>\n<\/ul>\n<\/div>\n<\/div>\n\n\n\n<div class=\"wp-block-uagb-container uagb-block-lxteyfrt\">\n<div class=\"wp-block-uagb-container uagb-block-04db481e\">\n<div class=\"wp-block-uagb-info-box uagb-block-79ijmjmt uagb-infobox__content-wrap  uagb-infobox-icon-above-title uagb-infobox-image-valign-top\"><div class=\"uagb-ifb-content\"><div class=\"uagb-ifb-title-wrap\"><h3 class=\"uagb-ifb-title\">Ventajas clave<\/h3><\/div><\/div><\/div>\n\n\n\n<ul class=\"wp-block-list\">\n<li>CelPlanner Suite, que ofrece compatibilidad con tecnolog\u00edas inigualables, desde WiFi 6.0 y LTE hasta 5G-NR y m\u00e1s, integra a la perfecci\u00f3n est\u00e1ndares inal\u00e1mbricos tanto antiguos como de vanguardia. Es compatible con sistemas especializados como AEROMACS, PMR\/LMR (P25, Tetra), LPWAN\/MESH (LoRa, SigFox) e incluso sistemas de video y sat\u00e9lite (DVB-H\/SH).<\/li>\n\n\n\n<li>Flexibilidad independiente del proveedor Modele m\u00faltiples tecnolog\u00edas inal\u00e1mbricas con facilidad, incluidos 5G, 4G-LTE, 3G, 2G y varios sistemas heredados.<\/li>\n\n\n\n<li>Integraci\u00f3n SIG avanzada Nuestro sistema de informaci\u00f3n geogr\u00e1fica patentado ofrece soporte de topograf\u00eda, morfolog\u00eda e im\u00e1genes de m\u00faltiples capas para lograr una precisi\u00f3n absoluta en la planificaci\u00f3n de la red.<\/li>\n\n\n\n<li>Modelado de propagaci\u00f3n revolucionario con modelos precisos y avanzados que integran m\u00faltiples tipos de desorden, alturas y capas de resoluci\u00f3n.<\/li>\n\n\n\n<li>Optimizaci\u00f3n de modelos inteligentes Ajuste autom\u00e1ticamente sus modelos utilizando datos del mundo real para lograr una precisi\u00f3n de predicci\u00f3n superior.<\/li>\n\n\n\n<li>An\u00e1lisis integral de m\u00faltiples dispositivos Analice simult\u00e1neamente hasta 32 clases de servicios distintas, que abarcan diversos dispositivos, entornos y configuraciones de servicios.<\/li>\n\n\n\n<li>Dise\u00f1o de topolog\u00eda de red vers\u00e1til Desde redes punto a multipunto hasta redes en malla, CelPlanner Suite lo tiene cubierto, incluido soporte especializado para implementaciones de IoT.<\/li>\n\n\n\n<li>Integraci\u00f3n perfecta de backhaul Planifique y optimice su red de backhaul en perfecta armon\u00eda con su red de acceso.<\/li>\n\n\n\n<li>Herramientas de planificaci\u00f3n de vanguardia Benef\u00edciese de las capacidades de planificaci\u00f3n autom\u00e1tica de frecuencia (AFP) y planificaci\u00f3n autom\u00e1tica de celda (ACP).<\/li>\n\n\n\n<li>Integraci\u00f3n con Google Earth Exporte sitios, puntos finales, enlaces y predicciones para una visualizaci\u00f3n mejorada.<\/li>\n<\/ul>\n<\/div>\n\n\n\n<div class=\"wp-block-uagb-image aligncenter uagb-block-zlzeflwe wp-block-uagb-image--layout-default wp-block-uagb-image--effect-static wp-block-uagb-image--align-center alignleft\"><figure class=\"wp-block-uagb-image__figure\"><img decoding=\"async\" srcset=\"https:\/\/celplan.com\/wp-content\/uploads\/2024\/07\/endpoints-with-coverage-celplanner.png ,https:\/\/celplan.com\/wp-content\/uploads\/2024\/07\/endpoints-with-coverage-celplanner.png 780w, https:\/\/celplan.com\/wp-content\/uploads\/2024\/07\/endpoints-with-coverage-celplanner.png 360w\" sizes=\"auto, (max-width: 480px) 150px\" src=\"https:\/\/celplan.com\/wp-content\/uploads\/2024\/07\/endpoints-with-coverage-celplanner.png\" alt=\"\" class=\"uag-image-1777\" width=\"564\" height=\"400\" title=\"Network Design\" loading=\"lazy\" role=\"img\"\/><\/figure><\/div>\n<\/div>\n\n\n\n<div class=\"wp-block-uagb-container uagb-block-ttogtouf\">\n<div class=\"wp-block-uagb-image aligncenter uagb-block-n3cxnlie wp-block-uagb-image--layout-default wp-block-uagb-image--effect-static wp-block-uagb-image--align-center alignleft\"><figure class=\"wp-block-uagb-image__figure\"><img decoding=\"async\" srcset=\"https:\/\/celplan.com\/wp-content\/uploads\/2024\/07\/Imagem2.png ,https:\/\/celplan.com\/wp-content\/uploads\/2024\/07\/Imagem2.png 780w, https:\/\/celplan.com\/wp-content\/uploads\/2024\/07\/Imagem2.png 360w\" sizes=\"auto, (max-width: 480px) 150px\" src=\"https:\/\/celplan.com\/wp-content\/uploads\/2024\/07\/Imagem2.png\" alt=\"\" class=\"uag-image-1304\" width=\"564\" height=\"400\" title=\"Productos\" loading=\"lazy\" role=\"img\"\/><\/figure><\/div>\n\n\n\n<div class=\"wp-block-uagb-container uagb-block-411af41a\">\n<div class=\"wp-block-uagb-info-box uagb-block-ujtuildy uagb-infobox__content-wrap  uagb-infobox-icon-above-title uagb-infobox-image-valign-top\"><div class=\"uagb-ifb-content\"><div class=\"uagb-ifb-title-wrap\"><h3 class=\"uagb-ifb-title\">Plataforma \u00danica<\/h3><\/div><p class=\"uagb-ifb-desc\"><br><\/p><\/div><\/div>\n\n\n\n<ul class=\"wp-block-list\">\n<li>Realizaci\u00f3n de estudios de viabilidad exhaustivos<\/li>\n\n\n\n<li>Dise\u00f1o de redes en \u00e1reas verdes<\/li>\n\n\n\n<li>Ampliaci\u00f3n de la infraestructura existente<\/li>\n\n\n\n<li>Realizar an\u00e1lisis de costo-beneficio de diferentes escenarios de red<\/li>\n<\/ul>\n\n\n\n<p>La suite es compatible con todas las bandas de frecuencia, desde las espec\u00edficas de los est\u00e1ndares hasta las bandas recientemente disponibles para redes comerciales, como CBRS, TVWS y C-Band. Con su s\u00f3lido an\u00e1lisis de cobertura e interferencias, herramientas de planificaci\u00f3n de capacidad y capacidades de generaci\u00f3n de informes detallados, CelPlanner Suite 14 garantiza que tome decisiones informadas en cada paso del proceso de dise\u00f1o de su red.<\/p>\n<\/div>\n<\/div>\n\n\n\n<p>Experimente el futuro de la planificaci\u00f3n de redes inal\u00e1mbricas. Elija CelPlanner Suite 14: donde la innovaci\u00f3n se combina con la confiabilidad en un entorno independiente del proveedor.<\/p>\n<\/div><\/div>","protected":false},"excerpt":{"rendered":"<p>Introducing CellDesigner 14: The Comprehensive Wireless Network Design Solution The suite supports all frequency bands, from standard-specific to newly available bands for commercial networks such as CBRS, TVWS, and C-Band. With its robust coverage and interference analysis, capacity planning tools, and detailed reporting capabilities, CelPlanner Suite 14 ensures you make informed decisions at every step [&hellip;]<\/p>\n","protected":false},"author":2,"featured_media":0,"parent":0,"menu_order":0,"comment_status":"closed","ping_status":"closed","template":"","meta":{"_uag_custom_page_level_css":"","_monsterinsights_skip_tracking":false,"_monsterinsights_sitenote_active":false,"_monsterinsights_sitenote_note":"","_monsterinsights_sitenote_category":0,"site-sidebar-layout":"no-sidebar","site-content-layout":"","ast-site-content-layout":"full-width-container","site-content-style":"unboxed","site-sidebar-style":"unboxed","ast-global-header-display":"","ast-banner-title-visibility":"","ast-main-header-display":"","ast-hfb-above-header-display":"","ast-hfb-below-header-display":"","ast-hfb-mobile-header-display":"","site-post-title":"disabled","ast-breadcrumbs-content":"","ast-featured-img":"","footer-sml-layout":"","ast-disable-related-posts":"","theme-transparent-header-meta":"","adv-header-id-meta":"","stick-header-meta":"","header-above-stick-meta":"","header-main-stick-meta":"","header-below-stick-meta":"","astra-migrate-meta-layouts":"set","ast-page-background-enabled":"default","ast-page-background-meta":{"desktop":{"background-color":"var(--ast-global-color-4)","background-image":"","background-repeat":"repeat","background-position":"center center","background-size":"auto","background-attachment":"scroll","background-type":"","background-media":"","overlay-type":"","overlay-color":"","overlay-opacity":"","overlay-gradient":""},"tablet":{"background-color":"","background-image":"","background-repeat":"repeat","background-position":"center center","background-size":"auto","background-attachment":"scroll","background-type":"","background-media":"","overlay-type":"","overlay-color":"","overlay-opacity":"","overlay-gradient":""},"mobile":{"background-color":"","background-image":"","background-repeat":"repeat","background-position":"center center","background-size":"auto","background-attachment":"scroll","background-type":"","background-media":"","overlay-type":"","overlay-color":"","overlay-opacity":"","overlay-gradient":""}},"ast-content-background-meta":{"desktop":{"background-color":"var(--ast-global-color-5)","background-image":"","background-repeat":"repeat","background-position":"center center","background-size":"auto","background-attachment":"scroll","background-type":"","background-media":"","overlay-type":"","overlay-color":"","overlay-opacity":"","overlay-gradient":""},"tablet":{"background-color":"var(--ast-global-color-5)","background-image":"","background-repeat":"repeat","background-position":"center center","background-size":"auto","background-attachment":"scroll","background-type":"","background-media":"","overlay-type":"","overlay-color":"","overlay-opacity":"","overlay-gradient":""},"mobile":{"background-color":"var(--ast-global-color-5)","background-image":"","background-repeat":"repeat","background-position":"center center","background-size":"auto","background-attachment":"scroll","background-type":"","background-media":"","overlay-type":"","overlay-color":"","overlay-opacity":"","overlay-gradient":""}},"footnotes":""},"class_list":["post-1492","page","type-page","status-publish","hentry"],"aioseo_notices":[],"uagb_featured_image_src":{"full":false,"thumbnail":false,"medium":false,"medium_large":false,"large":false,"1536x1536":false,"2048x2048":false,"trp-custom-language-flag":false},"uagb_author_info":{"display_name":"Cristine Korowajczuk","author_link":"https:\/\/celplan.com\/es\/author\/cris_en\/"},"uagb_comment_info":0,"uagb_excerpt":"Introducing CellDesigner 14: The Comprehensive Wireless Network Design Solution The suite supports all frequency bands, from standard-specific to newly available bands for commercial networks such as CBRS, TVWS, and C-Band. With its robust coverage and interference analysis, capacity planning tools, and detailed reporting capabilities, CelPlanner Suite 14 ensures you make informed decisions at every step&hellip;","_links":{"self":[{"href":"https:\/\/celplan.com\/es\/wp-json\/wp\/v2\/pages\/1492","targetHints":{"allow":["GET"]}}],"collection":[{"href":"https:\/\/celplan.com\/es\/wp-json\/wp\/v2\/pages"}],"about":[{"href":"https:\/\/celplan.com\/es\/wp-json\/wp\/v2\/types\/page"}],"author":[{"embeddable":true,"href":"https:\/\/celplan.com\/es\/wp-json\/wp\/v2\/users\/2"}],"replies":[{"embeddable":true,"href":"https:\/\/celplan.com\/es\/wp-json\/wp\/v2\/comments?post=1492"}],"version-history":[{"count":9,"href":"https:\/\/celplan.com\/es\/wp-json\/wp\/v2\/pages\/1492\/revisions"}],"predecessor-version":[{"id":2691,"href":"https:\/\/celplan.com\/es\/wp-json\/wp\/v2\/pages\/1492\/revisions\/2691"}],"wp:attachment":[{"href":"https:\/\/celplan.com\/es\/wp-json\/wp\/v2\/media?parent=1492"}],"curies":[{"name":"wp","href":"https:\/\/api.w.org\/{rel}","templated":true}]}}