{"id":1522,"date":"2024-07-10T20:06:19","date_gmt":"2024-07-10T20:06:19","guid":{"rendered":"https:\/\/celplan.com\/?page_id=1522"},"modified":"2024-08-16T21:34:09","modified_gmt":"2024-08-16T21:34:09","slug":"cellspectrum-plus","status":"publish","type":"page","link":"https:\/\/celplan.com\/es\/cellspectrum-plus\/","title":{"rendered":"CellSpectrum Plus &#8211; spectrum analyzer"},"content":{"rendered":"<div class=\"wp-block-uagb-container uagb-block-eghuxq0k alignfull uagb-is-root-container\"><div class=\"uagb-container-inner-blocks-wrap\">\n<div class=\"wp-block-uagb-info-box uagb-block-z9doniw9 uagb-infobox__content-wrap  uagb-infobox-icon-above-title uagb-infobox-image-valign-top\"><div class=\"uagb-ifb-content\"><div class=\"uagb-ifb-title-wrap\"><h1 class=\"uagb-ifb-title\">CellSpectrum Plus<\/h1><\/div><\/div><\/div>\n<\/div><\/div>\n\n\n\n<div class=\"wp-block-uagb-container uagb-block-eidebwjs alignfull uagb-is-root-container\"><div class=\"uagb-container-inner-blocks-wrap\">\n<div class=\"wp-block-uagb-container uagb-block-ntavs5ha\">\n<div class=\"wp-block-uagb-image alignleft uagb-block-qy2ie9dr wp-block-uagb-image--layout-default wp-block-uagb-image--effect-static wp-block-uagb-image--align-left\"><figure class=\"wp-block-uagb-image__figure\"><img decoding=\"async\" srcset=\"https:\/\/celplan.com\/wp-content\/uploads\/2024\/07\/Spec-Analyzer.png ,https:\/\/celplan.com\/wp-content\/uploads\/2024\/07\/Spec-Analyzer.png 780w, https:\/\/celplan.com\/wp-content\/uploads\/2024\/07\/Spec-Analyzer.png 360w\" sizes=\"auto, (max-width: 480px) 150px\" src=\"https:\/\/celplan.com\/wp-content\/uploads\/2024\/07\/Spec-Analyzer.png\" alt=\"\" class=\"uag-image-1840\" width=\"564\" height=\"400\" title=\"Spec Analyzer\" loading=\"lazy\" role=\"img\"\/><\/figure><\/div>\n\n\n\n<div class=\"wp-block-uagb-container uagb-block-30bbf1ca\">\n<div class=\"wp-block-uagb-info-box uagb-block-ggyz8qhr uagb-infobox__content-wrap  uagb-infobox-icon-above-title uagb-infobox-image-valign-top\"><div class=\"uagb-ifb-content\"><div class=\"uagb-ifb-title-wrap\"><\/div><p class=\"uagb-ifb-desc\">CellSpectrum es un sistema de an\u00e1lisis de espectro de \u00faltima generaci\u00f3n que representa lo m\u00e1s avanzado en tecnolog\u00eda de medici\u00f3n en el sector de las comunicaciones inal\u00e1mbricas.<br><br>Caracter\u00edsticas y capacidades clave:<\/p><\/div><\/div>\n\n\n\n<ul class=\"wp-block-list\">\n<li><strong>Cobertura de frecuencia integral<\/strong>:Abarca desde 9 kHz a 27 GHz, con capacidad de expansi\u00f3n a 40 GHz a trav\u00e9s del convertidor descendente DC40, lo que garantiza la preparaci\u00f3n para las tecnolog\u00edas inal\u00e1mbricas actuales y futuras.<\/li>\n\n\n\n<li><strong>Procesamiento de se\u00f1ales digitales de alto rendimiento<\/strong>:Utilizando un ancho de banda en tiempo real de hasta 100 MHz con digitalizaci\u00f3n de 14 bits, proporcionando una claridad de se\u00f1al y una profundidad de an\u00e1lisis excepcionales.<\/li>\n\n\n\n<li><strong>Aplicaciones vers\u00e1tiles<\/strong>Dise\u00f1ado para limpieza de espectro, an\u00e1lisis de interferencias, optimizaci\u00f3n de red y una amplia variedad de escenarios de pruebas de redes inal\u00e1mbricas.<\/li>\n<\/ul>\n<\/div>\n<\/div>\n\n\n\n<div class=\"wp-block-uagb-container uagb-block-lxteyfrt\">\n<div class=\"wp-block-uagb-container uagb-block-ab14f248\">\n<ul class=\"wp-block-list\">\n<li><strong>Capacidades de medici\u00f3n avanzadas<\/strong>:\n<ul class=\"wp-block-list\">\n<li>Adquisici\u00f3n en tiempo real con registro de espectro geoetiquetado<\/li>\n\n\n\n<li>Concatenaci\u00f3n y visualizaci\u00f3n de m\u00faltiples medidas<\/li>\n\n\n\n<li>Hasta 32 marcadores est\u00e1ticos y 32 din\u00e1micos para un an\u00e1lisis detallado<\/li>\n<\/ul>\n<\/li>\n\n\n\n<li><strong>Flexibilidad operativa sin igual<\/strong>:Admite tanto control local a trav\u00e9s de conexi\u00f3n Ethernet como operaci\u00f3n remota, adapt\u00e1ndose a diversos entornos operativos.<\/li>\n\n\n\n<li><strong>Mediciones simult\u00e1neas multibanda<\/strong>:Capacidad \u00fanica para realizar mediciones simult\u00e1neas en diferentes bandas de frecuencia, lo que garantiza una precisi\u00f3n y una eficiencia operativa inigualables.<\/li>\n\n\n\n<li><strong>Funcionalidad GPS integrada<\/strong>:Permite la georreferenciaci\u00f3n precisa de mediciones, fundamental para aplicaciones que requieren datos de ubicaci\u00f3n exactos y an\u00e1lisis de campo.<\/li>\n\n\n\n<li><strong>Dise\u00f1o port\u00e1til y robusto<\/strong>:Construcci\u00f3n liviana con bajo consumo de energ\u00eda, compatible con las regulaciones de equipaje de mano de las aerol\u00edneas, lo que facilita el transporte y el despliegue en campo.<\/li>\n<\/ul>\n<\/div>\n\n\n\n<div class=\"wp-block-uagb-image aligncenter uagb-block-zlzeflwe wp-block-uagb-image--layout-default wp-block-uagb-image--effect-static wp-block-uagb-image--align-center alignleft\"><figure class=\"wp-block-uagb-image__figure\"><img decoding=\"async\" srcset=\"https:\/\/celplan.com\/wp-content\/uploads\/2024\/07\/Carro6-1024x471.jpg ,https:\/\/celplan.com\/wp-content\/uploads\/2024\/07\/Carro6.jpg 780w, https:\/\/celplan.com\/wp-content\/uploads\/2024\/07\/Carro6.jpg 360w\" sizes=\"auto, (max-width: 480px) 150px\" src=\"https:\/\/celplan.com\/wp-content\/uploads\/2024\/07\/Carro6-1024x471.jpg\" alt=\"\" class=\"uag-image-1835\" width=\"564\" height=\"400\" title=\"Car\" loading=\"lazy\" role=\"img\"\/><\/figure><\/div>\n<\/div>\n\n\n\n<div class=\"wp-block-uagb-container uagb-block-ttogtouf\">\n<div class=\"wp-block-uagb-image alignleft uagb-block-n3cxnlie wp-block-uagb-image--layout-default wp-block-uagb-image--effect-static wp-block-uagb-image--align-left\"><figure class=\"wp-block-uagb-image__figure\"><img decoding=\"async\" srcset=\"https:\/\/celplan.com\/wp-content\/uploads\/2024\/07\/CelScanner-in-Suitcase.jpg ,https:\/\/celplan.com\/wp-content\/uploads\/2024\/07\/CelScanner-in-Suitcase.jpg 780w, https:\/\/celplan.com\/wp-content\/uploads\/2024\/07\/CelScanner-in-Suitcase.jpg 360w\" sizes=\"auto, (max-width: 480px) 150px\" src=\"https:\/\/celplan.com\/wp-content\/uploads\/2024\/07\/CelScanner-in-Suitcase.jpg\" alt=\"\" class=\"uag-image-1780\" width=\"564\" height=\"400\" title=\"CelScanner in Suitcase\" loading=\"lazy\" role=\"img\"\/><\/figure><\/div>\n\n\n\n<div class=\"wp-block-uagb-container uagb-block-f85ed702\">\n<ul class=\"wp-block-list\">\n<li><strong>Especificaciones t\u00e9cnicas<\/strong>:\n<ul class=\"wp-block-list\">\n<li>Rango din\u00e1mico: superior a 100 dB<\/li>\n\n\n\n<li>Velocidad de barrido: hasta 28 GHz\/s con un ancho de banda de resoluci\u00f3n de 10 kHz<\/li>\n\n\n\n<li>Precisi\u00f3n de amplitud: \u00b12,0 dB (t\u00edpica)<\/li>\n\n\n\n<li>Nivel m\u00e1ximo seguro de entrada de RF: +10 dBm<\/li>\n<\/ul>\n<\/li>\n\n\n\n<li><strong>Modelos disponibles<\/strong>:\n<ul class=\"wp-block-list\">\n<li>CellDigitizer CD08 (8 GHz), CD18 (18 GHz), CD27 (27 GHz)<\/li>\n<\/ul>\n<\/li>\n\n\n\n<li><strong>Ideal para<\/strong>:\n<ul class=\"wp-block-list\">\n<li>Operadores de redes inal\u00e1mbricas<\/li>\n\n\n\n<li>Organismos reguladores del espectro<\/li>\n\n\n\n<li>Instituciones de investigaci\u00f3n en telecomunicaciones<\/li>\n\n\n\n<li>Profesionales de ingenier\u00eda de RF<\/li>\n<\/ul>\n<\/li>\n<\/ul>\n<\/div>\n<\/div>\n\n\n\n<p>El sistema CellSpectrum representa la convergencia de un hardware receptor robusto controlado por software con capacidades avanzadas de procesamiento de se\u00f1ales. Esta combinaci\u00f3n ofrece una potencia anal\u00edtica y una versatilidad operativa sin precedentes en el campo del an\u00e1lisis de espectro y las pruebas de redes inal\u00e1mbricas.<br> <br>Experimente el futuro de la tecnolog\u00eda de an\u00e1lisis de espectro: mejore sus capacidades de medici\u00f3n con CellSpectrum hoy.<br><\/p>\n<\/div><\/div>","protected":false},"excerpt":{"rendered":"<p>The CellSpectrum system embodies the convergence of robust software-controlled receiver hardware with advanced signal processing capabilities. This combination delivers unprecedented analytical power and operational versatility in the field of spectrum analysis and wireless network testing. Experience the future of spectrum analysis technology &#8211; elevate your measurement capabilities with CellSpectrum today.<\/p>","protected":false},"author":2,"featured_media":0,"parent":0,"menu_order":0,"comment_status":"closed","ping_status":"closed","template":"","meta":{"_uag_custom_page_level_css":"","_monsterinsights_skip_tracking":false,"_monsterinsights_sitenote_active":false,"_monsterinsights_sitenote_note":"","_monsterinsights_sitenote_category":0,"site-sidebar-layout":"no-sidebar","site-content-layout":"","ast-site-content-layout":"full-width-container","site-content-style":"unboxed","site-sidebar-style":"unboxed","ast-global-header-display":"","ast-banner-title-visibility":"","ast-main-header-display":"","ast-hfb-above-header-display":"","ast-hfb-below-header-display":"","ast-hfb-mobile-header-display":"","site-post-title":"disabled","ast-breadcrumbs-content":"","ast-featured-img":"","footer-sml-layout":"","ast-disable-related-posts":"","theme-transparent-header-meta":"","adv-header-id-meta":"","stick-header-meta":"","header-above-stick-meta":"","header-main-stick-meta":"","header-below-stick-meta":"","astra-migrate-meta-layouts":"set","ast-page-background-enabled":"default","ast-page-background-meta":{"desktop":{"background-color":"var(--ast-global-color-4)","background-image":"","background-repeat":"repeat","background-position":"center center","background-size":"auto","background-attachment":"scroll","background-type":"","background-media":"","overlay-type":"","overlay-color":"","overlay-opacity":"","overlay-gradient":""},"tablet":{"background-color":"","background-image":"","background-repeat":"repeat","background-position":"center center","background-size":"auto","background-attachment":"scroll","background-type":"","background-media":"","overlay-type":"","overlay-color":"","overlay-opacity":"","overlay-gradient":""},"mobile":{"background-color":"","background-image":"","background-repeat":"repeat","background-position":"center center","background-size":"auto","background-attachment":"scroll","background-type":"","background-media":"","overlay-type":"","overlay-color":"","overlay-opacity":"","overlay-gradient":""}},"ast-content-background-meta":{"desktop":{"background-color":"var(--ast-global-color-5)","background-image":"","background-repeat":"repeat","background-position":"center center","background-size":"auto","background-attachment":"scroll","background-type":"","background-media":"","overlay-type":"","overlay-color":"","overlay-opacity":"","overlay-gradient":""},"tablet":{"background-color":"var(--ast-global-color-5)","background-image":"","background-repeat":"repeat","background-position":"center center","background-size":"auto","background-attachment":"scroll","background-type":"","background-media":"","overlay-type":"","overlay-color":"","overlay-opacity":"","overlay-gradient":""},"mobile":{"background-color":"var(--ast-global-color-5)","background-image":"","background-repeat":"repeat","background-position":"center center","background-size":"auto","background-attachment":"scroll","background-type":"","background-media":"","overlay-type":"","overlay-color":"","overlay-opacity":"","overlay-gradient":""}},"footnotes":""},"class_list":["post-1522","page","type-page","status-publish","hentry"],"aioseo_notices":[],"uagb_featured_image_src":{"full":false,"thumbnail":false,"medium":false,"medium_large":false,"large":false,"1536x1536":false,"2048x2048":false,"trp-custom-language-flag":false},"uagb_author_info":{"display_name":"Cristine Korowajczuk","author_link":"https:\/\/celplan.com\/es\/author\/cris_en\/"},"uagb_comment_info":0,"uagb_excerpt":"The CellSpectrum system embodies the convergence of robust software-controlled receiver hardware with advanced signal processing capabilities. This combination delivers unprecedented analytical power and operational versatility in the field of spectrum analysis and wireless network testing. Experience the future of spectrum analysis technology &#8211; elevate your measurement capabilities with CellSpectrum today.","_links":{"self":[{"href":"https:\/\/celplan.com\/es\/wp-json\/wp\/v2\/pages\/1522","targetHints":{"allow":["GET"]}}],"collection":[{"href":"https:\/\/celplan.com\/es\/wp-json\/wp\/v2\/pages"}],"about":[{"href":"https:\/\/celplan.com\/es\/wp-json\/wp\/v2\/types\/page"}],"author":[{"embeddable":true,"href":"https:\/\/celplan.com\/es\/wp-json\/wp\/v2\/users\/2"}],"replies":[{"embeddable":true,"href":"https:\/\/celplan.com\/es\/wp-json\/wp\/v2\/comments?post=1522"}],"version-history":[{"count":11,"href":"https:\/\/celplan.com\/es\/wp-json\/wp\/v2\/pages\/1522\/revisions"}],"predecessor-version":[{"id":2567,"href":"https:\/\/celplan.com\/es\/wp-json\/wp\/v2\/pages\/1522\/revisions\/2567"}],"wp:attachment":[{"href":"https:\/\/celplan.com\/es\/wp-json\/wp\/v2\/media?parent=1522"}],"curies":[{"name":"wp","href":"https:\/\/api.w.org\/{rel}","templated":true}]}}