{"id":1905,"date":"2024-07-23T23:09:34","date_gmt":"2024-07-23T23:09:34","guid":{"rendered":"https:\/\/celplan.com\/?page_id=1905"},"modified":"2024-08-16T20:14:18","modified_gmt":"2024-08-16T20:14:18","slug":"cellscanner","status":"publish","type":"page","link":"https:\/\/celplan.com\/es\/cellscanner\/","title":{"rendered":"CellScanner &#8211; Technology Scanner from 2G to 5G"},"content":{"rendered":"<div class=\"wp-block-uagb-container uagb-block-eghuxq0k alignfull uagb-is-root-container\"><div class=\"uagb-container-inner-blocks-wrap\">\n<div class=\"wp-block-uagb-info-box uagb-block-z9doniw9 uagb-infobox__content-wrap  uagb-infobox-icon-above-title uagb-infobox-image-valign-top\"><div class=\"uagb-ifb-content\"><div class=\"uagb-ifb-title-wrap\"><h1 class=\"uagb-ifb-title\">CellScanner<\/h1><\/div><\/div><\/div>\n<\/div><\/div>\n\n\n\n<div class=\"wp-block-uagb-container uagb-block-eidebwjs alignfull uagb-is-root-container\"><div class=\"uagb-container-inner-blocks-wrap\">\n<div class=\"wp-block-uagb-container uagb-block-ntavs5ha\">\n<div class=\"wp-block-uagb-image aligncenter uagb-block-qy2ie9dr wp-block-uagb-image--layout-default wp-block-uagb-image--effect-static wp-block-uagb-image--align-center alignleft\"><figure class=\"wp-block-uagb-image__figure\"><img decoding=\"async\" srcset=\"https:\/\/celplan.com\/wp-content\/uploads\/2024\/07\/PCI-1024x723.png ,https:\/\/celplan.com\/wp-content\/uploads\/2024\/07\/PCI.png 780w, https:\/\/celplan.com\/wp-content\/uploads\/2024\/07\/PCI.png 360w\" sizes=\"auto, (max-width: 480px) 150px\" src=\"https:\/\/celplan.com\/wp-content\/uploads\/2024\/07\/PCI-1024x723.png\" alt=\"\" class=\"uag-image-1838\" width=\"564\" height=\"400\" title=\"PCI\" loading=\"lazy\" role=\"img\"\/><\/figure><\/div>\n\n\n\n<div class=\"wp-block-uagb-container uagb-block-ff82ab18\">\n<div class=\"wp-block-uagb-info-box uagb-block-ggyz8qhr uagb-infobox__content-wrap  uagb-infobox-icon-above-title uagb-infobox-image-valign-top\"><div class=\"uagb-ifb-content\"><div class=\"uagb-ifb-title-wrap\"><\/div><p class=\"uagb-ifb-desc\">CellScanner es un sistema analizador de tecnolog\u00eda de \u00faltima generaci\u00f3n dise\u00f1ado para satisfacer las demandas cambiantes de las redes inal\u00e1mbricas modernas, desde las tecnolog\u00edas 2G hasta las 5G.<br><br>El panorama de las redes inal\u00e1mbricas est\u00e1 preparado para un crecimiento sin precedentes en la capacidad de transmisi\u00f3n, impulsado por los avances en 5G-NR, 4G\/LTE-A, sistemas de antenas inteligentes, implementaciones de MIMO masivo y proliferaci\u00f3n de c\u00e9lulas peque\u00f1as. En este entorno din\u00e1mico, nuestra soluci\u00f3n avanzada de escaneo de RF sirve como la principal herramienta de diagn\u00f3stico para la optimizaci\u00f3n y resoluci\u00f3n de problemas de la red.<br><br>Principales caracter\u00edsticas y beneficios:<\/p><\/div><\/div>\n\n\n\n<ul class=\"wp-block-list\">\n<li><strong>Cobertura tecnol\u00f3gica integral<\/strong>:\n<ul class=\"wp-block-list\">\n<li>Analiza redes GSM, UMTS, LTE, LTE-A y 5G NR<\/li>\n\n\n\n<li>Admite todas las bandas FDD\/TDD con licencia y sin licencia, adem\u00e1s de frecuencias definidas por el usuario<\/li>\n<\/ul>\n<\/li>\n\n\n\n<li><strong>Amplio rango de frecuencia<\/strong>:\n<ul class=\"wp-block-list\">\n<li>Operativo desde 9 kHz a 27 GHz, ampliable a 40 GHz con convertidor descendente DC40<\/li>\n\n\n\n<li>Admite m\u00faltiples bandas de frecuencia dentro de una \u00fanica plataforma de hardware<\/li>\n<\/ul>\n<\/li>\n\n\n\n<li><strong>Procesamiento de se\u00f1ales digitales de alto rendimiento<\/strong>:\n<ul class=\"wp-block-list\">\n<li>Ancho de banda en tiempo real de hasta 100 MHz con digitalizaci\u00f3n de 14 bits<\/li>\n\n\n\n<li>Velocidades de medici\u00f3n de hasta 40 canales\/s para LTE\/5G y 30 canales\/s para GSM\/UMTS<\/li>\n<\/ul>\n<\/li>\n<\/ul>\n<\/div>\n<\/div>\n\n\n\n<div class=\"wp-block-uagb-container uagb-block-lxteyfrt\">\n<div class=\"wp-block-uagb-container uagb-block-75117dab\">\n<ul class=\"wp-block-list\">\n<li><strong>Aplicaciones vers\u00e1tiles<\/strong>:\n<ul class=\"wp-block-list\">\n<li>Planificaci\u00f3n, optimizaci\u00f3n y an\u00e1lisis del rendimiento de la red<\/li>\n\n\n\n<li>Evaluaci\u00f3n de la implementaci\u00f3n: alimentadores cruzados, cobertura, comportamiento del cl\u00faster, verificaci\u00f3n del plan de frecuencia<\/li>\n<\/ul>\n<\/li>\n\n\n\n<li><strong>Capacidades de medici\u00f3n avanzadas<\/strong>:\n<ul class=\"wp-block-list\">\n<li>Operaci\u00f3n simult\u00e1nea multibanda, multicanal y multitecnolog\u00eda<\/li>\n\n\n\n<li>Recolecci\u00f3n de muestras geoetiquetadas con GPS integrado para una georreferenciaci\u00f3n precisa<\/li>\n\n\n\n<li>Adquisici\u00f3n en tiempo real y registro de espectro para an\u00e1lisis de posprocesamiento<\/li>\n<\/ul>\n<\/li>\n\n\n\n<li><strong>Modos operativos flexibles<\/strong>:\n<ul class=\"wp-block-list\">\n<li>Control local a trav\u00e9s de conexi\u00f3n Ethernet u operaci\u00f3n remota<\/li>\n\n\n\n<li>Admite campa\u00f1as de pruebas de conducci\u00f3n y recopilaci\u00f3n de mediciones en interiores.<\/li>\n<\/ul>\n<\/li>\n\n\n\n<li><strong>Arquitectura definida por software<\/strong>:\n<ul class=\"wp-block-list\">\n<li>F\u00e1cilmente actualizable para incorporar tecnolog\u00edas futuras<\/li>\n\n\n\n<li>Soluci\u00f3n rentable que elimina la necesidad de m\u00f3dulos de hardware o licencias de software independientes<\/li>\n<\/ul>\n<\/li>\n\n\n\n<li><strong>Dise\u00f1o port\u00e1til y robusto<\/strong>:\n<ul class=\"wp-block-list\">\n<li>Construcci\u00f3n ligera con bajo consumo de energ\u00eda.<\/li>\n\n\n\n<li>Cumple con las regulaciones de equipaje de mano de las aerol\u00edneas para un f\u00e1cil transporte.<\/li>\n<\/ul>\n<\/li>\n<\/ul>\n<\/div>\n\n\n\n<div class=\"wp-block-uagb-image aligncenter uagb-block-zlzeflwe wp-block-uagb-image--layout-default wp-block-uagb-image--effect-static wp-block-uagb-image--align-center alignleft\"><figure class=\"wp-block-uagb-image__figure\"><img decoding=\"async\" srcset=\"https:\/\/celplan.com\/wp-content\/uploads\/2024\/07\/CelScanner-in-Suitcase.jpg ,https:\/\/celplan.com\/wp-content\/uploads\/2024\/07\/CelScanner-in-Suitcase.jpg 780w, https:\/\/celplan.com\/wp-content\/uploads\/2024\/07\/CelScanner-in-Suitcase.jpg 360w\" sizes=\"auto, (max-width: 480px) 150px\" src=\"https:\/\/celplan.com\/wp-content\/uploads\/2024\/07\/CelScanner-in-Suitcase.jpg\" alt=\"\" class=\"uag-image-1780\" width=\"564\" height=\"400\" title=\"CelScanner in Suitcase\" loading=\"lazy\" role=\"img\"\/><\/figure><\/div>\n<\/div>\n\n\n\n<div class=\"wp-block-uagb-container uagb-block-ttogtouf\">\n<div class=\"wp-block-uagb-image aligncenter uagb-block-n3cxnlie wp-block-uagb-image--layout-default wp-block-uagb-image--effect-static wp-block-uagb-image--align-center alignleft\"><figure class=\"wp-block-uagb-image__figure\"><img decoding=\"async\" srcset=\"https:\/\/celplan.com\/wp-content\/uploads\/2024\/07\/Scanner-1024x576.jpg ,https:\/\/celplan.com\/wp-content\/uploads\/2024\/07\/Scanner.jpg 780w, https:\/\/celplan.com\/wp-content\/uploads\/2024\/07\/Scanner.jpg 360w\" sizes=\"auto, (max-width: 480px) 150px\" src=\"https:\/\/celplan.com\/wp-content\/uploads\/2024\/07\/Scanner-1024x576.jpg\" alt=\"\" class=\"uag-image-1839\" width=\"564\" height=\"400\" title=\"CellScanner\" loading=\"lazy\" role=\"img\"\/><\/figure><\/div>\n\n\n\n<div class=\"wp-block-uagb-container uagb-block-755e9e05\">\n<ul class=\"wp-block-list\">\n<li><strong>Paquete de medici\u00f3n integral<\/strong>:\n<ul class=\"wp-block-list\">\n<li>Para 5G (NR) y 4G (LTE): RSRP, RSSI, RSRQ, SINR, PCI, \u00edndice SSB<\/li>\n\n\n\n<li>Para 3G (UMTS): RSSI, RSCP, Ec\/Io, propagaci\u00f3n por retardo<\/li>\n\n\n\n<li>Para 2G (GSM): BSIC, RSSI, C\/I, BER<\/li>\n<\/ul>\n<\/li>\n\n\n\n<li><strong>Aspectos t\u00e9cnicos destacados<\/strong>:\n<ul class=\"wp-block-list\">\n<li>Sensibilidad RSRP: -135 a -20 dBm<\/li>\n\n\n\n<li>Precisi\u00f3n de amplitud: \u00b12,0 dB (t\u00edpica)<\/li>\n\n\n\n<li>Rango din\u00e1mico: &gt;100 dB<\/li>\n\n\n\n<li>Nivel m\u00e1ximo seguro de entrada de RF: +10 dBm<\/li>\n<\/ul>\n<\/li>\n\n\n\n<li><strong>Modelos disponibles<\/strong>:\n<ul class=\"wp-block-list\">\n<li>CellDigitizer CD08 (8 GHz), CD18 (18 GHz), CD27 (27 GHz)<\/li>\n<\/ul>\n<\/li>\n\n\n\n<li><strong>Usuarios objetivo<\/strong>:\n<ul class=\"wp-block-list\">\n<li>Operadores de redes inal\u00e1mbricas<\/li>\n\n\n\n<li>Ingenieros de telecomunicaciones<\/li>\n\n\n\n<li>Especialistas en optimizaci\u00f3n de redes<\/li>\n\n\n\n<li>Ingenieros de RF<\/li>\n\n\n\n<li>Organismos reguladores<\/li>\n<\/ul>\n<\/li>\n<\/ul>\n<\/div>\n<\/div>\n\n\n\n<p>El sistema CellScanner ejemplifica nuestro compromiso con la innovaci\u00f3n y la excelencia t\u00e9cnica en el campo del an\u00e1lisis de redes inal\u00e1mbricas. Esta soluci\u00f3n vers\u00e1til aborda los desaf\u00edos m\u00e1s complejos en telecomunicaciones y an\u00e1lisis espectral, ofreciendo un rendimiento y una adaptabilidad incomparables para las tecnolog\u00edas inal\u00e1mbricas actuales y futuras. <br><br>Experimente el futuro del diagn\u00f3stico de redes inal\u00e1mbricas: mejore sus capacidades de medici\u00f3n con CellScanner hoy.<\/p>\n<\/div><\/div>","protected":false},"excerpt":{"rendered":"<p>The CellScanner system exemplifies our commitment to innovation and technical excellence in the field of wireless network analysis. This versatile solution addresses the most complex challenges in telecommunications and spectral analysis, offering unparalleled performance and adaptability for current and future wireless technologies. Experience the future of wireless network diagnostics &#8211; elevate your measurement capabilities with [&hellip;]<\/p>\n","protected":false},"author":2,"featured_media":0,"parent":0,"menu_order":0,"comment_status":"closed","ping_status":"closed","template":"","meta":{"_uag_custom_page_level_css":"","_monsterinsights_skip_tracking":false,"_monsterinsights_sitenote_active":false,"_monsterinsights_sitenote_note":"","_monsterinsights_sitenote_category":0,"site-sidebar-layout":"default","site-content-layout":"","ast-site-content-layout":"default","site-content-style":"default","site-sidebar-style":"default","ast-global-header-display":"","ast-banner-title-visibility":"","ast-main-header-display":"","ast-hfb-above-header-display":"","ast-hfb-below-header-display":"","ast-hfb-mobile-header-display":"","site-post-title":"disabled","ast-breadcrumbs-content":"","ast-featured-img":"","footer-sml-layout":"","ast-disable-related-posts":"","theme-transparent-header-meta":"","adv-header-id-meta":"","stick-header-meta":"","header-above-stick-meta":"","header-main-stick-meta":"","header-below-stick-meta":"","astra-migrate-meta-layouts":"set","ast-page-background-enabled":"default","ast-page-background-meta":{"desktop":{"background-color":"var(--ast-global-color-4)","background-image":"","background-repeat":"repeat","background-position":"center center","background-size":"auto","background-attachment":"scroll","background-type":"","background-media":"","overlay-type":"","overlay-color":"","overlay-opacity":"","overlay-gradient":""},"tablet":{"background-color":"","background-image":"","background-repeat":"repeat","background-position":"center center","background-size":"auto","background-attachment":"scroll","background-type":"","background-media":"","overlay-type":"","overlay-color":"","overlay-opacity":"","overlay-gradient":""},"mobile":{"background-color":"","background-image":"","background-repeat":"repeat","background-position":"center center","background-size":"auto","background-attachment":"scroll","background-type":"","background-media":"","overlay-type":"","overlay-color":"","overlay-opacity":"","overlay-gradient":""}},"ast-content-background-meta":{"desktop":{"background-color":"var(--ast-global-color-5)","background-image":"","background-repeat":"repeat","background-position":"center center","background-size":"auto","background-attachment":"scroll","background-type":"","background-media":"","overlay-type":"","overlay-color":"","overlay-opacity":"","overlay-gradient":""},"tablet":{"background-color":"var(--ast-global-color-5)","background-image":"","background-repeat":"repeat","background-position":"center center","background-size":"auto","background-attachment":"scroll","background-type":"","background-media":"","overlay-type":"","overlay-color":"","overlay-opacity":"","overlay-gradient":""},"mobile":{"background-color":"var(--ast-global-color-5)","background-image":"","background-repeat":"repeat","background-position":"center center","background-size":"auto","background-attachment":"scroll","background-type":"","background-media":"","overlay-type":"","overlay-color":"","overlay-opacity":"","overlay-gradient":""}},"footnotes":""},"class_list":["post-1905","page","type-page","status-publish","hentry"],"aioseo_notices":[],"uagb_featured_image_src":{"full":false,"thumbnail":false,"medium":false,"medium_large":false,"large":false,"1536x1536":false,"2048x2048":false,"trp-custom-language-flag":false},"uagb_author_info":{"display_name":"Cristine Korowajczuk","author_link":"https:\/\/celplan.com\/es\/author\/cris_en\/"},"uagb_comment_info":0,"uagb_excerpt":"The CellScanner system exemplifies our commitment to innovation and technical excellence in the field of wireless network analysis. This versatile solution addresses the most complex challenges in telecommunications and spectral analysis, offering unparalleled performance and adaptability for current and future wireless technologies. Experience the future of wireless network diagnostics &#8211; elevate your measurement capabilities with&hellip;","_links":{"self":[{"href":"https:\/\/celplan.com\/es\/wp-json\/wp\/v2\/pages\/1905","targetHints":{"allow":["GET"]}}],"collection":[{"href":"https:\/\/celplan.com\/es\/wp-json\/wp\/v2\/pages"}],"about":[{"href":"https:\/\/celplan.com\/es\/wp-json\/wp\/v2\/types\/page"}],"author":[{"embeddable":true,"href":"https:\/\/celplan.com\/es\/wp-json\/wp\/v2\/users\/2"}],"replies":[{"embeddable":true,"href":"https:\/\/celplan.com\/es\/wp-json\/wp\/v2\/comments?post=1905"}],"version-history":[{"count":13,"href":"https:\/\/celplan.com\/es\/wp-json\/wp\/v2\/pages\/1905\/revisions"}],"predecessor-version":[{"id":2559,"href":"https:\/\/celplan.com\/es\/wp-json\/wp\/v2\/pages\/1905\/revisions\/2559"}],"wp:attachment":[{"href":"https:\/\/celplan.com\/es\/wp-json\/wp\/v2\/media?parent=1905"}],"curies":[{"name":"wp","href":"https:\/\/api.w.org\/{rel}","templated":true}]}}