{"id":2086,"date":"2024-07-26T19:56:41","date_gmt":"2024-07-26T19:56:41","guid":{"rendered":"https:\/\/celplan.com\/?page_id=2086"},"modified":"2025-06-01T21:09:03","modified_gmt":"2025-06-01T21:09:03","slug":"about-us","status":"publish","type":"page","link":"https:\/\/celplan.com\/es\/about-us\/","title":{"rendered":"Acerca de CelPlan"},"content":{"rendered":"<div class=\"wp-block-uagb-container uagb-block-eghuxq0k alignfull uagb-is-root-container\"><div class=\"uagb-container-inner-blocks-wrap\">\n<div class=\"wp-block-uagb-info-box uagb-block-z9doniw9 uagb-infobox__content-wrap  uagb-infobox-icon-above-title uagb-infobox-image-valign-top\"><div class=\"uagb-ifb-content\"><div class=\"uagb-ifb-title-wrap\"><h1 class=\"uagb-ifb-title\">Acerca de CelPlan<\/h1><\/div><\/div><\/div>\n<\/div><\/div>\n\n\n\n<div class=\"wp-block-uagb-container uagb-block-eidebwjs alignfull uagb-is-root-container\"><div class=\"uagb-container-inner-blocks-wrap\">\n<div class=\"wp-block-uagb-container uagb-block-ntavs5ha\">\n<div class=\"wp-block-uagb-image aligncenter uagb-block-qy2ie9dr wp-block-uagb-image--layout-default wp-block-uagb-image--effect-static wp-block-uagb-image--align-center alignleft\"><figure class=\"wp-block-uagb-image__figure\"><img decoding=\"async\" srcset=\"https:\/\/celplan.com\/wp-content\/uploads\/2024\/07\/About-Us-our-values-war-room-meeting-1-MB-3x2-1-300x200.jpg ,https:\/\/celplan.com\/wp-content\/uploads\/2024\/07\/About-Us-our-values-war-room-meeting-1-MB-3x2-1-scaled.jpg 780w, https:\/\/celplan.com\/wp-content\/uploads\/2024\/07\/About-Us-our-values-war-room-meeting-1-MB-3x2-1-scaled.jpg 360w\" sizes=\"auto, (max-width: 480px) 150px\" src=\"https:\/\/celplan.com\/wp-content\/uploads\/2024\/07\/About-Us-our-values-war-room-meeting-1-MB-3x2-1-300x200.jpg\" alt=\"\" class=\"uag-image-2258\" width=\"564\" height=\"400\" title=\"\" loading=\"lazy\" role=\"presentation\"\/><\/figure><\/div>\n\n\n\n<div class=\"wp-block-uagb-info-box uagb-block-ggyz8qhr uagb-infobox__content-wrap  uagb-infobox-icon-above-title uagb-infobox-image-valign-top\"><div class=\"uagb-ifb-content\"><div class=\"uagb-ifb-title-wrap\"><h3 class=\"uagb-ifb-title\">Quienes Somos<\/h3><\/div><p class=\"uagb-ifb-desc\">Since our founding in 1992, CelPlan has grown from a telecommunications R&amp;D startup into a global provider of advanced technology solutions. Headquartered in Reston, Virginia, we operate nationwide and internationally, with a subsidiary in Brazil and a global footprint that spans Europe, Asia, and beyond.<br><br>Innovation has always been at the core of our work. In 2005, we established our Public Safety Division to deliver cutting-edge video surveillance systems. In 2017, we launched the CellWireless Division, offering spectrum monitoring tools for regulatory agencies and specialized test equipment for our clients.<br><br>Our most recent initiatives focus on integrating artificial intelligence across the enterprise\u2014helping customers harness AI to boost operational efficiency and unlock new capabilities.<br><br>From our early days in telecom research to our current role driving advancements in communications and intelligent systems, CelPlan remains committed to shaping the future of technology through practical, forward-looking solutions.<\/p><\/div><\/div>\n<\/div>\n\n\n\n<div class=\"wp-block-uagb-container uagb-block-12c6938e\">\n<div class=\"wp-block-uagb-info-box uagb-block-79ijmjmt uagb-infobox__content-wrap  uagb-infobox-icon-above-title uagb-infobox-image-valign-top\"><div class=\"uagb-ifb-content\"><div class=\"uagb-ifb-title-wrap\"><h3 class=\"uagb-ifb-title\">Our Team &amp; Expertise<\/h3><\/div><p class=\"uagb-ifb-desc\">At CelPlan, our strength lies in the depth and diversity of our talent. With over 100 full-time employees and contractors worldwide, we bring together a global team of engineers, developers, consultants, and thought leaders. Many of our senior leaders have been with the company since its founding, providing continuity, vision, and unmatched industry insight.<br><br>Our experts are recognized contributors to the field, having authored books, led webinars, delivered academic and industry training, and presented at conferences, symposia, and trade shows across the globe. CelPlan\u2019s software tools are even incorporated into university curricula around the world, reinforcing our commitment to education and innovation.<br><br>With project experience spanning Africa, Oceania, Europe, Asia, and the Americas, CelPlan\u2019s team delivers a truly global perspective. Our capabilities cover a wide range of services, including:<\/p><\/div><\/div>\n\n\n\n<div class=\"wp-block-uagb-container uagb-block-lxteyfrt\">\n<ul class=\"wp-block-list\">\n<li>Engineering services and RF network design<\/li>\n\n\n\n<li>Wireless system planning and optimization<\/li>\n\n\n\n<li>Geodata creation and distribution<\/li>\n\n\n\n<li>System integration and consulting<\/li>\n\n\n\n<li>Installation, maintenance, and field measurement (including QoS)<\/li>\n\n\n\n<li>Market studies and technical analyses<\/li>\n\n\n\n<li>Spectrum monitoring and specialized test equipment<\/li>\n\n\n\n<li>Technology- and vendor-neutral training programs<\/li>\n\n\n\n<li>Custom software and hardware development<\/li>\n\n\n\n<li>AI consulting and implementation support across the enterprise<\/li>\n\n\n\n<li>Software tools for the design, deployment, and optimization of wireless networks<\/li>\n<\/ul>\n\n\n\n<div class=\"wp-block-uagb-image aligncenter uagb-block-zlzeflwe wp-block-uagb-image--layout-default wp-block-uagb-image--effect-static wp-block-uagb-image--align-center alignleft\"><figure class=\"wp-block-uagb-image__figure\"><img decoding=\"async\" srcset=\"https:\/\/celplan.com\/wp-content\/uploads\/2024\/07\/About-Us-Vision-finger-pointing-to-IoT-1MB-square-1024x874.jpg ,https:\/\/celplan.com\/wp-content\/uploads\/2024\/07\/About-Us-Vision-finger-pointing-to-IoT-1MB-square.jpg 780w, https:\/\/celplan.com\/wp-content\/uploads\/2024\/07\/About-Us-Vision-finger-pointing-to-IoT-1MB-square.jpg 360w\" sizes=\"auto, (max-width: 480px) 150px\" src=\"https:\/\/celplan.com\/wp-content\/uploads\/2024\/07\/About-Us-Vision-finger-pointing-to-IoT-1MB-square-1024x874.jpg\" alt=\"\" class=\"uag-image-2259\" width=\"564\" height=\"400\" title=\"Vision\" loading=\"lazy\" role=\"img\"\/><\/figure><\/div>\n<\/div>\n\n\n\n<div class=\"wp-block-uagb-info-box uagb-block-30d876c9 uagb-infobox__content-wrap  uagb-infobox-icon-above-title uagb-infobox-image-valign-top\"><div class=\"uagb-ifb-content\"><div class=\"uagb-ifb-title-wrap\"><\/div><p class=\"uagb-ifb-desc\">Today, we are also helping clients embrace artificial intelligence to streamline operations, gain insight from their data, and enhance decision-making throughout their organizations.<br><br>CelPlan\u2019s people are at the core of everything we do\u2014delivering forward-thinking, practical solutions shaped by global experience and technical excellence.<\/p><\/div><\/div>\n<\/div>\n\n\n\n<div class=\"wp-block-uagb-container uagb-block-ttogtouf\">\n<div class=\"wp-block-uagb-image aligncenter uagb-block-n3cxnlie wp-block-uagb-image--layout-default wp-block-uagb-image--effect-static wp-block-uagb-image--align-center alignleft\"><figure class=\"wp-block-uagb-image__figure\"><img decoding=\"async\" srcset=\"https:\/\/celplan.com\/wp-content\/uploads\/2024\/07\/About-Us-Mission-Connected-world-1MB-1024x576.jpg ,https:\/\/celplan.com\/wp-content\/uploads\/2024\/07\/About-Us-Mission-Connected-world-1MB-scaled.jpg 780w, https:\/\/celplan.com\/wp-content\/uploads\/2024\/07\/About-Us-Mission-Connected-world-1MB-scaled.jpg 360w\" sizes=\"auto, (max-width: 480px) 150px\" src=\"https:\/\/celplan.com\/wp-content\/uploads\/2024\/07\/About-Us-Mission-Connected-world-1MB-1024x576.jpg\" alt=\"\" class=\"uag-image-2260\" width=\"564\" height=\"400\" title=\"Technology,\" loading=\"lazy\" role=\"img\"\/><\/figure><\/div>\n\n\n\n<div class=\"wp-block-uagb-info-box uagb-block-ujtuildy uagb-infobox__content-wrap  uagb-infobox-icon-above-title uagb-infobox-image-valign-top\"><div class=\"uagb-ifb-content\"><div class=\"uagb-ifb-title-wrap\"><h3 class=\"uagb-ifb-title\">Nuestros Valores<\/h3><\/div><p class=\"uagb-ifb-desc\"><strong>Respeto e integridad<\/strong> \u2013 seguir principios \u00e9ticos y honorables;<br><strong>Transparencia<\/strong> \u2013 ofrecer una visi\u00f3n clara de la empresa y proporcionar datos importantes a los accionistas, empleados, proveedores y la comunidad;<br><strong>Satisfacci\u00f3n<\/strong> \u2013 trabajar con orgullo de ser parte del equipo CelPlan;<br><strong>Participaci\u00f3n y Cooperaci\u00f3n<\/strong> \u2013 cultivar un entorno que promueva el trabajo en equipo y en el que se respeten las opiniones, favoreciendo la creatividad y la iniciativa;<br><strong>Disciplina<\/strong> \u2013 respetar las normas y est\u00e1ndares que garantizan la estabilidad del proceso, la seguridad y el respeto por el medio ambiente;<br><strong>Compromiso<\/strong> \u2013 cultivar la lealtad y acciones que prioricen los objetivos globales de la empresa.<br><strong>Sostenibilidad<\/strong> \u2013 CelPlan Technologies toma en serio el conjunto de objetivos de las Naciones Unidas (ONU) para poner fin a la pobreza, proteger el planeta y garantizar la prosperidad como parte de una nueva agenda de desarrollo sostenible. Como afirma la ONU, para alcanzar los Objetivos de Desarrollo Sostenible (ODS), \u201ctodos deben hacer su parte: los gobiernos, el sector privado, la sociedad civil y personas como usted\u201d. CelPlan utiliz\u00f3 los ODS como fuente de inspiraci\u00f3n y los adapt\u00f3 para adaptarlos a su nicho en la industria y su aplicabilidad al tama\u00f1o de su empresa y al equipo de empleados. Comun\u00edquese con CelPlan para obtener m\u00e1s informaci\u00f3n sobre nuestros objetivos de sostenibilidad.<\/p><\/div><\/div>\n<\/div>\n\n\n\n<div class=\"wp-block-uagb-advanced-heading uagb-block-e4c69744\"><h2 class=\"uagb-heading-text\">Asociaciones<\/h2><\/div>\n\n\n\n<p>CelPlan reconoce la importancia cr\u00edtica de participar en un ecosistema s\u00f3lido para brindar un soporte \u00f3ptimo a nuestra clientela. Como tal, mantenemos membres\u00edas activas en m\u00faltiples asociaciones comerciales internacionales. Estas organizaciones est\u00e1n a la vanguardia en la promoci\u00f3n de tendencias, tecnolog\u00edas y enfoques estrat\u00e9gicos de vanguardia en nuestra industria.<br><\/p>\n\n\n\n<div class=\"wp-block-columns is-layout-flex wp-container-core-columns-is-layout-28f84493 wp-block-columns-is-layout-flex\">\n<div class=\"wp-block-column is-layout-flow wp-block-column-is-layout-flow\">\n<div class=\"wp-block-uagb-image uagb-block-7ba9bc59 wp-block-uagb-image--layout-default wp-block-uagb-image--effect-static wp-block-uagb-image--align-none\"><figure class=\"wp-block-uagb-image__figure\"><a class=\"\" href=\"https:\/\/utc.org\/\" target=\"\" rel=\"noopener\"><img decoding=\"async\" srcset=\"https:\/\/celplan.com\/wp-content\/uploads\/2024\/07\/UTC-Associate-Member-2024-100px-96dpi.png ,https:\/\/celplan.com\/wp-content\/uploads\/2024\/07\/UTC-Associate-Member-2024-100px-96dpi.png 780w, https:\/\/celplan.com\/wp-content\/uploads\/2024\/07\/UTC-Associate-Member-2024-100px-96dpi.png 360w\" sizes=\"auto, (max-width: 480px) 150px\" src=\"https:\/\/celplan.com\/wp-content\/uploads\/2024\/07\/UTC-Associate-Member-2024-100px-96dpi.png\" alt=\"\" class=\"uag-image-2321\" width=\"270\" height=\"100\" title=\"UTC Associate Member 2024-100px-96dpi\" loading=\"lazy\" role=\"img\"\/><\/a><\/figure><\/div>\n<\/div>\n\n\n\n<div class=\"wp-block-column is-layout-flow wp-block-column-is-layout-flow\">\n<div class=\"wp-block-uagb-image uagb-block-cdd0a654 wp-block-uagb-image--layout-default wp-block-uagb-image--effect-static wp-block-uagb-image--align-none\"><figure class=\"wp-block-uagb-image__figure\"><a class=\"\" href=\"https:\/\/utcal.com.br\/\" target=\"\" rel=\"noopener\"><img decoding=\"async\" srcset=\"https:\/\/celplan.com\/wp-content\/uploads\/2024\/07\/UTCAL-hires-verde-96dpi.jpg ,https:\/\/celplan.com\/wp-content\/uploads\/2024\/07\/UTCAL-hires-verde-96dpi.jpg 780w, https:\/\/celplan.com\/wp-content\/uploads\/2024\/07\/UTCAL-hires-verde-96dpi.jpg 360w\" sizes=\"auto, (max-width: 480px) 150px\" src=\"https:\/\/celplan.com\/wp-content\/uploads\/2024\/07\/UTCAL-hires-verde-96dpi.jpg\" alt=\"\" class=\"uag-image-2308\" width=\"334\" height=\"100\" title=\"UTCAL-hires-verde-96dpi\" loading=\"lazy\" role=\"img\"\/><\/a><\/figure><\/div>\n<\/div>\n\n\n\n<div class=\"wp-block-column is-layout-flow wp-block-column-is-layout-flow\">\n<div class=\"wp-block-uagb-image uagb-block-f4296f6a wp-block-uagb-image--layout-default wp-block-uagb-image--effect-static wp-block-uagb-image--align-none\"><figure class=\"wp-block-uagb-image__figure\"><a class=\"\" href=\"https:\/\/www.entelec.org\/\" target=\"\" rel=\"noopener\"><img decoding=\"async\" srcset=\"https:\/\/celplan.com\/wp-content\/uploads\/2024\/07\/entelec-member-logo.jpg ,https:\/\/celplan.com\/wp-content\/uploads\/2024\/07\/entelec-member-logo.jpg 780w, https:\/\/celplan.com\/wp-content\/uploads\/2024\/07\/entelec-member-logo.jpg 360w\" sizes=\"auto, (max-width: 480px) 150px\" src=\"https:\/\/celplan.com\/wp-content\/uploads\/2024\/07\/entelec-member-logo.jpg\" alt=\"\" class=\"uag-image-2155\" width=\"270\" height=\"100\" title=\"entelec-member-logo\" loading=\"lazy\" role=\"img\"\/><\/a><\/figure><\/div>\n<\/div>\n<\/div>\n\n\n\n<div class=\"wp-block-columns is-layout-flex wp-container-core-columns-is-layout-28f84493 wp-block-columns-is-layout-flex\">\n<div class=\"wp-block-column is-layout-flow wp-block-column-is-layout-flow\">\n<div class=\"wp-block-uagb-image uagb-block-81858794 wp-block-uagb-image--layout-default wp-block-uagb-image--effect-static wp-block-uagb-image--align-none\"><figure class=\"wp-block-uagb-image__figure\"><a class=\"\" href=\"https:\/\/www.ubba.com\/\" target=\"\" rel=\"noopener\"><img decoding=\"async\" srcset=\"https:\/\/celplan.com\/wp-content\/uploads\/2024\/07\/UBBA-100px.jpg ,https:\/\/celplan.com\/wp-content\/uploads\/2024\/07\/UBBA-100px.jpg 780w, https:\/\/celplan.com\/wp-content\/uploads\/2024\/07\/UBBA-100px.jpg 360w\" sizes=\"auto, (max-width: 480px) 150px\" src=\"https:\/\/celplan.com\/wp-content\/uploads\/2024\/07\/UBBA-100px.jpg\" alt=\"\" class=\"uag-image-2291\" width=\"150\" height=\"150\" title=\"UBBA-100px\" loading=\"lazy\" role=\"img\"\/><\/a><\/figure><\/div>\n<\/div>\n\n\n\n<div class=\"wp-block-column is-layout-flow wp-block-column-is-layout-flow\">\n<div class=\"wp-block-uagb-image uagb-block-1d3492d2 wp-block-uagb-image--layout-default wp-block-uagb-image--effect-static wp-block-uagb-image--align-none\"><figure class=\"wp-block-uagb-image__figure\"><a class=\"\" href=\"https:\/\/iwa-network.org\/\" target=\"\" rel=\"noopener\"><img decoding=\"async\" srcset=\"https:\/\/celplan.com\/wp-content\/uploads\/2024\/11\/IWA-LOGO_2.png ,https:\/\/celplan.com\/wp-content\/uploads\/2024\/11\/IWA-LOGO_2.png 780w, https:\/\/celplan.com\/wp-content\/uploads\/2024\/11\/IWA-LOGO_2.png 360w\" sizes=\"auto, (max-width: 480px) 150px\" src=\"https:\/\/celplan.com\/wp-content\/uploads\/2024\/11\/IWA-LOGO_2.png\" alt=\"\" class=\"uag-image-2721\" width=\"150\" height=\"107\" title=\"IWA-LOGO_2\" loading=\"lazy\" role=\"img\"\/><\/a><\/figure><\/div>\n<\/div>\n\n\n\n<div class=\"wp-block-column is-layout-flow wp-block-column-is-layout-flow\">\n<div class=\"wp-block-uagb-image uagb-block-9a4ce447 wp-block-uagb-image--layout-default wp-block-uagb-image--effect-static wp-block-uagb-image--align-none\"><figure class=\"wp-block-uagb-image__figure\"><a class=\"\" href=\"https:\/\/www.bicsi.org\/\" target=\"\" rel=\"noopener\"><img decoding=\"async\" srcset=\"https:\/\/celplan.com\/wp-content\/uploads\/2024\/07\/BICSI-RCDD-Cert-1.jpg ,https:\/\/celplan.com\/wp-content\/uploads\/2024\/07\/BICSI-RCDD-Cert-1.jpg 780w, https:\/\/celplan.com\/wp-content\/uploads\/2024\/07\/BICSI-RCDD-Cert-1.jpg 360w\" sizes=\"auto, (max-width: 480px) 150px\" src=\"https:\/\/celplan.com\/wp-content\/uploads\/2024\/07\/BICSI-RCDD-Cert-1.jpg\" alt=\"\" class=\"uag-image-2153\" width=\"141\" height=\"100\" title=\"BICSI RCDD Cert 1\" loading=\"lazy\" role=\"img\"\/><\/a><\/figure><\/div>\n<\/div>\n<\/div>\n\n\n\n<div class=\"wp-block-columns is-layout-flex wp-container-core-columns-is-layout-28f84493 wp-block-columns-is-layout-flex\">\n<div class=\"wp-block-column is-layout-flow wp-block-column-is-layout-flow\">\n<div class=\"wp-block-uagb-image uagb-block-538ffc6a wp-block-uagb-image--layout-default wp-block-uagb-image--effect-static wp-block-uagb-image--align-none\"><figure class=\"wp-block-uagb-image__figure\"><a class=\"\" href=\"https:\/\/abeprest.org.br\/\" target=\"\" rel=\"noopener\"><img decoding=\"async\" srcset=\"https:\/\/celplan.com\/wp-content\/uploads\/2024\/07\/Abeprest-logo.jpg ,https:\/\/celplan.com\/wp-content\/uploads\/2024\/07\/Abeprest-logo.jpg 780w, https:\/\/celplan.com\/wp-content\/uploads\/2024\/07\/Abeprest-logo.jpg 360w\" sizes=\"auto, (max-width: 480px) 150px\" src=\"https:\/\/celplan.com\/wp-content\/uploads\/2024\/07\/Abeprest-logo.jpg\" alt=\"\" class=\"uag-image-2151\" width=\"270\" height=\"100\" title=\"Abeprest logo\" loading=\"lazy\" role=\"img\"\/><\/a><\/figure><\/div>\n<\/div>\n\n\n\n<div class=\"wp-block-column is-layout-flow wp-block-column-is-layout-flow\">\n<div class=\"wp-block-uagb-image uagb-block-6ff243f2 wp-block-uagb-image--layout-default wp-block-uagb-image--effect-static wp-block-uagb-image--align-none\"><figure class=\"wp-block-uagb-image__figure\"><a class=\"\" href=\"https:\/\/wimaxforum.org\/\" target=\"\" rel=\"noopener\"><img decoding=\"async\" srcset=\"https:\/\/celplan.com\/wp-content\/uploads\/2024\/07\/Wimax-forum-logo-wmf_hori_cmyk_5.jpg ,https:\/\/celplan.com\/wp-content\/uploads\/2024\/07\/Wimax-forum-logo-wmf_hori_cmyk_5.jpg 780w, https:\/\/celplan.com\/wp-content\/uploads\/2024\/07\/Wimax-forum-logo-wmf_hori_cmyk_5.jpg 360w\" sizes=\"auto, (max-width: 480px) 150px\" src=\"https:\/\/celplan.com\/wp-content\/uploads\/2024\/07\/Wimax-forum-logo-wmf_hori_cmyk_5.jpg\" alt=\"\" class=\"uag-image-2167\" width=\"620\" height=\"100\" title=\"wmf_hori_cmyk\" loading=\"lazy\" role=\"img\"\/><\/a><\/figure><\/div>\n<\/div>\n\n\n\n<div class=\"wp-block-column is-layout-flow wp-block-column-is-layout-flow\">\n<div class=\"wp-block-uagb-image uagb-block-042d5c03 wp-block-uagb-image--layout-default wp-block-uagb-image--effect-static wp-block-uagb-image--align-none\"><figure class=\"wp-block-uagb-image__figure\"><a class=\"\" href=\"https:\/\/softexcps.org.br\/\" target=\"\" rel=\"noopener\"><img decoding=\"async\" srcset=\"https:\/\/celplan.com\/wp-content\/uploads\/2024\/07\/softex-1.jpg ,https:\/\/celplan.com\/wp-content\/uploads\/2024\/07\/softex-1.jpg 780w, https:\/\/celplan.com\/wp-content\/uploads\/2024\/07\/softex-1.jpg 360w\" sizes=\"auto, (max-width: 480px) 150px\" src=\"https:\/\/celplan.com\/wp-content\/uploads\/2024\/07\/softex-1.jpg\" alt=\"\" class=\"uag-image-2162\" width=\"289\" height=\"100\" title=\"softex 1\" loading=\"lazy\" role=\"img\"\/><\/a><\/figure><\/div>\n<\/div>\n<\/div>\n\n\n\n<div class=\"wp-block-columns is-layout-flex wp-container-core-columns-is-layout-28f84493 wp-block-columns-is-layout-flex\">\n<div class=\"wp-block-column is-layout-flow wp-block-column-is-layout-flow\">\n<div class=\"wp-block-uagb-image uagb-block-0b13fead wp-block-uagb-image--layout-default wp-block-uagb-image--effect-static wp-block-uagb-image--align-none\"><figure class=\"wp-block-uagb-image__figure\"><img decoding=\"async\" srcset=\"https:\/\/celplan.com\/wp-content\/uploads\/2024\/07\/About-Us-Ariba_badge_245x100.jpg ,https:\/\/celplan.com\/wp-content\/uploads\/2024\/07\/About-Us-Ariba_badge_245x100.jpg 780w, https:\/\/celplan.com\/wp-content\/uploads\/2024\/07\/About-Us-Ariba_badge_245x100.jpg 360w\" sizes=\"auto, (max-width: 480px) 150px\" src=\"https:\/\/celplan.com\/wp-content\/uploads\/2024\/07\/About-Us-Ariba_badge_245x100.jpg\" alt=\"\" class=\"uag-image-2271\" width=\"270\" height=\"100\" title=\"About Us - Ariba_badge_245x100\" loading=\"lazy\" role=\"img\"\/><\/figure><\/div>\n<\/div>\n\n\n\n<div class=\"wp-block-column is-layout-flow wp-block-column-is-layout-flow\">\n<div class=\"wp-block-uagb-image uagb-block-5bdc5d23 wp-block-uagb-image--layout-default wp-block-uagb-image--effect-static wp-block-uagb-image--align-none\"><figure class=\"wp-block-uagb-image__figure\"><img decoding=\"async\" srcset=\"https:\/\/celplan.com\/wp-content\/uploads\/2024\/07\/GSA-CelPlan-Schedule-310x100-2.jpg ,https:\/\/celplan.com\/wp-content\/uploads\/2024\/07\/GSA-CelPlan-Schedule-310x100-2.jpg 780w, https:\/\/celplan.com\/wp-content\/uploads\/2024\/07\/GSA-CelPlan-Schedule-310x100-2.jpg 360w\" sizes=\"auto, (max-width: 480px) 150px\" src=\"https:\/\/celplan.com\/wp-content\/uploads\/2024\/07\/GSA-CelPlan-Schedule-310x100-2.jpg\" alt=\"\" class=\"uag-image-2309\" width=\"620\" height=\"100\" title=\"GSA-CelPlan-Schedule-310x100\" loading=\"lazy\" role=\"img\"\/><\/figure><\/div>\n<\/div>\n\n\n\n<div class=\"wp-block-column is-layout-flow wp-block-column-is-layout-flow\">\n<div class=\"wp-block-uagb-image uagb-block-76218dd4 wp-block-uagb-image--layout-default wp-block-uagb-image--effect-static wp-block-uagb-image--align-none\"><figure class=\"wp-block-uagb-image__figure\"><a class=\"\" href=\"https:\/\/www.theutech.net\/\" target=\"\" rel=\"noopener\"><img decoding=\"async\" srcset=\"https:\/\/celplan.com\/wp-content\/uploads\/2025\/06\/UTech-150x150.png ,https:\/\/celplan.com\/wp-content\/uploads\/2025\/06\/UTech.png 780w, https:\/\/celplan.com\/wp-content\/uploads\/2025\/06\/UTech.png 360w\" sizes=\"auto, (max-width: 480px) 150px\" src=\"https:\/\/celplan.com\/wp-content\/uploads\/2025\/06\/UTech-150x150.png\" alt=\"\" class=\"uag-image-2909\" width=\"150\" height=\"150\" title=\"UTech\" loading=\"lazy\" role=\"img\"\/><\/a><\/figure><\/div>\n<\/div>\n<\/div>\n<\/div><\/div>","protected":false},"excerpt":{"rendered":"<p>Associations &amp; Membership CelPlan recognizes the critical importance of participating in a robust ecosystem to deliver optimal support to our clientele. As such, we maintain active memberships in multiple international trade associations. These organizations are at the forefront of promoting cutting-edge trends, technologies, and strategic approaches in our industry.<\/p>","protected":false},"author":2,"featured_media":0,"parent":0,"menu_order":0,"comment_status":"closed","ping_status":"closed","template":"","meta":{"_uag_custom_page_level_css":"","_monsterinsights_skip_tracking":false,"_monsterinsights_sitenote_active":false,"_monsterinsights_sitenote_note":"","_monsterinsights_sitenote_category":0,"site-sidebar-layout":"default","site-content-layout":"","ast-site-content-layout":"default","site-content-style":"default","site-sidebar-style":"default","ast-global-header-display":"","ast-banner-title-visibility":"","ast-main-header-display":"","ast-hfb-above-header-display":"","ast-hfb-below-header-display":"","ast-hfb-mobile-header-display":"","site-post-title":"disabled","ast-breadcrumbs-content":"","ast-featured-img":"","footer-sml-layout":"","ast-disable-related-posts":"","theme-transparent-header-meta":"","adv-header-id-meta":"","stick-header-meta":"","header-above-stick-meta":"","header-main-stick-meta":"","header-below-stick-meta":"","astra-migrate-meta-layouts":"set","ast-page-background-enabled":"default","ast-page-background-meta":{"desktop":{"background-color":"var(--ast-global-color-4)","background-image":"","background-repeat":"repeat","background-position":"center center","background-size":"auto","background-attachment":"scroll","background-type":"","background-media":"","overlay-type":"","overlay-color":"","overlay-opacity":"","overlay-gradient":""},"tablet":{"background-color":"","background-image":"","background-repeat":"repeat","background-position":"center center","background-size":"auto","background-attachment":"scroll","background-type":"","background-media":"","overlay-type":"","overlay-color":"","overlay-opacity":"","overlay-gradient":""},"mobile":{"background-color":"","background-image":"","background-repeat":"repeat","background-position":"center center","background-size":"auto","background-attachment":"scroll","background-type":"","background-media":"","overlay-type":"","overlay-color":"","overlay-opacity":"","overlay-gradient":""}},"ast-content-background-meta":{"desktop":{"background-color":"var(--ast-global-color-5)","background-image":"","background-repeat":"repeat","background-position":"center center","background-size":"auto","background-attachment":"scroll","background-type":"","background-media":"","overlay-type":"","overlay-color":"","overlay-opacity":"","overlay-gradient":""},"tablet":{"background-color":"var(--ast-global-color-5)","background-image":"","background-repeat":"repeat","background-position":"center center","background-size":"auto","background-attachment":"scroll","background-type":"","background-media":"","overlay-type":"","overlay-color":"","overlay-opacity":"","overlay-gradient":""},"mobile":{"background-color":"var(--ast-global-color-5)","background-image":"","background-repeat":"repeat","background-position":"center center","background-size":"auto","background-attachment":"scroll","background-type":"","background-media":"","overlay-type":"","overlay-color":"","overlay-opacity":"","overlay-gradient":""}},"footnotes":""},"class_list":["post-2086","page","type-page","status-publish","hentry"],"aioseo_notices":[],"uagb_featured_image_src":{"full":false,"thumbnail":false,"medium":false,"medium_large":false,"large":false,"1536x1536":false,"2048x2048":false,"trp-custom-language-flag":false},"uagb_author_info":{"display_name":"Cristine Korowajczuk","author_link":"https:\/\/celplan.com\/es\/author\/cris_en\/"},"uagb_comment_info":0,"uagb_excerpt":"Associations &amp; Membership CelPlan recognizes the critical importance of participating in a robust ecosystem to deliver optimal support to our clientele. As such, we maintain active memberships in multiple international trade associations. These organizations are at the forefront of promoting cutting-edge trends, technologies, and strategic approaches in our industry.","_links":{"self":[{"href":"https:\/\/celplan.com\/es\/wp-json\/wp\/v2\/pages\/2086","targetHints":{"allow":["GET"]}}],"collection":[{"href":"https:\/\/celplan.com\/es\/wp-json\/wp\/v2\/pages"}],"about":[{"href":"https:\/\/celplan.com\/es\/wp-json\/wp\/v2\/types\/page"}],"author":[{"embeddable":true,"href":"https:\/\/celplan.com\/es\/wp-json\/wp\/v2\/users\/2"}],"replies":[{"embeddable":true,"href":"https:\/\/celplan.com\/es\/wp-json\/wp\/v2\/comments?post=2086"}],"version-history":[{"count":49,"href":"https:\/\/celplan.com\/es\/wp-json\/wp\/v2\/pages\/2086\/revisions"}],"predecessor-version":[{"id":2911,"href":"https:\/\/celplan.com\/es\/wp-json\/wp\/v2\/pages\/2086\/revisions\/2911"}],"wp:attachment":[{"href":"https:\/\/celplan.com\/es\/wp-json\/wp\/v2\/media?parent=2086"}],"curies":[{"name":"wp","href":"https:\/\/api.w.org\/{rel}","templated":true}]}}