{"id":2201,"date":"2024-07-29T20:57:00","date_gmt":"2024-07-29T20:57:00","guid":{"rendered":"https:\/\/celplan.com\/?page_id=2201"},"modified":"2024-08-19T13:58:29","modified_gmt":"2024-08-19T13:58:29","slug":"cellprobe","status":"publish","type":"page","link":"https:\/\/celplan.com\/es\/cellprobe\/","title":{"rendered":"CellProbe &#8211; IP network measurement and troubleshooting"},"content":{"rendered":"<div class=\"wp-block-uagb-container uagb-block-eghuxq0k alignfull uagb-is-root-container\"><div class=\"uagb-container-inner-blocks-wrap\">\n<div class=\"wp-block-uagb-info-box uagb-block-z9doniw9 uagb-infobox__content-wrap  uagb-infobox-icon-above-title uagb-infobox-image-valign-top\"><div class=\"uagb-ifb-content\"><div class=\"uagb-ifb-title-wrap\"><h1 class=\"uagb-ifb-title\">CellProbe<\/h1><\/div><\/div><\/div>\n<\/div><\/div>\n\n\n\n<div class=\"wp-block-uagb-container uagb-block-eidebwjs alignfull uagb-is-root-container\"><div class=\"uagb-container-inner-blocks-wrap\">\n<div class=\"wp-block-uagb-info-box uagb-block-ggyz8qhr uagb-infobox__content-wrap  uagb-infobox-icon-above-title uagb-infobox-image-valign-top\"><div class=\"uagb-ifb-content\"><div class=\"uagb-ifb-title-wrap\"><\/div><p class=\"uagb-ifb-desc\">CellProbe, un componente de la suite de pruebas de redes inal\u00e1mbricas de CelPlan, es un conjunto integral de herramientas dise\u00f1adas para medir el rendimiento y solucionar problemas de conexiones IP. <br><br>Est\u00e1 dise\u00f1ado espec\u00edficamente para soportar la movilidad, manteniendo la integridad de la conexi\u00f3n incluso en entornos potencialmente inestables, e incorpora etiquetado GPS para cada medici\u00f3n. El sistema permite la configuraci\u00f3n, registro y visualizaci\u00f3n de mediciones automatizadas definidas por el usuario, presentando datos a trav\u00e9s de gr\u00e1ficos estad\u00edsticos y mapas geogr\u00e1ficos.<br><br><br><\/p><\/div><\/div>\n\n\n\n<div class=\"wp-block-uagb-image uagb-block-6e217aae wp-block-uagb-image--layout-default wp-block-uagb-image--effect-static wp-block-uagb-image--align-none\"><figure class=\"wp-block-uagb-image__figure\"><img decoding=\"async\" srcset=\"https:\/\/celplan.com\/wp-content\/uploads\/2024\/08\/CelProbe-Architecture-1024x614.jpg ,https:\/\/celplan.com\/wp-content\/uploads\/2024\/08\/CelProbe-Architecture.jpg 780w, https:\/\/celplan.com\/wp-content\/uploads\/2024\/08\/CelProbe-Architecture.jpg 360w\" sizes=\"auto, (max-width: 480px) 150px\" src=\"https:\/\/celplan.com\/wp-content\/uploads\/2024\/08\/CelProbe-Architecture-1024x614.jpg\" alt=\"\" class=\"uag-image-2557\" width=\"1200\" height=\"720\" title=\"CelProbe Architecture\" loading=\"lazy\" role=\"img\"\/><\/figure><\/div>\n\n\n\n<div class=\"wp-block-uagb-container uagb-block-lxteyfrt\">\n<div class=\"wp-block-uagb-container uagb-block-fa79551f\">\n<div class=\"wp-block-uagb-info-box uagb-block-79ijmjmt uagb-infobox__content-wrap  uagb-infobox-icon-above-title uagb-infobox-image-valign-top\"><div class=\"uagb-ifb-content\"><div class=\"uagb-ifb-title-wrap\"><\/div><p class=\"uagb-ifb-desc\">Las caracter\u00edsticas principales de CellProbe incluyen:<br><\/p><\/div><\/div>\n\n\n\n<ul class=\"wp-block-list\">\n<li>Medici\u00f3n de rendimiento: proporciona evaluaciones de rendimiento en el mundo real, incluido el rendimiento m\u00e1ximo y espec\u00edfico de la aplicaci\u00f3n, as\u00ed como m\u00e9tricas de rendimiento de enlace para transferencia de paquetes individuales o paralelos:\n<ul class=\"wp-block-list\">\n<li>Volumen transferido (TCP\/UDP)<\/li>\n\n\n\n<li>Velocidad de transferencia de datos (TCP\/UDP)<\/li>\n\n\n\n<li>Jitter (UDP)<\/li>\n\n\n\n<li>P\u00e9rdida de paquetes (UDP)<\/li>\n<\/ul>\n<\/li>\n\n\n\n<li>An\u00e1lisis de paquetes: utiliza el software Wireshark de c\u00f3digo abierto para el an\u00e1lisis de protocolos de paquetes georreferenciados.<br><\/li>\n\n\n\n<li>Medici\u00f3n SNMP: recupera datos de configuraci\u00f3n y mediciones de varios dispositivos, incluidos tel\u00e9fonos, tel\u00e9fonos inteligentes y cualquier equipo compatible con SNMP, como radios, instrumentos de prueba y controladores.<br><\/li>\n\n\n\n<li>Monitoreo de latencia\/RTT:\n<ul class=\"wp-block-list\">\n<li>Recepci\u00f3n y secuenciaci\u00f3n de ping<\/li>\n\n\n\n<li>Tiempo de ida y vuelta (RTT)<\/li>\n\n\n\n<li>C\u00e1lculo de latencia media<\/li>\n<\/ul>\n<\/li>\n<\/ul>\n<\/div>\n\n\n\n<div class=\"wp-block-uagb-image aligncenter uagb-block-zlzeflwe wp-block-uagb-image--layout-default wp-block-uagb-image--effect-static wp-block-uagb-image--align-center alignleft\"><figure class=\"wp-block-uagb-image__figure\"><img decoding=\"async\" srcset=\"https:\/\/celplan.com\/wp-content\/uploads\/2024\/08\/CellProbe-01-766x844-1.jpg ,https:\/\/celplan.com\/wp-content\/uploads\/2024\/08\/CellProbe-01-766x844-1.jpg 780w, https:\/\/celplan.com\/wp-content\/uploads\/2024\/08\/CellProbe-01-766x844-1.jpg 360w\" sizes=\"auto, (max-width: 480px) 150px\" src=\"https:\/\/celplan.com\/wp-content\/uploads\/2024\/08\/CellProbe-01-766x844-1.jpg\" alt=\"\" class=\"uag-image-2560\" width=\"600\" height=\"800\" title=\"CellProbe-01-766x844\" loading=\"lazy\" role=\"img\"\/><\/figure><\/div>\n<\/div>\n\n\n\n<div class=\"wp-block-uagb-container uagb-block-ttogtouf\">\n<div class=\"wp-block-uagb-image alignleft uagb-block-n3cxnlie wp-block-uagb-image--layout-default wp-block-uagb-image--effect-static wp-block-uagb-image--align-left\"><figure class=\"wp-block-uagb-image__figure\"><img decoding=\"async\" srcset=\"https:\/\/celplan.com\/wp-content\/uploads\/2024\/07\/CellScanner-in-car-1024x615.jpg ,https:\/\/celplan.com\/wp-content\/uploads\/2024\/07\/CellScanner-in-car.jpg 780w, https:\/\/celplan.com\/wp-content\/uploads\/2024\/07\/CellScanner-in-car.jpg 360w\" sizes=\"auto, (max-width: 480px) 150px\" src=\"https:\/\/celplan.com\/wp-content\/uploads\/2024\/07\/CellScanner-in-car-1024x615.jpg\" alt=\"\" class=\"uag-image-2173\" width=\"564\" height=\"400\" title=\"CellScanner in car\" loading=\"lazy\" role=\"img\"\/><\/figure><\/div>\n\n\n\n<div class=\"wp-block-uagb-info-box uagb-block-ujtuildy uagb-infobox__content-wrap  uagb-infobox-icon-above-title uagb-infobox-image-valign-top\"><div class=\"uagb-ifb-content\"><div class=\"uagb-ifb-title-wrap\"><\/div><p class=\"uagb-ifb-desc\">CellProbe ofrece una funci\u00f3n de ejecuci\u00f3n de tareas automatizada, especialmente \u00fatil para escenarios de recopilaci\u00f3n de datos remotos con conectividad limitada. Cuando se configuran, estas tareas se inician autom\u00e1ticamente al volver a abrir la aplicaci\u00f3n.<br><br>Como herramienta de an\u00e1lisis de redes, CellProbe puede realizar pruebas de rendimiento de enlaces mediante IPerf. Esto establece una conexi\u00f3n entre la aplicaci\u00f3n m\u00f3vil y el servidor, lo que facilita la recopilaci\u00f3n de datos durante campa\u00f1as de prueba de conducci\u00f3n o desde ubicaciones fijas.<br><br>La funci\u00f3n Analizador de protocolo de red aprovecha Wireshark, que los usuarios deben instalar por separado, ya que no est\u00e1 incluido en el paquete CellProbe.<br><\/p><\/div><\/div>\n<\/div>\n\n\n\n<p>Adem\u00e1s, CellProbe puede realizar pruebas de conectividad y latencia utilizando el comando PING, proporcionando estad\u00edsticas detalladas.<br><br>CellProbe opera dentro de un entorno de software compartido por otras herramientas CelPlan, como: <a href=\"https:\/\/celplan.com\/es\/cellscanner\/\" title=\"\">CellScanner <\/a>y <a href=\"https:\/\/celplan.com\/es\/cellspectrum-plus\/\" title=\"\">CellSpectrum<\/a>, garantizando una interfaz f\u00e1cil de usar y una curva de aprendizaje pronunciada para un dominio r\u00e1pido.<\/p>\n<\/div><\/div>","protected":false},"excerpt":{"rendered":"<p>Additionally, CellProbe can perform connectivity and latency tests using the PING command, providing detailed statistics. CellProbe operates within a software environment shared by other CelPlan tools, such as: CellScanner and CellSpectrum, ensuring a user-friendly interface and a steep learning curve for rapid proficiency.<\/p>","protected":false},"author":2,"featured_media":0,"parent":0,"menu_order":0,"comment_status":"closed","ping_status":"closed","template":"","meta":{"_uag_custom_page_level_css":"","_monsterinsights_skip_tracking":false,"_monsterinsights_sitenote_active":false,"_monsterinsights_sitenote_note":"","_monsterinsights_sitenote_category":0,"site-sidebar-layout":"default","site-content-layout":"","ast-site-content-layout":"default","site-content-style":"default","site-sidebar-style":"default","ast-global-header-display":"","ast-banner-title-visibility":"","ast-main-header-display":"","ast-hfb-above-header-display":"","ast-hfb-below-header-display":"","ast-hfb-mobile-header-display":"","site-post-title":"disabled","ast-breadcrumbs-content":"","ast-featured-img":"","footer-sml-layout":"","ast-disable-related-posts":"","theme-transparent-header-meta":"","adv-header-id-meta":"","stick-header-meta":"","header-above-stick-meta":"","header-main-stick-meta":"","header-below-stick-meta":"","astra-migrate-meta-layouts":"set","ast-page-background-enabled":"default","ast-page-background-meta":{"desktop":{"background-color":"var(--ast-global-color-4)","background-image":"","background-repeat":"repeat","background-position":"center center","background-size":"auto","background-attachment":"scroll","background-type":"","background-media":"","overlay-type":"","overlay-color":"","overlay-opacity":"","overlay-gradient":""},"tablet":{"background-color":"","background-image":"","background-repeat":"repeat","background-position":"center center","background-size":"auto","background-attachment":"scroll","background-type":"","background-media":"","overlay-type":"","overlay-color":"","overlay-opacity":"","overlay-gradient":""},"mobile":{"background-color":"","background-image":"","background-repeat":"repeat","background-position":"center center","background-size":"auto","background-attachment":"scroll","background-type":"","background-media":"","overlay-type":"","overlay-color":"","overlay-opacity":"","overlay-gradient":""}},"ast-content-background-meta":{"desktop":{"background-color":"var(--ast-global-color-5)","background-image":"","background-repeat":"repeat","background-position":"center center","background-size":"auto","background-attachment":"scroll","background-type":"","background-media":"","overlay-type":"","overlay-color":"","overlay-opacity":"","overlay-gradient":""},"tablet":{"background-color":"var(--ast-global-color-5)","background-image":"","background-repeat":"repeat","background-position":"center center","background-size":"auto","background-attachment":"scroll","background-type":"","background-media":"","overlay-type":"","overlay-color":"","overlay-opacity":"","overlay-gradient":""},"mobile":{"background-color":"var(--ast-global-color-5)","background-image":"","background-repeat":"repeat","background-position":"center center","background-size":"auto","background-attachment":"scroll","background-type":"","background-media":"","overlay-type":"","overlay-color":"","overlay-opacity":"","overlay-gradient":""}},"footnotes":""},"class_list":["post-2201","page","type-page","status-publish","hentry"],"aioseo_notices":[],"uagb_featured_image_src":{"full":false,"thumbnail":false,"medium":false,"medium_large":false,"large":false,"1536x1536":false,"2048x2048":false,"trp-custom-language-flag":false},"uagb_author_info":{"display_name":"Cristine Korowajczuk","author_link":"https:\/\/celplan.com\/es\/author\/cris_en\/"},"uagb_comment_info":0,"uagb_excerpt":"Additionally, CellProbe can perform connectivity and latency tests using the PING command, providing detailed statistics. CellProbe operates within a software environment shared by other CelPlan tools, such as: CellScanner and CellSpectrum, ensuring a user-friendly interface and a steep learning curve for rapid proficiency.","_links":{"self":[{"href":"https:\/\/celplan.com\/es\/wp-json\/wp\/v2\/pages\/2201","targetHints":{"allow":["GET"]}}],"collection":[{"href":"https:\/\/celplan.com\/es\/wp-json\/wp\/v2\/pages"}],"about":[{"href":"https:\/\/celplan.com\/es\/wp-json\/wp\/v2\/types\/page"}],"author":[{"embeddable":true,"href":"https:\/\/celplan.com\/es\/wp-json\/wp\/v2\/users\/2"}],"replies":[{"embeddable":true,"href":"https:\/\/celplan.com\/es\/wp-json\/wp\/v2\/comments?post=2201"}],"version-history":[{"count":28,"href":"https:\/\/celplan.com\/es\/wp-json\/wp\/v2\/pages\/2201\/revisions"}],"predecessor-version":[{"id":2634,"href":"https:\/\/celplan.com\/es\/wp-json\/wp\/v2\/pages\/2201\/revisions\/2634"}],"wp:attachment":[{"href":"https:\/\/celplan.com\/es\/wp-json\/wp\/v2\/media?parent=2201"}],"curies":[{"name":"wp","href":"https:\/\/api.w.org\/{rel}","templated":true}]}}