{"id":2411,"date":"2024-08-02T14:26:17","date_gmt":"2024-08-02T14:26:17","guid":{"rendered":"https:\/\/celplan.com\/?page_id=2411"},"modified":"2024-08-02T14:51:34","modified_gmt":"2024-08-02T14:51:34","slug":"2411-2","status":"publish","type":"page","link":"https:\/\/celplan.com\/es\/2411-2\/","title":{"rendered":"\u00daltimas Noticias"},"content":{"rendered":"<ul class=\"wp-block-latest-posts__list wp-block-latest-posts\"><li><a class=\"wp-block-latest-posts__post-title\" href=\"https:\/\/celplan.com\/es\/strategic-digital-transformation-roadmap-for-utilities\/\">New Articles and White Papers<\/a><div class=\"wp-block-latest-posts__post-excerpt\">New Articles in our webpage: Digital Twins (2), Coaxial Cable Testing, and Spectral Coexistence<\/div><\/li>\n<li><a class=\"wp-block-latest-posts__post-title\" href=\"https:\/\/celplan.com\/es\/celplan-participates-in-inovaportos-2025-digital-transformation-and-ai-in-the-port-sector\/\">CelPlan Participates in InovaPortos 2025: Digital Transformation and AI in the Port Sector<\/a><div class=\"wp-block-latest-posts__post-excerpt\">CelPlan recently attended the 6th edition of InovaPortos, held in S\u00e3o Lu\u00eds, Maranh\u00e3o, on June 17-18, 2025. Our Product Director, Paulo Sigrist, represented the company at this gathering focused on &#8220;Digital Transformation and AI in the Port Sector.&#8221; The event brought together industry leaders, technology specialists, and port authorities to explore how artificial intelligence and&#8230; <a class=\"wp-block-latest-posts__read-more\" href=\"https:\/\/celplan.com\/es\/celplan-participates-in-inovaportos-2025-digital-transformation-and-ai-in-the-port-sector\/\" rel=\"noopener noreferrer\">Lee m\u00e1s<span class=\"screen-reader-text\">: CelPlan Participates in InovaPortos 2025: Digital Transformation and AI in the Port Sector<\/span><\/a><\/div><\/li>\n<li><a class=\"wp-block-latest-posts__post-title\" href=\"https:\/\/celplan.com\/es\/celplan-at-utc-telecom-technology-2025-leading-the-private-lte-conversation\/\">CelPlan at UTC Telecom &amp; Technology 2025: Leading the Private LTE Conversation<\/a><div class=\"wp-block-latest-posts__post-excerpt\">CelPlan Technologies is excited to participate in the upcoming UTC Telecom &amp; Technology conference, taking place June 17-19, 2025. As a leading provider of wireless network planning and optimization solutions, we&#8217;re looking forward to sharing our expertise and connecting with utility professionals who are advancing the future of telecommunications infrastructure. Stop by booth 941 throughout&#8230; <a class=\"wp-block-latest-posts__read-more\" href=\"https:\/\/celplan.com\/es\/celplan-at-utc-telecom-technology-2025-leading-the-private-lte-conversation\/\" rel=\"noopener noreferrer\">Lee m\u00e1s<span class=\"screen-reader-text\">: CelPlan at UTC Telecom &amp; Technology 2025: Leading the Private LTE Conversation<\/span><\/a><\/div><\/li>\n<li><a class=\"wp-block-latest-posts__post-title\" href=\"https:\/\/celplan.com\/es\/celplan-to-attend-digital-transformation-and-ai-in-the-port-sector-summit\/\">CelPlan to attend Digital Transformation and AI in the Port Sector summit<\/a><div class=\"wp-block-latest-posts__post-excerpt\">The 6th Edition of InovaPortos is setting sail toward the digital future of ports! With the theme \u201cDigital Transformation and AI in the Port Sector,\u201d this year\u2019s event will take place on June 17\u201318 in S\u00e3o Lu\u00eds do Maranh\u00e3o, bringing together industry leaders, innovators, and technology experts to explore how digital solutions are reshaping port&#8230; <a class=\"wp-block-latest-posts__read-more\" href=\"https:\/\/celplan.com\/es\/celplan-to-attend-digital-transformation-and-ai-in-the-port-sector-summit\/\" rel=\"noopener noreferrer\">Lee m\u00e1s<span class=\"screen-reader-text\">: CelPlan to attend Digital Transformation and AI in the Port Sector summit<\/span><\/a><\/div><\/li>\n<\/ul>","protected":false},"excerpt":{"rendered":"","protected":false},"author":2,"featured_media":2218,"parent":0,"menu_order":0,"comment_status":"closed","ping_status":"closed","template":"","meta":{"_uag_custom_page_level_css":"","_monsterinsights_skip_tracking":false,"_monsterinsights_sitenote_active":false,"_monsterinsights_sitenote_note":"","_monsterinsights_sitenote_category":0,"site-sidebar-layout":"default","site-content-layout":"","ast-site-content-layout":"default","site-content-style":"default","site-sidebar-style":"default","ast-global-header-display":"","ast-banner-title-visibility":"","ast-main-header-display":"","ast-hfb-above-header-display":"","ast-hfb-below-header-display":"","ast-hfb-mobile-header-display":"","site-post-title":"","ast-breadcrumbs-content":"","ast-featured-img":"","footer-sml-layout":"","ast-disable-related-posts":"","theme-transparent-header-meta":"","adv-header-id-meta":"","stick-header-meta":"","header-above-stick-meta":"","header-main-stick-meta":"","header-below-stick-meta":"","astra-migrate-meta-layouts":"set","ast-page-background-enabled":"default","ast-page-background-meta":{"desktop":{"background-color":"var(--ast-global-color-4)","background-image":"","background-repeat":"repeat","background-position":"center center","background-size":"auto","background-attachment":"scroll","background-type":"","background-media":"","overlay-type":"","overlay-color":"","overlay-opacity":"","overlay-gradient":""},"tablet":{"background-color":"","background-image":"","background-repeat":"repeat","background-position":"center center","background-size":"auto","background-attachment":"scroll","background-type":"","background-media":"","overlay-type":"","overlay-color":"","overlay-opacity":"","overlay-gradient":""},"mobile":{"background-color":"","background-image":"","background-repeat":"repeat","background-position":"center center","background-size":"auto","background-attachment":"scroll","background-type":"","background-media":"","overlay-type":"","overlay-color":"","overlay-opacity":"","overlay-gradient":""}},"ast-content-background-meta":{"desktop":{"background-color":"var(--ast-global-color-5)","background-image":"","background-repeat":"repeat","background-position":"center center","background-size":"auto","background-attachment":"scroll","background-type":"","background-media":"","overlay-type":"","overlay-color":"","overlay-opacity":"","overlay-gradient":""},"tablet":{"background-color":"var(--ast-global-color-5)","background-image":"","background-repeat":"repeat","background-position":"center center","background-size":"auto","background-attachment":"scroll","background-type":"","background-media":"","overlay-type":"","overlay-color":"","overlay-opacity":"","overlay-gradient":""},"mobile":{"background-color":"var(--ast-global-color-5)","background-image":"","background-repeat":"repeat","background-position":"center center","background-size":"auto","background-attachment":"scroll","background-type":"","background-media":"","overlay-type":"","overlay-color":"","overlay-opacity":"","overlay-gradient":""}},"footnotes":""},"class_list":["post-2411","page","type-page","status-publish","has-post-thumbnail","hentry"],"aioseo_notices":[],"uagb_featured_image_src":{"full":["https:\/\/celplan.com\/wp-content\/uploads\/2024\/07\/Clemson-Madren-Center.jpeg",600,400,false],"thumbnail":["https:\/\/celplan.com\/wp-content\/uploads\/2024\/07\/Clemson-Madren-Center-150x150.jpeg",150,150,true],"medium":["https:\/\/celplan.com\/wp-content\/uploads\/2024\/07\/Clemson-Madren-Center-300x200.jpeg",300,200,true],"medium_large":["https:\/\/celplan.com\/wp-content\/uploads\/2024\/07\/Clemson-Madren-Center.jpeg",600,400,false],"large":["https:\/\/celplan.com\/wp-content\/uploads\/2024\/07\/Clemson-Madren-Center.jpeg",600,400,false],"1536x1536":["https:\/\/celplan.com\/wp-content\/uploads\/2024\/07\/Clemson-Madren-Center.jpeg",600,400,false],"2048x2048":["https:\/\/celplan.com\/wp-content\/uploads\/2024\/07\/Clemson-Madren-Center.jpeg",600,400,false],"trp-custom-language-flag":["https:\/\/celplan.com\/wp-content\/uploads\/2024\/07\/Clemson-Madren-Center.jpeg",18,12,false]},"uagb_author_info":{"display_name":"Cristine Korowajczuk","author_link":"https:\/\/celplan.com\/es\/author\/cris_en\/"},"uagb_comment_info":0,"uagb_excerpt":null,"_links":{"self":[{"href":"https:\/\/celplan.com\/es\/wp-json\/wp\/v2\/pages\/2411","targetHints":{"allow":["GET"]}}],"collection":[{"href":"https:\/\/celplan.com\/es\/wp-json\/wp\/v2\/pages"}],"about":[{"href":"https:\/\/celplan.com\/es\/wp-json\/wp\/v2\/types\/page"}],"author":[{"embeddable":true,"href":"https:\/\/celplan.com\/es\/wp-json\/wp\/v2\/users\/2"}],"replies":[{"embeddable":true,"href":"https:\/\/celplan.com\/es\/wp-json\/wp\/v2\/comments?post=2411"}],"version-history":[{"count":4,"href":"https:\/\/celplan.com\/es\/wp-json\/wp\/v2\/pages\/2411\/revisions"}],"predecessor-version":[{"id":2439,"href":"https:\/\/celplan.com\/es\/wp-json\/wp\/v2\/pages\/2411\/revisions\/2439"}],"wp:featuredmedia":[{"embeddable":true,"href":"https:\/\/celplan.com\/es\/wp-json\/wp\/v2\/media\/2218"}],"wp:attachment":[{"href":"https:\/\/celplan.com\/es\/wp-json\/wp\/v2\/media?parent=2411"}],"curies":[{"name":"wp","href":"https:\/\/api.w.org\/{rel}","templated":true}]}}