{"id":74,"date":"2024-06-27T17:12:56","date_gmt":"2024-06-27T17:12:56","guid":{"rendered":"https:\/\/celplan.com\/services\/"},"modified":"2024-07-29T16:16:48","modified_gmt":"2024-07-29T16:16:48","slug":"services","status":"publish","type":"page","link":"https:\/\/celplan.com\/es\/services\/","title":{"rendered":"Servicios"},"content":{"rendered":"<div class=\"wp-block-uagb-container uagb-block-4gj0yszr alignfull uagb-is-root-container\"><div class=\"uagb-container-inner-blocks-wrap\">\n<div class=\"wp-block-uagb-info-box uagb-block-sbtpyfyn uagb-infobox__content-wrap  uagb-infobox-icon-above-title uagb-infobox-image-valign-top\"><div class=\"uagb-ifb-content\"><div class=\"uagb-ifb-title-wrap\"><h1 class=\"uagb-ifb-title\">Servicios<\/h1><\/div><\/div><\/div>\n<\/div><\/div>\n\n\n\n<blockquote class=\"wp-block-quote is-layout-flow wp-block-quote-is-layout-flow\">\n<p><\/p>\n\n\n\n<p>Aprovechando su importante fuerza laboral de m\u00e1s de 200 ingenieros a tiempo completo, CelPlan ofrece una amplia gama de servicios de ingenier\u00eda y consultor\u00eda de tecnolog\u00eda de vanguardia, posicion\u00e1ndose para ejecutar incluso los proyectos m\u00e1s complejos relacionados con la red con una experiencia incomparable.<br><br>CelPlan se compromete a ofrecer soluciones de vanguardia que aborden las necesidades cambiantes de la industria de las telecomunicaciones. Nuestro equipo de expertos est\u00e1 capacitado para manejar proyectos de cualquier escala y complejidad, garantizando resultados \u00f3ptimos para nuestros clientes.<\/p>\n<\/blockquote>\n\n\n\n<div class=\"wp-block-uagb-container uagb-block-pisdf4yj alignfull uagb-is-root-container\"><div class=\"uagb-container-inner-blocks-wrap\">\n<div class=\"wp-block-uagb-container uagb-block-munkxyji\">\n<div class=\"wp-block-uagb-container uagb-block-l3s7jt3o\">\n<div class=\"wp-block-uagb-image uagb-block-mknmfcnr wp-block-uagb-image--layout-default wp-block-uagb-image--effect-static wp-block-uagb-image--align-none\"><figure class=\"wp-block-uagb-image__figure\"><a class=\"\" href=\"https:\/\/celplan.com\/es\/ict_engineering_consulting\/\" target=\"\" rel=\"noopener\"><img decoding=\"async\" srcset=\"https:\/\/celplan.com\/wp-content\/uploads\/2024\/07\/consultant-cloud-1024x683.jpg ,https:\/\/celplan.com\/wp-content\/uploads\/2024\/07\/consultant-cloud-scaled.jpg 780w, https:\/\/celplan.com\/wp-content\/uploads\/2024\/07\/consultant-cloud-scaled.jpg 360w\" sizes=\"auto, (max-width: 480px) 150px\" src=\"https:\/\/celplan.com\/wp-content\/uploads\/2024\/07\/consultant-cloud-1024x683.jpg\" alt=\"\" class=\"uag-image-1935\" width=\"282\" height=\"376\" title=\"Consulting\" loading=\"lazy\" role=\"img\"\/><\/a><\/figure><\/div>\n\n\n\n<div class=\"wp-block-uagb-info-box uagb-block-ys6wjjhc uagb-infobox__content-wrap  uagb-infobox-icon-above-title uagb-infobox-image-valign-top\"><div class=\"uagb-ifb-content\"><div class=\"uagb-ifb-title-wrap\"><h3 class=\"uagb-ifb-title\"><a href=\"https:\/\/celplan.com\/es\/telecommunications-engineering-and-consulting\/\" title=\"\">IC<\/a><a href=\"https:\/\/celplan.com\/es\/ict_engineering_consulting\/\" title=\"\">T Engin<\/a><a href=\"https:\/\/celplan.com\/es\/telecommunications-engineering-and-consulting\/\" title=\"\">eering &amp; Consulting<\/a><\/h3><\/div><\/div><\/div>\n<\/div>\n\n\n\n<div class=\"wp-block-uagb-container uagb-block-sljddiuh\">\n<div class=\"wp-block-uagb-image uagb-block-rwkjww3s wp-block-uagb-image--layout-default wp-block-uagb-image--effect-static wp-block-uagb-image--align-none\"><figure class=\"wp-block-uagb-image__figure\"><a class=\"\" href=\"https:\/\/celplan.com\/es\/turnkey_network_deployments\/\" target=\"\" rel=\"noopener\"><img decoding=\"async\" srcset=\"https:\/\/celplan.com\/wp-content\/uploads\/2024\/07\/Markets-surveillance-1MB-1024x643-1.jpg ,https:\/\/celplan.com\/wp-content\/uploads\/2024\/07\/Markets-surveillance-1MB-1024x643-1.jpg 780w, https:\/\/celplan.com\/wp-content\/uploads\/2024\/07\/Markets-surveillance-1MB-1024x643-1.jpg 360w\" sizes=\"auto, (max-width: 480px) 150px\" src=\"https:\/\/celplan.com\/wp-content\/uploads\/2024\/07\/Markets-surveillance-1MB-1024x643-1.jpg\" alt=\"\" class=\"uag-image-1399\" width=\"282\" height=\"376\" title=\"Markets - Video Surveillance\" loading=\"lazy\" role=\"img\"\/><\/a><\/figure><\/div>\n\n\n\n<div class=\"wp-block-uagb-info-box uagb-block-2ysnfyj9 uagb-infobox__content-wrap  uagb-infobox-icon-above-title uagb-infobox-image-valign-top\"><div class=\"uagb-ifb-content\"><div class=\"uagb-ifb-title-wrap\"><h3 class=\"uagb-ifb-title\"><a href=\"https:\/\/celplan.com\/es\/turnkey_network_deployments\/\" title=\"IoT &amp; Private Networks\">Implementaciones de red Turnkey<\/a><\/h3><\/div><\/div><\/div>\n<\/div>\n\n\n\n<div class=\"wp-block-uagb-container uagb-block-gtgaeoah\">\n<div class=\"wp-block-uagb-image uagb-block-ozwvqifq wp-block-uagb-image--layout-default wp-block-uagb-image--effect-static wp-block-uagb-image--align-none\"><figure class=\"wp-block-uagb-image__figure\"><a class=\"\" href=\"https:\/\/celplan.com\/es\/network_solutions_services\/\" target=\"\" rel=\"noopener\"><img decoding=\"async\" srcset=\"https:\/\/celplan.com\/wp-content\/uploads\/2024\/07\/Imagem2-1.png ,https:\/\/celplan.com\/wp-content\/uploads\/2024\/07\/Imagem2-1.png 780w, https:\/\/celplan.com\/wp-content\/uploads\/2024\/07\/Imagem2-1.png 360w\" sizes=\"auto, (max-width: 480px) 150px\" src=\"https:\/\/celplan.com\/wp-content\/uploads\/2024\/07\/Imagem2-1.png\" alt=\"\" class=\"uag-image-1500\" width=\"282\" height=\"376\" title=\"Imagem2-1\" loading=\"lazy\" role=\"img\"\/><\/a><\/figure><\/div>\n\n\n\n<div class=\"wp-block-uagb-info-box uagb-block-fk1mi4wx uagb-infobox__content-wrap  uagb-infobox-icon-above-title uagb-infobox-image-valign-top\"><div class=\"uagb-ifb-content\"><div class=\"uagb-ifb-title-wrap\"><h3 class=\"uagb-ifb-title\"><a href=\"https:\/\/celplan.com\/es\/network_solutions_services\/\" title=\"\">Soluciones de red<\/a> y Servicios<\/h3><\/div><\/div><\/div>\n<\/div>\n\n\n\n<div class=\"wp-block-uagb-container uagb-block-fxgxkc8b\">\n<div class=\"wp-block-uagb-image uagb-block-a1ztgefl wp-block-uagb-image--layout-default wp-block-uagb-image--effect-static wp-block-uagb-image--align-none\"><figure class=\"wp-block-uagb-image__figure\"><a class=\"\" href=\"https:\/\/celplan.com\/es\/iot_consulting_deployment\/\" target=\"\" rel=\"noopener\"><img decoding=\"async\" srcset=\"https:\/\/celplan.com\/wp-content\/uploads\/2024\/07\/iStock-875477982-ai-and-smart-energy-1024x683.jpg ,https:\/\/celplan.com\/wp-content\/uploads\/2024\/07\/iStock-875477982-ai-and-smart-energy-scaled.jpg 780w, https:\/\/celplan.com\/wp-content\/uploads\/2024\/07\/iStock-875477982-ai-and-smart-energy-scaled.jpg 360w\" sizes=\"auto, (max-width: 480px) 150px\" src=\"https:\/\/celplan.com\/wp-content\/uploads\/2024\/07\/iStock-875477982-ai-and-smart-energy-1024x683.jpg\" alt=\"\" class=\"uag-image-1923\" width=\"282\" height=\"376\" title=\"Ai utility\" loading=\"lazy\" role=\"img\"\/><\/a><\/figure><\/div>\n\n\n\n<div class=\"wp-block-uagb-info-box uagb-block-gbu9pon0 uagb-infobox__content-wrap  uagb-infobox-icon-above-title uagb-infobox-image-valign-top\"><div class=\"uagb-ifb-content\"><div class=\"uagb-ifb-title-wrap\"><h3 class=\"uagb-ifb-title\"><a href=\"https:\/\/celplan.com\/es\/iot_consulting_deployment\/\" title=\"\">Consultor\u00eda e implementaci\u00f3n de IoT<\/a><\/h3><\/div><\/div><\/div>\n<\/div>\n<\/div>\n\n\n\n<div class=\"wp-block-uagb-container uagb-block-2e672ac4\">\n<div class=\"wp-block-uagb-container uagb-block-c5a0d727\">\n<div class=\"wp-block-uagb-image uagb-block-4fc3e65e wp-block-uagb-image--layout-default wp-block-uagb-image--effect-static wp-block-uagb-image--align-none\"><figure class=\"wp-block-uagb-image__figure\"><a class=\"\" href=\"https:\/\/celplan.com\/es\/field_services\/\" target=\"\" rel=\"noopener\"><img decoding=\"async\" srcset=\"https:\/\/celplan.com\/wp-content\/uploads\/2024\/07\/Carro6-1024x471.jpg ,https:\/\/celplan.com\/wp-content\/uploads\/2024\/07\/Carro6.jpg 780w, https:\/\/celplan.com\/wp-content\/uploads\/2024\/07\/Carro6.jpg 360w\" sizes=\"auto, (max-width: 480px) 150px\" src=\"https:\/\/celplan.com\/wp-content\/uploads\/2024\/07\/Carro6-1024x471.jpg\" alt=\"\" class=\"uag-image-1835\" width=\"282\" height=\"376\" title=\"Car\" loading=\"lazy\" role=\"img\"\/><\/a><\/figure><\/div>\n\n\n\n<div class=\"wp-block-uagb-info-box uagb-block-6196aea8 uagb-infobox__content-wrap  uagb-infobox-icon-above-title uagb-infobox-image-valign-top\"><div class=\"uagb-ifb-content\"><div class=\"uagb-ifb-title-wrap\"><h3 class=\"uagb-ifb-title\"><a href=\"https:\/\/celplan.com\/es\/field_services\/\" title=\"\">Servicios de Campo<\/a><\/h3><\/div><\/div><\/div>\n<\/div>\n\n\n\n<div class=\"wp-block-uagb-container uagb-block-55215a01\">\n<div class=\"wp-block-uagb-image uagb-block-0d2d6b29 wp-block-uagb-image--layout-default wp-block-uagb-image--effect-static wp-block-uagb-image--align-none\"><figure class=\"wp-block-uagb-image__figure\"><a class=\"\" href=\"https:\/\/celplan.com\/es\/network_testing\/\" target=\"\" rel=\"noopener\"><img decoding=\"async\" srcset=\"https:\/\/celplan.com\/wp-content\/uploads\/2024\/07\/Image-CellWireless-13-1024x587.png ,https:\/\/celplan.com\/wp-content\/uploads\/2024\/07\/Image-CellWireless-13.png 780w, https:\/\/celplan.com\/wp-content\/uploads\/2024\/07\/Image-CellWireless-13.png 360w\" sizes=\"auto, (max-width: 480px) 150px\" src=\"https:\/\/celplan.com\/wp-content\/uploads\/2024\/07\/Image-CellWireless-13-1024x587.png\" alt=\"\" class=\"uag-image-1841\" width=\"282\" height=\"376\" title=\"Image CellWireless 13\" loading=\"lazy\" role=\"img\"\/><\/a><\/figure><\/div>\n\n\n\n<div class=\"wp-block-uagb-info-box uagb-block-34435d36 uagb-infobox__content-wrap  uagb-infobox-icon-above-title uagb-infobox-image-valign-top\"><div class=\"uagb-ifb-content\"><div class=\"uagb-ifb-title-wrap\"><h3 class=\"uagb-ifb-title\"><a href=\"https:\/\/celplan.com\/es\/network_testing\/\" title=\"\">Pruebas de red<\/a><\/h3><\/div><\/div><\/div>\n<\/div>\n\n\n\n<div class=\"wp-block-uagb-container uagb-block-53eb60c7\">\n<div class=\"wp-block-uagb-image uagb-block-1537dfcc wp-block-uagb-image--layout-default wp-block-uagb-image--effect-static wp-block-uagb-image--align-none\"><figure class=\"wp-block-uagb-image__figure\"><a class=\"\" href=\"https:\/\/celplan.com\/es\/training\/\" target=\"\" rel=\"noopener\"><img decoding=\"async\" srcset=\"https:\/\/celplan.com\/wp-content\/uploads\/2024\/07\/training-1024x430.jpg ,https:\/\/celplan.com\/wp-content\/uploads\/2024\/07\/training-scaled.jpg 780w, https:\/\/celplan.com\/wp-content\/uploads\/2024\/07\/training-scaled.jpg 360w\" sizes=\"auto, (max-width: 480px) 150px\" src=\"https:\/\/celplan.com\/wp-content\/uploads\/2024\/07\/training-1024x430.jpg\" alt=\"\" class=\"uag-image-1925\" width=\"282\" height=\"376\" title=\"training\" loading=\"lazy\" role=\"img\"\/><\/a><\/figure><\/div>\n\n\n\n<div class=\"wp-block-uagb-info-box uagb-block-94d020a8 uagb-infobox__content-wrap  uagb-infobox-icon-above-title uagb-infobox-image-valign-top\"><div class=\"uagb-ifb-content\"><div class=\"uagb-ifb-title-wrap\"><h3 class=\"uagb-ifb-title\"><a href=\"https:\/\/celplan.com\/es\/training\/\" title=\"\">Programas de formaci\u00f3n y desarrollo<\/a><\/h3><\/div><\/div><\/div>\n<\/div>\n\n\n\n<div class=\"wp-block-uagb-container uagb-block-68d5adee\">\n<div class=\"wp-block-uagb-image uagb-block-5b043434 wp-block-uagb-image--layout-default wp-block-uagb-image--effect-static wp-block-uagb-image--align-none\"><figure class=\"wp-block-uagb-image__figure\"><a class=\"\" href=\"https:\/\/celplan.com\/es\/specialized_technical_workforce\/\" target=\"\" rel=\"noopener\"><img decoding=\"async\" srcset=\"https:\/\/celplan.com\/wp-content\/uploads\/2024\/07\/technical-laptop-workforce-1024x388.jpg ,https:\/\/celplan.com\/wp-content\/uploads\/2024\/07\/technical-laptop-workforce-scaled.jpg 780w, https:\/\/celplan.com\/wp-content\/uploads\/2024\/07\/technical-laptop-workforce-scaled.jpg 360w\" sizes=\"auto, (max-width: 480px) 150px\" src=\"https:\/\/celplan.com\/wp-content\/uploads\/2024\/07\/technical-laptop-workforce-1024x388.jpg\" alt=\"\" class=\"uag-image-1927\" width=\"282\" height=\"376\" title=\"Laptop\" loading=\"lazy\" role=\"img\"\/><\/a><\/figure><\/div>\n\n\n\n<div class=\"wp-block-uagb-info-box uagb-block-2d46f711 uagb-infobox__content-wrap  uagb-infobox-icon-above-title uagb-infobox-image-valign-top\"><div class=\"uagb-ifb-content\"><div class=\"uagb-ifb-title-wrap\"><h3 class=\"uagb-ifb-title\"><a href=\"https:\/\/celplan.com\/es\/specialized_technical_workforce\/\" title=\"\">Fuerza laboral t\u00e9cnica especializada<\/a><\/h3><\/div><\/div><\/div>\n<\/div>\n<\/div>\n<\/div><\/div>","protected":false},"excerpt":{"rendered":"<p>With a workforce of over 200 full-time engineers, CelPlan can provide the requisite expertise to execute the most intricate data and communications projects. Our portfolio of services offers industry-leading technology consulting and engineering services. CelPlan is committed to delivering cutting-edge solutions that address the evolving needs of the telecommunications industry. Our team of experts is [&hellip;]<\/p>\n","protected":false},"author":2,"featured_media":0,"parent":0,"menu_order":0,"comment_status":"closed","ping_status":"closed","template":"","meta":{"_uag_custom_page_level_css":"","_monsterinsights_skip_tracking":false,"_monsterinsights_sitenote_active":false,"_monsterinsights_sitenote_note":"","_monsterinsights_sitenote_category":0,"site-sidebar-layout":"no-sidebar","site-content-layout":"page-builder","ast-site-content-layout":"full-width-container","site-content-style":"unboxed","site-sidebar-style":"unboxed","ast-global-header-display":"","ast-banner-title-visibility":"","ast-main-header-display":"","ast-hfb-above-header-display":"","ast-hfb-below-header-display":"","ast-hfb-mobile-header-display":"","site-post-title":"disabled","ast-breadcrumbs-content":"","ast-featured-img":"disabled","footer-sml-layout":"","ast-disable-related-posts":"","theme-transparent-header-meta":"","adv-header-id-meta":"","stick-header-meta":"","header-above-stick-meta":"","header-main-stick-meta":"","header-below-stick-meta":"","astra-migrate-meta-layouts":"set","ast-page-background-enabled":"default","ast-page-background-meta":{"desktop":{"background-color":"var(--ast-global-color-4)","background-image":"","background-repeat":"repeat","background-position":"center center","background-size":"auto","background-attachment":"scroll","background-type":"","background-media":"","overlay-type":"","overlay-color":"","overlay-opacity":"","overlay-gradient":""},"tablet":{"background-color":"","background-image":"","background-repeat":"repeat","background-position":"center center","background-size":"auto","background-attachment":"scroll","background-type":"","background-media":"","overlay-type":"","overlay-color":"","overlay-opacity":"","overlay-gradient":""},"mobile":{"background-color":"","background-image":"","background-repeat":"repeat","background-position":"center center","background-size":"auto","background-attachment":"scroll","background-type":"","background-media":"","overlay-type":"","overlay-color":"","overlay-opacity":"","overlay-gradient":""}},"ast-content-background-meta":{"desktop":{"background-color":"var(--ast-global-color-5)","background-image":"","background-repeat":"repeat","background-position":"center center","background-size":"auto","background-attachment":"scroll","background-type":"","background-media":"","overlay-type":"","overlay-color":"","overlay-opacity":"","overlay-gradient":""},"tablet":{"background-color":"var(--ast-global-color-5)","background-image":"","background-repeat":"repeat","background-position":"center center","background-size":"auto","background-attachment":"scroll","background-type":"","background-media":"","overlay-type":"","overlay-color":"","overlay-opacity":"","overlay-gradient":""},"mobile":{"background-color":"var(--ast-global-color-5)","background-image":"","background-repeat":"repeat","background-position":"center center","background-size":"auto","background-attachment":"scroll","background-type":"","background-media":"","overlay-type":"","overlay-color":"","overlay-opacity":"","overlay-gradient":""}},"footnotes":""},"class_list":["post-74","page","type-page","status-publish","hentry"],"aioseo_notices":[],"uagb_featured_image_src":{"full":false,"thumbnail":false,"medium":false,"medium_large":false,"large":false,"1536x1536":false,"2048x2048":false,"trp-custom-language-flag":false},"uagb_author_info":{"display_name":"Cristine Korowajczuk","author_link":"https:\/\/celplan.com\/es\/author\/cris_en\/"},"uagb_comment_info":0,"uagb_excerpt":"With a workforce of over 200 full-time engineers, CelPlan can provide the requisite expertise to execute the most intricate data and communications projects. Our portfolio of services offers industry-leading technology consulting and engineering services. CelPlan is committed to delivering cutting-edge solutions that address the evolving needs of the telecommunications industry. Our team of experts is&hellip;","_links":{"self":[{"href":"https:\/\/celplan.com\/es\/wp-json\/wp\/v2\/pages\/74","targetHints":{"allow":["GET"]}}],"collection":[{"href":"https:\/\/celplan.com\/es\/wp-json\/wp\/v2\/pages"}],"about":[{"href":"https:\/\/celplan.com\/es\/wp-json\/wp\/v2\/types\/page"}],"author":[{"embeddable":true,"href":"https:\/\/celplan.com\/es\/wp-json\/wp\/v2\/users\/2"}],"replies":[{"embeddable":true,"href":"https:\/\/celplan.com\/es\/wp-json\/wp\/v2\/comments?post=74"}],"version-history":[{"count":26,"href":"https:\/\/celplan.com\/es\/wp-json\/wp\/v2\/pages\/74\/revisions"}],"predecessor-version":[{"id":2210,"href":"https:\/\/celplan.com\/es\/wp-json\/wp\/v2\/pages\/74\/revisions\/2210"}],"wp:attachment":[{"href":"https:\/\/celplan.com\/es\/wp-json\/wp\/v2\/media?parent=74"}],"curies":[{"name":"wp","href":"https:\/\/api.w.org\/{rel}","templated":true}]}}