{"id":1039,"date":"2024-07-03T17:59:04","date_gmt":"2024-07-03T17:59:04","guid":{"rendered":"https:\/\/celplan.com\/?page_id=1039"},"modified":"2025-02-06T21:08:06","modified_gmt":"2025-02-06T21:08:06","slug":"awards-certifications-and-licenses","status":"publish","type":"page","link":"https:\/\/celplan.com\/pt\/awards-certifications-and-licenses\/","title":{"rendered":"Pr\u00eamios, Certifica\u00e7\u00f5es e Licen\u00e7as"},"content":{"rendered":"<div class=\"wp-block-uagb-container uagb-block-eghuxq0k alignfull uagb-is-root-container\"><div class=\"uagb-container-inner-blocks-wrap\">\n<div class=\"wp-block-uagb-info-box uagb-block-z9doniw9 uagb-infobox__content-wrap  uagb-infobox-icon-above-title uagb-infobox-image-valign-top\"><div class=\"uagb-ifb-content\"><div class=\"uagb-ifb-title-wrap\"><h1 class=\"uagb-ifb-title\">Pr\u00eamios &amp; Certifica\u00e7\u00f5es<\/h1><\/div><\/div><\/div>\n<\/div><\/div>\n\n\n\n<div class=\"wp-block-uagb-container uagb-block-gxghxvt2 alignfull uagb-is-root-container\"><div class=\"uagb-container-inner-blocks-wrap\">\n<div class=\"wp-block-uagb-container uagb-block-y1h85kj8\">\n<div class=\"wp-block-uagb-container uagb-block-7b15878f\">\n<div class=\"wp-block-uagb-info-box uagb-block-wf9ourhi uagb-infobox__content-wrap  uagb-infobox-icon-above-title uagb-infobox-image-valign-top\"><div class=\"uagb-ifb-content\"><div class=\"uagb-ifb-title-wrap\"><h3 class=\"uagb-ifb-title\">Certifica\u00e7\u00f5es<\/h3><\/div><p class=\"uagb-ifb-desc\">A CelPlan \u00e9 certificada pela ISO9001:2015<br><br>Os membros da nossa equipe contam com certifica\u00e7\u00f5es em: <\/p><\/div><\/div>\n\n\n\n<ul class=\"wp-block-list\">\n<li>PMI (Project Management Institute)<\/li>\n\n\n\n<li>BicSI RCDD<\/li>\n\n\n\n<li>Cisco<\/li>\n\n\n\n<li>El\u00e9trica de baixa tens\u00e3o<\/li>\n\n\n\n<li>Operador de Elevador A\u00e9reo e de Tesoura<\/li>\n\n\n\n<li>Genetec<\/li>\n\n\n\n<li>Milestone<\/li>\n\n\n\n<li>Axis<\/li>\n\n\n\n<li>Siklu<\/li>\n<\/ul>\n<\/div>\n\n\n\n<div class=\"wp-block-uagb-image alignleft uagb-block-kyh4dz1j wp-block-uagb-image--layout-default wp-block-uagb-image--effect-static wp-block-uagb-image--align-left\"><figure class=\"wp-block-uagb-image__figure\"><img decoding=\"async\" srcset=\"https:\/\/celplan.com\/wp-content\/uploads\/2024\/07\/ISO-9001-2023-to-2026-framed-1.jpg ,https:\/\/celplan.com\/wp-content\/uploads\/2024\/07\/ISO-9001-2023-to-2026-framed-1.jpg 780w, https:\/\/celplan.com\/wp-content\/uploads\/2024\/07\/ISO-9001-2023-to-2026-framed-1.jpg 360w\" sizes=\"auto, (max-width: 480px) 150px\" src=\"https:\/\/celplan.com\/wp-content\/uploads\/2024\/07\/ISO-9001-2023-to-2026-framed-1.jpg\" alt=\"\" class=\"uag-image-2145\" width=\"600\" height=\"800\" title=\"ISO 9001 - 2023 to 2026-framed\" loading=\"lazy\" role=\"img\"\/><\/figure><\/div>\n<\/div>\n\n\n\n<div class=\"wp-block-uagb-container uagb-block-1sr3375l\">\n<div class=\"wp-block-uagb-info-box uagb-block-tl27l3lp uagb-infobox__content-wrap  uagb-infobox-icon-above-title uagb-infobox-image-valign-top\"><div class=\"uagb-ifb-content\"><div class=\"uagb-ifb-title-wrap\"><h3 class=\"uagb-ifb-title\">Licen\u00e7as<\/h3><\/div><p class=\"uagb-ifb-desc\"><span style=\"text-decoration: underline;\"><a href=\"https:\/\/celplan.com\/wp-content\/uploads\/2024\/07\/pspconsumersign.pdf\" title=\"\">Reclama\u00e7\u00e3o do consumidor PSP<\/a><\/span><br><a href=\"https:\/\/celplan.com\/wp-content\/uploads\/2025\/02\/business-license-certificate-B06234901.pdf\" title=\"\"><span style=\"text-decoration: underline;\">Licen\u00e7a de neg\u00f3cios de seguran\u00e7a privada online do Texas<\/span><\/a><\/p><\/div><\/div>\n<\/div>\n\n\n\n<div class=\"wp-block-uagb-container uagb-block-htgprvjr\">\n<div class=\"wp-block-uagb-info-box uagb-block-nkhv6223 uagb-infobox__content-wrap  uagb-infobox-icon-above-title uagb-infobox-image-valign-top\"><div class=\"uagb-ifb-content\"><div class=\"uagb-ifb-title-wrap\"><h3 class=\"uagb-ifb-title\">Pr\u00eamios<\/h3><\/div><p class=\"uagb-ifb-desc\">Pr\u00eamio de Melhor Artigo na Confer\u00eancia de Comunica\u00e7\u00e3o Integrada, Navega\u00e7\u00e3o e Vigil\u00e2ncia de 2020.<br><br>A CelPlan foi reconhecida como uma das 20 solu\u00e7\u00f5es tecnol\u00f3gicas mais promissoras para o setor de telecomunica\u00e7\u00f5es pela CIO Review.<\/p><\/div><\/div>\n<\/div>\n\n\n\n<div class=\"wp-block-columns is-layout-flex wp-container-core-columns-is-layout-28f84493 wp-block-columns-is-layout-flex\">\n<div class=\"wp-block-column is-layout-flow wp-block-column-is-layout-flow\">\n<div class=\"wp-block-uagb-image alignleft uagb-block-i5zkvs6n wp-block-uagb-image--layout-default wp-block-uagb-image--effect-static wp-block-uagb-image--align-left\"><figure class=\"wp-block-uagb-image__figure\"><img decoding=\"async\" srcset=\"https:\/\/celplan.com\/wp-content\/uploads\/2024\/07\/Publications-ICNS-2020-e1711422031683.jpg ,https:\/\/celplan.com\/wp-content\/uploads\/2024\/07\/Publications-ICNS-2020-e1711422031683.jpg 780w, https:\/\/celplan.com\/wp-content\/uploads\/2024\/07\/Publications-ICNS-2020-e1711422031683.jpg 360w\" sizes=\"auto, (max-width: 480px) 150px\" src=\"https:\/\/celplan.com\/wp-content\/uploads\/2024\/07\/Publications-ICNS-2020-e1711422031683.jpg\" alt=\"\" class=\"uag-image-1151\" width=\"454\" height=\"350\" title=\"ICNS-2020 award\" loading=\"lazy\" role=\"img\"\/><\/figure><\/div>\n<\/div>\n\n\n\n<div class=\"wp-block-column is-layout-flow wp-block-column-is-layout-flow\">\n<div class=\"wp-block-uagb-image uagb-block-479c0d37 wp-block-uagb-image--layout-default wp-block-uagb-image--effect-static wp-block-uagb-image--align-none\"><figure class=\"wp-block-uagb-image__figure\"><img decoding=\"async\" srcset=\"https:\/\/celplan.com\/wp-content\/uploads\/2024\/07\/CIO-Review-2019-e1711421995131.png ,https:\/\/celplan.com\/wp-content\/uploads\/2024\/07\/CIO-Review-2019-e1711421995131.png 780w, https:\/\/celplan.com\/wp-content\/uploads\/2024\/07\/CIO-Review-2019-e1711421995131.png 360w\" sizes=\"auto, (max-width: 480px) 150px\" src=\"https:\/\/celplan.com\/wp-content\/uploads\/2024\/07\/CIO-Review-2019-e1711421995131.png\" alt=\"\" class=\"uag-image-1152\" width=\"469\" height=\"350\" title=\"CIO-Review-2019\" loading=\"lazy\" role=\"img\"\/><\/figure><\/div>\n<\/div>\n<\/div>\n<\/div><\/div>","protected":false},"excerpt":{"rendered":"","protected":false},"author":2,"featured_media":0,"parent":0,"menu_order":0,"comment_status":"closed","ping_status":"closed","template":"","meta":{"_uag_custom_page_level_css":"","_monsterinsights_skip_tracking":false,"_monsterinsights_sitenote_active":false,"_monsterinsights_sitenote_note":"","_monsterinsights_sitenote_category":0,"site-sidebar-layout":"no-sidebar","site-content-layout":"","ast-site-content-layout":"full-width-container","site-content-style":"unboxed","site-sidebar-style":"unboxed","ast-global-header-display":"","ast-banner-title-visibility":"","ast-main-header-display":"","ast-hfb-above-header-display":"","ast-hfb-below-header-display":"","ast-hfb-mobile-header-display":"","site-post-title":"disabled","ast-breadcrumbs-content":"","ast-featured-img":"","footer-sml-layout":"","ast-disable-related-posts":"","theme-transparent-header-meta":"","adv-header-id-meta":"","stick-header-meta":"","header-above-stick-meta":"","header-main-stick-meta":"","header-below-stick-meta":"","astra-migrate-meta-layouts":"set","ast-page-background-enabled":"default","ast-page-background-meta":{"desktop":{"background-color":"var(--ast-global-color-4)","background-image":"","background-repeat":"repeat","background-position":"center center","background-size":"auto","background-attachment":"scroll","background-type":"","background-media":"","overlay-type":"","overlay-color":"","overlay-opacity":"","overlay-gradient":""},"tablet":{"background-color":"","background-image":"","background-repeat":"repeat","background-position":"center center","background-size":"auto","background-attachment":"scroll","background-type":"","background-media":"","overlay-type":"","overlay-color":"","overlay-opacity":"","overlay-gradient":""},"mobile":{"background-color":"","background-image":"","background-repeat":"repeat","background-position":"center center","background-size":"auto","background-attachment":"scroll","background-type":"","background-media":"","overlay-type":"","overlay-color":"","overlay-opacity":"","overlay-gradient":""}},"ast-content-background-meta":{"desktop":{"background-color":"var(--ast-global-color-5)","background-image":"","background-repeat":"repeat","background-position":"center center","background-size":"auto","background-attachment":"scroll","background-type":"","background-media":"","overlay-type":"","overlay-color":"","overlay-opacity":"","overlay-gradient":""},"tablet":{"background-color":"var(--ast-global-color-5)","background-image":"","background-repeat":"repeat","background-position":"center center","background-size":"auto","background-attachment":"scroll","background-type":"","background-media":"","overlay-type":"","overlay-color":"","overlay-opacity":"","overlay-gradient":""},"mobile":{"background-color":"var(--ast-global-color-5)","background-image":"","background-repeat":"repeat","background-position":"center center","background-size":"auto","background-attachment":"scroll","background-type":"","background-media":"","overlay-type":"","overlay-color":"","overlay-opacity":"","overlay-gradient":""}},"footnotes":""},"class_list":["post-1039","page","type-page","status-publish","hentry"],"aioseo_notices":[],"uagb_featured_image_src":{"full":false,"thumbnail":false,"medium":false,"medium_large":false,"large":false,"1536x1536":false,"2048x2048":false,"trp-custom-language-flag":false},"uagb_author_info":{"display_name":"Cristine Korowajczuk","author_link":"https:\/\/celplan.com\/pt\/author\/cris_en\/"},"uagb_comment_info":0,"uagb_excerpt":null,"_links":{"self":[{"href":"https:\/\/celplan.com\/pt\/wp-json\/wp\/v2\/pages\/1039","targetHints":{"allow":["GET"]}}],"collection":[{"href":"https:\/\/celplan.com\/pt\/wp-json\/wp\/v2\/pages"}],"about":[{"href":"https:\/\/celplan.com\/pt\/wp-json\/wp\/v2\/types\/page"}],"author":[{"embeddable":true,"href":"https:\/\/celplan.com\/pt\/wp-json\/wp\/v2\/users\/2"}],"replies":[{"embeddable":true,"href":"https:\/\/celplan.com\/pt\/wp-json\/wp\/v2\/comments?post=1039"}],"version-history":[{"count":17,"href":"https:\/\/celplan.com\/pt\/wp-json\/wp\/v2\/pages\/1039\/revisions"}],"predecessor-version":[{"id":2744,"href":"https:\/\/celplan.com\/pt\/wp-json\/wp\/v2\/pages\/1039\/revisions\/2744"}],"wp:attachment":[{"href":"https:\/\/celplan.com\/pt\/wp-json\/wp\/v2\/media?parent=1039"}],"curies":[{"name":"wp","href":"https:\/\/api.w.org\/{rel}","templated":true}]}}