{"id":1040,"date":"2024-07-03T17:59:04","date_gmt":"2024-07-03T17:59:04","guid":{"rendered":"https:\/\/celplan.com\/?page_id=1040"},"modified":"2024-08-22T14:27:03","modified_gmt":"2024-08-22T14:27:03","slug":"telecom_networks","status":"publish","type":"page","link":"https:\/\/celplan.com\/pt\/telecom_networks\/","title":{"rendered":"Redes de Telecomunica\u00e7\u00f5es"},"content":{"rendered":"<div class=\"wp-block-uagb-container uagb-block-eghuxq0k alignfull uagb-is-root-container\"><div class=\"uagb-container-inner-blocks-wrap\">\n<div class=\"wp-block-uagb-info-box uagb-block-z9doniw9 uagb-infobox__content-wrap  uagb-infobox-icon-above-title uagb-infobox-image-valign-top\"><div class=\"uagb-ifb-content\"><div class=\"uagb-ifb-title-wrap\"><h1 class=\"uagb-ifb-title\">Redes de Telecomunica\u00e7\u00f5es P\u00fablicas e Privadas<\/h1><\/div><\/div><\/div>\n<\/div><\/div>\n\n\n\n<div class=\"wp-block-uagb-container uagb-block-emclgmc9 alignfull uagb-is-root-container\"><div class=\"uagb-container-inner-blocks-wrap\">\n<div class=\"wp-block-uagb-container uagb-block-irrqqyib\">\n<div class=\"wp-block-uagb-image aligncenter uagb-block-xjfolfyf wp-block-uagb-image--layout-default wp-block-uagb-image--effect-static wp-block-uagb-image--align-center alignleft\"><figure class=\"wp-block-uagb-image__figure\"><img decoding=\"async\"  sizes=\"auto, (max-width: 480px) 150px\" src=\"https:\/\/celplan.com\/wp-content\/uploads\/2024\/07\/Markets-Telecom-cell-tower-1-MB-1536x1024-2-1024x683.jpg\" alt=\"\" width=\"564\" height=\"400\" title=\"concept of wireless radio Internet. 5G. 4G, 3G mobile technologies.\" loading=\"lazy\" role=\"img\"\/><\/figure><\/div>\n\n\n\n<div class=\"wp-block-uagb-container uagb-block-b253d7f1\">\n<div class=\"wp-block-uagb-info-box uagb-block-awdyunuf uagb-infobox__content-wrap  uagb-infobox-icon-above-title uagb-infobox-image-valign-top\"><div class=\"uagb-ifb-content\"><div class=\"uagb-ifb-title-wrap\"><\/div><p class=\"uagb-ifb-desc\">A CelPlan oferece um conjunto abrangente de produtos e solu\u00e7\u00f5es para redes sem fio, abrangendo todos os aspectos, desde planejamento, design e otimiza\u00e7\u00e3o at\u00e9 servi\u00e7os de campo, testes de desempenho e an\u00e1lise de satisfa\u00e7\u00e3o do cliente. Com mais de tr\u00eas d\u00e9cadas de experi\u00eancia, a CelPlan tem fornecido servi\u00e7os e ferramentas de design de rede para operadoras e provedores de Opera\u00e7\u00f5es e Manuten\u00e7\u00e3o (O&amp;M) globalmente.<br><br>Nossa clientela inclui:<\/p><\/div><\/div>\n\n\n\n<ul class=\"wp-block-list\">\n<li>Operadoras de servi\u00e7os sem fio p\u00fablicos (operadoras)<\/li>\n\n\n\n<li>Provedores de servi\u00e7os de Internet sem fio (WISPs)<\/li>\n\n\n\n<li>Operadoras de redes virtuais m\u00f3veis (MVNOs) e operadoras de redes virtuais privadas (PVNOs)<\/li>\n\n\n\n<li>Redes de infraestrutura cr\u00edtica<\/li>\n\n\n\n<li>Redes privadas<\/li>\n\n\n\n<li>Fornecedores de O&amp;M<\/li>\n<\/ul>\n<\/div>\n<\/div>\n\n\n\n<p>A CelPlan auxiliou operadoras sem fio emergentes e estabelecidas com design de rede, abrangendo componentes sem fio e de fibra \u00f3ptica. Nossos servi\u00e7os de consultoria para operadoras menores abrangem diversos t\u00f3picos, como an\u00e1lise de inunda\u00e7\u00e3o, gerenciamento de falta de energia, protocolos de seguran\u00e7a e estrat\u00e9gias de financiamento internacional.<br><br>Nossa expertise nos permite auxiliar sua equipe a determinar a sele\u00e7\u00e3o ideal do local, melhorar a pegada da rede e desenvolver planos de frequ\u00eancia eficientes. Oferecemos a capacidade de aumentar sua equipe existente com engenheiros de radiofrequ\u00eancia (RF) remotos e especializados. Al\u00e9m disso, a CelPlan fornece servi\u00e7os de mentoria para treinar e dar suporte \u00e0 sua equipe local de engenharia de RF.<\/p>\n\n\n\n<div class=\"wp-block-uagb-container uagb-block-zjbzc2rs\">\n<div class=\"wp-block-uagb-container uagb-block-04390dc4\">\n<div class=\"wp-block-uagb-info-box uagb-block-tx5a0wpu uagb-infobox__content-wrap  uagb-infobox-icon-above-title uagb-infobox-image-valign-top\"><div class=\"uagb-ifb-content\"><div class=\"uagb-ifb-title-wrap\"><\/div><p class=\"uagb-ifb-desc\">Nosso portf\u00f3lio de servi\u00e7os inclui:<\/p><\/div><\/div>\n\n\n\n<ul class=\"wp-block-list\">\n<li>projeto e otimiza\u00e7\u00e3o de rede (ferramentas e servi\u00e7os)<\/li>\n\n\n\n<li>detec\u00e7\u00e3o e mitiga\u00e7\u00e3o de interfer\u00eancia<\/li>\n\n\n\n<li>limpeza de espectro<\/li>\n\n\n\n<li>auditoria de rede e pesquisas de site<\/li>\n\n\n\n<li>calibra\u00e7\u00e3o do modelo de propaga\u00e7\u00e3o<\/li>\n\n\n\n<li>estrat\u00e9gias de sele\u00e7\u00e3o de site ideais<\/li>\n\n\n\n<li>planejamento de frequ\u00eancia<\/li>\n\n\n\n<li>t\u00e9cnicas de aprimoramento de coberura de c\u00e9lula<\/li>\n\n\n\n<li>an\u00e1lise de capacidade<\/li>\n\n\n\n<li>programas de treinamento e mentoria<\/li>\n<\/ul>\n<\/div>\n\n\n\n<div class=\"wp-block-uagb-image alignleft uagb-block-wpexpcme wp-block-uagb-image--layout-default wp-block-uagb-image--effect-static wp-block-uagb-image--align-left\"><figure class=\"wp-block-uagb-image__figure\"><img decoding=\"async\"  sizes=\"auto, (max-width: 480px) 150px\" src=\"https:\/\/celplan.com\/wp-content\/uploads\/2024\/07\/cell-tower-1536x869-1-1024x579.jpg\" alt=\"\" width=\"564\" height=\"400\" title=\"cell-tower-1536x869-1\" loading=\"lazy\" role=\"img\"\/><\/figure><\/div>\n<\/div>\n<\/div><\/div>\n\n\n\n<p><\/p>","protected":false},"excerpt":{"rendered":"<p>CelPlan has assisted both emerging and established wireless operators with network design, encompassing both wireless and optical fiber components. Our consulting services for smaller operators cover diverse topics such as flood analysis, power outage management, security protocols, and international financing strategies. Our expertise enables us to assist your team in determining optimal site selection, enhancing [&hellip;]<\/p>\n","protected":false},"author":2,"featured_media":0,"parent":0,"menu_order":0,"comment_status":"closed","ping_status":"closed","template":"","meta":{"_uag_custom_page_level_css":"","_monsterinsights_skip_tracking":false,"_monsterinsights_sitenote_active":false,"_monsterinsights_sitenote_note":"","_monsterinsights_sitenote_category":0,"site-sidebar-layout":"no-sidebar","site-content-layout":"","ast-site-content-layout":"full-width-container","site-content-style":"unboxed","site-sidebar-style":"unboxed","ast-global-header-display":"","ast-banner-title-visibility":"","ast-main-header-display":"","ast-hfb-above-header-display":"","ast-hfb-below-header-display":"","ast-hfb-mobile-header-display":"","site-post-title":"disabled","ast-breadcrumbs-content":"","ast-featured-img":"","footer-sml-layout":"","ast-disable-related-posts":"","theme-transparent-header-meta":"","adv-header-id-meta":"","stick-header-meta":"","header-above-stick-meta":"","header-main-stick-meta":"","header-below-stick-meta":"","astra-migrate-meta-layouts":"set","ast-page-background-enabled":"default","ast-page-background-meta":{"desktop":{"background-color":"var(--ast-global-color-4)","background-image":"","background-repeat":"repeat","background-position":"center center","background-size":"auto","background-attachment":"scroll","background-type":"","background-media":"","overlay-type":"","overlay-color":"","overlay-opacity":"","overlay-gradient":""},"tablet":{"background-color":"","background-image":"","background-repeat":"repeat","background-position":"center center","background-size":"auto","background-attachment":"scroll","background-type":"","background-media":"","overlay-type":"","overlay-color":"","overlay-opacity":"","overlay-gradient":""},"mobile":{"background-color":"","background-image":"","background-repeat":"repeat","background-position":"center center","background-size":"auto","background-attachment":"scroll","background-type":"","background-media":"","overlay-type":"","overlay-color":"","overlay-opacity":"","overlay-gradient":""}},"ast-content-background-meta":{"desktop":{"background-color":"var(--ast-global-color-5)","background-image":"","background-repeat":"repeat","background-position":"center center","background-size":"auto","background-attachment":"scroll","background-type":"","background-media":"","overlay-type":"","overlay-color":"","overlay-opacity":"","overlay-gradient":""},"tablet":{"background-color":"var(--ast-global-color-5)","background-image":"","background-repeat":"repeat","background-position":"center center","background-size":"auto","background-attachment":"scroll","background-type":"","background-media":"","overlay-type":"","overlay-color":"","overlay-opacity":"","overlay-gradient":""},"mobile":{"background-color":"var(--ast-global-color-5)","background-image":"","background-repeat":"repeat","background-position":"center center","background-size":"auto","background-attachment":"scroll","background-type":"","background-media":"","overlay-type":"","overlay-color":"","overlay-opacity":"","overlay-gradient":""}},"footnotes":""},"class_list":["post-1040","page","type-page","status-publish","hentry"],"aioseo_notices":[],"uagb_featured_image_src":{"full":false,"thumbnail":false,"medium":false,"medium_large":false,"large":false,"1536x1536":false,"2048x2048":false,"trp-custom-language-flag":false},"uagb_author_info":{"display_name":"Cristine Korowajczuk","author_link":"https:\/\/celplan.com\/pt\/author\/cris_en\/"},"uagb_comment_info":0,"uagb_excerpt":"CelPlan has assisted both emerging and established wireless operators with network design, encompassing both wireless and optical fiber components. Our consulting services for smaller operators cover diverse topics such as flood analysis, power outage management, security protocols, and international financing strategies. Our expertise enables us to assist your team in determining optimal site selection, enhancing&hellip;","_links":{"self":[{"href":"https:\/\/celplan.com\/pt\/wp-json\/wp\/v2\/pages\/1040","targetHints":{"allow":["GET"]}}],"collection":[{"href":"https:\/\/celplan.com\/pt\/wp-json\/wp\/v2\/pages"}],"about":[{"href":"https:\/\/celplan.com\/pt\/wp-json\/wp\/v2\/types\/page"}],"author":[{"embeddable":true,"href":"https:\/\/celplan.com\/pt\/wp-json\/wp\/v2\/users\/2"}],"replies":[{"embeddable":true,"href":"https:\/\/celplan.com\/pt\/wp-json\/wp\/v2\/comments?post=1040"}],"version-history":[{"count":13,"href":"https:\/\/celplan.com\/pt\/wp-json\/wp\/v2\/pages\/1040\/revisions"}],"predecessor-version":[{"id":2662,"href":"https:\/\/celplan.com\/pt\/wp-json\/wp\/v2\/pages\/1040\/revisions\/2662"}],"wp:attachment":[{"href":"https:\/\/celplan.com\/pt\/wp-json\/wp\/v2\/media?parent=1040"}],"curies":[{"name":"wp","href":"https:\/\/api.w.org\/{rel}","templated":true}]}}