{"id":1041,"date":"2024-07-03T17:59:04","date_gmt":"2024-07-03T17:59:04","guid":{"rendered":"https:\/\/celplan.com\/?page_id=1041"},"modified":"2024-08-06T16:28:55","modified_gmt":"2024-08-06T16:28:55","slug":"iot-private-networks","status":"publish","type":"page","link":"https:\/\/celplan.com\/pt\/iot-private-networks\/","title":{"rendered":"IoT e Redes Privadas"},"content":{"rendered":"<div class=\"wp-block-uagb-container uagb-block-eghuxq0k alignfull uagb-is-root-container\"><div class=\"uagb-container-inner-blocks-wrap\">\n<div class=\"wp-block-uagb-info-box uagb-block-z9doniw9 uagb-infobox__content-wrap  uagb-infobox-icon-above-title uagb-infobox-image-valign-top\"><div class=\"uagb-ifb-content\"><div class=\"uagb-ifb-title-wrap\"><h1 class=\"uagb-ifb-title\">IoT &amp; Redes Privadas<\/h1><\/div><\/div><\/div>\n<\/div><\/div>\n\n\n\n<div class=\"wp-block-uagb-container uagb-block-tzgachvo alignfull uagb-is-root-container\"><div class=\"uagb-container-inner-blocks-wrap\">\n<div class=\"wp-block-uagb-container uagb-block-tw1htwts\">\n<div class=\"wp-block-uagb-image alignleft uagb-block-eznmrr0m wp-block-uagb-image--layout-default wp-block-uagb-image--effect-static wp-block-uagb-image--align-left\"><figure class=\"wp-block-uagb-image__figure\"><img decoding=\"async\"  sizes=\"auto, (max-width: 480px) 150px\" src=\"https:\/\/celplan.com\/wp-content\/uploads\/2024\/07\/Iot-2-1024x569-1.jpg\" alt=\"\" width=\"564\" height=\"400\" title=\"Internet of things concept in the city\" loading=\"lazy\" role=\"img\"\/><\/figure><\/div>\n\n\n\n<div class=\"wp-block-uagb-info-box uagb-block-riabfonn uagb-infobox__content-wrap  uagb-infobox-icon-above-title uagb-infobox-image-valign-top\"><div class=\"uagb-ifb-content\"><div class=\"uagb-ifb-title-wrap\"><\/div><p class=\"uagb-ifb-desc\">Redes privadas s\u00e3o projetadas e implementadas para uso exclusivo por organiza\u00e7\u00f5es espec\u00edficas ou grupos de usu\u00e1rios. Essas redes priorizam seguran\u00e7a, confiabilidade e controle completo de dados para os propriet\u00e1rios da rede. Consequentemente, elas s\u00e3o predominantes em ind\u00fastrias como log\u00edstica, manufatura e setores de infraestrutura cr\u00edtica, incluindo servi\u00e7os p\u00fablicos e seguran\u00e7a p\u00fablica.<br><br>Um subconjunto de redes privadas, conhecido como redes de Internet das Coisas (IoT), facilita a conectividade para sensores e dispositivos inteligentes. Tanto a IoT quanto as redes privadas podem utilizar uma gama diversificada de tecnologias, abrangendo solu\u00e7\u00f5es propriet\u00e1rias e padronizadas. Essas tecnologias incluem sistemas de banda estreita, Narrowband IoT (NB-IoT), Low-Power Wide-Area Networks (LPWAN), Wi-Fi, ZigBee, Radio-Frequency Identification (RFID), bem como redes celulares 4G\/5G e comunica\u00e7\u00f5es via sat\u00e9lite.<\/p><\/div><\/div>\n<\/div>\n\n\n\n<div class=\"wp-block-uagb-container uagb-block-p8iyszav\">\n<div class=\"wp-block-uagb-info-box uagb-block-1d8gszqh uagb-infobox__content-wrap  uagb-infobox-icon-above-title uagb-infobox-image-valign-top\"><div class=\"uagb-ifb-content\"><div class=\"uagb-ifb-title-wrap\"><\/div><p class=\"uagb-ifb-desc\"><br><br>A CelPlan oferece suporte abrangente durante as fases de desenvolvimento e implementa\u00e7\u00e3o dessas redes. Nossos servi\u00e7os incluem sele\u00e7\u00e3o de tecnologia, modelagem de propaga\u00e7\u00e3o interna e externa, an\u00e1lise de interfer\u00eancia, valida\u00e7\u00e3o de cobertura por meio de testes de drive e walk, e integra\u00e7\u00e3o completa do sistema para solu\u00e7\u00f5es de rede turnkey.<br><br>A CelPlan oferece expertise em projetar e construir redes que acomodam ambientes din\u00e2micos com obst\u00e1culos m\u00f3veis, como cont\u00eaineres ou paletes. Nossos servi\u00e7os incluem dimensionamento preciso de infraestrutura de armazenamento e backhaul para dar suporte a uma gama diversificada de dispositivos, de sensores a c\u00e2meras de vigil\u00e2ncia.<\/p><\/div><\/div>\n\n\n\n<div class=\"wp-block-uagb-image alignleft uagb-block-bziwcm1b wp-block-uagb-image--layout-default wp-block-uagb-image--effect-static wp-block-uagb-image--align-left\"><figure class=\"wp-block-uagb-image__figure\"><img decoding=\"async\"  sizes=\"auto, (max-width: 480px) 150px\" src=\"https:\/\/celplan.com\/wp-content\/uploads\/2024\/07\/Iot-1-1024x569-1.jpg\" alt=\"\" width=\"564\" height=\"400\" title=\"Manager,Engineer,Check,And,Control,Automation,Robot,Arms,Machine,In\" loading=\"lazy\" role=\"img\"\/><\/figure><\/div>\n<\/div>\n\n\n\n<div class=\"wp-block-uagb-container uagb-block-71f5bba5 alignfull uagb-is-root-container\"><div class=\"uagb-container-inner-blocks-wrap\">\n<div class=\"wp-block-uagb-image alignleft uagb-block-5ffa627f wp-block-uagb-image--layout-default wp-block-uagb-image--effect-static wp-block-uagb-image--align-left\"><figure class=\"wp-block-uagb-image__figure\"><img decoding=\"async\" srcset=\"https:\/\/celplan.com\/wp-content\/uploads\/2024\/07\/Markets-Smart-City-1MB-1-1024x643-1.jpg ,https:\/\/celplan.com\/wp-content\/uploads\/2024\/07\/Markets-Smart-City-1MB-1-1024x643-1.jpg 780w, https:\/\/celplan.com\/wp-content\/uploads\/2024\/07\/Markets-Smart-City-1MB-1-1024x643-1.jpg 360w\" sizes=\"auto, (max-width: 480px) 150px\" src=\"https:\/\/celplan.com\/wp-content\/uploads\/2024\/07\/Markets-Smart-City-1MB-1-1024x643-1.jpg\" alt=\"\" class=\"uag-image-1393\" width=\"564\" height=\"400\" title=\"Markets\" loading=\"lazy\" role=\"img\"\/><\/figure><\/div>\n\n\n\n<div class=\"wp-block-uagb-container uagb-block-3bef1804\">\n<div class=\"wp-block-uagb-info-box uagb-block-bb26b68f uagb-infobox__content-wrap  uagb-infobox-icon-above-title uagb-infobox-image-valign-top\"><div class=\"uagb-ifb-content\"><div class=\"uagb-ifb-title-wrap\"><\/div><p class=\"uagb-ifb-desc\"><br><br>Aplica\u00e7\u00f5es comuns para essas redes especializadas incluem:<\/p><\/div><\/div>\n\n\n\n<ul class=\"wp-block-list\">\n<li>Sistemas de automa\u00e7\u00e3o de controle de m\u00e1quinas<\/li>\n\n\n\n<li>Solu\u00e7\u00f5es de gerenciamento e rastreamento de ativos<\/li>\n\n\n\n<li>Estruturas de monitoramento de processos<\/li>\n\n\n\n<li>Redes de sensores ambientais<\/li>\n\n\n\n<li>Sistemas de vigil\u00e2ncia por v\u00eddeo<\/li>\n\n\n\n<li>Protocolos de seguran\u00e7a do trabalhador<\/li>\n\n\n\n<li>Opera\u00e7\u00f5es de ve\u00edculos n\u00e3o tripulados<\/li>\n<\/ul>\n<\/div>\n<\/div><\/div>\n\n\n\n<p>A sele\u00e7\u00e3o da tecnologia apropriada \u00e9 crucial para a efic\u00e1cia da rede. A vasta experi\u00eancia da CelPlan e a abordagem neutra em rela\u00e7\u00e3o a fornecedores nos permitem orient\u00e1-lo na escolha da solu\u00e7\u00e3o ideal, adaptada \u00e0s suas necessidades espec\u00edficas. Nosso objetivo \u00e9 garantir que a rede implementada se alinhe perfeitamente com suas necessidades operacionais e objetivos organizacionais.<\/p>\n<\/div><\/div>","protected":false},"excerpt":{"rendered":"<p>A sele\u00e7\u00e3o da tecnologia apropriada \u00e9 crucial para a efic\u00e1cia da rede. A vasta experi\u00eancia da CelPlan e a abordagem neutra em rela\u00e7\u00e3o a fornecedores nos permitem orient\u00e1-lo na escolha da solu\u00e7\u00e3o ideal, adaptada \u00e0s suas necessidades espec\u00edficas. Nosso objetivo \u00e9 garantir que a rede implementada se alinhe perfeitamente com suas necessidades operacionais e objetivos organizacionais.<\/p>","protected":false},"author":2,"featured_media":0,"parent":0,"menu_order":0,"comment_status":"closed","ping_status":"closed","template":"","meta":{"_uag_custom_page_level_css":"","_monsterinsights_skip_tracking":false,"_monsterinsights_sitenote_active":false,"_monsterinsights_sitenote_note":"","_monsterinsights_sitenote_category":0,"site-sidebar-layout":"no-sidebar","site-content-layout":"","ast-site-content-layout":"full-width-container","site-content-style":"unboxed","site-sidebar-style":"unboxed","ast-global-header-display":"","ast-banner-title-visibility":"","ast-main-header-display":"","ast-hfb-above-header-display":"","ast-hfb-below-header-display":"","ast-hfb-mobile-header-display":"","site-post-title":"disabled","ast-breadcrumbs-content":"","ast-featured-img":"","footer-sml-layout":"","ast-disable-related-posts":"","theme-transparent-header-meta":"","adv-header-id-meta":"","stick-header-meta":"","header-above-stick-meta":"","header-main-stick-meta":"","header-below-stick-meta":"","astra-migrate-meta-layouts":"set","ast-page-background-enabled":"default","ast-page-background-meta":{"desktop":{"background-color":"var(--ast-global-color-4)","background-image":"","background-repeat":"repeat","background-position":"center center","background-size":"auto","background-attachment":"scroll","background-type":"","background-media":"","overlay-type":"","overlay-color":"","overlay-opacity":"","overlay-gradient":""},"tablet":{"background-color":"","background-image":"","background-repeat":"repeat","background-position":"center center","background-size":"auto","background-attachment":"scroll","background-type":"","background-media":"","overlay-type":"","overlay-color":"","overlay-opacity":"","overlay-gradient":""},"mobile":{"background-color":"","background-image":"","background-repeat":"repeat","background-position":"center center","background-size":"auto","background-attachment":"scroll","background-type":"","background-media":"","overlay-type":"","overlay-color":"","overlay-opacity":"","overlay-gradient":""}},"ast-content-background-meta":{"desktop":{"background-color":"var(--ast-global-color-5)","background-image":"","background-repeat":"repeat","background-position":"center center","background-size":"auto","background-attachment":"scroll","background-type":"","background-media":"","overlay-type":"","overlay-color":"","overlay-opacity":"","overlay-gradient":""},"tablet":{"background-color":"var(--ast-global-color-5)","background-image":"","background-repeat":"repeat","background-position":"center center","background-size":"auto","background-attachment":"scroll","background-type":"","background-media":"","overlay-type":"","overlay-color":"","overlay-opacity":"","overlay-gradient":""},"mobile":{"background-color":"var(--ast-global-color-5)","background-image":"","background-repeat":"repeat","background-position":"center center","background-size":"auto","background-attachment":"scroll","background-type":"","background-media":"","overlay-type":"","overlay-color":"","overlay-opacity":"","overlay-gradient":""}},"footnotes":""},"class_list":["post-1041","page","type-page","status-publish","hentry"],"aioseo_notices":[],"uagb_featured_image_src":{"full":false,"thumbnail":false,"medium":false,"medium_large":false,"large":false,"1536x1536":false,"2048x2048":false,"trp-custom-language-flag":false},"uagb_author_info":{"display_name":"Cristine Korowajczuk","author_link":"https:\/\/celplan.com\/pt\/author\/cris_en\/"},"uagb_comment_info":0,"uagb_excerpt":"The selection of appropriate technology is crucial for network efficacy. CelPlan&#8217;s extensive experience and vendor-neutral approach enable us to guide you in choosing the optimal solution tailored to your specific requirements. Our objective is to ensure that the implemented network aligns perfectly with your operational needs and organizational goals.","_links":{"self":[{"href":"https:\/\/celplan.com\/pt\/wp-json\/wp\/v2\/pages\/1041","targetHints":{"allow":["GET"]}}],"collection":[{"href":"https:\/\/celplan.com\/pt\/wp-json\/wp\/v2\/pages"}],"about":[{"href":"https:\/\/celplan.com\/pt\/wp-json\/wp\/v2\/types\/page"}],"author":[{"embeddable":true,"href":"https:\/\/celplan.com\/pt\/wp-json\/wp\/v2\/users\/2"}],"replies":[{"embeddable":true,"href":"https:\/\/celplan.com\/pt\/wp-json\/wp\/v2\/comments?post=1041"}],"version-history":[{"count":9,"href":"https:\/\/celplan.com\/pt\/wp-json\/wp\/v2\/pages\/1041\/revisions"}],"predecessor-version":[{"id":2506,"href":"https:\/\/celplan.com\/pt\/wp-json\/wp\/v2\/pages\/1041\/revisions\/2506"}],"wp:attachment":[{"href":"https:\/\/celplan.com\/pt\/wp-json\/wp\/v2\/media?parent=1041"}],"curies":[{"name":"wp","href":"https:\/\/api.w.org\/{rel}","templated":true}]}}