{"id":1042,"date":"2024-07-03T17:59:04","date_gmt":"2024-07-03T17:59:04","guid":{"rendered":"https:\/\/celplan.com\/?page_id=1042"},"modified":"2025-05-29T15:17:17","modified_gmt":"2025-05-29T15:17:17","slug":"video_surveillance_access_control","status":"publish","type":"page","link":"https:\/\/celplan.com\/pt\/video_surveillance_access_control\/","title":{"rendered":"Video Surveillance Systems"},"content":{"rendered":"<div class=\"wp-block-uagb-container uagb-block-eghuxq0k alignfull uagb-is-root-container\"><div class=\"uagb-container-inner-blocks-wrap\">\n<div class=\"wp-block-uagb-info-box uagb-block-z9doniw9 uagb-infobox__content-wrap  uagb-infobox-icon-above-title uagb-infobox-image-valign-top\"><div class=\"uagb-ifb-content\"><div class=\"uagb-ifb-title-wrap\"><h1 class=\"uagb-ifb-title\">Video Surveillance Systems<\/h1><\/div><\/div><\/div>\n<\/div><\/div>\n\n\n\n<div class=\"wp-block-uagb-container uagb-block-zegkjebb alignfull uagb-is-root-container\"><div class=\"uagb-container-inner-blocks-wrap\">\n<div class=\"wp-block-uagb-info-box uagb-block-wvsp5u8x uagb-infobox__content-wrap  uagb-infobox-icon-above-title uagb-infobox-image-valign-top\"><div class=\"uagb-ifb-content\"><div class=\"uagb-ifb-title-wrap\"><\/div><p class=\"uagb-ifb-desc\">CelPlan&#8217;s Public Safety division specializes in comprehensive security and communication infrastructure solutions, focusing on complex design challenges and critical infrastructure optimization. Since introducing its IP-based surveillance systems in May 2005, Wi4Net has established itself as a trusted provider of turn-key solutions, network expansions, and maintenance services across the United States.<\/p><\/div><\/div>\n\n\n\n<div class=\"wp-block-uagb-container uagb-block-g4mg0ie9\">\n<div class=\"wp-block-uagb-image aligncenter uagb-block-ux52xabu wp-block-uagb-image--layout-default wp-block-uagb-image--effect-static wp-block-uagb-image--align-center alignleft\"><figure class=\"wp-block-uagb-image__figure\"><img decoding=\"async\"  sizes=\"auto, (max-width: 480px) 150px\" src=\"https:\/\/celplan.com\/wp-content\/uploads\/2024\/07\/police-officer-video-wall-operator-post-1024x683.jpg\" alt=\"\" width=\"564\" height=\"400\" title=\"Male,Officer,Works,On,A,Computer,With,Surveillance,Cctv,Video\" loading=\"lazy\" role=\"img\"\/><\/figure><\/div>\n\n\n\n<div class=\"wp-block-uagb-container uagb-block-ee1344d7\">\n<div class=\"wp-block-uagb-info-box uagb-block-tlps7njh uagb-infobox__content-wrap  uagb-infobox-icon-above-title uagb-infobox-image-valign-top\"><div class=\"uagb-ifb-content\"><div class=\"uagb-ifb-title-wrap\"><h3 class=\"uagb-ifb-title\">Unified Security Platform<\/h3><\/div><p class=\"uagb-ifb-desc\">We specialize in designing and implementing centralized video monitoring systems that serve as a unified security platform, seamlessly integrating various IP security systems within a single intuitive interface. This consolidated approach allows government and organizations to:<br><\/p><\/div><\/div>\n\n\n\n<ul class=\"wp-block-list\">\n<li>Manage multiple security operations from one central platform   <\/li>\n\n\n\n<li>Streamline workflow and improve operational efficiency<\/li>\n\n\n\n<li>Integrate diverse security systems including access control, video surveillance, and ALPR<\/li>\n\n\n\n<li>Enable comprehensive communications and intrusion detection<\/li>\n\n\n\n<li>Deploy advanced analytics across the entire security infrastructure<\/li>\n<\/ul>\n<\/div>\n<\/div>\n\n\n\n<div class=\"wp-block-uagb-container uagb-block-4rvmj7sm\">\n<div class=\"wp-block-uagb-container uagb-block-7743de48\">\n<div class=\"wp-block-uagb-info-box uagb-block-b5947b7d uagb-infobox__content-wrap  uagb-infobox-icon-above-title uagb-infobox-image-valign-top\"><div class=\"uagb-ifb-content\"><div class=\"uagb-ifb-title-wrap\"><\/div><p class=\"uagb-ifb-desc\">Our telecommunications infrastructure planning ensures robust support for these unified systems, with careful consideration of bandwidth requirements, network redundancy, and scalability needs.<br>Our expertise encompasses:<\/p><\/div><\/div>\n\n\n\n<div class=\"wp-block-uagb-info-box uagb-block-118744ba uagb-infobox__content-wrap  uagb-infobox-icon-above-title uagb-infobox-image-valign-top\"><div class=\"uagb-ifb-content\"><div class=\"uagb-ifb-title-wrap\"><h3 class=\"uagb-ifb-title\">Infrastructure and Network Solutions:<\/h3><\/div><\/div><\/div>\n\n\n\n<ul class=\"wp-block-list\">\n<li>Hybrid wireless and fiber networks with multi-band support <\/li>\n\n\n\n<li>Point-to-point, point-to-multipoint, and mesh wireless architectures <\/li>\n\n\n\n<li>High-capacity fiber networking and wireless connectivity <\/li>\n\n\n\n<li>Underground and aerial fiber deployment Comprehensive <\/li>\n\n\n\n<li>IDF\/MDF management and organization<\/li>\n<\/ul>\n\n\n\n<div class=\"wp-block-uagb-info-box uagb-block-6ea86b20 uagb-infobox__content-wrap  uagb-infobox-icon-above-title uagb-infobox-image-valign-top\"><div class=\"uagb-ifb-content\"><div class=\"uagb-ifb-title-wrap\"><h3 class=\"uagb-ifb-title\">Surveillance and Security Services:<\/h3><\/div><\/div><\/div>\n\n\n\n<ul class=\"wp-block-list\">\n<li>Complete camera system deployment and management<\/li>\n\n\n\n<li>Professional camera mapping with detailed georeferenced documentation<\/li>\n\n\n\n<li>Regular maintenance including camera cleaning and replacement<\/li>\n\n\n\n<li>Advanced VMS (Video Management System) implementation <\/li>\n\n\n\n<li>Mobile surveillance solutions with equipped trailers Integration with legacy CCTV systems<\/li>\n<\/ul>\n<\/div>\n\n\n\n<div class=\"wp-block-uagb-image aligncenter uagb-block-lpe1ldmc wp-block-uagb-image--layout-default wp-block-uagb-image--effect-static wp-block-uagb-image--align-center alignleft\"><figure class=\"wp-block-uagb-image__figure\"><img decoding=\"async\"  sizes=\"auto, (max-width: 480px) 150px\" src=\"https:\/\/celplan.com\/wp-content\/uploads\/2024\/07\/Long-Beach-Transit-Virtual-Fence-1-375x250-1.jpg\" alt=\"\" width=\"564\" height=\"400\" title=\"Long-Beach-Transit-Virtual-Fence-1-375x250-1\" loading=\"lazy\" role=\"img\"\/><\/figure><\/div>\n<\/div>\n\n\n\n<div class=\"wp-block-uagb-container uagb-block-ezdbwxnj\">\n<div class=\"wp-block-uagb-image aligncenter uagb-block-vb9nhlfd wp-block-uagb-image--layout-default wp-block-uagb-image--effect-static wp-block-uagb-image--align-center alignleft\"><figure class=\"wp-block-uagb-image__figure\"><img decoding=\"async\"  sizes=\"auto, (max-width: 480px) 150px\" src=\"https:\/\/celplan.com\/wp-content\/uploads\/2024\/07\/surveillance-camera-with-analytics-1-1024x683.jpg\" alt=\"\" width=\"564\" height=\"400\" title=\"CCTV Camera technology on screen display\" loading=\"lazy\" role=\"img\"\/><\/figure><\/div>\n\n\n\n<div class=\"wp-block-uagb-container uagb-block-24ed2a4c\">\n<div class=\"wp-block-uagb-info-box uagb-block-0d4fdbd4 uagb-infobox__content-wrap  uagb-infobox-icon-above-title uagb-infobox-image-valign-top\"><div class=\"uagb-ifb-content\"><div class=\"uagb-ifb-title-wrap\"><h3 class=\"uagb-ifb-title\">Advanced Security Features:<\/h3><\/div><\/div><\/div>\n\n\n\n<ul class=\"wp-block-list\">\n<li>AI-powered analytics for facial recognition and behavior detection<\/li>\n\n\n\n<li>Real-time threat detection and alerts<\/li>\n\n\n\n<li>ALPR (Automatic License Plate Recognition) capabilities<\/li>\n\n\n\n<li>Gunshot detection systems<\/li>\n\n\n\n<li>Virtual perimeter fence solutions<\/li>\n\n\n\n<li>Access control systems with VMS integration<\/li>\n<\/ul>\n\n\n\n<div class=\"wp-block-uagb-info-box uagb-block-9859c7a4 uagb-infobox__content-wrap  uagb-infobox-icon-above-title uagb-infobox-image-valign-top\"><div class=\"uagb-ifb-content\"><div class=\"uagb-ifb-title-wrap\"><h3 class=\"uagb-ifb-title\">Cybersecurity and Infrastructure Protection:<\/h3><\/div><\/div><\/div>\n\n\n\n<ul class=\"wp-block-list\">\n<li>Comprehensive cybersecurity solutions<\/li>\n\n\n\n<li>Proactive and reactive security models<\/li>\n\n\n\n<li>Network monitoring and threat prevention<\/li>\n\n\n\n<li>Unified security platform integration<\/li>\n<\/ul>\n<\/div>\n<\/div>\n\n\n\n<div class=\"wp-block-uagb-container uagb-block-bf03ad41 alignfull uagb-is-root-container\"><div class=\"uagb-container-inner-blocks-wrap\">\n<div class=\"wp-block-uagb-info-box uagb-block-732c2e6d uagb-infobox__content-wrap  uagb-infobox-icon-above-title uagb-infobox-image-valign-top\"><div class=\"uagb-ifb-content\"><div class=\"uagb-ifb-title-wrap\"><h3 class=\"uagb-ifb-title\">Professional Services:<\/h3><\/div><\/div><\/div>\n\n\n\n<ul class=\"wp-block-list\">\n<li>Technology selection and consultation<\/li>\n\n\n\n<li>Network design and engineering<\/li>\n\n\n\n<li>Project planning and management<\/li>\n\n\n\n<li>Comprehensive system training<\/li>\n\n\n\n<li>Custom hardware and software development<\/li>\n\n\n\n<li>Installation and commissioning<\/li>\n\n\n\n<li>Ongoing maintenance plans<\/li>\n<\/ul>\n\n\n\n<div class=\"wp-block-uagb-info-box uagb-block-d5a8f8a5 uagb-infobox__content-wrap  uagb-infobox-icon-above-title uagb-infobox-image-valign-top\"><div class=\"uagb-ifb-content\"><div class=\"uagb-ifb-title-wrap\"><\/div><p class=\"uagb-ifb-desc\">CelPlan serves diverse markets including:<\/p><\/div><\/div>\n\n\n\n<ul class=\"wp-block-list\">\n<li>Munic\u00edpios, Governo Estadual e Federal<\/li>\n\n\n\n<li>Public Safety (police, sheriff, fire departments, correctional facilities)<\/li>\n\n\n\n<li>Sa\u00fade e Educa\u00e7\u00e3o (hospitais, escolas, campi universit\u00e1rios)<\/li>\n\n\n\n<li>Transporte (aeroportos, sistemas metro ferrovi\u00e1rios, dep\u00f3sitos, ITS, \u00f4nibus escolares)<\/li>\n\n\n\n<li>Mission Critical Infrastructure (electrical, oil &amp; gas, water &amp; wastewater)<\/li>\n<\/ul>\n\n\n\n<p>CelPlan maintains a vendor-agnostic approach, enabling us to recommend and implement the most appropriate solutions for each client&#8217;s specific needs. Our systems support various features including local and cloud storage, battery backup options (solar, hydrogen fuel cells), and fully equipped monitoring centers. We pride ourselves on using best-in-class, professional-grade components to create lasting, cost-effective, and secure networks that meet the demands of modern security infrastructure.<\/p>\n<\/div><\/div>\n<\/div><\/div>","protected":false},"excerpt":{"rendered":"<p>CelPlan maintains a vendor-agnostic approach, enabling us to recommend and implement the most appropriate solutions for each client&#8217;s specific needs. Our systems support various features including local and cloud storage, battery backup options (solar, hydrogen fuel cells), and fully equipped monitoring centers. We pride ourselves on using best-in-class, professional-grade components to create lasting, cost-effective, and [&hellip;]<\/p>\n","protected":false},"author":2,"featured_media":0,"parent":0,"menu_order":0,"comment_status":"closed","ping_status":"closed","template":"","meta":{"_uag_custom_page_level_css":"","_monsterinsights_skip_tracking":false,"_monsterinsights_sitenote_active":false,"_monsterinsights_sitenote_note":"","_monsterinsights_sitenote_category":0,"site-sidebar-layout":"no-sidebar","site-content-layout":"","ast-site-content-layout":"full-width-container","site-content-style":"unboxed","site-sidebar-style":"unboxed","ast-global-header-display":"","ast-banner-title-visibility":"","ast-main-header-display":"","ast-hfb-above-header-display":"","ast-hfb-below-header-display":"","ast-hfb-mobile-header-display":"","site-post-title":"disabled","ast-breadcrumbs-content":"","ast-featured-img":"","footer-sml-layout":"","ast-disable-related-posts":"","theme-transparent-header-meta":"","adv-header-id-meta":"","stick-header-meta":"","header-above-stick-meta":"","header-main-stick-meta":"","header-below-stick-meta":"","astra-migrate-meta-layouts":"set","ast-page-background-enabled":"default","ast-page-background-meta":{"desktop":{"background-color":"var(--ast-global-color-4)","background-image":"","background-repeat":"repeat","background-position":"center center","background-size":"auto","background-attachment":"scroll","background-type":"","background-media":"","overlay-type":"","overlay-color":"","overlay-opacity":"","overlay-gradient":""},"tablet":{"background-color":"","background-image":"","background-repeat":"repeat","background-position":"center center","background-size":"auto","background-attachment":"scroll","background-type":"","background-media":"","overlay-type":"","overlay-color":"","overlay-opacity":"","overlay-gradient":""},"mobile":{"background-color":"","background-image":"","background-repeat":"repeat","background-position":"center center","background-size":"auto","background-attachment":"scroll","background-type":"","background-media":"","overlay-type":"","overlay-color":"","overlay-opacity":"","overlay-gradient":""}},"ast-content-background-meta":{"desktop":{"background-color":"var(--ast-global-color-5)","background-image":"","background-repeat":"repeat","background-position":"center center","background-size":"auto","background-attachment":"scroll","background-type":"","background-media":"","overlay-type":"","overlay-color":"","overlay-opacity":"","overlay-gradient":""},"tablet":{"background-color":"var(--ast-global-color-5)","background-image":"","background-repeat":"repeat","background-position":"center center","background-size":"auto","background-attachment":"scroll","background-type":"","background-media":"","overlay-type":"","overlay-color":"","overlay-opacity":"","overlay-gradient":""},"mobile":{"background-color":"var(--ast-global-color-5)","background-image":"","background-repeat":"repeat","background-position":"center center","background-size":"auto","background-attachment":"scroll","background-type":"","background-media":"","overlay-type":"","overlay-color":"","overlay-opacity":"","overlay-gradient":""}},"footnotes":""},"class_list":["post-1042","page","type-page","status-publish","hentry"],"aioseo_notices":[],"uagb_featured_image_src":{"full":false,"thumbnail":false,"medium":false,"medium_large":false,"large":false,"1536x1536":false,"2048x2048":false,"trp-custom-language-flag":false},"uagb_author_info":{"display_name":"Cristine Korowajczuk","author_link":"https:\/\/celplan.com\/pt\/author\/cris_en\/"},"uagb_comment_info":0,"uagb_excerpt":"CelPlan maintains a vendor-agnostic approach, enabling us to recommend and implement the most appropriate solutions for each client&#8217;s specific needs. Our systems support various features including local and cloud storage, battery backup options (solar, hydrogen fuel cells), and fully equipped monitoring centers. We pride ourselves on using best-in-class, professional-grade components to create lasting, cost-effective, and&hellip;","_links":{"self":[{"href":"https:\/\/celplan.com\/pt\/wp-json\/wp\/v2\/pages\/1042","targetHints":{"allow":["GET"]}}],"collection":[{"href":"https:\/\/celplan.com\/pt\/wp-json\/wp\/v2\/pages"}],"about":[{"href":"https:\/\/celplan.com\/pt\/wp-json\/wp\/v2\/types\/page"}],"author":[{"embeddable":true,"href":"https:\/\/celplan.com\/pt\/wp-json\/wp\/v2\/users\/2"}],"replies":[{"embeddable":true,"href":"https:\/\/celplan.com\/pt\/wp-json\/wp\/v2\/comments?post=1042"}],"version-history":[{"count":22,"href":"https:\/\/celplan.com\/pt\/wp-json\/wp\/v2\/pages\/1042\/revisions"}],"predecessor-version":[{"id":2833,"href":"https:\/\/celplan.com\/pt\/wp-json\/wp\/v2\/pages\/1042\/revisions\/2833"}],"wp:attachment":[{"href":"https:\/\/celplan.com\/pt\/wp-json\/wp\/v2\/media?parent=1042"}],"curies":[{"name":"wp","href":"https:\/\/api.w.org\/{rel}","templated":true}]}}