{"id":1043,"date":"2024-07-03T17:59:04","date_gmt":"2024-07-03T17:59:04","guid":{"rendered":"https:\/\/celplan.com\/?page_id=1043"},"modified":"2024-08-07T15:48:15","modified_gmt":"2024-08-07T15:48:15","slug":"smart_utilities","status":"publish","type":"page","link":"https:\/\/celplan.com\/pt\/smart_utilities\/","title":{"rendered":"Smart Utilities"},"content":{"rendered":"<div class=\"wp-block-uagb-container uagb-block-eghuxq0k alignfull uagb-is-root-container\"><div class=\"uagb-container-inner-blocks-wrap\">\n<div class=\"wp-block-uagb-info-box uagb-block-z9doniw9 uagb-infobox__content-wrap  uagb-infobox-icon-above-title uagb-infobox-image-valign-top\"><div class=\"uagb-ifb-content\"><div class=\"uagb-ifb-title-wrap\"><h1 class=\"uagb-ifb-title\">Smart Utilities<\/h1><\/div><\/div><\/div>\n<\/div><\/div>\n\n\n\n<div class=\"wp-block-uagb-container uagb-block-eidebwjs alignfull uagb-is-root-container\"><div class=\"uagb-container-inner-blocks-wrap\">\n<div class=\"wp-block-uagb-container uagb-block-ntavs5ha\">\n<div class=\"wp-block-uagb-image alignleft uagb-block-qy2ie9dr wp-block-uagb-image--layout-default wp-block-uagb-image--effect-static wp-block-uagb-image--align-left\"><figure class=\"wp-block-uagb-image__figure\"><img decoding=\"async\" srcset=\"https:\/\/celplan.com\/wp-content\/uploads\/2024\/07\/Markets-Utilities-Substation-1MB-1536x863-1-1024x575.jpg ,https:\/\/celplan.com\/wp-content\/uploads\/2024\/07\/Markets-Utilities-Substation-1MB-1536x863-1.jpg 780w, https:\/\/celplan.com\/wp-content\/uploads\/2024\/07\/Markets-Utilities-Substation-1MB-1536x863-1.jpg 360w\" sizes=\"auto, (max-width: 480px) 150px\" src=\"https:\/\/celplan.com\/wp-content\/uploads\/2024\/07\/Markets-Utilities-Substation-1MB-1536x863-1-1024x575.jpg\" alt=\"\" class=\"uag-image-1346\" width=\"564\" height=\"400\" title=\"Smart Utility\" loading=\"lazy\" role=\"img\"\/><\/figure><\/div>\n\n\n\n<div class=\"wp-block-uagb-info-box uagb-block-ggyz8qhr uagb-infobox__content-wrap  uagb-infobox-icon-above-title uagb-infobox-image-valign-top\"><div class=\"uagb-ifb-content\"><div class=\"uagb-ifb-title-wrap\"><\/div><p class=\"uagb-ifb-desc\">A infraestrutura da rede el\u00e9trica est\u00e1 atualmente passando por uma r\u00e1pida transforma\u00e7\u00e3o. As empresas de servi\u00e7os p\u00fablicos de energia el\u00e9trica enfrentam o desafio de expandir a capacidade e melhorar a confiabilidade do servi\u00e7o, necessitando de redes de comunica\u00e7\u00e3o interna robustas e econ\u00f4micas. A CelPlan se estabeleceu como uma provedora l\u00edder de servi\u00e7os de consultoria em conectividade para empresas de servi\u00e7os p\u00fablicos em todo o mundo.<br><br>Nossa expertise abrange an\u00e1lise abrangente de sistemas de ponta a ponta, orienta\u00e7\u00e3o de sele\u00e7\u00e3o de tecnologia, design e simula\u00e7\u00e3o de rede e servi\u00e7os de solu\u00e7\u00e3o de problemas. A CelPlan mant\u00e9m um forte compromisso com pesquisa e desenvolvimento, auxiliando continuamente os clientes a lidar com os desafios emergentes.<\/p><\/div><\/div>\n<\/div>\n\n\n\n<div class=\"wp-block-uagb-container uagb-block-lxteyfrt\">\n<div class=\"wp-block-uagb-info-box uagb-block-79ijmjmt uagb-infobox__content-wrap  uagb-infobox-icon-above-title uagb-infobox-image-valign-top\"><div class=\"uagb-ifb-content\"><div class=\"uagb-ifb-title-wrap\"><\/div><p class=\"uagb-ifb-desc\">O conjunto abrangente de software de planejamento e otimiza\u00e7\u00e3o de rede da CelPlan foi projetado especificamente para engenheiros de radiofrequ\u00eancia (RF) encarregados de planejar redes confi\u00e1veis \u200b\u200bque superem o servi\u00e7o de melhor esfor\u00e7o para dispositivos m\u00f3veis.<br><br>Oferecemos a capacidade de aumentar sua equipe existente com engenheiros de RF remotos e especializados. Al\u00e9m disso, a CelPlan fornece servi\u00e7os de mentoria para treinar e dar suporte \u00e0 sua equipe local de engenharia de RF. Nossa expertise nos permite auxiliar sua equipe a determinar a sele\u00e7\u00e3o ideal do local, melhorar a pegada da rede e desenvolver planos de canal de frequ\u00eancia eficientes.<\/p><\/div><\/div>\n\n\n\n<div class=\"wp-block-uagb-image alignleft uagb-block-zlzeflwe wp-block-uagb-image--layout-default wp-block-uagb-image--effect-static wp-block-uagb-image--align-left\"><figure class=\"wp-block-uagb-image__figure\"><img decoding=\"async\" srcset=\"https:\/\/celplan.com\/wp-content\/uploads\/2024\/07\/Markets-smart-energy-and-Utilities-1MB-1-1024x643-1.jpg ,https:\/\/celplan.com\/wp-content\/uploads\/2024\/07\/Markets-smart-energy-and-Utilities-1MB-1-1024x643-1.jpg 780w, https:\/\/celplan.com\/wp-content\/uploads\/2024\/07\/Markets-smart-energy-and-Utilities-1MB-1-1024x643-1.jpg 360w\" sizes=\"auto, (max-width: 480px) 150px\" src=\"https:\/\/celplan.com\/wp-content\/uploads\/2024\/07\/Markets-smart-energy-and-Utilities-1MB-1-1024x643-1.jpg\" alt=\"\" class=\"uag-image-1389\" width=\"564\" height=\"400\" title=\"Markets - Smart Utilities\" loading=\"lazy\" role=\"img\"\/><\/figure><\/div>\n<\/div>\n\n\n\n<div class=\"wp-block-uagb-container uagb-block-ttogtouf\">\n<div class=\"wp-block-uagb-image alignleft uagb-block-n3cxnlie wp-block-uagb-image--layout-default wp-block-uagb-image--effect-static wp-block-uagb-image--align-left\"><figure class=\"wp-block-uagb-image__figure\"><img decoding=\"async\" srcset=\"https:\/\/celplan.com\/wp-content\/uploads\/2024\/07\/smart-meters-iStock-533418457-1024x768.jpg ,https:\/\/celplan.com\/wp-content\/uploads\/2024\/07\/smart-meters-iStock-533418457.jpg 780w, https:\/\/celplan.com\/wp-content\/uploads\/2024\/07\/smart-meters-iStock-533418457.jpg 360w\" sizes=\"auto, (max-width: 480px) 150px\" src=\"https:\/\/celplan.com\/wp-content\/uploads\/2024\/07\/smart-meters-iStock-533418457-1024x768.jpg\" alt=\"\" class=\"uag-image-1715\" width=\"564\" height=\"400\" title=\"Smart Meters\" loading=\"lazy\" role=\"img\"\/><\/figure><\/div>\n\n\n\n<div class=\"wp-block-uagb-container uagb-block-63922fc2\">\n<div class=\"wp-block-uagb-info-box uagb-block-ujtuildy uagb-infobox__content-wrap  uagb-infobox-icon-above-title uagb-infobox-image-valign-top\"><div class=\"uagb-ifb-content\"><div class=\"uagb-ifb-title-wrap\"><\/div><p class=\"uagb-ifb-desc\">O portf\u00f3lio de servi\u00e7os da CelPlan para servi\u00e7os p\u00fablicos inclui:<\/p><\/div><\/div>\n\n\n\n<ul class=\"wp-block-list\">\n<li>Projeto, an\u00e1lise e otimiza\u00e7\u00e3o de rede de telecomunica\u00e7\u00f5es<\/li>\n\n\n\n<li>Projeto de comunica\u00e7\u00f5es de automa\u00e7\u00e3o distribu\u00edda (DA)<\/li>\n\n\n\n<li>Planejamento de rede de medi\u00e7\u00e3o inteligente e infraestrutura de medi\u00e7\u00e3o avan\u00e7ada (AMI)<\/li>\n\n\n\n<li>Desenvolvimento de roteiro de investimento em telecomunica\u00e7\u00f5es de longo prazo<\/li>\n\n\n\n<li>Recomenda\u00e7\u00f5es de tecnologia<\/li>\n\n\n\n<li>Planejamento de espectro e an\u00e1lise de capacidade<\/li>\n\n\n\n<li>Prepara\u00e7\u00e3o de narrativa t\u00e9cnica para dar suporte a solicita\u00e7\u00f5es de licen\u00e7a<\/li>\n\n\n\n<li>Reda\u00e7\u00e3o e an\u00e1lise de resposta de solicita\u00e7\u00e3o de proposta (RFP)<\/li>\n<\/ul>\n<\/div>\n<\/div>\n\n\n\n<p>A sele\u00e7\u00e3o da tecnologia apropriada \u00e9 crucial para a efic\u00e1cia da rede. A vasta experi\u00eancia da CelPlan e a abordagem neutra em rela\u00e7\u00e3o a fornecedores nos permitem orient\u00e1-lo na escolha da solu\u00e7\u00e3o ideal, adaptada \u00e0s suas necessidades espec\u00edficas. Nosso objetivo \u00e9 garantir que a rede implementada se alinhe perfeitamente com suas necessidades operacionais e objetivos organizacionais.<br><\/p>\n<\/div><\/div>","protected":false},"excerpt":{"rendered":"<p>A sele\u00e7\u00e3o da tecnologia apropriada \u00e9 crucial para a efic\u00e1cia da rede. A vasta experi\u00eancia da CelPlan e a abordagem neutra em rela\u00e7\u00e3o a fornecedores nos permitem orient\u00e1-lo na escolha da solu\u00e7\u00e3o ideal, adaptada \u00e0s suas necessidades espec\u00edficas. Nosso objetivo \u00e9 garantir que a rede implementada se alinhe perfeitamente com suas necessidades operacionais e objetivos organizacionais.<\/p>","protected":false},"author":2,"featured_media":0,"parent":0,"menu_order":0,"comment_status":"closed","ping_status":"closed","template":"","meta":{"_uag_custom_page_level_css":"","_monsterinsights_skip_tracking":false,"_monsterinsights_sitenote_active":false,"_monsterinsights_sitenote_note":"","_monsterinsights_sitenote_category":0,"site-sidebar-layout":"no-sidebar","site-content-layout":"","ast-site-content-layout":"full-width-container","site-content-style":"unboxed","site-sidebar-style":"unboxed","ast-global-header-display":"","ast-banner-title-visibility":"","ast-main-header-display":"","ast-hfb-above-header-display":"","ast-hfb-below-header-display":"","ast-hfb-mobile-header-display":"","site-post-title":"disabled","ast-breadcrumbs-content":"","ast-featured-img":"","footer-sml-layout":"","ast-disable-related-posts":"","theme-transparent-header-meta":"","adv-header-id-meta":"","stick-header-meta":"","header-above-stick-meta":"","header-main-stick-meta":"","header-below-stick-meta":"","astra-migrate-meta-layouts":"set","ast-page-background-enabled":"default","ast-page-background-meta":{"desktop":{"background-color":"var(--ast-global-color-4)","background-image":"","background-repeat":"repeat","background-position":"center center","background-size":"auto","background-attachment":"scroll","background-type":"","background-media":"","overlay-type":"","overlay-color":"","overlay-opacity":"","overlay-gradient":""},"tablet":{"background-color":"","background-image":"","background-repeat":"repeat","background-position":"center center","background-size":"auto","background-attachment":"scroll","background-type":"","background-media":"","overlay-type":"","overlay-color":"","overlay-opacity":"","overlay-gradient":""},"mobile":{"background-color":"","background-image":"","background-repeat":"repeat","background-position":"center center","background-size":"auto","background-attachment":"scroll","background-type":"","background-media":"","overlay-type":"","overlay-color":"","overlay-opacity":"","overlay-gradient":""}},"ast-content-background-meta":{"desktop":{"background-color":"var(--ast-global-color-5)","background-image":"","background-repeat":"repeat","background-position":"center center","background-size":"auto","background-attachment":"scroll","background-type":"","background-media":"","overlay-type":"","overlay-color":"","overlay-opacity":"","overlay-gradient":""},"tablet":{"background-color":"var(--ast-global-color-5)","background-image":"","background-repeat":"repeat","background-position":"center center","background-size":"auto","background-attachment":"scroll","background-type":"","background-media":"","overlay-type":"","overlay-color":"","overlay-opacity":"","overlay-gradient":""},"mobile":{"background-color":"var(--ast-global-color-5)","background-image":"","background-repeat":"repeat","background-position":"center center","background-size":"auto","background-attachment":"scroll","background-type":"","background-media":"","overlay-type":"","overlay-color":"","overlay-opacity":"","overlay-gradient":""}},"footnotes":""},"class_list":["post-1043","page","type-page","status-publish","hentry"],"aioseo_notices":[],"uagb_featured_image_src":{"full":false,"thumbnail":false,"medium":false,"medium_large":false,"large":false,"1536x1536":false,"2048x2048":false,"trp-custom-language-flag":false},"uagb_author_info":{"display_name":"Cristine Korowajczuk","author_link":"https:\/\/celplan.com\/pt\/author\/cris_en\/"},"uagb_comment_info":0,"uagb_excerpt":"The selection of appropriate technology is crucial for network efficacy. CelPlan&#8217;s extensive experience and vendor-neutral approach enable us to guide you in choosing the optimal solution tailored to your specific requirements. Our objective is to ensure that the implemented network aligns perfectly with your operational needs and organizational goals.","_links":{"self":[{"href":"https:\/\/celplan.com\/pt\/wp-json\/wp\/v2\/pages\/1043","targetHints":{"allow":["GET"]}}],"collection":[{"href":"https:\/\/celplan.com\/pt\/wp-json\/wp\/v2\/pages"}],"about":[{"href":"https:\/\/celplan.com\/pt\/wp-json\/wp\/v2\/types\/page"}],"author":[{"embeddable":true,"href":"https:\/\/celplan.com\/pt\/wp-json\/wp\/v2\/users\/2"}],"replies":[{"embeddable":true,"href":"https:\/\/celplan.com\/pt\/wp-json\/wp\/v2\/comments?post=1043"}],"version-history":[{"count":11,"href":"https:\/\/celplan.com\/pt\/wp-json\/wp\/v2\/pages\/1043\/revisions"}],"predecessor-version":[{"id":2509,"href":"https:\/\/celplan.com\/pt\/wp-json\/wp\/v2\/pages\/1043\/revisions\/2509"}],"wp:attachment":[{"href":"https:\/\/celplan.com\/pt\/wp-json\/wp\/v2\/media?parent=1043"}],"curies":[{"name":"wp","href":"https:\/\/api.w.org\/{rel}","templated":true}]}}