{"id":1044,"date":"2024-07-03T17:59:04","date_gmt":"2024-07-03T17:59:04","guid":{"rendered":"https:\/\/celplan.com\/?page_id=1044"},"modified":"2024-08-07T15:55:27","modified_gmt":"2024-08-07T15:55:27","slug":"smart_water","status":"publish","type":"page","link":"https:\/\/celplan.com\/pt\/smart_water\/","title":{"rendered":"Saneamento Inteligente"},"content":{"rendered":"<div class=\"wp-block-uagb-container uagb-block-eghuxq0k alignfull uagb-is-root-container\"><div class=\"uagb-container-inner-blocks-wrap\">\n<div class=\"wp-block-uagb-info-box uagb-block-z9doniw9 uagb-infobox__content-wrap  uagb-infobox-icon-above-title uagb-infobox-image-valign-top\"><div class=\"uagb-ifb-content\"><div class=\"uagb-ifb-title-wrap\"><h1 class=\"uagb-ifb-title\">Saneamento Inteligente<\/h1><\/div><\/div><\/div>\n<\/div><\/div>\n\n\n\n<div class=\"wp-block-uagb-container uagb-block-eidebwjs alignfull uagb-is-root-container\"><div class=\"uagb-container-inner-blocks-wrap\">\n<div class=\"wp-block-uagb-container uagb-block-ntavs5ha\">\n<div class=\"wp-block-uagb-image alignleft uagb-block-qy2ie9dr wp-block-uagb-image--layout-default wp-block-uagb-image--effect-static wp-block-uagb-image--align-left\"><figure class=\"wp-block-uagb-image__figure\"><img decoding=\"async\" srcset=\"https:\/\/celplan.com\/wp-content\/uploads\/2024\/07\/Markets-smart-water-1MB-1024x643-3.jpg ,https:\/\/celplan.com\/wp-content\/uploads\/2024\/07\/Markets-smart-water-1MB-1024x643-3.jpg 780w, https:\/\/celplan.com\/wp-content\/uploads\/2024\/07\/Markets-smart-water-1MB-1024x643-3.jpg 360w\" sizes=\"auto, (max-width: 480px) 150px\" src=\"https:\/\/celplan.com\/wp-content\/uploads\/2024\/07\/Markets-smart-water-1MB-1024x643-3.jpg\" alt=\"\" class=\"uag-image-1453\" width=\"564\" height=\"400\" title=\"Saneamento Inteligente\" loading=\"lazy\" role=\"img\"\/><\/figure><\/div>\n\n\n\n<div class=\"wp-block-uagb-info-box uagb-block-ggyz8qhr uagb-infobox__content-wrap  uagb-infobox-icon-above-title uagb-infobox-image-valign-top\"><div class=\"uagb-ifb-content\"><div class=\"uagb-ifb-title-wrap\"><\/div><p class=\"uagb-ifb-desc\">As concession\u00e1rias de \u00e1gua enfrentam uma gama complexa de desafios operacionais, incluindo o gerenciamento da demanda crescente, o tratamento dos custos crescentes de energia, a manuten\u00e7\u00e3o da infraestrutura envelhecida, a melhoria da efici\u00eancia e da sustentabilidade e a navega\u00e7\u00e3o em perspectivas incertas de fornecimento de \u00e1gua. As ferramentas tradicionais de gerenciamento e as pol\u00edticas atuais muitas vezes se mostram inadequadas para abordar essas quest\u00f5es multifacetadas.<br><br>A matura\u00e7\u00e3o de solu\u00e7\u00f5es orientadas por dados, juntamente com avan\u00e7os r\u00e1pidos em tecnologias e redes de telecomunica\u00e7\u00f5es, agora permite maior instrumenta\u00e7\u00e3o e telemetria de redes de \u00e1gua, particularmente em sistemas de distribui\u00e7\u00e3o. Esse progresso tecnol\u00f3gico permite que as concession\u00e1rias de \u00e1gua integrem dispositivos inteligentes, como bombas, canos, sensores e v\u00e1lvulas em suas redes.<br><br>Uma rede de \u00e1gua inteligente eficaz deve ser estruturada em camadas, utilizando dados de tecnologias de comunica\u00e7\u00e3o para dar suporte a fontes de \u00e1gua, produ\u00e7\u00e3o, transmiss\u00e3o, distribui\u00e7\u00e3o e necessidades do consumidor. Cada camada deve ser sustentada por uma infraestrutura robusta de telecomunica\u00e7\u00f5es e TI para garantir um fluxo de informa\u00e7\u00f5es r\u00e1pido, confi\u00e1vel e seguro.<\/p><\/div><\/div>\n<\/div>\n\n\n\n<div class=\"wp-block-uagb-container uagb-block-lxteyfrt\">\n<div class=\"wp-block-uagb-container uagb-block-4a934b56\">\n<div class=\"wp-block-uagb-info-box uagb-block-79ijmjmt uagb-infobox__content-wrap  uagb-infobox-icon-above-title uagb-infobox-image-valign-top\"><div class=\"uagb-ifb-content\"><div class=\"uagb-ifb-title-wrap\"><\/div><p class=\"uagb-ifb-desc\">Dispositivos inteligentes podem abranger uma gama de tecnologias, de sensores a sistemas de controle remoto, cada um com requisitos variados de confiabilidade e seguran\u00e7a. Uma rede de \u00e1gua inteligente abrangente deve abordar adequadamente essas diversas necessidades para evitar problemas futuros de gerenciamento de dispositivos.<br><br>As tecnologias e sistemas atuais dispon\u00edveis para redes de \u00e1gua inteligentes incluem:<\/p><\/div><\/div>\n\n\n\n<ul class=\"wp-block-list\">\n<li>Sistemas de supervis\u00e3o<\/li>\n\n\n\n<li>Medi\u00e7\u00e3o avan\u00e7ada (AMR\/AMI)<\/li>\n\n\n\n<li>Sensores<\/li>\n\n\n\n<li>Medidores de vaz\u00e3o e press\u00e3o<\/li>\n\n\n\n<li>Registradores de dados<\/li>\n\n\n\n<li>Pain\u00e9is de controle de utilities<\/li>\n\n\n\n<li>Gerenciamento de ativos (incluindo GIS e ferramentas esquem\u00e1ticas)<\/li>\n\n\n\n<li>Ferramentas de for\u00e7a de trabalho<\/li>\n\n\n\n<li>Sistemas de alerta<\/li>\n\n\n\n<li>Analytics<\/li>\n<\/ul>\n<\/div>\n\n\n\n<div class=\"wp-block-uagb-image alignleft uagb-block-zlzeflwe wp-block-uagb-image--layout-default wp-block-uagb-image--effect-static wp-block-uagb-image--align-left\"><figure class=\"wp-block-uagb-image__figure\"><img decoding=\"async\" srcset=\"https:\/\/celplan.com\/wp-content\/uploads\/2024\/07\/Markets-smart-water-2-1MB-1024x624-2.jpg ,https:\/\/celplan.com\/wp-content\/uploads\/2024\/07\/Markets-smart-water-2-1MB-1024x624-2.jpg 780w, https:\/\/celplan.com\/wp-content\/uploads\/2024\/07\/Markets-smart-water-2-1MB-1024x624-2.jpg 360w\" sizes=\"auto, (max-width: 480px) 150px\" src=\"https:\/\/celplan.com\/wp-content\/uploads\/2024\/07\/Markets-smart-water-2-1MB-1024x624-2.jpg\" alt=\"\" class=\"uag-image-1452\" width=\"564\" height=\"400\" title=\"Saneamento Inteligente\" loading=\"lazy\" role=\"img\"\/><\/figure><\/div>\n<\/div>\n\n\n\n<div class=\"wp-block-uagb-container uagb-block-ttogtouf\">\n<div class=\"wp-block-uagb-image alignleft uagb-block-n3cxnlie wp-block-uagb-image--layout-default wp-block-uagb-image--effect-static wp-block-uagb-image--align-left\"><figure class=\"wp-block-uagb-image__figure\"><img decoding=\"async\" srcset=\"https:\/\/celplan.com\/wp-content\/uploads\/2024\/07\/smart-water-meter-123rf-1024x678.jpg ,https:\/\/celplan.com\/wp-content\/uploads\/2024\/07\/smart-water-meter-123rf-scaled.jpg 780w, https:\/\/celplan.com\/wp-content\/uploads\/2024\/07\/smart-water-meter-123rf-scaled.jpg 360w\" sizes=\"auto, (max-width: 480px) 150px\" src=\"https:\/\/celplan.com\/wp-content\/uploads\/2024\/07\/smart-water-meter-123rf-1024x678.jpg\" alt=\"\" class=\"uag-image-1716\" width=\"564\" height=\"400\" title=\"Smart Water Meter\" loading=\"lazy\" role=\"img\"\/><\/figure><\/div>\n\n\n\n<div class=\"wp-block-uagb-container uagb-block-3911a729\">\n<div class=\"wp-block-uagb-info-box uagb-block-ujtuildy uagb-infobox__content-wrap  uagb-infobox-icon-above-title uagb-infobox-image-valign-top\"><div class=\"uagb-ifb-content\"><div class=\"uagb-ifb-title-wrap\"><\/div><p class=\"uagb-ifb-desc\">As empresas de servi\u00e7os de \u00e1gua devem adotar uma abordagem hol\u00edstica ao selecionar tecnologias de comunica\u00e7\u00e3o, considerando fatores como:<\/p><\/div><\/div>\n\n\n\n<ul class=\"wp-block-list\">\n<li>Escalabilidade da tecnologia<\/li>\n\n\n\n<li>Considera\u00e7\u00f5es de lat\u00eancia<\/li>\n\n\n\n<li>Capacidades de cobertura<\/li>\n\n\n\n<li>Uso de espectro licenciado<\/li>\n\n\n\n<li>Solu\u00e7\u00f5es propriet\u00e1rias versus padronizadas<\/li>\n<\/ul>\n\n\n\n<p>A CelPlan conduziu esse tipo de an\u00e1lise para diversas concession\u00e1rias de servi\u00e7os p\u00fablicos e pode propor solu\u00e7\u00f5es personalizadas para dar suporte aos esfor\u00e7os de otimiza\u00e7\u00e3o de rede, reduzindo ao mesmo tempo as despesas de capital e operacionais.<br><br>O dimensionamento dessas redes requer m\u00faltiplas camadas de informa\u00e7\u00e3o, incluindo:<\/p>\n\n\n\n<ul class=\"wp-block-list\">\n<li>Geolocaliza\u00e7\u00e3o de dispositivos a serem monitorados e controlados<\/li>\n\n\n\n<li>Caracteriza\u00e7\u00e3o das necessidades de comunica\u00e7\u00e3o de cada dispositivo (demanda de throughput, lat\u00eancia e protocolos)<\/li>\n\n\n\n<li>Disponibilidade e acordos de compartilhamento de tecnologia de infraestrutura<\/li>\n\n\n\n<li>Escolhas de espectro e tecnologia<\/li>\n<\/ul>\n<\/div>\n<\/div>\n\n\n\n<p>As decis\u00f5es tomadas hoje precisar\u00e3o atender \u00e0 ind\u00fastria durante um per\u00edodo cr\u00edtico de mudan\u00e7a, adaptando-se a in\u00fameras mudan\u00e7as tecnol\u00f3gicas e comportamentais no horizonte, desde maior disponibilidade de dados at\u00e9 capacidades aprimoradas de tomada de decis\u00e3o para consumidores e servi\u00e7os p\u00fablicos. Selecionar uma solu\u00e7\u00e3o incapaz de se adaptar \u00e0s necessidades futuras pode ser um erro custoso.<br><br>A vasta experi\u00eancia da CelPlan e a abordagem neutra de fornecedores nos permitem orient\u00e1-lo na escolha da solu\u00e7\u00e3o ideal adaptada \u00e0s suas necessidades espec\u00edficas. Nosso objetivo \u00e9 garantir que a rede implementada se alinhe perfeitamente com suas necessidades operacionais atuais e metas organizacionais futuras.<\/p>\n<\/div><\/div>","protected":false},"excerpt":{"rendered":"<p>CelPlan has conducted this type of analysis for numerous utilities and can propose tailored solutions to support network optimization efforts while reducing both capital and operational expenditures. The dimensioning of such networks requires multiple layers of information, including: Decisions made today will need to serve the industry through a critical period of change, adapting to [&hellip;]<\/p>\n","protected":false},"author":2,"featured_media":0,"parent":0,"menu_order":0,"comment_status":"closed","ping_status":"closed","template":"","meta":{"_uag_custom_page_level_css":"","_monsterinsights_skip_tracking":false,"_monsterinsights_sitenote_active":false,"_monsterinsights_sitenote_note":"","_monsterinsights_sitenote_category":0,"site-sidebar-layout":"no-sidebar","site-content-layout":"","ast-site-content-layout":"full-width-container","site-content-style":"unboxed","site-sidebar-style":"unboxed","ast-global-header-display":"","ast-banner-title-visibility":"","ast-main-header-display":"","ast-hfb-above-header-display":"","ast-hfb-below-header-display":"","ast-hfb-mobile-header-display":"","site-post-title":"disabled","ast-breadcrumbs-content":"","ast-featured-img":"","footer-sml-layout":"","ast-disable-related-posts":"","theme-transparent-header-meta":"","adv-header-id-meta":"","stick-header-meta":"","header-above-stick-meta":"","header-main-stick-meta":"","header-below-stick-meta":"","astra-migrate-meta-layouts":"set","ast-page-background-enabled":"default","ast-page-background-meta":{"desktop":{"background-color":"var(--ast-global-color-4)","background-image":"","background-repeat":"repeat","background-position":"center center","background-size":"auto","background-attachment":"scroll","background-type":"","background-media":"","overlay-type":"","overlay-color":"","overlay-opacity":"","overlay-gradient":""},"tablet":{"background-color":"","background-image":"","background-repeat":"repeat","background-position":"center center","background-size":"auto","background-attachment":"scroll","background-type":"","background-media":"","overlay-type":"","overlay-color":"","overlay-opacity":"","overlay-gradient":""},"mobile":{"background-color":"","background-image":"","background-repeat":"repeat","background-position":"center center","background-size":"auto","background-attachment":"scroll","background-type":"","background-media":"","overlay-type":"","overlay-color":"","overlay-opacity":"","overlay-gradient":""}},"ast-content-background-meta":{"desktop":{"background-color":"var(--ast-global-color-5)","background-image":"","background-repeat":"repeat","background-position":"center center","background-size":"auto","background-attachment":"scroll","background-type":"","background-media":"","overlay-type":"","overlay-color":"","overlay-opacity":"","overlay-gradient":""},"tablet":{"background-color":"var(--ast-global-color-5)","background-image":"","background-repeat":"repeat","background-position":"center center","background-size":"auto","background-attachment":"scroll","background-type":"","background-media":"","overlay-type":"","overlay-color":"","overlay-opacity":"","overlay-gradient":""},"mobile":{"background-color":"var(--ast-global-color-5)","background-image":"","background-repeat":"repeat","background-position":"center center","background-size":"auto","background-attachment":"scroll","background-type":"","background-media":"","overlay-type":"","overlay-color":"","overlay-opacity":"","overlay-gradient":""}},"footnotes":""},"class_list":["post-1044","page","type-page","status-publish","hentry"],"aioseo_notices":[],"uagb_featured_image_src":{"full":false,"thumbnail":false,"medium":false,"medium_large":false,"large":false,"1536x1536":false,"2048x2048":false,"trp-custom-language-flag":false},"uagb_author_info":{"display_name":"Cristine Korowajczuk","author_link":"https:\/\/celplan.com\/pt\/author\/cris_en\/"},"uagb_comment_info":0,"uagb_excerpt":"CelPlan has conducted this type of analysis for numerous utilities and can propose tailored solutions to support network optimization efforts while reducing both capital and operational expenditures. The dimensioning of such networks requires multiple layers of information, including: Decisions made today will need to serve the industry through a critical period of change, adapting to&hellip;","_links":{"self":[{"href":"https:\/\/celplan.com\/pt\/wp-json\/wp\/v2\/pages\/1044","targetHints":{"allow":["GET"]}}],"collection":[{"href":"https:\/\/celplan.com\/pt\/wp-json\/wp\/v2\/pages"}],"about":[{"href":"https:\/\/celplan.com\/pt\/wp-json\/wp\/v2\/types\/page"}],"author":[{"embeddable":true,"href":"https:\/\/celplan.com\/pt\/wp-json\/wp\/v2\/users\/2"}],"replies":[{"embeddable":true,"href":"https:\/\/celplan.com\/pt\/wp-json\/wp\/v2\/comments?post=1044"}],"version-history":[{"count":12,"href":"https:\/\/celplan.com\/pt\/wp-json\/wp\/v2\/pages\/1044\/revisions"}],"predecessor-version":[{"id":2513,"href":"https:\/\/celplan.com\/pt\/wp-json\/wp\/v2\/pages\/1044\/revisions\/2513"}],"wp:attachment":[{"href":"https:\/\/celplan.com\/pt\/wp-json\/wp\/v2\/media?parent=1044"}],"curies":[{"name":"wp","href":"https:\/\/api.w.org\/{rel}","templated":true}]}}