{"id":1045,"date":"2024-07-03T17:59:04","date_gmt":"2024-07-03T17:59:04","guid":{"rendered":"https:\/\/celplan.com\/?page_id=1045"},"modified":"2024-08-22T16:03:36","modified_gmt":"2024-08-22T16:03:36","slug":"oil_and_gas","status":"publish","type":"page","link":"https:\/\/celplan.com\/pt\/oil_and_gas\/","title":{"rendered":"Oil and Gas"},"content":{"rendered":"<div class=\"wp-block-uagb-container uagb-block-eghuxq0k alignfull uagb-is-root-container\"><div class=\"uagb-container-inner-blocks-wrap\">\n<div class=\"wp-block-uagb-info-box uagb-block-z9doniw9 uagb-infobox__content-wrap  uagb-infobox-icon-above-title uagb-infobox-image-valign-top\"><div class=\"uagb-ifb-content\"><div class=\"uagb-ifb-title-wrap\"><h1 class=\"uagb-ifb-title\">\u00d3leo &amp; G\u00e1s<\/h1><\/div><\/div><\/div>\n<\/div><\/div>\n\n\n\n<div class=\"wp-block-uagb-container uagb-block-eidebwjs alignfull uagb-is-root-container\"><div class=\"uagb-container-inner-blocks-wrap\">\n<div class=\"wp-block-uagb-container uagb-block-ntavs5ha\">\n<div class=\"wp-block-uagb-image aligncenter uagb-block-qy2ie9dr wp-block-uagb-image--layout-default wp-block-uagb-image--effect-static wp-block-uagb-image--align-center alignleft\"><figure class=\"wp-block-uagb-image__figure\"><img decoding=\"async\" srcset=\"https:\/\/celplan.com\/wp-content\/uploads\/2024\/07\/Markets-Oil-Gas-oil-rigs-1MB-1024x697-1.jpg ,https:\/\/celplan.com\/wp-content\/uploads\/2024\/07\/Markets-Oil-Gas-oil-rigs-1MB-1024x697-1.jpg 780w, https:\/\/celplan.com\/wp-content\/uploads\/2024\/07\/Markets-Oil-Gas-oil-rigs-1MB-1024x697-1.jpg 360w\" sizes=\"auto, (max-width: 480px) 150px\" src=\"https:\/\/celplan.com\/wp-content\/uploads\/2024\/07\/Markets-Oil-Gas-oil-rigs-1MB-1024x697-1.jpg\" alt=\"\" class=\"uag-image-1457\" width=\"564\" height=\"400\" title=\"Oil Pumps\" loading=\"lazy\" role=\"img\"\/><\/figure><\/div>\n\n\n\n<div class=\"wp-block-uagb-info-box uagb-block-ggyz8qhr uagb-infobox__content-wrap  uagb-infobox-icon-above-title uagb-infobox-image-valign-top\"><div class=\"uagb-ifb-content\"><div class=\"uagb-ifb-title-wrap\"><\/div><p class=\"uagb-ifb-desc\">A ind\u00fastria de petr\u00f3leo e g\u00e1s requer sistemas de comunica\u00e7\u00e3o que sejam confi\u00e1veis \u200b\u200be resilientes, capazes de operar em vastas \u00e1reas sob condi\u00e7\u00f5es ambientais desafiadoras. O setor enfrenta in\u00fameros desafios, desde a otimiza\u00e7\u00e3o de recursos e investimentos de capital at\u00e9 o gerenciamento do sistema de distribui\u00e7\u00e3o e garantia da seguran\u00e7a do pessoal e das instala\u00e7\u00f5es.<br><br>Investimentos em tecnologias de Internet das Coisas (IoT) podem aumentar significativamente a efici\u00eancia operacional, particularmente por meio do aumento da automa\u00e7\u00e3o e monitoramento remoto de processos. A ind\u00fastria sem fio contempor\u00e2nea oferece uma gama diversificada de solu\u00e7\u00f5es que podem ser implementadas individualmente ou combinadas para atender \u00e0s necessidades multifacetadas do setor. Elas variam de redes mesh e LTE privado a tecnologias de banda estreita, abrangendo sistemas m\u00f3veis e fixos.<\/p><\/div><\/div>\n<\/div>\n\n\n\n<div class=\"wp-block-uagb-container uagb-block-lxteyfrt\">\n<div class=\"wp-block-uagb-info-box uagb-block-79ijmjmt uagb-infobox__content-wrap  uagb-infobox-icon-above-title uagb-infobox-image-valign-top\"><div class=\"uagb-ifb-content\"><div class=\"uagb-ifb-title-wrap\"><\/div><p class=\"uagb-ifb-desc\">A sele\u00e7\u00e3o de uma solu\u00e7\u00e3o de rede ideal para a ind\u00fastria de petr\u00f3leo e g\u00e1s depende de v\u00e1rios fatores, incluindo requisitos de aplica\u00e7\u00e3o espec\u00edficos, restri\u00e7\u00f5es or\u00e7ament\u00e1rias e considera\u00e7\u00f5es de terreno\/ambiente. A CelPlan oferece expertise para auxiliar sua equipe a entender cada tecnologia, selecionar as op\u00e7\u00f5es mais apropriadas e orientar sua organiza\u00e7\u00e3o pelos processos de design, sele\u00e7\u00e3o de fornecedores e implanta\u00e7\u00e3o de rede.<br><br>Al\u00e9m disso, a CelPlan fornece servi\u00e7os de consultoria e mentoria sob demanda para treinar e dar suporte \u00e0 sua equipe local de engenharia de radiofrequ\u00eancia (RF). Nossa expertise nos permite auxiliar sua equipe a determinar a sele\u00e7\u00e3o ideal do local, melhorar a pegada da rede e desenvolver planos de canal de frequ\u00eancia eficientes.<\/p><\/div><\/div>\n\n\n\n<div class=\"wp-block-uagb-image aligncenter uagb-block-zlzeflwe wp-block-uagb-image--layout-default wp-block-uagb-image--effect-static wp-block-uagb-image--align-center alignleft\"><figure class=\"wp-block-uagb-image__figure\"><img decoding=\"async\" srcset=\"https:\/\/celplan.com\/wp-content\/uploads\/2024\/07\/Markets-Oil-Gas-gas-pipelines-1MB-1024x662-1.jpg ,https:\/\/celplan.com\/wp-content\/uploads\/2024\/07\/Markets-Oil-Gas-gas-pipelines-1MB-1024x662-1.jpg 780w, https:\/\/celplan.com\/wp-content\/uploads\/2024\/07\/Markets-Oil-Gas-gas-pipelines-1MB-1024x662-1.jpg 360w\" sizes=\"auto, (max-width: 480px) 150px\" src=\"https:\/\/celplan.com\/wp-content\/uploads\/2024\/07\/Markets-Oil-Gas-gas-pipelines-1MB-1024x662-1.jpg\" alt=\"\" class=\"uag-image-1462\" width=\"564\" height=\"400\" title=\"gas distribution station\" loading=\"lazy\" role=\"img\"\/><\/figure><\/div>\n<\/div>\n\n\n\n<div class=\"wp-block-uagb-container uagb-block-ttogtouf\">\n<div class=\"wp-block-uagb-image aligncenter uagb-block-n3cxnlie wp-block-uagb-image--layout-default wp-block-uagb-image--effect-static wp-block-uagb-image--align-center alignleft\"><figure class=\"wp-block-uagb-image__figure\"><img decoding=\"async\" srcset=\"https:\/\/celplan.com\/wp-content\/uploads\/2024\/07\/Markets-Oil-and-Gas-1MB-1-1024x643-1.jpg ,https:\/\/celplan.com\/wp-content\/uploads\/2024\/07\/Markets-Oil-and-Gas-1MB-1-1024x643-1.jpg 780w, https:\/\/celplan.com\/wp-content\/uploads\/2024\/07\/Markets-Oil-and-Gas-1MB-1-1024x643-1.jpg 360w\" sizes=\"auto, (max-width: 480px) 150px\" src=\"https:\/\/celplan.com\/wp-content\/uploads\/2024\/07\/Markets-Oil-and-Gas-1MB-1-1024x643-1.jpg\" alt=\"\" class=\"uag-image-1395\" width=\"564\" height=\"400\" title=\"Markets - Oil &amp; Gas\" loading=\"lazy\" role=\"img\"\/><\/figure><\/div>\n\n\n\n<div class=\"wp-block-uagb-container uagb-block-8173c528\">\n<div class=\"wp-block-uagb-info-box uagb-block-ujtuildy uagb-infobox__content-wrap  uagb-infobox-icon-above-title uagb-infobox-image-valign-top\"><div class=\"uagb-ifb-content\"><div class=\"uagb-ifb-title-wrap\"><\/div><p class=\"uagb-ifb-desc\">As principais necessidades da ind\u00fastria que podem ser atendidas por meio de conectividade aprimorada incluem:<br><\/p><\/div><\/div>\n\n\n\n<ul class=\"wp-block-list\">\n<li>Automa\u00e7\u00e3o, controle e monitoramento remoto de processos (SCADA)<\/li>\n\n\n\n<li>Coleta de dados do sensor em tempo real<\/li>\n\n\n\n<li>Procedimentos de desligamento e recupera\u00e7\u00e3o de equipamentos<\/li>\n\n\n\n<li>Sistemas de medi\u00e7\u00e3o, registro e controle de produ\u00e7\u00e3o<\/li>\n\n\n\n<li>Redes de videovigil\u00e2ncia<\/li>\n\n\n\n<li>Comunica\u00e7\u00e3o e diagn\u00f3stico da sonda de perfura\u00e7\u00e3o<\/li>\n\n\n\n<li>Solu\u00e7\u00f5es de rastreamento de ativos<\/li>\n\n\n\n<li>Conectividade da for\u00e7a de trabalho (por exemplo, acesso \u00e0 Internet, servi\u00e7os de VoIP)<\/li>\n<\/ul>\n<\/div>\n<\/div>\n\n\n\n<p>A CelPlan pode facilitar o processo de sele\u00e7\u00e3o de tecnologia, auxiliar na prepara\u00e7\u00e3o de Requests for Proposals (RFPs) e analisar as respostas dos fornecedores. Ap\u00f3s a sele\u00e7\u00e3o da tecnologia, a CelPlan oferece suporte no design de rede e fornece mentoria \u00e0 sua equipe para planejamento e otimiza\u00e7\u00e3o cont\u00ednuos, abordando desafios que podem surgir durante a implementa\u00e7\u00e3o e opera\u00e7\u00e3o.<br><br>A sele\u00e7\u00e3o da tecnologia apropriada \u00e9 crucial para a efic\u00e1cia da rede. A vasta experi\u00eancia da CelPlan e a abordagem neutra em rela\u00e7\u00e3o a fornecedores nos permitem orient\u00e1-lo na escolha da solu\u00e7\u00e3o ideal, adaptada \u00e0s suas necessidades espec\u00edficas. Nosso objetivo \u00e9 garantir que a rede implementada se alinhe perfeitamente com suas necessidades operacionais e objetivos organizacionais no setor de petr\u00f3leo e g\u00e1s.<\/p>\n<\/div><\/div>","protected":false},"excerpt":{"rendered":"<p>CelPlan can facilitate the technology selection process, assist in preparing Requests for Proposals (RFPs), and analyze vendor responses. Post-technology selection, CelPlan offers support in network design and provides mentorship to your team for ongoing planning and optimization, addressing challenges that may arise during implementation and operation. The selection of appropriate technology is crucial for network [&hellip;]<\/p>\n","protected":false},"author":2,"featured_media":0,"parent":0,"menu_order":0,"comment_status":"closed","ping_status":"closed","template":"","meta":{"_uag_custom_page_level_css":"","_monsterinsights_skip_tracking":false,"_monsterinsights_sitenote_active":false,"_monsterinsights_sitenote_note":"","_monsterinsights_sitenote_category":0,"site-sidebar-layout":"no-sidebar","site-content-layout":"","ast-site-content-layout":"full-width-container","site-content-style":"unboxed","site-sidebar-style":"unboxed","ast-global-header-display":"","ast-banner-title-visibility":"","ast-main-header-display":"","ast-hfb-above-header-display":"","ast-hfb-below-header-display":"","ast-hfb-mobile-header-display":"","site-post-title":"disabled","ast-breadcrumbs-content":"","ast-featured-img":"","footer-sml-layout":"","ast-disable-related-posts":"","theme-transparent-header-meta":"","adv-header-id-meta":"","stick-header-meta":"","header-above-stick-meta":"","header-main-stick-meta":"","header-below-stick-meta":"","astra-migrate-meta-layouts":"set","ast-page-background-enabled":"default","ast-page-background-meta":{"desktop":{"background-color":"var(--ast-global-color-4)","background-image":"","background-repeat":"repeat","background-position":"center center","background-size":"auto","background-attachment":"scroll","background-type":"","background-media":"","overlay-type":"","overlay-color":"","overlay-opacity":"","overlay-gradient":""},"tablet":{"background-color":"","background-image":"","background-repeat":"repeat","background-position":"center center","background-size":"auto","background-attachment":"scroll","background-type":"","background-media":"","overlay-type":"","overlay-color":"","overlay-opacity":"","overlay-gradient":""},"mobile":{"background-color":"","background-image":"","background-repeat":"repeat","background-position":"center center","background-size":"auto","background-attachment":"scroll","background-type":"","background-media":"","overlay-type":"","overlay-color":"","overlay-opacity":"","overlay-gradient":""}},"ast-content-background-meta":{"desktop":{"background-color":"var(--ast-global-color-5)","background-image":"","background-repeat":"repeat","background-position":"center center","background-size":"auto","background-attachment":"scroll","background-type":"","background-media":"","overlay-type":"","overlay-color":"","overlay-opacity":"","overlay-gradient":""},"tablet":{"background-color":"var(--ast-global-color-5)","background-image":"","background-repeat":"repeat","background-position":"center center","background-size":"auto","background-attachment":"scroll","background-type":"","background-media":"","overlay-type":"","overlay-color":"","overlay-opacity":"","overlay-gradient":""},"mobile":{"background-color":"var(--ast-global-color-5)","background-image":"","background-repeat":"repeat","background-position":"center center","background-size":"auto","background-attachment":"scroll","background-type":"","background-media":"","overlay-type":"","overlay-color":"","overlay-opacity":"","overlay-gradient":""}},"footnotes":""},"class_list":["post-1045","page","type-page","status-publish","hentry"],"aioseo_notices":[],"uagb_featured_image_src":{"full":false,"thumbnail":false,"medium":false,"medium_large":false,"large":false,"1536x1536":false,"2048x2048":false,"trp-custom-language-flag":false},"uagb_author_info":{"display_name":"Cristine Korowajczuk","author_link":"https:\/\/celplan.com\/pt\/author\/cris_en\/"},"uagb_comment_info":0,"uagb_excerpt":"CelPlan can facilitate the technology selection process, assist in preparing Requests for Proposals (RFPs), and analyze vendor responses. Post-technology selection, CelPlan offers support in network design and provides mentorship to your team for ongoing planning and optimization, addressing challenges that may arise during implementation and operation. The selection of appropriate technology is crucial for network&hellip;","_links":{"self":[{"href":"https:\/\/celplan.com\/pt\/wp-json\/wp\/v2\/pages\/1045","targetHints":{"allow":["GET"]}}],"collection":[{"href":"https:\/\/celplan.com\/pt\/wp-json\/wp\/v2\/pages"}],"about":[{"href":"https:\/\/celplan.com\/pt\/wp-json\/wp\/v2\/types\/page"}],"author":[{"embeddable":true,"href":"https:\/\/celplan.com\/pt\/wp-json\/wp\/v2\/users\/2"}],"replies":[{"embeddable":true,"href":"https:\/\/celplan.com\/pt\/wp-json\/wp\/v2\/comments?post=1045"}],"version-history":[{"count":8,"href":"https:\/\/celplan.com\/pt\/wp-json\/wp\/v2\/pages\/1045\/revisions"}],"predecessor-version":[{"id":2675,"href":"https:\/\/celplan.com\/pt\/wp-json\/wp\/v2\/pages\/1045\/revisions\/2675"}],"wp:attachment":[{"href":"https:\/\/celplan.com\/pt\/wp-json\/wp\/v2\/media?parent=1045"}],"curies":[{"name":"wp","href":"https:\/\/api.w.org\/{rel}","templated":true}]}}