{"id":1046,"date":"2024-07-03T17:59:04","date_gmt":"2024-07-03T17:59:04","guid":{"rendered":"https:\/\/celplan.com\/?page_id=1046"},"modified":"2024-08-07T18:24:34","modified_gmt":"2024-08-07T18:24:34","slug":"mining","status":"publish","type":"page","link":"https:\/\/celplan.com\/pt\/mining\/","title":{"rendered":"Minera\u00e7\u00e3o"},"content":{"rendered":"<div class=\"wp-block-uagb-container uagb-block-eghuxq0k alignfull uagb-is-root-container\"><div class=\"uagb-container-inner-blocks-wrap\">\n<div class=\"wp-block-uagb-info-box uagb-block-z9doniw9 uagb-infobox__content-wrap  uagb-infobox-icon-above-title uagb-infobox-image-valign-top\"><div class=\"uagb-ifb-content\"><div class=\"uagb-ifb-title-wrap\"><h1 class=\"uagb-ifb-title\">Minera\u00e7\u00e3o<\/h1><\/div><\/div><\/div>\n<\/div><\/div>\n\n\n\n<div class=\"wp-block-uagb-container uagb-block-nv1j5i6o alignfull uagb-is-root-container\"><div class=\"uagb-container-inner-blocks-wrap\">\n<p>A automa\u00e7\u00e3o est\u00e1 se tornando mais comum nas opera\u00e7\u00f5es de minera\u00e7\u00e3o e, com ela, a necessidade de conectividade confi\u00e1vel. <br>O setor de minera\u00e7\u00e3o est\u00e1 passando por uma transforma\u00e7\u00e3o digital e uma ampla gama de novas aplica\u00e7\u00f5es est\u00e1 exigindo comunica\u00e7\u00f5es, cada uma com diferentes requisitos de rendimento, lat\u00eancia e confiabilidade. A conectividade \u00e9 vital tanto no subsolo quanto nos locais mais remotos. As redes de comunica\u00e7\u00e3o podem levar a seguran\u00e7a e as opera\u00e7\u00f5es a um novo n\u00edvel, ao mesmo tempo em que oferecem solu\u00e7\u00f5es econ\u00f4micas e seguras para um ambiente t\u00e3o hostil. &nbsp;<\/p>\n\n\n\n<div class=\"wp-block-uagb-container uagb-layout-grid uagb-block-w7z5ifg5\">\n<div class=\"wp-block-uagb-image aligncenter uagb-block-xnaz6fpo wp-block-uagb-image--layout-default wp-block-uagb-image--effect-static wp-block-uagb-image--align-center alignleft\"><figure class=\"wp-block-uagb-image__figure\"><img decoding=\"async\"  sizes=\"auto, (max-width: 480px) 150px\" src=\"https:\/\/celplan.com\/wp-content\/uploads\/2024\/07\/Markets-Mining-outdoor-train-1-MB-1024x683-2.jpg\" alt=\"\" width=\"396\" height=\"300\" title=\"Illuminated,Night,Shot,Of,Open,Surface,Coal,Mining,Garzweiler,Germany\" loading=\"lazy\" role=\"img\"\/><\/figure><\/div>\n\n\n\n<div class=\"wp-block-uagb-container uagb-block-9bb1988e\">\n<div class=\"wp-block-uagb-info-box uagb-block-lvdki8lf uagb-infobox__content-wrap  uagb-infobox-icon-above-title uagb-infobox-image-valign-top\"><div class=\"uagb-ifb-content\"><div class=\"uagb-ifb-title-wrap\"><\/div><p class=\"uagb-ifb-desc\">A CelPlan pode auxiliar as opera\u00e7\u00f5es de minera\u00e7\u00e3o selecionando e projetando:<\/p><\/div><\/div>\n\n\n\n<ul class=\"wp-block-list\">\n<li>Tecnologia sem fio adequada e econ\u00f4mica&nbsp;<\/li>\n\n\n\n<li>Aplica\u00e7\u00e3o apropriada para fibra e cabo<\/li>\n\n\n\n<li>Sistema de antena distribu\u00edda (DAS)<\/li>\n\n\n\n<li>Locais para uso de cabos fendidos&nbsp;<\/li>\n\n\n\n<li>Sistema de monitoramento de v\u00eddeo<\/li>\n\n\n\n<li>Rede de sensores ambientais<\/li>\n\n\n\n<li>Conectividade de backhaul (links de micro-ondas e sat\u00e9lite)<\/li>\n<\/ul>\n<\/div>\n<\/div>\n\n\n\n<div class=\"wp-block-uagb-container uagb-block-turyszwp\">\n<div class=\"wp-block-columns is-layout-flex wp-container-core-columns-is-layout-28f84493 wp-block-columns-is-layout-flex\">\n<div class=\"wp-block-column is-layout-flow wp-block-column-is-layout-flow\" style=\"flex-basis:100%\">\n<div class=\"wp-block-uagb-separator uagb-block-hdvmyrml\"><div class=\"uagb-separator-spacing-wrapper\"><div class=\"wp-block-uagb-separator__inner\" style=\"--my-background-image:\"><\/div><\/div><\/div>\n\n\n\n<p>Existem v\u00e1rias tecnologias e tipos de redes que podem atender \u00e0s necessidades da ind\u00fastria de minera\u00e7\u00e3o, a escolha ideal depende de quais aplica\u00e7\u00f5es est\u00e3o envolvidas, or\u00e7amento e terreno\/ambiente. A CelPlan pode ajudar sua equipe a entender cada tecnologia, selecionar aquelas que fazem mais sentido e orientar sua empresa pelo processo de design, sele\u00e7\u00e3o de um fornecedor e implanta\u00e7\u00e3o de uma rede. A CelPlan est\u00e1 comprometida em oferecer aos nossos clientes uma solu\u00e7\u00e3o completa, ajudando em cada etapa do processo, das tarefas mais b\u00e1sicas \u00e0s mais complexas, incluindo:<\/p>\n\n\n\n<p>A CelPlan pode avaliar as necessidades da sua organiza\u00e7\u00e3o, como conectividade, seguran\u00e7a e infraestrutura t\u00e9cnica. Um plano vi\u00e1vel pode ser desenvolvido para incluir solu\u00e7\u00f5es para conectar seus ativos e membros da equipe, fornecendo o melhor compromisso entre custo, tempo e ciclo de vida do sistema.<\/p>\n<\/div>\n<\/div>\n\n\n\n<div class=\"wp-block-uagb-container uagb-layout-grid uagb-block-ubautaki\">\n<div class=\"wp-block-uagb-container uagb-block-9df71a41\">\n<ul class=\"wp-block-list\">\n<li>Treinamento de pessoal (manuten\u00e7\u00e3o e opera\u00e7\u00e3o)<\/li>\n\n\n\n<li>An\u00e1lise de Equipamentos de Prote\u00e7\u00e3o Individual (EPI)<\/li>\n\n\n\n<li>Vigil\u00e2ncia por v\u00eddeo<\/li>\n\n\n\n<li>Cerca de per\u00edmetro virtual e an\u00e1lise de v\u00eddeo<\/li>\n\n\n\n<li>An\u00e1lise de fontes de energia alternativas<\/li>\n\n\n\n<li>Considera\u00e7\u00f5es sobre seguran\u00e7a cibern\u00e9tica<\/li>\n\n\n\n<li>Gerenciamento de ativos<\/li>\n<\/ul>\n<\/div>\n\n\n\n<div class=\"wp-block-uagb-image aligncenter uagb-block-27wqksce wp-block-uagb-image--layout-default wp-block-uagb-image--effect-static wp-block-uagb-image--align-center alignleft\"><figure class=\"wp-block-uagb-image__figure\"><img decoding=\"async\"  sizes=\"auto, (max-width: 480px) 150px\" src=\"https:\/\/celplan.com\/wp-content\/uploads\/2024\/07\/Markets-Mining-Indoor-375x250-1.jpg\" alt=\"\" width=\"396\" height=\"300\" title=\"Silhouettes,Of,Workers,In,The,Mine.\" loading=\"lazy\" role=\"img\"\/><\/figure><\/div>\n<\/div>\n\n\n\n<div class=\"wp-block-columns is-layout-flex wp-container-core-columns-is-layout-28f84493 wp-block-columns-is-layout-flex\">\n<div class=\"wp-block-column is-layout-flow wp-block-column-is-layout-flow\" style=\"flex-basis:100%\">\n<div class=\"wp-block-uagb-separator uagb-block-9fci4aqc\"><div class=\"uagb-separator-spacing-wrapper\"><div class=\"wp-block-uagb-separator__inner\" style=\"--my-background-image:\"><\/div><\/div><\/div>\n\n\n\n<p>A CelPlan pode avaliar as necessidades da sua organiza\u00e7\u00e3o, como conectividade, seguran\u00e7a e infraestrutura t\u00e9cnica. Um plano vi\u00e1vel pode ser desenvolvido para incluir solu\u00e7\u00f5es para conectar seus ativos e membros da equipe, fornecendo o melhor compromisso entre custo, tempo e ciclo de vida do sistema.<\/p>\n\n\n\n<p>Redes de sensores podem fornecer informa\u00e7\u00f5es relevantes sobre a opera\u00e7\u00e3o de minera\u00e7\u00e3o, mas os dados precisam ser armazenados, processados \u200b\u200be usados \u200b\u200bpor aplicativos de data lake e IA para serem significativos. Como lidar com essas vari\u00e1veis \u200b\u200bfaz parte do nosso trabalho. A CelPlan pode analisar o que funciona melhor para armazenamento e processamento, por exemplo, data centers em nuvem e\/ou locais. A CelPlan trabalhou no design de redes de r\u00e1dio e h\u00edbridas para minas que forneceram suporte de comunica\u00e7\u00e3o para:<\/p>\n<\/div>\n<\/div>\n\n\n\n<div class=\"wp-block-uagb-container uagb-layout-grid uagb-block-pwyoyciy\">\n<div class=\"wp-block-uagb-image aligncenter uagb-block-c3tsk1i4 wp-block-uagb-image--layout-default wp-block-uagb-image--effect-static wp-block-uagb-image--align-center alignleft\"><figure class=\"wp-block-uagb-image__figure\"><img decoding=\"async\"  sizes=\"auto, (max-width: 480px) 150px\" src=\"https:\/\/celplan.com\/wp-content\/uploads\/2024\/07\/Markets-Mining-tractor-1024x683-1.jpg\" alt=\"\" width=\"396\" height=\"300\" title=\"big yellow mining truck\" loading=\"lazy\" role=\"img\"\/><\/figure><\/div>\n\n\n\n<div class=\"wp-block-uagb-container uagb-block-56076f20\">\n<ul class=\"wp-block-list\">\n<li>Minera\u00e7\u00e3o a c\u00e9u aberto<\/li>\n\n\n\n<li>Train Loader (TLO) &amp;&nbsp;&nbsp;conveyor belts<\/li>\n\n\n\n<li>Minera\u00e7\u00e3o de t\u00faneis e galerias subterr\u00e2neas<\/li>\n\n\n\n<li>Minera\u00e7\u00e3o de po\u00e7os<\/li>\n\n\n\n<li>Maquin\u00e1rio controlado remotamente<\/li>\n\n\n\n<li>Acampamentos de trabalhadores e comunica\u00e7\u00e3o da for\u00e7a de trabalho<\/li>\n\n\n\n<li>Escrit\u00f3rio administrativo&nbsp;<\/li>\n\n\n\n<li>P\u00e1tios de manuten\u00e7\u00e3o e armazenamento&nbsp;<\/li>\n\n\n\n<li>Ventila\u00e7\u00e3o e outros sistemas de suporte<\/li>\n\n\n\n<li>Coleta, armazenamento e processamento de dados de sensores em tempo real<\/li>\n\n\n\n<li>Medi\u00e7\u00e3o, registro e controle de produ\u00e7\u00e3o<\/li>\n\n\n\n<li>Rastreamento de ativos<\/li>\n<\/ul>\n<\/div>\n<\/div>\n\n\n\n<p>A CelPlan entende que o setor de minera\u00e7\u00e3o tem desafios log\u00edsticos, geogr\u00e1ficos, ambientais e t\u00e9cnicos \u00fanicos. <br>As minas podem ter necessidades de cobertura acima e abaixo do solo. A cobertura de rede em t\u00faneis, po\u00e7os e galerias precisa ser abordada de forma diferente da cobertura em \u00e1reas de po\u00e7os profundos. Os carregadores de trem t\u00eam obstru\u00e7\u00f5es estruturais e de maquin\u00e1rio que precisam ser consideradas ao analisar a propaga\u00e7\u00e3o do sinal. <br>O tipo de minerais e metais nas paredes da mina afeta a propaga\u00e7\u00e3o sem fio de forma diferente e deve ser considerado ao projetar uma rede. A CelPlan usa ferramentas de modelagem de propaga\u00e7\u00e3o de \u00faltima gera\u00e7\u00e3o operadas por engenheiros de RF experientes para simular a cobertura e identificar lacunas e problemas potenciais que podem causar problemas em uma rede de miss\u00e3o cr\u00edtica que precisa ser confi\u00e1vel. <br><br>Escolher a tecnologia certa para uma rede \u00e9 fundamental e a experi\u00eancia da CelPlan e sua abordagem independente de fornecedor nos permitem ajud\u00e1-lo a escolher a solu\u00e7\u00e3o mais apropriada para atender \u00e0s suas necessidades.<\/p>\n<\/div>\n<\/div><\/div>","protected":false},"excerpt":{"rendered":"<p>Automation is becoming more prevalent in mining operations and, with it, the need for reliable connectivity. The mining sector is going through a digital transformation and a wide range of new applications are requiring communications, each with different requirements of throughput, latency, and reliability. Connectivity is vital both underground and in the most remote locations. [&hellip;]<\/p>\n","protected":false},"author":2,"featured_media":0,"parent":0,"menu_order":0,"comment_status":"closed","ping_status":"closed","template":"","meta":{"_uag_custom_page_level_css":"","_monsterinsights_skip_tracking":false,"_monsterinsights_sitenote_active":false,"_monsterinsights_sitenote_note":"","_monsterinsights_sitenote_category":0,"site-sidebar-layout":"no-sidebar","site-content-layout":"","ast-site-content-layout":"full-width-container","site-content-style":"unboxed","site-sidebar-style":"unboxed","ast-global-header-display":"","ast-banner-title-visibility":"","ast-main-header-display":"","ast-hfb-above-header-display":"","ast-hfb-below-header-display":"","ast-hfb-mobile-header-display":"","site-post-title":"disabled","ast-breadcrumbs-content":"","ast-featured-img":"","footer-sml-layout":"","ast-disable-related-posts":"","theme-transparent-header-meta":"","adv-header-id-meta":"","stick-header-meta":"","header-above-stick-meta":"","header-main-stick-meta":"","header-below-stick-meta":"","astra-migrate-meta-layouts":"set","ast-page-background-enabled":"default","ast-page-background-meta":{"desktop":{"background-color":"var(--ast-global-color-4)","background-image":"","background-repeat":"repeat","background-position":"center center","background-size":"auto","background-attachment":"scroll","background-type":"","background-media":"","overlay-type":"","overlay-color":"","overlay-opacity":"","overlay-gradient":""},"tablet":{"background-color":"","background-image":"","background-repeat":"repeat","background-position":"center center","background-size":"auto","background-attachment":"scroll","background-type":"","background-media":"","overlay-type":"","overlay-color":"","overlay-opacity":"","overlay-gradient":""},"mobile":{"background-color":"","background-image":"","background-repeat":"repeat","background-position":"center center","background-size":"auto","background-attachment":"scroll","background-type":"","background-media":"","overlay-type":"","overlay-color":"","overlay-opacity":"","overlay-gradient":""}},"ast-content-background-meta":{"desktop":{"background-color":"var(--ast-global-color-5)","background-image":"","background-repeat":"repeat","background-position":"center center","background-size":"auto","background-attachment":"scroll","background-type":"","background-media":"","overlay-type":"","overlay-color":"","overlay-opacity":"","overlay-gradient":""},"tablet":{"background-color":"var(--ast-global-color-5)","background-image":"","background-repeat":"repeat","background-position":"center center","background-size":"auto","background-attachment":"scroll","background-type":"","background-media":"","overlay-type":"","overlay-color":"","overlay-opacity":"","overlay-gradient":""},"mobile":{"background-color":"var(--ast-global-color-5)","background-image":"","background-repeat":"repeat","background-position":"center center","background-size":"auto","background-attachment":"scroll","background-type":"","background-media":"","overlay-type":"","overlay-color":"","overlay-opacity":"","overlay-gradient":""}},"footnotes":""},"class_list":["post-1046","page","type-page","status-publish","hentry"],"aioseo_notices":[],"uagb_featured_image_src":{"full":false,"thumbnail":false,"medium":false,"medium_large":false,"large":false,"1536x1536":false,"2048x2048":false,"trp-custom-language-flag":false},"uagb_author_info":{"display_name":"Cristine Korowajczuk","author_link":"https:\/\/celplan.com\/pt\/author\/cris_en\/"},"uagb_comment_info":0,"uagb_excerpt":"Automation is becoming more prevalent in mining operations and, with it, the need for reliable connectivity. The mining sector is going through a digital transformation and a wide range of new applications are requiring communications, each with different requirements of throughput, latency, and reliability. Connectivity is vital both underground and in the most remote locations.&hellip;","_links":{"self":[{"href":"https:\/\/celplan.com\/pt\/wp-json\/wp\/v2\/pages\/1046","targetHints":{"allow":["GET"]}}],"collection":[{"href":"https:\/\/celplan.com\/pt\/wp-json\/wp\/v2\/pages"}],"about":[{"href":"https:\/\/celplan.com\/pt\/wp-json\/wp\/v2\/types\/page"}],"author":[{"embeddable":true,"href":"https:\/\/celplan.com\/pt\/wp-json\/wp\/v2\/users\/2"}],"replies":[{"embeddable":true,"href":"https:\/\/celplan.com\/pt\/wp-json\/wp\/v2\/comments?post=1046"}],"version-history":[{"count":14,"href":"https:\/\/celplan.com\/pt\/wp-json\/wp\/v2\/pages\/1046\/revisions"}],"predecessor-version":[{"id":2522,"href":"https:\/\/celplan.com\/pt\/wp-json\/wp\/v2\/pages\/1046\/revisions\/2522"}],"wp:attachment":[{"href":"https:\/\/celplan.com\/pt\/wp-json\/wp\/v2\/media?parent=1046"}],"curies":[{"name":"wp","href":"https:\/\/api.w.org\/{rel}","templated":true}]}}