{"id":1048,"date":"2024-07-03T17:59:04","date_gmt":"2024-07-03T17:59:04","guid":{"rendered":"https:\/\/celplan.com\/?page_id=1048"},"modified":"2024-08-22T15:02:49","modified_gmt":"2024-08-22T15:02:49","slug":"smart_cities","status":"publish","type":"page","link":"https:\/\/celplan.com\/pt\/smart_cities\/","title":{"rendered":"Cidades Inteligentes"},"content":{"rendered":"<div class=\"wp-block-uagb-container uagb-block-eghuxq0k alignfull uagb-is-root-container\"><div class=\"uagb-container-inner-blocks-wrap\">\n<div class=\"wp-block-uagb-info-box uagb-block-z9doniw9 uagb-infobox__content-wrap  uagb-infobox-icon-above-title uagb-infobox-image-valign-top\"><div class=\"uagb-ifb-content\"><div class=\"uagb-ifb-title-wrap\"><h1 class=\"uagb-ifb-title\">Cidades Inteligentes<\/h1><\/div><\/div><\/div>\n<\/div><\/div>\n\n\n\n<div class=\"wp-block-uagb-container uagb-block-eidebwjs alignfull uagb-is-root-container\"><div class=\"uagb-container-inner-blocks-wrap\">\n<div class=\"wp-block-uagb-container uagb-block-ntavs5ha\">\n<div class=\"wp-block-uagb-image aligncenter uagb-block-qy2ie9dr wp-block-uagb-image--layout-default wp-block-uagb-image--effect-static wp-block-uagb-image--align-center alignleft\"><figure class=\"wp-block-uagb-image__figure\"><img decoding=\"async\" srcset=\"https:\/\/celplan.com\/wp-content\/uploads\/2024\/07\/sensors-1mb-1024x668.jpg ,https:\/\/celplan.com\/wp-content\/uploads\/2024\/07\/sensors-1mb-scaled.jpg 780w, https:\/\/celplan.com\/wp-content\/uploads\/2024\/07\/sensors-1mb-scaled.jpg 360w\" sizes=\"auto, (max-width: 480px) 150px\" src=\"https:\/\/celplan.com\/wp-content\/uploads\/2024\/07\/sensors-1mb-1024x668.jpg\" alt=\"\" class=\"uag-image-1733\" width=\"564\" height=\"400\" title=\"Smart Transport\" loading=\"lazy\" role=\"img\"\/><\/figure><\/div>\n\n\n\n<div class=\"wp-block-uagb-info-box uagb-block-ggyz8qhr uagb-infobox__content-wrap  uagb-infobox-icon-above-title uagb-infobox-image-valign-top\"><div class=\"uagb-ifb-content\"><div class=\"uagb-ifb-title-wrap\"><h3 class=\"uagb-ifb-title\">Integra\u00e7\u00e3o de TIC<\/h3><\/div><p class=\"uagb-ifb-desc\">Cidades inteligentes aproveitam tecnologias avan\u00e7adas de informa\u00e7\u00e3o e comunica\u00e7\u00e3o (TIC) para aumentar a efici\u00eancia operacional, facilitar a dissemina\u00e7\u00e3o de informa\u00e7\u00f5es p\u00fablicas e elevar a qualidade dos servi\u00e7os governamentais e o bem-estar dos cidad\u00e3os.<br><br>Os componentes fundamentais da infraestrutura de cidades inteligentes incluem redes integradas de sensores, c\u00e2meras e dispositivos interconectados, juntamente com sistemas sofisticados para coletar e analisar grandes quantidades de dados para informar os processos de tomada de decis\u00e3o.<\/p><\/div><\/div>\n<\/div>\n\n\n\n<div class=\"wp-block-uagb-container uagb-block-lxteyfrt\">\n<div class=\"wp-block-uagb-container uagb-block-b5ab240c\">\n<div class=\"wp-block-uagb-info-box uagb-block-79ijmjmt uagb-infobox__content-wrap  uagb-infobox-icon-above-title uagb-infobox-image-valign-top\"><div class=\"uagb-ifb-content\"><div class=\"uagb-ifb-title-wrap\"><h3 class=\"uagb-ifb-title\">Abordagem multidisciplinar<\/h3><\/div><p class=\"uagb-ifb-desc\">Essas tecnologias encontram aplica\u00e7\u00e3o em v\u00e1rios dom\u00ednios urbanos:<br><\/p><\/div><\/div>\n\n\n\n<ul class=\"wp-block-list\">\n<li>Transporte: Sistemas inteligentes de gesti\u00f3n del tr\u00e1fico, operaciones de transporte p\u00fablico optimizadas y soluciones de estacionamiento avanzadas.<\/li>\n\n\n\n<li>Gest\u00e3o de energia: implementa\u00e7\u00e3o de rede inteligente, integra\u00e7\u00e3o de energia renov\u00e1vel e ilumina\u00e7\u00e3o p\u00fablica com efici\u00eancia energ\u00e9tica.<\/li>\n\n\n\n<li>Gest\u00e3o de Recursos H\u00eddricos: Sistemas avan\u00e7ados de detec\u00e7\u00e3o de vazamentos, monitoramento de consumo e mecanismos de controle de qualidade da \u00e1gua.<\/li>\n\n\n\n<li>Gest\u00e3o de Res\u00edduos: Implementa\u00e7\u00e3o de recipientes inteligentes para res\u00edduos, otimiza\u00e7\u00e3o de rotas para servi\u00e7os de coleta e iniciativas aprimoradas de reciclagem.<\/li>\n\n\n\n<li>Seguran\u00e7a P\u00fablica: Implanta\u00e7\u00e3o de sistemas abrangentes de vigil\u00e2ncia e protocolos coordenados de resposta a emerg\u00eancias.<\/li>\n\n\n\n<li>Assist\u00eancia m\u00e9dica: integra\u00e7\u00e3o de servi\u00e7os de telemedicina, sistemas de monitoramento de sa\u00fade e recursos de rastreamento de epidemias.<\/li>\n\n\n\n<li>Monitoramento Ambiental: Instala\u00e7\u00e3o de sensores de qualidade do ar e mecanismos de controle de polui\u00e7\u00e3o sonora.<\/li>\n\n\n\n<li>Governan\u00e7a: Implementa\u00e7\u00e3o de servi\u00e7os de governo eletr\u00f4nico e plataformas de engajamento cidad\u00e3o.<\/li>\n<\/ul>\n<\/div>\n\n\n\n<div class=\"wp-block-uagb-image aligncenter uagb-block-zlzeflwe wp-block-uagb-image--layout-default wp-block-uagb-image--effect-static wp-block-uagb-image--align-center alignleft\"><figure class=\"wp-block-uagb-image__figure\"><img decoding=\"async\" srcset=\"https:\/\/celplan.com\/wp-content\/uploads\/2024\/07\/smart-board-1mb-1024x623.jpg ,https:\/\/celplan.com\/wp-content\/uploads\/2024\/07\/smart-board-1mb-scaled.jpg 780w, https:\/\/celplan.com\/wp-content\/uploads\/2024\/07\/smart-board-1mb-scaled.jpg 360w\" sizes=\"auto, (max-width: 480px) 150px\" src=\"https:\/\/celplan.com\/wp-content\/uploads\/2024\/07\/smart-board-1mb-1024x623.jpg\" alt=\"\" class=\"uag-image-1734\" width=\"564\" height=\"400\" title=\"Smart Timetable\" loading=\"lazy\" role=\"img\"\/><\/figure><\/div>\n<\/div>\n\n\n\n<div class=\"wp-block-uagb-container uagb-block-ttogtouf\">\n<div class=\"wp-block-uagb-image aligncenter uagb-block-n3cxnlie wp-block-uagb-image--layout-default wp-block-uagb-image--effect-static wp-block-uagb-image--align-center alignleft\"><figure class=\"wp-block-uagb-image__figure\"><img decoding=\"async\" srcset=\"https:\/\/celplan.com\/wp-content\/uploads\/2024\/07\/traffic-1mb-1024x700.jpg ,https:\/\/celplan.com\/wp-content\/uploads\/2024\/07\/traffic-1mb-scaled.jpg 780w, https:\/\/celplan.com\/wp-content\/uploads\/2024\/07\/traffic-1mb-scaled.jpg 360w\" sizes=\"auto, (max-width: 480px) 150px\" src=\"https:\/\/celplan.com\/wp-content\/uploads\/2024\/07\/traffic-1mb-1024x700.jpg\" alt=\"\" class=\"uag-image-1735\" width=\"564\" height=\"400\" title=\"Intelligent Transport\" loading=\"lazy\" role=\"img\"\/><\/figure><\/div>\n\n\n\n<div class=\"wp-block-uagb-info-box uagb-block-ujtuildy uagb-infobox__content-wrap  uagb-infobox-icon-above-title uagb-infobox-image-valign-top\"><div class=\"uagb-ifb-content\"><div class=\"uagb-ifb-title-wrap\"><h3 class=\"uagb-ifb-title\">Nossas habilidades<\/h3><\/div><p class=\"uagb-ifb-desc\">A CelPlan oferece expertise e servi\u00e7os valiosos cruciais para iniciativas de cidades inteligentes. Nossos recursos incluem o design e a otimiza\u00e7\u00e3o de redes de comunica\u00e7\u00e3o robustas e confi\u00e1veis \u200b\u200bque servem como base para a infraestrutura de cidades inteligentes, abrangendo componentes sem fio e de fibra \u00f3ptica para garantir cobertura urbana abrangente.<br><br>Aproveitando nossa abordagem neutra de fornecedores e ampla experi\u00eancia no setor, a CelPlan orienta planejadores urbanos na sele\u00e7\u00e3o de tecnologias ideais para diversas aplica\u00e7\u00f5es de cidades inteligentes. Isso pode envolver a integra\u00e7\u00e3o de v\u00e1rias tecnologias, como redes 4G\/5G, protocolos espec\u00edficos de IoT (por exemplo, LoRaWAN, NB-IoT), Wi-Fi e outras solu\u00e7\u00f5es pertinentes. Nossa profici\u00eancia em design de rede de IoT facilita a integra\u00e7\u00e3o de v\u00e1rios sensores e dispositivos de cidades inteligentes, variando de sistemas de gerenciamento de tr\u00e1fego a sensores de monitoramento ambiental.<br><br>O entendimento abrangente da CelPlan sobre a din\u00e2mica do fluxo de dados e requisitos de armazenamento auxilia os munic\u00edpios no planejamento dos volumes substanciais de dados gerados por aplicativos de cidades inteligentes. Nossa experi\u00eancia em projetar redes seguras e resilientes para servi\u00e7os p\u00fablicos e empresas privadas \u00e9 diretamente aplic\u00e1vel para garantir a integridade e a confiabilidade das redes de cidades inteligentes.<\/p><\/div><\/div>\n<\/div>\n\n\n\n<p>Nossa abordagem ao planejamento de rede permite que as cidades projetem solu\u00e7\u00f5es escal\u00e1veis \u200b\u200badapt\u00e1veis \u200b\u200ba futuros avan\u00e7os tecnol\u00f3gicos e requisitos urbanos em evolu\u00e7\u00e3o. A CelPlan fornece servi\u00e7os de consultoria para planejadores urbanos e equipes de TI, juntamente com programas de treinamento e mentoria para equipes de engenharia locais respons\u00e1veis \u200b\u200bpor manter redes de cidades inteligentes.<br><br>Nossa expertise em an\u00e1lise de despesas de capital e operacionais ajuda as cidades a otimizar os investimentos em tecnologias de cidades inteligentes, garantindo a utiliza\u00e7\u00e3o eficiente dos recursos p\u00fablicos. A profici\u00eancia da CelPlan em testes e otimiza\u00e7\u00e3o de rede garante o desempenho ideal das redes de cidades inteligentes sob diversas condi\u00e7\u00f5es.<br><br>Ao aproveitar a vasta experi\u00eancia da CelPlan em design de rede, integra\u00e7\u00e3o de tecnologia e otimiza\u00e7\u00e3o intersetorial, as cidades inteligentes podem desenvolver infraestruturas de comunica\u00e7\u00e3o robustas, eficientes e prontas para o futuro, capazes de oferecer suporte a um amplo espectro de servi\u00e7os e aplica\u00e7\u00f5es urbanas.<br><\/p>\n<\/div><\/div>","protected":false},"excerpt":{"rendered":"<p>Our approach to network planning enables cities to design scalable solutions adaptable to future technological advancements and evolving urban requirements. CelPlan provides consulting services to city planners and IT teams, along with training and mentoring programs for local engineering teams responsible for maintaining smart city networks. Our expertise in capital and operational expenditure analysis helps [&hellip;]<\/p>\n","protected":false},"author":2,"featured_media":0,"parent":0,"menu_order":0,"comment_status":"closed","ping_status":"closed","template":"","meta":{"_uag_custom_page_level_css":"","_monsterinsights_skip_tracking":false,"_monsterinsights_sitenote_active":false,"_monsterinsights_sitenote_note":"","_monsterinsights_sitenote_category":0,"site-sidebar-layout":"no-sidebar","site-content-layout":"","ast-site-content-layout":"full-width-container","site-content-style":"unboxed","site-sidebar-style":"unboxed","ast-global-header-display":"","ast-banner-title-visibility":"","ast-main-header-display":"","ast-hfb-above-header-display":"","ast-hfb-below-header-display":"","ast-hfb-mobile-header-display":"","site-post-title":"disabled","ast-breadcrumbs-content":"","ast-featured-img":"","footer-sml-layout":"","ast-disable-related-posts":"","theme-transparent-header-meta":"","adv-header-id-meta":"","stick-header-meta":"","header-above-stick-meta":"","header-main-stick-meta":"","header-below-stick-meta":"","astra-migrate-meta-layouts":"set","ast-page-background-enabled":"default","ast-page-background-meta":{"desktop":{"background-color":"var(--ast-global-color-4)","background-image":"","background-repeat":"repeat","background-position":"center center","background-size":"auto","background-attachment":"scroll","background-type":"","background-media":"","overlay-type":"","overlay-color":"","overlay-opacity":"","overlay-gradient":""},"tablet":{"background-color":"","background-image":"","background-repeat":"repeat","background-position":"center center","background-size":"auto","background-attachment":"scroll","background-type":"","background-media":"","overlay-type":"","overlay-color":"","overlay-opacity":"","overlay-gradient":""},"mobile":{"background-color":"","background-image":"","background-repeat":"repeat","background-position":"center center","background-size":"auto","background-attachment":"scroll","background-type":"","background-media":"","overlay-type":"","overlay-color":"","overlay-opacity":"","overlay-gradient":""}},"ast-content-background-meta":{"desktop":{"background-color":"var(--ast-global-color-5)","background-image":"","background-repeat":"repeat","background-position":"center center","background-size":"auto","background-attachment":"scroll","background-type":"","background-media":"","overlay-type":"","overlay-color":"","overlay-opacity":"","overlay-gradient":""},"tablet":{"background-color":"var(--ast-global-color-5)","background-image":"","background-repeat":"repeat","background-position":"center center","background-size":"auto","background-attachment":"scroll","background-type":"","background-media":"","overlay-type":"","overlay-color":"","overlay-opacity":"","overlay-gradient":""},"mobile":{"background-color":"var(--ast-global-color-5)","background-image":"","background-repeat":"repeat","background-position":"center center","background-size":"auto","background-attachment":"scroll","background-type":"","background-media":"","overlay-type":"","overlay-color":"","overlay-opacity":"","overlay-gradient":""}},"footnotes":""},"class_list":["post-1048","page","type-page","status-publish","hentry"],"aioseo_notices":[],"uagb_featured_image_src":{"full":false,"thumbnail":false,"medium":false,"medium_large":false,"large":false,"1536x1536":false,"2048x2048":false,"trp-custom-language-flag":false},"uagb_author_info":{"display_name":"Cristine Korowajczuk","author_link":"https:\/\/celplan.com\/pt\/author\/cris_en\/"},"uagb_comment_info":0,"uagb_excerpt":"Our approach to network planning enables cities to design scalable solutions adaptable to future technological advancements and evolving urban requirements. CelPlan provides consulting services to city planners and IT teams, along with training and mentoring programs for local engineering teams responsible for maintaining smart city networks. Our expertise in capital and operational expenditure analysis helps&hellip;","_links":{"self":[{"href":"https:\/\/celplan.com\/pt\/wp-json\/wp\/v2\/pages\/1048","targetHints":{"allow":["GET"]}}],"collection":[{"href":"https:\/\/celplan.com\/pt\/wp-json\/wp\/v2\/pages"}],"about":[{"href":"https:\/\/celplan.com\/pt\/wp-json\/wp\/v2\/types\/page"}],"author":[{"embeddable":true,"href":"https:\/\/celplan.com\/pt\/wp-json\/wp\/v2\/users\/2"}],"replies":[{"embeddable":true,"href":"https:\/\/celplan.com\/pt\/wp-json\/wp\/v2\/comments?post=1048"}],"version-history":[{"count":9,"href":"https:\/\/celplan.com\/pt\/wp-json\/wp\/v2\/pages\/1048\/revisions"}],"predecessor-version":[{"id":2671,"href":"https:\/\/celplan.com\/pt\/wp-json\/wp\/v2\/pages\/1048\/revisions\/2671"}],"wp:attachment":[{"href":"https:\/\/celplan.com\/pt\/wp-json\/wp\/v2\/media?parent=1048"}],"curies":[{"name":"wp","href":"https:\/\/api.w.org\/{rel}","templated":true}]}}