{"id":1049,"date":"2024-07-03T17:59:04","date_gmt":"2024-07-03T17:59:04","guid":{"rendered":"https:\/\/celplan.com\/?page_id=1049"},"modified":"2024-08-22T14:48:38","modified_gmt":"2024-08-22T14:48:38","slug":"smart_farming","status":"publish","type":"page","link":"https:\/\/celplan.com\/pt\/smart_farming\/","title":{"rendered":"Agricultura Inteligente"},"content":{"rendered":"<div class=\"wp-block-uagb-container uagb-block-eghuxq0k alignfull uagb-is-root-container\"><div class=\"uagb-container-inner-blocks-wrap\">\n<div class=\"wp-block-uagb-info-box uagb-block-z9doniw9 uagb-infobox__content-wrap  uagb-infobox-icon-above-title uagb-infobox-image-valign-top\"><div class=\"uagb-ifb-content\"><div class=\"uagb-ifb-title-wrap\"><h1 class=\"uagb-ifb-title\">Agricultura Inteligente<\/h1><\/div><\/div><\/div>\n<\/div><\/div>\n\n\n\n<div class=\"wp-block-uagb-container uagb-block-eidebwjs alignfull uagb-is-root-container\"><div class=\"uagb-container-inner-blocks-wrap\">\n<div class=\"wp-block-uagb-container uagb-block-ntavs5ha\">\n<div class=\"wp-block-uagb-image aligncenter uagb-block-qy2ie9dr wp-block-uagb-image--layout-default wp-block-uagb-image--effect-static wp-block-uagb-image--align-center alignleft\"><figure class=\"wp-block-uagb-image__figure\"><img decoding=\"async\" srcset=\"https:\/\/celplan.com\/wp-content\/uploads\/2024\/07\/ipad-1mb-1024x704.jpg ,https:\/\/celplan.com\/wp-content\/uploads\/2024\/07\/ipad-1mb-scaled.jpg 780w, https:\/\/celplan.com\/wp-content\/uploads\/2024\/07\/ipad-1mb-scaled.jpg 360w\" sizes=\"auto, (max-width: 480px) 150px\" src=\"https:\/\/celplan.com\/wp-content\/uploads\/2024\/07\/ipad-1mb-1024x704.jpg\" alt=\"\" class=\"uag-image-1727\" width=\"564\" height=\"400\" title=\"Agriculture,Technology\" loading=\"lazy\" role=\"img\"\/><\/figure><\/div>\n\n\n\n<div class=\"wp-block-uagb-info-box uagb-block-ggyz8qhr uagb-infobox__content-wrap  uagb-infobox-icon-above-title uagb-infobox-image-valign-top\"><div class=\"uagb-ifb-content\"><div class=\"uagb-ifb-title-wrap\"><\/div><p class=\"uagb-ifb-desc\">A Agricultura Inteligente apresenta desafios \u00fanicos na aplica\u00e7\u00e3o de Tecnologias de Informa\u00e7\u00e3o e Comunica\u00e7\u00e3o (TIC) contempor\u00e2neas a cen\u00e1rios agr\u00edcolas. Esses desafios envolvem principalmente o estabelecimento de conectividade em \u00e1reas expansivas onde a infraestrutura de telecomunica\u00e7\u00f5es \u00e9 tipicamente limitada ou ausente.<br><br>O fornecimento da conectividade necess\u00e1ria abrange dois aspectos fundamentais: estabelecer conex\u00f5es entre todos os dispositivos agr\u00edcolas e um n\u00f3 central e, posteriormente, vincular esse n\u00f3 aos aplicativos desejados, seja localmente ou por meio de servi\u00e7os baseados em nuvem.<br><br>De uma perspectiva agr\u00edcola, a Agricultura Inteligente (Smart Agriculture\/Smart Farming) deve fornecer valor agregado por meio de capacidades aprimoradas de tomada de decis\u00e3o e processos operacionais e de gest\u00e3o mais eficientes. A conectividade de telecomunica\u00e7\u00f5es facilita a coleta consistente e confi\u00e1vel de informa\u00e7\u00f5es de uma rede de sensores e atuadores para dar suporte a esses objetivos.<\/p><\/div><\/div>\n<\/div>\n\n\n\n<div class=\"wp-block-uagb-container uagb-block-lxteyfrt\">\n<div class=\"wp-block-uagb-info-box uagb-block-79ijmjmt uagb-infobox__content-wrap  uagb-infobox-icon-above-title uagb-infobox-image-valign-top\"><div class=\"uagb-ifb-content\"><div class=\"uagb-ifb-title-wrap\"><\/div><p class=\"uagb-ifb-desc\">Para serem efetivamente utilizados em processos de tomada de decis\u00e3o, os dados coletados devem passar por uma an\u00e1lise completa. Isso pode ser alcan\u00e7ado por meio da aplica\u00e7\u00e3o de intelig\u00eancia artificial, aprendizado de m\u00e1quina e algoritmos preditivos, local ou remotamente. A an\u00e1lise de dados pode gerar recomenda\u00e7\u00f5es, identificar tend\u00eancias e produzir estat\u00edsticas para definir insights acion\u00e1veis, levando, em \u00faltima an\u00e1lise, ao aumento da produtividade, ao aumento da produtividade das colheitas e \u00e0 conserva\u00e7\u00e3o de recursos valiosos.<br><br>A infraestrutura de telecomunica\u00e7\u00f5es desempenha um papel crucial na conclus\u00e3o desse ciclo, permitindo o agendamento e o acionamento de a\u00e7\u00f5es automatizadas para agilizar tarefas, opera\u00e7\u00f5es de equipamentos em campo e gerenciamento de ve\u00edculos.<\/p><\/div><\/div>\n\n\n\n<div class=\"wp-block-uagb-image aligncenter uagb-block-zlzeflwe wp-block-uagb-image--layout-default wp-block-uagb-image--effect-static wp-block-uagb-image--align-center alignleft\"><figure class=\"wp-block-uagb-image__figure\"><img decoding=\"async\" srcset=\"https:\/\/celplan.com\/wp-content\/uploads\/2024\/07\/tractor-1mb-1024x575.jpg ,https:\/\/celplan.com\/wp-content\/uploads\/2024\/07\/tractor-1mb-scaled.jpg 780w, https:\/\/celplan.com\/wp-content\/uploads\/2024\/07\/tractor-1mb-scaled.jpg 360w\" sizes=\"auto, (max-width: 480px) 150px\" src=\"https:\/\/celplan.com\/wp-content\/uploads\/2024\/07\/tractor-1mb-1024x575.jpg\" alt=\"\" class=\"uag-image-1728\" width=\"564\" height=\"400\" title=\"Autonomous Tractor\" loading=\"lazy\" role=\"img\"\/><\/figure><\/div>\n<\/div>\n\n\n\n<div class=\"wp-block-uagb-container uagb-block-ttogtouf\">\n<div class=\"wp-block-uagb-image aligncenter uagb-block-n3cxnlie wp-block-uagb-image--layout-default wp-block-uagb-image--effect-static wp-block-uagb-image--align-center alignleft\"><figure class=\"wp-block-uagb-image__figure\"><img decoding=\"async\" srcset=\"https:\/\/celplan.com\/wp-content\/uploads\/2024\/07\/drone-1mb-1024x683.jpg ,https:\/\/celplan.com\/wp-content\/uploads\/2024\/07\/drone-1mb-scaled.jpg 780w, https:\/\/celplan.com\/wp-content\/uploads\/2024\/07\/drone-1mb-scaled.jpg 360w\" sizes=\"auto, (max-width: 480px) 150px\" src=\"https:\/\/celplan.com\/wp-content\/uploads\/2024\/07\/drone-1mb-1024x683.jpg\" alt=\"\" class=\"uag-image-1726\" width=\"564\" height=\"400\" title=\"Agriculture Drone\" loading=\"lazy\" role=\"img\"\/><\/figure><\/div>\n\n\n\n<div class=\"wp-block-uagb-info-box uagb-block-ujtuildy uagb-infobox__content-wrap  uagb-infobox-icon-above-title uagb-infobox-image-valign-top\"><div class=\"uagb-ifb-content\"><div class=\"uagb-ifb-title-wrap\"><\/div><p class=\"uagb-ifb-desc\">As aplica\u00e7\u00f5es de Agricultura Inteligente abrangem uma ampla gama de funcionalidades, incluindo otimiza\u00e7\u00e3o de rendimento, automa\u00e7\u00e3o de instala\u00e7\u00f5es, monitoramento da sa\u00fade do solo, do gado e das planta\u00e7\u00f5es, opera\u00e7\u00f5es de rob\u00f4s agr\u00edcolas, an\u00e1lise visual e atividades baseadas em drones.<br><br>A CelPlan oferece expertise na especifica\u00e7\u00e3o, projeto e gerenciamento da implanta\u00e7\u00e3o de redes de comunica\u00e7\u00e3o utilizando m\u00faltiplas tecnologias. Al\u00e9m disso, fornecemos assist\u00eancia na an\u00e1lise de despesas de capital e operacionais para otimizar as opera\u00e7\u00f5es agr\u00edcolas em um n\u00edvel sem precedentes. <br><br>Nossa equipe de engenheiros e t\u00e9cnicos experientes em telecomunica\u00e7\u00f5es vem abordando quest\u00f5es relacionadas \u00e0 cobertura, rendimento, regulamenta\u00e7\u00f5es e interfer\u00eancia h\u00e1 mais de tr\u00eas d\u00e9cadas.<\/p><\/div><\/div>\n<\/div>\n\n\n\n<p>Uma an\u00e1lise abrangente das tecnologias atuais (como LoRaWAN, redes Mesh, LTE privado, comunica\u00e7\u00f5es via sat\u00e9lite e links de micro-ondas), suas capacidades e estrat\u00e9gias de implanta\u00e7\u00e3o eficazes \u00e9 essencial para concretizar o potencial da Agricultura Inteligente. Esta an\u00e1lise serve como base para implementar solu\u00e7\u00f5es de Agricultura Inteligente vi\u00e1veis \u200b\u200be eficientes. A CelPlan pode auxiliar sua equipe a projetar e implementar a melhor solu\u00e7\u00e3o.<\/p>\n<\/div><\/div>","protected":false},"excerpt":{"rendered":"<p>A comprehensive analysis of current technologies (such as LoRaWAN, Mesh networks, Private LTE, satellite communications, and microwave links), their capabilities, and effective deployment strategies is essential for realizing the potential of Smart Farming. This analysis serves as the foundation for implementing feasible and efficient Smart Agriculture solutions. CelPlan can assist your team with designing and [&hellip;]<\/p>\n","protected":false},"author":2,"featured_media":0,"parent":0,"menu_order":0,"comment_status":"closed","ping_status":"closed","template":"","meta":{"_uag_custom_page_level_css":"","_monsterinsights_skip_tracking":false,"_monsterinsights_sitenote_active":false,"_monsterinsights_sitenote_note":"","_monsterinsights_sitenote_category":0,"site-sidebar-layout":"no-sidebar","site-content-layout":"","ast-site-content-layout":"full-width-container","site-content-style":"unboxed","site-sidebar-style":"unboxed","ast-global-header-display":"","ast-banner-title-visibility":"","ast-main-header-display":"","ast-hfb-above-header-display":"","ast-hfb-below-header-display":"","ast-hfb-mobile-header-display":"","site-post-title":"disabled","ast-breadcrumbs-content":"","ast-featured-img":"","footer-sml-layout":"","ast-disable-related-posts":"","theme-transparent-header-meta":"","adv-header-id-meta":"","stick-header-meta":"","header-above-stick-meta":"","header-main-stick-meta":"","header-below-stick-meta":"","astra-migrate-meta-layouts":"set","ast-page-background-enabled":"default","ast-page-background-meta":{"desktop":{"background-color":"var(--ast-global-color-4)","background-image":"","background-repeat":"repeat","background-position":"center center","background-size":"auto","background-attachment":"scroll","background-type":"","background-media":"","overlay-type":"","overlay-color":"","overlay-opacity":"","overlay-gradient":""},"tablet":{"background-color":"","background-image":"","background-repeat":"repeat","background-position":"center center","background-size":"auto","background-attachment":"scroll","background-type":"","background-media":"","overlay-type":"","overlay-color":"","overlay-opacity":"","overlay-gradient":""},"mobile":{"background-color":"","background-image":"","background-repeat":"repeat","background-position":"center center","background-size":"auto","background-attachment":"scroll","background-type":"","background-media":"","overlay-type":"","overlay-color":"","overlay-opacity":"","overlay-gradient":""}},"ast-content-background-meta":{"desktop":{"background-color":"var(--ast-global-color-5)","background-image":"","background-repeat":"repeat","background-position":"center center","background-size":"auto","background-attachment":"scroll","background-type":"","background-media":"","overlay-type":"","overlay-color":"","overlay-opacity":"","overlay-gradient":""},"tablet":{"background-color":"var(--ast-global-color-5)","background-image":"","background-repeat":"repeat","background-position":"center center","background-size":"auto","background-attachment":"scroll","background-type":"","background-media":"","overlay-type":"","overlay-color":"","overlay-opacity":"","overlay-gradient":""},"mobile":{"background-color":"var(--ast-global-color-5)","background-image":"","background-repeat":"repeat","background-position":"center center","background-size":"auto","background-attachment":"scroll","background-type":"","background-media":"","overlay-type":"","overlay-color":"","overlay-opacity":"","overlay-gradient":""}},"footnotes":""},"class_list":["post-1049","page","type-page","status-publish","hentry"],"aioseo_notices":[],"uagb_featured_image_src":{"full":false,"thumbnail":false,"medium":false,"medium_large":false,"large":false,"1536x1536":false,"2048x2048":false,"trp-custom-language-flag":false},"uagb_author_info":{"display_name":"Cristine Korowajczuk","author_link":"https:\/\/celplan.com\/pt\/author\/cris_en\/"},"uagb_comment_info":0,"uagb_excerpt":"A comprehensive analysis of current technologies (such as LoRaWAN, Mesh networks, Private LTE, satellite communications, and microwave links), their capabilities, and effective deployment strategies is essential for realizing the potential of Smart Farming. This analysis serves as the foundation for implementing feasible and efficient Smart Agriculture solutions. CelPlan can assist your team with designing and&hellip;","_links":{"self":[{"href":"https:\/\/celplan.com\/pt\/wp-json\/wp\/v2\/pages\/1049","targetHints":{"allow":["GET"]}}],"collection":[{"href":"https:\/\/celplan.com\/pt\/wp-json\/wp\/v2\/pages"}],"about":[{"href":"https:\/\/celplan.com\/pt\/wp-json\/wp\/v2\/types\/page"}],"author":[{"embeddable":true,"href":"https:\/\/celplan.com\/pt\/wp-json\/wp\/v2\/users\/2"}],"replies":[{"embeddable":true,"href":"https:\/\/celplan.com\/pt\/wp-json\/wp\/v2\/comments?post=1049"}],"version-history":[{"count":8,"href":"https:\/\/celplan.com\/pt\/wp-json\/wp\/v2\/pages\/1049\/revisions"}],"predecessor-version":[{"id":2705,"href":"https:\/\/celplan.com\/pt\/wp-json\/wp\/v2\/pages\/1049\/revisions\/2705"}],"wp:attachment":[{"href":"https:\/\/celplan.com\/pt\/wp-json\/wp\/v2\/media?parent=1049"}],"curies":[{"name":"wp","href":"https:\/\/api.w.org\/{rel}","templated":true}]}}