{"id":1077,"date":"2024-07-03T18:23:39","date_gmt":"2024-07-03T18:23:39","guid":{"rendered":"https:\/\/celplan.com\/?page_id=1077"},"modified":"2024-08-21T18:50:24","modified_gmt":"2024-08-21T18:50:24","slug":"rail","status":"publish","type":"page","link":"https:\/\/celplan.com\/pt\/rail\/","title":{"rendered":"Ferrovias"},"content":{"rendered":"<div class=\"wp-block-uagb-container uagb-block-eghuxq0k alignfull uagb-is-root-container\"><div class=\"uagb-container-inner-blocks-wrap\">\n<div class=\"wp-block-uagb-info-box uagb-block-z9doniw9 uagb-infobox__content-wrap  uagb-infobox-icon-above-title uagb-infobox-image-valign-top\"><div class=\"uagb-ifb-content\"><div class=\"uagb-ifb-title-wrap\"><h1 class=\"uagb-ifb-title\">Ferrovias<\/h1><\/div><\/div><\/div>\n<\/div><\/div>\n\n\n\n<div class=\"wp-block-uagb-container uagb-block-eidebwjs alignfull uagb-is-root-container\"><div class=\"uagb-container-inner-blocks-wrap\">\n<div class=\"wp-block-uagb-container uagb-block-ntavs5ha\">\n<div class=\"wp-block-uagb-image alignleft uagb-block-qy2ie9dr wp-block-uagb-image--layout-default wp-block-uagb-image--effect-static wp-block-uagb-image--align-left\"><figure class=\"wp-block-uagb-image__figure\"><img decoding=\"async\" srcset=\"https:\/\/celplan.com\/wp-content\/uploads\/2024\/07\/Markets-Rail-1MB-1-1024x643-1.jpg ,https:\/\/celplan.com\/wp-content\/uploads\/2024\/07\/Markets-Rail-1MB-1-1024x643-1.jpg 780w, https:\/\/celplan.com\/wp-content\/uploads\/2024\/07\/Markets-Rail-1MB-1-1024x643-1.jpg 360w\" sizes=\"auto, (max-width: 480px) 150px\" src=\"https:\/\/celplan.com\/wp-content\/uploads\/2024\/07\/Markets-Rail-1MB-1-1024x643-1.jpg\" alt=\"\" class=\"uag-image-1398\" width=\"564\" height=\"400\" title=\"Markets - Rail\" loading=\"lazy\" role=\"img\"\/><\/figure><\/div>\n\n\n\n<div class=\"wp-block-uagb-container uagb-block-3bc5945b\">\n<div class=\"wp-block-uagb-info-box uagb-block-ggyz8qhr uagb-infobox__content-wrap  uagb-infobox-icon-above-title uagb-infobox-image-valign-top\"><div class=\"uagb-ifb-content\"><div class=\"uagb-ifb-title-wrap\"><\/div><p class=\"uagb-ifb-desc\">Na era digital de hoje, os passageiros em tr\u00e2nsito esperam uma conectividade \u00e0 Internet compar\u00e1vel \u00e0 sua experi\u00eancia em casa, garantindo produtividade enquanto est\u00e3o em movimento. No entanto, fornecer comunica\u00e7\u00f5es fi\u00e1veis \u200b\u200baos comboios apresenta desafios significativos. V\u00e1rias solu\u00e7\u00f5es potenciais podem ser consideradas:<br><\/p><\/div><\/div>\n\n\n\n<ul class=\"wp-block-list\">\n<li>Redes Celulares Comerciais: Apesar das m\u00faltiplas operadoras celulares, a cobertura ao longo das rotas ferrovi\u00e1rias permanece inconsistente, com extensas \u00e1reas de servi\u00e7o limitado ou inexistente. A largura de banda dispon\u00edvel por c\u00e9lula \u00e9 restrita, limitando o rendimento. Os trens, normalmente operando na periferia da cobertura celular, muitas vezes se comunicam usando esquemas de modula\u00e7\u00e3o mais baixos, reduzindo ainda mais a capacidade da c\u00e9lula.<\/li>\n\n\n\n<li>Rede propriet\u00e1ria de via: Esta abordagem oferece o m\u00e9todo mais confi\u00e1vel para garantir qualidade e rendimento consistentes. Contudo, os custos de implementa\u00e7\u00e3o s\u00e3o substanciais e s\u00f3 podem ser justificados para rotas de elevada densidade de tr\u00e1fego.<\/li>\n<\/ul>\n<\/div>\n<\/div>\n\n\n\n<div class=\"wp-block-uagb-container uagb-block-lxteyfrt\">\n<div class=\"wp-block-uagb-container uagb-block-95b649b8\">\n<ul class=\"wp-block-list\">\n<li>Comunica\u00e7\u00e3o via sat\u00e9lite: Os atuais sat\u00e9lites de banda Ku oferecem capacidade limitada, est\u00e3o congestionados e acarretam altos custos operacionais. No final de 2016, espera-se que os novos sat\u00e9lites de banda Ka proporcionem maior capacidade a pre\u00e7os reduzidos. Devido a considera\u00e7\u00f5es de custo, esta op\u00e7\u00e3o \u00e9 principalmente vi\u00e1vel quando n\u00e3o h\u00e1 alternativas dispon\u00edveis.<\/li>\n<\/ul>\n\n\n\n<p>A solu\u00e7\u00e3o CellRail\u2122 da CelPlan integra essas tr\u00eas abordagens, otimizando o roteamento do tr\u00e1fego para maximizar o rendimento e, ao mesmo tempo, minimizar os custos. A presta\u00e7\u00e3o de servi\u00e7os em comboio apresenta complexidades adicionais que exigem um design meticuloso. Um \u00fanico vag\u00e3o de trem pode exigir mais de 20 Mbps, com a solu\u00e7\u00e3o CelPlan capaz de fornecer uma taxa de transfer\u00eancia superior a 100 Mbps em todo o trem. Para mitigar os desafios de despesas e manuten\u00e7\u00e3o da instala\u00e7\u00e3o de antenas em cada carro, s\u00e3o recomendadas conex\u00f5es entre carros. Esses links devem ser econ\u00f4micos e de alta capacidade para acomodar conte\u00fado adicional, como v\u00eddeo sob demanda.<\/p>\n<\/div>\n\n\n\n<div class=\"wp-block-uagb-image alignleft uagb-block-zlzeflwe wp-block-uagb-image--layout-default wp-block-uagb-image--effect-static wp-block-uagb-image--align-left\"><figure class=\"wp-block-uagb-image__figure\"><img decoding=\"async\" srcset=\"https:\/\/celplan.com\/wp-content\/uploads\/2024\/07\/train-1024x683.jpg ,https:\/\/celplan.com\/wp-content\/uploads\/2024\/07\/train-scaled.jpg 780w, https:\/\/celplan.com\/wp-content\/uploads\/2024\/07\/train-scaled.jpg 360w\" sizes=\"auto, (max-width: 480px) 150px\" src=\"https:\/\/celplan.com\/wp-content\/uploads\/2024\/07\/train-1024x683.jpg\" alt=\"\" class=\"uag-image-1764\" width=\"564\" height=\"400\" title=\"Ferrovias\" loading=\"lazy\" role=\"img\"\/><\/figure><\/div>\n<\/div>\n\n\n\n<div class=\"wp-block-uagb-container uagb-block-ttogtouf\">\n<div class=\"wp-block-uagb-image alignleft uagb-block-n3cxnlie wp-block-uagb-image--layout-default wp-block-uagb-image--effect-static wp-block-uagb-image--align-left\"><figure class=\"wp-block-uagb-image__figure\"><img decoding=\"async\" srcset=\"https:\/\/celplan.com\/wp-content\/uploads\/2024\/07\/Train-Photo-CelPlan-image-Leozinho-1024x768.jpg ,https:\/\/celplan.com\/wp-content\/uploads\/2024\/07\/Train-Photo-CelPlan-image-Leozinho-scaled.jpg 780w, https:\/\/celplan.com\/wp-content\/uploads\/2024\/07\/Train-Photo-CelPlan-image-Leozinho-scaled.jpg 360w\" sizes=\"auto, (max-width: 480px) 150px\" src=\"https:\/\/celplan.com\/wp-content\/uploads\/2024\/07\/Train-Photo-CelPlan-image-Leozinho-1024x768.jpg\" alt=\"\" class=\"uag-image-1763\" width=\"564\" height=\"400\" title=\"Train Photo - CelPlan image\" loading=\"lazy\" role=\"img\"\/><\/figure><\/div>\n\n\n\n<div class=\"wp-block-uagb-info-box uagb-block-ujtuildy uagb-infobox__content-wrap  uagb-infobox-icon-above-title uagb-infobox-image-valign-top\"><div class=\"uagb-ifb-content\"><div class=\"uagb-ifb-title-wrap\"><\/div><p class=\"uagb-ifb-desc\">Dado o ritmo r\u00e1pido do avan\u00e7o tecnol\u00f3gico, uma implanta\u00e7\u00e3o eficaz deve utilizar componentes comerciais prontos para uso (COTS) que possam ser facilmente atualizados ou substitu\u00eddos. Pensando nisso, a CelPlan desenvolveu o CellRail, uma solu\u00e7\u00e3o customiz\u00e1vel e adapt\u00e1vel \u00e0s necessidades do cliente. Ele emprega v\u00e1rias op\u00e7\u00f5es de COTS e pode evoluir com o tempo. Al\u00e9m disso, CellRail\u2122 suporta comunica\u00e7\u00f5es intra-trem para aplica\u00e7\u00f5es adicionais, incluindo Controle Positivo de Trem (PTC).<\/p><\/div><\/div>\n<\/div>\n\n\n\n<p>A sele\u00e7\u00e3o da tecnologia apropriada \u00e9 crucial para a efic\u00e1cia da rede. A vasta experi\u00eancia da CelPlan e a abordagem neutra em rela\u00e7\u00e3o a fornecedores nos permitem orient\u00e1-lo na escolha da solu\u00e7\u00e3o ideal, adaptada \u00e0s suas necessidades espec\u00edficas. Nosso objetivo \u00e9 garantir que a rede implementada se alinhe perfeitamente com suas necessidades operacionais e objetivos organizacionais.<br><\/p>\n<\/div><\/div>","protected":false},"excerpt":{"rendered":"<p>CelPlan&#8217;s CellRail\u2122 solution integrates these three approaches, optimizing traffic routing to maximize throughput while minimizing costs. The in-train service provision presents additional complexities requiring meticulous design. A single train car may demand over 20 Mbps, with the CelPlan solution capable of delivering train-wide throughput exceeding 100 Mbps. To mitigate the expense and maintenance challenges of [&hellip;]<\/p>\n","protected":false},"author":2,"featured_media":0,"parent":0,"menu_order":0,"comment_status":"closed","ping_status":"closed","template":"","meta":{"_uag_custom_page_level_css":"","_monsterinsights_skip_tracking":false,"_monsterinsights_sitenote_active":false,"_monsterinsights_sitenote_note":"","_monsterinsights_sitenote_category":0,"site-sidebar-layout":"no-sidebar","site-content-layout":"","ast-site-content-layout":"full-width-container","site-content-style":"unboxed","site-sidebar-style":"unboxed","ast-global-header-display":"","ast-banner-title-visibility":"","ast-main-header-display":"","ast-hfb-above-header-display":"","ast-hfb-below-header-display":"","ast-hfb-mobile-header-display":"","site-post-title":"disabled","ast-breadcrumbs-content":"","ast-featured-img":"","footer-sml-layout":"","ast-disable-related-posts":"","theme-transparent-header-meta":"","adv-header-id-meta":"","stick-header-meta":"","header-above-stick-meta":"","header-main-stick-meta":"","header-below-stick-meta":"","astra-migrate-meta-layouts":"set","ast-page-background-enabled":"default","ast-page-background-meta":{"desktop":{"background-color":"var(--ast-global-color-4)","background-image":"","background-repeat":"repeat","background-position":"center center","background-size":"auto","background-attachment":"scroll","background-type":"","background-media":"","overlay-type":"","overlay-color":"","overlay-opacity":"","overlay-gradient":""},"tablet":{"background-color":"","background-image":"","background-repeat":"repeat","background-position":"center center","background-size":"auto","background-attachment":"scroll","background-type":"","background-media":"","overlay-type":"","overlay-color":"","overlay-opacity":"","overlay-gradient":""},"mobile":{"background-color":"","background-image":"","background-repeat":"repeat","background-position":"center center","background-size":"auto","background-attachment":"scroll","background-type":"","background-media":"","overlay-type":"","overlay-color":"","overlay-opacity":"","overlay-gradient":""}},"ast-content-background-meta":{"desktop":{"background-color":"var(--ast-global-color-5)","background-image":"","background-repeat":"repeat","background-position":"center center","background-size":"auto","background-attachment":"scroll","background-type":"","background-media":"","overlay-type":"","overlay-color":"","overlay-opacity":"","overlay-gradient":""},"tablet":{"background-color":"var(--ast-global-color-5)","background-image":"","background-repeat":"repeat","background-position":"center center","background-size":"auto","background-attachment":"scroll","background-type":"","background-media":"","overlay-type":"","overlay-color":"","overlay-opacity":"","overlay-gradient":""},"mobile":{"background-color":"var(--ast-global-color-5)","background-image":"","background-repeat":"repeat","background-position":"center center","background-size":"auto","background-attachment":"scroll","background-type":"","background-media":"","overlay-type":"","overlay-color":"","overlay-opacity":"","overlay-gradient":""}},"footnotes":""},"class_list":["post-1077","page","type-page","status-publish","hentry"],"aioseo_notices":[],"uagb_featured_image_src":{"full":false,"thumbnail":false,"medium":false,"medium_large":false,"large":false,"1536x1536":false,"2048x2048":false,"trp-custom-language-flag":false},"uagb_author_info":{"display_name":"Cristine Korowajczuk","author_link":"https:\/\/celplan.com\/pt\/author\/cris_en\/"},"uagb_comment_info":0,"uagb_excerpt":"CelPlan&#8217;s CellRail\u2122 solution integrates these three approaches, optimizing traffic routing to maximize throughput while minimizing costs. The in-train service provision presents additional complexities requiring meticulous design. A single train car may demand over 20 Mbps, with the CelPlan solution capable of delivering train-wide throughput exceeding 100 Mbps. To mitigate the expense and maintenance challenges of&hellip;","_links":{"self":[{"href":"https:\/\/celplan.com\/pt\/wp-json\/wp\/v2\/pages\/1077","targetHints":{"allow":["GET"]}}],"collection":[{"href":"https:\/\/celplan.com\/pt\/wp-json\/wp\/v2\/pages"}],"about":[{"href":"https:\/\/celplan.com\/pt\/wp-json\/wp\/v2\/types\/page"}],"author":[{"embeddable":true,"href":"https:\/\/celplan.com\/pt\/wp-json\/wp\/v2\/users\/2"}],"replies":[{"embeddable":true,"href":"https:\/\/celplan.com\/pt\/wp-json\/wp\/v2\/comments?post=1077"}],"version-history":[{"count":8,"href":"https:\/\/celplan.com\/pt\/wp-json\/wp\/v2\/pages\/1077\/revisions"}],"predecessor-version":[{"id":2638,"href":"https:\/\/celplan.com\/pt\/wp-json\/wp\/v2\/pages\/1077\/revisions\/2638"}],"wp:attachment":[{"href":"https:\/\/celplan.com\/pt\/wp-json\/wp\/v2\/media?parent=1077"}],"curies":[{"name":"wp","href":"https:\/\/api.w.org\/{rel}","templated":true}]}}