{"id":1079,"date":"2024-07-03T18:23:39","date_gmt":"2024-07-03T18:23:39","guid":{"rendered":"https:\/\/celplan.com\/?page_id=1079"},"modified":"2024-08-18T12:49:31","modified_gmt":"2024-08-18T12:49:31","slug":"geographical-database","status":"publish","type":"page","link":"https:\/\/celplan.com\/pt\/geographical-database\/","title":{"rendered":"Geographical Database"},"content":{"rendered":"<div class=\"wp-block-uagb-container uagb-block-eghuxq0k alignfull uagb-is-root-container\"><div class=\"uagb-container-inner-blocks-wrap\">\n<div class=\"wp-block-uagb-info-box uagb-block-z9doniw9 uagb-infobox__content-wrap  uagb-infobox-icon-above-title uagb-infobox-image-valign-top\"><div class=\"uagb-ifb-content\"><div class=\"uagb-ifb-title-wrap\"><h1 class=\"uagb-ifb-title\">Bases de Dados Geogr\u00e1ficas<\/h1><\/div><\/div><\/div>\n<\/div><\/div>\n\n\n\n<div class=\"wp-block-uagb-container uagb-block-eidebwjs alignfull uagb-is-root-container\"><div class=\"uagb-container-inner-blocks-wrap\">\n<div class=\"wp-block-uagb-container uagb-block-ntavs5ha\">\n<div class=\"wp-block-uagb-image aligncenter uagb-block-qy2ie9dr wp-block-uagb-image--layout-default wp-block-uagb-image--effect-static wp-block-uagb-image--align-center alignleft\"><figure class=\"wp-block-uagb-image__figure\"><img decoding=\"async\" srcset=\"https:\/\/celplan.com\/wp-content\/uploads\/2024\/07\/Screenshot-2023-09-22-075310.png ,https:\/\/celplan.com\/wp-content\/uploads\/2024\/07\/Screenshot-2023-09-22-075310.png 780w, https:\/\/celplan.com\/wp-content\/uploads\/2024\/07\/Screenshot-2023-09-22-075310.png 360w\" sizes=\"auto, (max-width: 480px) 150px\" src=\"https:\/\/celplan.com\/wp-content\/uploads\/2024\/07\/Screenshot-2023-09-22-075310.png\" alt=\"\" class=\"uag-image-1796\" width=\"564\" height=\"400\" title=\"Screen with GIS\" loading=\"lazy\" role=\"img\"\/><\/figure><\/div>\n\n\n\n<div class=\"wp-block-uagb-info-box uagb-block-ggyz8qhr uagb-infobox__content-wrap  uagb-infobox-icon-above-title uagb-infobox-image-valign-top\"><div class=\"uagb-ifb-content\"><div class=\"uagb-ifb-title-wrap\"><\/div><p class=\"uagb-ifb-desc\">Adote a pr\u00f3xima gera\u00e7\u00e3o de planejamento de rede sem fio com o CelPlanner Suite 14. Esta solu\u00e7\u00e3o avan\u00e7ada integra perfeitamente inova\u00e7\u00e3o e confiabilidade em um ecossistema independente de fornecedores.<br><br>A CelPlan oferece a flexibilidade para fornecer dados geoespaciais em formatos compat\u00edveis com a geoplataforma propriet\u00e1ria da nossa su\u00edte ou em qualquer formato especificado por nossos clientes. Essa adaptabilidade garante integra\u00e7\u00e3o perfeita com seus fluxos de trabalho e sistemas existentes.<\/p><\/div><\/div>\n<\/div>\n\n\n\n<div class=\"wp-block-uagb-container uagb-block-lxteyfrt\">\n<div class=\"wp-block-uagb-info-box uagb-block-79ijmjmt uagb-infobox__content-wrap  uagb-infobox-icon-above-title uagb-infobox-image-valign-top\"><div class=\"uagb-ifb-content\"><div class=\"uagb-ifb-title-wrap\"><h3 class=\"uagb-ifb-title\">Dados do terreno<\/h3><\/div><p class=\"uagb-ifb-desc\">Digital Elevation Models (DEM) or Digital Terrain Models (DTM) can be provided with resolutions up to 1 meter. These high-precision terrain data are typically sourced from national geographic institutions, such as the United States Geological Survey (USGS) or Brazil&#8217;s IBGE\/DSG.<br>When available, we acquire raster format databases and process them to meet specific format requirements. In cases where raster data is unavailable, we extract terrain information from the highest quality topographical charts accessible. Alternatively, we update data using advanced photogrammetry systems.<br>Nosso processo envolve a digitaliza\u00e7\u00e3o de linhas de contorno e eleva\u00e7\u00f5es de pico de cartas topogr\u00e1ficas. Esses dados digitalizados passam ent\u00e3o por um processo de lineariza\u00e7\u00e3o usando software propriet\u00e1rio. O software triangula os dados e interpola pontos entre as linhas de contorno digitalizadas, gerando um banco de dados cont\u00ednuo e de alta resolu\u00e7\u00e3o. Esse n\u00edvel de detalhe \u00e9 essencial para simula\u00e7\u00f5es precisas de sistemas sem fio.<br>Essa abordagem abrangente garante que possamos fornecer os modelos de terreno mais precisos e atualizados, independentemente do formato ou qualidade original dos dados de origem.<\/p><\/div><\/div>\n\n\n\n<div class=\"wp-block-uagb-image aligncenter uagb-block-zlzeflwe wp-block-uagb-image--layout-default wp-block-uagb-image--effect-static wp-block-uagb-image--align-center alignleft\"><figure class=\"wp-block-uagb-image__figure\"><img decoding=\"async\" srcset=\"https:\/\/celplan.com\/wp-content\/uploads\/2024\/07\/Pakistan-Topography-3D-Photo-GIS.png ,https:\/\/celplan.com\/wp-content\/uploads\/2024\/07\/Pakistan-Topography-3D-Photo-GIS.png 780w, https:\/\/celplan.com\/wp-content\/uploads\/2024\/07\/Pakistan-Topography-3D-Photo-GIS.png 360w\" sizes=\"auto, (max-width: 480px) 150px\" src=\"https:\/\/celplan.com\/wp-content\/uploads\/2024\/07\/Pakistan-Topography-3D-Photo-GIS.png\" alt=\"\" class=\"uag-image-1795\" width=\"564\" height=\"400\" title=\"Topography 3D Photo\" loading=\"lazy\" role=\"img\"\/><\/figure><\/div>\n<\/div>\n\n\n\n<div class=\"wp-block-uagb-container uagb-block-ttogtouf\">\n<div class=\"wp-block-uagb-image aligncenter uagb-block-n3cxnlie wp-block-uagb-image--layout-default wp-block-uagb-image--effect-static wp-block-uagb-image--align-center alignleft\"><figure class=\"wp-block-uagb-image__figure\"><img decoding=\"async\" srcset=\"https:\/\/celplan.com\/wp-content\/uploads\/2024\/07\/GIS_MFL_2.5D-Tree.png.jpg ,https:\/\/celplan.com\/wp-content\/uploads\/2024\/07\/GIS_MFL_2.5D-Tree.png.jpg 780w, https:\/\/celplan.com\/wp-content\/uploads\/2024\/07\/GIS_MFL_2.5D-Tree.png.jpg 360w\" sizes=\"auto, (max-width: 480px) 150px\" src=\"https:\/\/celplan.com\/wp-content\/uploads\/2024\/07\/GIS_MFL_2.5D-Tree.png.jpg\" alt=\"\" class=\"uag-image-1793\" width=\"564\" height=\"400\" title=\"GIS_MFL_2.5D\" loading=\"lazy\" role=\"img\"\/><\/figure><\/div>\n\n\n\n<div class=\"wp-block-uagb-info-box uagb-block-ujtuildy uagb-infobox__content-wrap  uagb-infobox-icon-above-title uagb-infobox-image-valign-top\"><div class=\"uagb-ifb-content\"><div class=\"uagb-ifb-title-wrap\"><h3 class=\"uagb-ifb-title\">Clutter Data<\/h3><\/div><p class=\"uagb-ifb-desc\">Fornecemos dados especializados de cobertura e uso do solo, adaptados para aplica\u00e7\u00f5es de telecomunica\u00e7\u00f5es. Esses dados abrangem uma gama diversificada de classifica\u00e7\u00f5es, incluindo urbana, suburbana, urbana densa e v\u00e1rios tipos de vegeta\u00e7\u00e3o (baixa, m\u00e9dia e floresta), entre outros. Nossos bancos de dados podem oferecer resolu\u00e7\u00f5es t\u00e3o finas quanto 1 metro, garantindo modelagem ambiental altamente detalhada.<br><br>As contemporary wireless system designs increasingly utilize higher frequency bands, the demand for precise planning data has grown significantly. To meet this need, CelPlan offers Estimated Building Heights (EBH) databases. These advanced datasets are derived from ultra-high-resolution satellite imagery, providing detailed information on buildings and structures within the specified Area of Interest (AoI). Our EBH data offers vertical resolution accuracy of up to 5 meters, enabling three-dimensional modeling of the built environment.<br><br>Este n\u00edvel de detalhe \u00e9 crucial para modelagem precisa de propaga\u00e7\u00e3o de sinal em ambientes urbanos complexos, particularmente para sistemas de alta frequ\u00eancia onde a geometria do edif\u00edcio impacta significativamente a propaga\u00e7\u00e3o de ondas. Ao incorporar tais dados de alta fidelidade, os planejadores de rede podem otimizar a cobertura, a capacidade e o desempenho geral do sistema com precis\u00e3o sem precedentes.<\/p><\/div><\/div>\n<\/div>\n\n\n\n<p>A sele\u00e7\u00e3o de dados de entrada apropriados \u00e9 crucial para um bom design de rede. A vasta experi\u00eancia e compreens\u00e3o da CelPlan sobre os requisitos de design de RF nos permite criar bancos de dados GIS adequados para esse tipo de aplica\u00e7\u00e3o.<br><\/p>\n<\/div><\/div>","protected":false},"excerpt":{"rendered":"<p>A sele\u00e7\u00e3o de dados de entrada apropriados \u00e9 crucial para um bom design de rede. A vasta experi\u00eancia e compreens\u00e3o da CelPlan sobre os requisitos de design de RF nos permite criar bancos de dados GIS adequados para esse tipo de aplica\u00e7\u00e3o.<\/p>","protected":false},"author":2,"featured_media":0,"parent":0,"menu_order":0,"comment_status":"closed","ping_status":"closed","template":"","meta":{"_uag_custom_page_level_css":"","_monsterinsights_skip_tracking":false,"_monsterinsights_sitenote_active":false,"_monsterinsights_sitenote_note":"","_monsterinsights_sitenote_category":0,"site-sidebar-layout":"no-sidebar","site-content-layout":"","ast-site-content-layout":"full-width-container","site-content-style":"unboxed","site-sidebar-style":"unboxed","ast-global-header-display":"","ast-banner-title-visibility":"","ast-main-header-display":"","ast-hfb-above-header-display":"","ast-hfb-below-header-display":"","ast-hfb-mobile-header-display":"","site-post-title":"disabled","ast-breadcrumbs-content":"","ast-featured-img":"","footer-sml-layout":"","ast-disable-related-posts":"","theme-transparent-header-meta":"","adv-header-id-meta":"","stick-header-meta":"","header-above-stick-meta":"","header-main-stick-meta":"","header-below-stick-meta":"","astra-migrate-meta-layouts":"set","ast-page-background-enabled":"default","ast-page-background-meta":{"desktop":{"background-color":"var(--ast-global-color-4)","background-image":"","background-repeat":"repeat","background-position":"center center","background-size":"auto","background-attachment":"scroll","background-type":"","background-media":"","overlay-type":"","overlay-color":"","overlay-opacity":"","overlay-gradient":""},"tablet":{"background-color":"","background-image":"","background-repeat":"repeat","background-position":"center center","background-size":"auto","background-attachment":"scroll","background-type":"","background-media":"","overlay-type":"","overlay-color":"","overlay-opacity":"","overlay-gradient":""},"mobile":{"background-color":"","background-image":"","background-repeat":"repeat","background-position":"center center","background-size":"auto","background-attachment":"scroll","background-type":"","background-media":"","overlay-type":"","overlay-color":"","overlay-opacity":"","overlay-gradient":""}},"ast-content-background-meta":{"desktop":{"background-color":"var(--ast-global-color-5)","background-image":"","background-repeat":"repeat","background-position":"center center","background-size":"auto","background-attachment":"scroll","background-type":"","background-media":"","overlay-type":"","overlay-color":"","overlay-opacity":"","overlay-gradient":""},"tablet":{"background-color":"var(--ast-global-color-5)","background-image":"","background-repeat":"repeat","background-position":"center center","background-size":"auto","background-attachment":"scroll","background-type":"","background-media":"","overlay-type":"","overlay-color":"","overlay-opacity":"","overlay-gradient":""},"mobile":{"background-color":"var(--ast-global-color-5)","background-image":"","background-repeat":"repeat","background-position":"center center","background-size":"auto","background-attachment":"scroll","background-type":"","background-media":"","overlay-type":"","overlay-color":"","overlay-opacity":"","overlay-gradient":""}},"footnotes":""},"class_list":["post-1079","page","type-page","status-publish","hentry"],"aioseo_notices":[],"uagb_featured_image_src":{"full":false,"thumbnail":false,"medium":false,"medium_large":false,"large":false,"1536x1536":false,"2048x2048":false,"trp-custom-language-flag":false},"uagb_author_info":{"display_name":"Cristine Korowajczuk","author_link":"https:\/\/celplan.com\/pt\/author\/cris_en\/"},"uagb_comment_info":0,"uagb_excerpt":"The selection of appropriate input data is crucial for a good network design. CelPlan&#8217;s extensive experience and understanding of RF design requirements allow us to create GIS databases suitable for this type of application.","_links":{"self":[{"href":"https:\/\/celplan.com\/pt\/wp-json\/wp\/v2\/pages\/1079","targetHints":{"allow":["GET"]}}],"collection":[{"href":"https:\/\/celplan.com\/pt\/wp-json\/wp\/v2\/pages"}],"about":[{"href":"https:\/\/celplan.com\/pt\/wp-json\/wp\/v2\/types\/page"}],"author":[{"embeddable":true,"href":"https:\/\/celplan.com\/pt\/wp-json\/wp\/v2\/users\/2"}],"replies":[{"embeddable":true,"href":"https:\/\/celplan.com\/pt\/wp-json\/wp\/v2\/comments?post=1079"}],"version-history":[{"count":6,"href":"https:\/\/celplan.com\/pt\/wp-json\/wp\/v2\/pages\/1079\/revisions"}],"predecessor-version":[{"id":2584,"href":"https:\/\/celplan.com\/pt\/wp-json\/wp\/v2\/pages\/1079\/revisions\/2584"}],"wp:attachment":[{"href":"https:\/\/celplan.com\/pt\/wp-json\/wp\/v2\/media?parent=1079"}],"curies":[{"name":"wp","href":"https:\/\/api.w.org\/{rel}","templated":true}]}}