{"id":1085,"date":"2024-07-03T18:31:43","date_gmt":"2024-07-03T18:31:43","guid":{"rendered":"https:\/\/celplan.com\/?page_id=1085"},"modified":"2024-08-22T14:21:24","modified_gmt":"2024-08-22T14:21:24","slug":"test_measurement","status":"publish","type":"page","link":"https:\/\/celplan.com\/pt\/test_measurement\/","title":{"rendered":"Test and Measurement"},"content":{"rendered":"<div class=\"wp-block-uagb-container uagb-block-eghuxq0k alignfull uagb-is-root-container\"><div class=\"uagb-container-inner-blocks-wrap\">\n<div class=\"wp-block-uagb-info-box uagb-block-z9doniw9 uagb-infobox__content-wrap  uagb-infobox-icon-above-title uagb-infobox-image-valign-top\"><div class=\"uagb-ifb-content\"><div class=\"uagb-ifb-title-wrap\"><h1 class=\"uagb-ifb-title\">Teste e Medi\u00e7\u00e3o de Redes <\/h1><\/div><\/div><\/div>\n<\/div><\/div>\n\n\n\n<div class=\"wp-block-uagb-container uagb-block-eidebwjs alignfull uagb-is-root-container\"><div class=\"uagb-container-inner-blocks-wrap\">\n<div class=\"wp-block-uagb-container uagb-block-ntavs5ha\">\n<div class=\"wp-block-uagb-image aligncenter uagb-block-qy2ie9dr wp-block-uagb-image--layout-default wp-block-uagb-image--effect-static wp-block-uagb-image--align-center alignleft\"><figure class=\"wp-block-uagb-image__figure\"><img decoding=\"async\" srcset=\"https:\/\/celplan.com\/wp-content\/uploads\/2024\/07\/Prancheta-1-1-1024x575.jpg ,https:\/\/celplan.com\/wp-content\/uploads\/2024\/07\/Prancheta-1-1.jpg 780w, https:\/\/celplan.com\/wp-content\/uploads\/2024\/07\/Prancheta-1-1.jpg 360w\" sizes=\"auto, (max-width: 480px) 150px\" src=\"https:\/\/celplan.com\/wp-content\/uploads\/2024\/07\/Prancheta-1-1-1024x575.jpg\" alt=\"\" class=\"uag-image-1255\" width=\"564\" height=\"400\" title=\"Prancheta-1-1\" loading=\"lazy\" role=\"img\"\/><\/figure><\/div>\n\n\n\n<div class=\"wp-block-uagb-container uagb-block-63836f4a\">\n<div class=\"wp-block-uagb-info-box uagb-block-ggyz8qhr uagb-infobox__content-wrap  uagb-infobox-icon-above-title uagb-infobox-image-valign-top\"><div class=\"uagb-ifb-content\"><div class=\"uagb-ifb-title-wrap\"><h3 class=\"uagb-ifb-title\">Teste e Medi\u00e7\u00e3o<\/h3><\/div><p class=\"uagb-ifb-desc\">A CelPlan oferece um conjunto abrangente de ferramentas avan\u00e7adas de diagn\u00f3stico e otimiza\u00e7\u00e3o para redes sem fio, cobrindo uma ampla gama de tecnologias de 2G a 5G em frequ\u00eancias de 100 MHz a 30 GHz. Este kit de ferramentas vers\u00e1til permite testes de acionamento precisos com medi\u00e7\u00f5es marcadas geograficamente, tudo englobado em uma \u00fanica licen\u00e7a de espectro total. O conjunto inclui:<br><\/p><\/div><\/div>\n\n\n\n<ul class=\"wp-block-list\">\n<li><strong><span style=\"text-decoration: underline;\"><a href=\"https:\/\/celplan.com\/pt\/cellspectrum-plus\/\" title=\"\">CellSpectrum Plus<\/a><\/span><\/strong>: Um analisador de espectro definido por software para an\u00e1lise de frequ\u00eancia detalhada.<\/li>\n\n\n\n<li><strong><span style=\"text-decoration: underline;\"><a href=\"https:\/\/celplan.com\/pt\/cellscanner\/\" title=\"\">CellScanner<\/a><\/span><\/strong>: Um scanner de tecnologia definido por software para avalia\u00e7\u00e3o abrangente de rede em v\u00e1rios padr\u00f5es.<\/li>\n\n\n\n<li><strong><span style=\"text-decoration: underline;\"><a href=\"https:\/\/celplan.com\/pt\/cellwiereless-sm\/\" title=\"\">CellWireless SM<\/a><\/span><\/strong>: Uma ferramenta centralizada de monitoramento de espectro com unidades remotas que usam TDOA para localizar interferentes.<\/li>\n\n\n\n<li><strong><span style=\"text-decoration: underline;\"><a href=\"https:\/\/celplan.com\/pt\/cellprobe\/\" title=\"CellProbe\">CellProbe<\/a><\/span><\/strong>: Uma sonda de IP de rede avan\u00e7ada para an\u00e1lise aprofundada de pacotes e avalia\u00e7\u00e3o de desempenho.<\/li>\n\n\n\n<li><strong><span style=\"text-decoration: underline;\"><a href=\"https:\/\/celplan.com\/pt\/customer-experience\/\" title=\"\">CellPhone<\/a><\/span><\/strong>: Uma plataforma sofisticada para avaliar e quantificar m\u00e9tricas de experi\u00eancia do cliente.<\/li>\n<\/ul>\n<\/div>\n<\/div>\n\n\n\n<p>Este conjunto integrado de ferramentas permite que operadores e engenheiros de rede realizem diagn\u00f3sticos completos, identifiquem problemas de desempenho e implementem otimiza\u00e7\u00f5es direcionadas em diversos ambientes de rede sem fio.<br><\/p>\n<\/div><\/div>","protected":false},"excerpt":{"rendered":"<p>Este conjunto integrado de ferramentas permite que operadores e engenheiros de rede realizem diagn\u00f3sticos completos, identifiquem problemas de desempenho e implementem otimiza\u00e7\u00f5es direcionadas em diversos ambientes de rede sem fio.<\/p>","protected":false},"author":2,"featured_media":0,"parent":0,"menu_order":0,"comment_status":"closed","ping_status":"closed","template":"","meta":{"_uag_custom_page_level_css":"","_monsterinsights_skip_tracking":false,"_monsterinsights_sitenote_active":false,"_monsterinsights_sitenote_note":"","_monsterinsights_sitenote_category":0,"site-sidebar-layout":"no-sidebar","site-content-layout":"","ast-site-content-layout":"full-width-container","site-content-style":"unboxed","site-sidebar-style":"unboxed","ast-global-header-display":"","ast-banner-title-visibility":"","ast-main-header-display":"","ast-hfb-above-header-display":"","ast-hfb-below-header-display":"","ast-hfb-mobile-header-display":"","site-post-title":"disabled","ast-breadcrumbs-content":"","ast-featured-img":"","footer-sml-layout":"","ast-disable-related-posts":"","theme-transparent-header-meta":"","adv-header-id-meta":"","stick-header-meta":"","header-above-stick-meta":"","header-main-stick-meta":"","header-below-stick-meta":"","astra-migrate-meta-layouts":"set","ast-page-background-enabled":"default","ast-page-background-meta":{"desktop":{"background-color":"var(--ast-global-color-4)","background-image":"","background-repeat":"repeat","background-position":"center center","background-size":"auto","background-attachment":"scroll","background-type":"","background-media":"","overlay-type":"","overlay-color":"","overlay-opacity":"","overlay-gradient":""},"tablet":{"background-color":"","background-image":"","background-repeat":"repeat","background-position":"center center","background-size":"auto","background-attachment":"scroll","background-type":"","background-media":"","overlay-type":"","overlay-color":"","overlay-opacity":"","overlay-gradient":""},"mobile":{"background-color":"","background-image":"","background-repeat":"repeat","background-position":"center center","background-size":"auto","background-attachment":"scroll","background-type":"","background-media":"","overlay-type":"","overlay-color":"","overlay-opacity":"","overlay-gradient":""}},"ast-content-background-meta":{"desktop":{"background-color":"var(--ast-global-color-5)","background-image":"","background-repeat":"repeat","background-position":"center center","background-size":"auto","background-attachment":"scroll","background-type":"","background-media":"","overlay-type":"","overlay-color":"","overlay-opacity":"","overlay-gradient":""},"tablet":{"background-color":"var(--ast-global-color-5)","background-image":"","background-repeat":"repeat","background-position":"center center","background-size":"auto","background-attachment":"scroll","background-type":"","background-media":"","overlay-type":"","overlay-color":"","overlay-opacity":"","overlay-gradient":""},"mobile":{"background-color":"var(--ast-global-color-5)","background-image":"","background-repeat":"repeat","background-position":"center center","background-size":"auto","background-attachment":"scroll","background-type":"","background-media":"","overlay-type":"","overlay-color":"","overlay-opacity":"","overlay-gradient":""}},"footnotes":""},"class_list":["post-1085","page","type-page","status-publish","hentry"],"aioseo_notices":[],"uagb_featured_image_src":{"full":false,"thumbnail":false,"medium":false,"medium_large":false,"large":false,"1536x1536":false,"2048x2048":false,"trp-custom-language-flag":false},"uagb_author_info":{"display_name":"Cristine Korowajczuk","author_link":"https:\/\/celplan.com\/pt\/author\/cris_en\/"},"uagb_comment_info":0,"uagb_excerpt":"This integrated set of tools empowers network operators and engineers to conduct thorough diagnostics, identify performance issues, and implement targeted optimizations across diverse wireless network environments.","_links":{"self":[{"href":"https:\/\/celplan.com\/pt\/wp-json\/wp\/v2\/pages\/1085","targetHints":{"allow":["GET"]}}],"collection":[{"href":"https:\/\/celplan.com\/pt\/wp-json\/wp\/v2\/pages"}],"about":[{"href":"https:\/\/celplan.com\/pt\/wp-json\/wp\/v2\/types\/page"}],"author":[{"embeddable":true,"href":"https:\/\/celplan.com\/pt\/wp-json\/wp\/v2\/users\/2"}],"replies":[{"embeddable":true,"href":"https:\/\/celplan.com\/pt\/wp-json\/wp\/v2\/comments?post=1085"}],"version-history":[{"count":8,"href":"https:\/\/celplan.com\/pt\/wp-json\/wp\/v2\/pages\/1085\/revisions"}],"predecessor-version":[{"id":2661,"href":"https:\/\/celplan.com\/pt\/wp-json\/wp\/v2\/pages\/1085\/revisions\/2661"}],"wp:attachment":[{"href":"https:\/\/celplan.com\/pt\/wp-json\/wp\/v2\/media?parent=1085"}],"curies":[{"name":"wp","href":"https:\/\/api.w.org\/{rel}","templated":true}]}}