{"id":1087,"date":"2024-07-03T18:31:43","date_gmt":"2024-07-03T18:31:43","guid":{"rendered":"https:\/\/celplan.com\/?page_id=1087"},"modified":"2024-08-18T12:29:16","modified_gmt":"2024-08-18T12:29:16","slug":"customer-experience","status":"publish","type":"page","link":"https:\/\/celplan.com\/pt\/customer-experience\/","title":{"rendered":"Customer Experience &#8211; optimizing networks"},"content":{"rendered":"<div class=\"wp-block-uagb-container uagb-block-eghuxq0k alignfull uagb-is-root-container\"><div class=\"uagb-container-inner-blocks-wrap\">\n<div class=\"wp-block-uagb-info-box uagb-block-z9doniw9 uagb-infobox__content-wrap  uagb-infobox-icon-above-title uagb-infobox-image-valign-top\"><div class=\"uagb-ifb-content\"><div class=\"uagb-ifb-title-wrap\"><h1 class=\"uagb-ifb-title\">Experi\u00eancia do cliente<\/h1><\/div><\/div><\/div>\n<\/div><\/div>\n\n\n\n<div class=\"wp-block-uagb-container uagb-block-eidebwjs alignfull uagb-is-root-container\"><div class=\"uagb-container-inner-blocks-wrap\">\n<p>As Wireless Enhancement Solutions da CelPlan oferecem uma abordagem abrangente para melhorar a experi\u00eancia do cliente, aumentar a capacidade da rede e reduzir despesas de capital e operacionais (CAPEX\/OPEX). A empresa desenvolveu um conjunto exclusivo de ferramentas projetadas especificamente para otimizar redes 4G e 5G, abordando os desafios complexos inerentes \u00e0 infraestrutura moderna de telecomunica\u00e7\u00f5es.<\/p>\n\n\n\n<div class=\"wp-block-uagb-container uagb-block-ntavs5ha\">\n<div class=\"wp-block-uagb-image aligncenter uagb-block-qy2ie9dr wp-block-uagb-image--layout-default wp-block-uagb-image--effect-static wp-block-uagb-image--align-center alignleft\"><figure class=\"wp-block-uagb-image__figure\"><img decoding=\"async\" srcset=\"https:\/\/celplan.com\/wp-content\/uploads\/2024\/07\/Customer-experience_1-1MB-1024x576.jpg ,https:\/\/celplan.com\/wp-content\/uploads\/2024\/07\/Customer-experience_1-1MB-scaled.jpg 780w, https:\/\/celplan.com\/wp-content\/uploads\/2024\/07\/Customer-experience_1-1MB-scaled.jpg 360w\" sizes=\"auto, (max-width: 480px) 150px\" src=\"https:\/\/celplan.com\/wp-content\/uploads\/2024\/07\/Customer-experience_1-1MB-1024x576.jpg\" alt=\"\" class=\"uag-image-1781\" width=\"564\" height=\"400\" title=\"Experi\u00eancia do cliente\" loading=\"lazy\" role=\"img\"\/><\/figure><\/div>\n\n\n\n<div class=\"wp-block-uagb-info-box uagb-block-ggyz8qhr uagb-infobox__content-wrap  uagb-infobox-icon-above-title uagb-infobox-image-valign-top\"><div class=\"uagb-ifb-content\"><div class=\"uagb-ifb-title-wrap\"><\/div><p class=\"uagb-ifb-desc\">As Wireless Enhancement Solutions da CelPlan oferecem uma abordagem abrangente para melhorar a experi\u00eancia do cliente, aumentar a capacidade da rede e reduzir despesas de capital e operacionais (CAPEX\/OPEX). A empresa desenvolveu um conjunto exclusivo de ferramentas projetadas especificamente para otimizar redes 4G e 5G, abordando os desafios complexos inerentes \u00e0 infraestrutura moderna de telecomunica\u00e7\u00f5es.<br><br>Nas redes atuais, o tr\u00e1fego de dados se ajusta dinamicamente \u00e0 capacidade dispon\u00edvel, impactando diretamente a satisfa\u00e7\u00e3o do cliente. Os sistemas tradicionais de suporte a opera\u00e7\u00f5es de rede (OSS) e as ferramentas existentes muitas vezes n\u00e3o conseguem avaliar com precis\u00e3o as m\u00e9tricas de satisfa\u00e7\u00e3o do cliente. Al\u00e9m disso, enquanto as redes 4G e 5G incorporam mecanismos de autocorre\u00e7\u00e3o contra ru\u00eddo e interfer\u00eancia por meio de esquemas de modula\u00e7\u00e3o adapt\u00e1veis, esses recursos podem reduzir inadvertidamente a capacidade da rede e agravar os problemas de interfer\u00eancia, potencialmente desencadeando um efeito de \"avalanche de interfer\u00eancia\". As medi\u00e7\u00f5es de rede convencionais lutam para identificar a causa raiz desses problemas em cascata, muitas vezes resultando em corre\u00e7\u00f5es de rede aleat\u00f3rias e ineficazes que incorrem em despesas operacionais substanciais sem produzir melhorias tang\u00edveis.<br><br>As pr\u00e1ticas atuais da ind\u00fastria para expans\u00e3o de capacidade s\u00e3o frequentemente ineficientes, com uma estimativa de 60% dos novos sites implantados se mostrando ineficazes ou at\u00e9 mesmo contraproducentes, levando a um desperd\u00edcio significativo de despesas de capital. Para lidar com esses desafios, a CelPlan oferece duas solu\u00e7\u00f5es inovadoras:<\/p><\/div><\/div>\n<\/div>\n\n\n\n<div class=\"wp-block-uagb-container uagb-block-lxteyfrt\">\n<div class=\"wp-block-uagb-info-box uagb-block-79ijmjmt uagb-infobox__content-wrap  uagb-infobox-icon-above-title uagb-infobox-image-valign-top\"><div class=\"uagb-ifb-content\"><div class=\"uagb-ifb-title-wrap\"><h3 class=\"uagb-ifb-title\">CellExperience<\/h3><\/div><p class=\"uagb-ifb-desc\">Esta ferramenta preditiva analisa a evolu\u00e7\u00e3o da experi\u00eancia do cliente em rela\u00e7\u00e3o aos padr\u00f5es de tr\u00e1fego. Ela identifica precisamente os gargalos da rede conforme o tr\u00e1fego aumenta, permitindo o posicionamento ideal dos sites de expans\u00e3o.<br><br>A CellExperience pode identificar v\u00e1rios tipos de restri\u00e7\u00f5es de rede, incluindo problemas espec\u00edficos do site, limita\u00e7\u00f5es de backhaul e gargalos do Provedor de Servi\u00e7os de Internet (ISP). Estudos de caso conduzidos pela CelPlan demonstram que a CellExperience pode reduzir significativamente implanta\u00e7\u00f5es ineficazes, eliminando potencialmente at\u00e9 80% das instala\u00e7\u00f5es desnecess\u00e1rias de sites de c\u00e9lulas, otimizando assim a aloca\u00e7\u00e3o de CAPEX.<\/p><\/div><\/div>\n\n\n\n<div class=\"wp-block-uagb-image aligncenter uagb-block-zlzeflwe wp-block-uagb-image--layout-default wp-block-uagb-image--effect-static wp-block-uagb-image--align-center alignleft\"><figure class=\"wp-block-uagb-image__figure\"><img decoding=\"async\" srcset=\"https:\/\/celplan.com\/wp-content\/uploads\/2024\/07\/cellexperience-1024x683.jpg ,https:\/\/celplan.com\/wp-content\/uploads\/2024\/07\/cellexperience.jpg 780w, https:\/\/celplan.com\/wp-content\/uploads\/2024\/07\/cellexperience.jpg 360w\" sizes=\"auto, (max-width: 480px) 150px\" src=\"https:\/\/celplan.com\/wp-content\/uploads\/2024\/07\/cellexperience-1024x683.jpg\" alt=\"\" class=\"uag-image-1812\" width=\"564\" height=\"400\" title=\"Social network\" loading=\"lazy\" role=\"img\"\/><\/figure><\/div>\n<\/div>\n\n\n\n<div class=\"wp-block-uagb-container uagb-block-ttogtouf\">\n<div class=\"wp-block-uagb-image aligncenter uagb-block-n3cxnlie wp-block-uagb-image--layout-default wp-block-uagb-image--effect-static wp-block-uagb-image--align-center alignleft\"><figure class=\"wp-block-uagb-image__figure\"><img decoding=\"async\" srcset=\"https:\/\/celplan.com\/wp-content\/uploads\/2024\/07\/cellexperience-2-1024x374.jpg ,https:\/\/celplan.com\/wp-content\/uploads\/2024\/07\/cellexperience-2-scaled.jpg 780w, https:\/\/celplan.com\/wp-content\/uploads\/2024\/07\/cellexperience-2-scaled.jpg 360w\" sizes=\"auto, (max-width: 480px) 150px\" src=\"https:\/\/celplan.com\/wp-content\/uploads\/2024\/07\/cellexperience-2-1024x374.jpg\" alt=\"\" class=\"uag-image-1811\" width=\"564\" height=\"400\" title=\"cellexperience 2\" loading=\"lazy\" role=\"img\"\/><\/figure><\/div>\n\n\n\n<div class=\"wp-block-uagb-info-box uagb-block-ujtuildy uagb-infobox__content-wrap  uagb-infobox-icon-above-title uagb-infobox-image-valign-top\"><div class=\"uagb-ifb-content\"><div class=\"uagb-ifb-title-wrap\"><h3 class=\"uagb-ifb-title\">CellPhone<\/h3><\/div><p class=\"uagb-ifb-desc\">Esta solu\u00e7\u00e3o de crowdsourcing mede diretamente a experi\u00eancia do cliente a partir de dispositivos de usu\u00e1rios em v\u00e1rios aplicativos. O aplicativo CellPhone coleta e analisa dados sobre conectividade, satisfa\u00e7\u00e3o do usu\u00e1rio, goodput (taxa de transfer\u00eancia efetiva) e classifica\u00e7\u00f5es de sess\u00e3o por meio de pesquisas com usu\u00e1rios.<br><br>Essas informa\u00e7\u00f5es s\u00e3o ent\u00e3o mapeadas geograficamente e com registro de data e hora, fornecendo uma vis\u00e3o abrangente do desempenho da rede e da experi\u00eancia do usu\u00e1rio ao longo do dia. Os dados coletados pelo CellPhone podem ser usados \u200b\u200bpara refinar e melhorar ainda mais as previs\u00f5es do CellExperience, criando um poderoso loop de feedback para otimiza\u00e7\u00e3o cont\u00ednua da rede.<\/p><\/div><\/div>\n<\/div>\n\n\n\n<p>Ao alavancar essas ferramentas avan\u00e7adas, os operadores de rede podem obter insights sem precedentes sobre o desempenho do mundo real, identificar com precis\u00e3o \u00e1reas para melhoria e tomar decis\u00f5es baseadas em dados para aprimoramentos de rede. Essa abordagem n\u00e3o apenas melhora a satisfa\u00e7\u00e3o geral do cliente, mas tamb\u00e9m garante uma aloca\u00e7\u00e3o mais eficiente de recursos, levando, em \u00faltima an\u00e1lise, ao desempenho otimizado da rede e \u00e0 redu\u00e7\u00e3o de custos operacionais.<\/p>\n<\/div><\/div>","protected":false},"excerpt":{"rendered":"<p>CelPlan&#8217;s Wireless Enhancement Solutions offer a comprehensive approach to improving customer experience, increasing network capacity, and reducing both capital and operational expenditures (CAPEX\/OPEX). The company has developed a unique suite of tools specifically designed to optimize 4G and 5G networks, addressing the complex challenges inherent in modern telecommunications infrastructure. By leveraging these advanced tools, network [&hellip;]<\/p>\n","protected":false},"author":2,"featured_media":0,"parent":0,"menu_order":0,"comment_status":"closed","ping_status":"closed","template":"","meta":{"_uag_custom_page_level_css":"","_monsterinsights_skip_tracking":false,"_monsterinsights_sitenote_active":false,"_monsterinsights_sitenote_note":"","_monsterinsights_sitenote_category":0,"site-sidebar-layout":"no-sidebar","site-content-layout":"","ast-site-content-layout":"full-width-container","site-content-style":"unboxed","site-sidebar-style":"unboxed","ast-global-header-display":"","ast-banner-title-visibility":"","ast-main-header-display":"","ast-hfb-above-header-display":"","ast-hfb-below-header-display":"","ast-hfb-mobile-header-display":"","site-post-title":"disabled","ast-breadcrumbs-content":"","ast-featured-img":"","footer-sml-layout":"","ast-disable-related-posts":"","theme-transparent-header-meta":"","adv-header-id-meta":"","stick-header-meta":"","header-above-stick-meta":"","header-main-stick-meta":"","header-below-stick-meta":"","astra-migrate-meta-layouts":"set","ast-page-background-enabled":"default","ast-page-background-meta":{"desktop":{"background-color":"var(--ast-global-color-4)","background-image":"","background-repeat":"repeat","background-position":"center center","background-size":"auto","background-attachment":"scroll","background-type":"","background-media":"","overlay-type":"","overlay-color":"","overlay-opacity":"","overlay-gradient":""},"tablet":{"background-color":"","background-image":"","background-repeat":"repeat","background-position":"center center","background-size":"auto","background-attachment":"scroll","background-type":"","background-media":"","overlay-type":"","overlay-color":"","overlay-opacity":"","overlay-gradient":""},"mobile":{"background-color":"","background-image":"","background-repeat":"repeat","background-position":"center center","background-size":"auto","background-attachment":"scroll","background-type":"","background-media":"","overlay-type":"","overlay-color":"","overlay-opacity":"","overlay-gradient":""}},"ast-content-background-meta":{"desktop":{"background-color":"var(--ast-global-color-5)","background-image":"","background-repeat":"repeat","background-position":"center center","background-size":"auto","background-attachment":"scroll","background-type":"","background-media":"","overlay-type":"","overlay-color":"","overlay-opacity":"","overlay-gradient":""},"tablet":{"background-color":"var(--ast-global-color-5)","background-image":"","background-repeat":"repeat","background-position":"center center","background-size":"auto","background-attachment":"scroll","background-type":"","background-media":"","overlay-type":"","overlay-color":"","overlay-opacity":"","overlay-gradient":""},"mobile":{"background-color":"var(--ast-global-color-5)","background-image":"","background-repeat":"repeat","background-position":"center center","background-size":"auto","background-attachment":"scroll","background-type":"","background-media":"","overlay-type":"","overlay-color":"","overlay-opacity":"","overlay-gradient":""}},"footnotes":""},"class_list":["post-1087","page","type-page","status-publish","hentry"],"aioseo_notices":[],"uagb_featured_image_src":{"full":false,"thumbnail":false,"medium":false,"medium_large":false,"large":false,"1536x1536":false,"2048x2048":false,"trp-custom-language-flag":false},"uagb_author_info":{"display_name":"Cristine Korowajczuk","author_link":"https:\/\/celplan.com\/pt\/author\/cris_en\/"},"uagb_comment_info":0,"uagb_excerpt":"CelPlan&#8217;s Wireless Enhancement Solutions offer a comprehensive approach to improving customer experience, increasing network capacity, and reducing both capital and operational expenditures (CAPEX\/OPEX). The company has developed a unique suite of tools specifically designed to optimize 4G and 5G networks, addressing the complex challenges inherent in modern telecommunications infrastructure. By leveraging these advanced tools, network&hellip;","_links":{"self":[{"href":"https:\/\/celplan.com\/pt\/wp-json\/wp\/v2\/pages\/1087","targetHints":{"allow":["GET"]}}],"collection":[{"href":"https:\/\/celplan.com\/pt\/wp-json\/wp\/v2\/pages"}],"about":[{"href":"https:\/\/celplan.com\/pt\/wp-json\/wp\/v2\/types\/page"}],"author":[{"embeddable":true,"href":"https:\/\/celplan.com\/pt\/wp-json\/wp\/v2\/users\/2"}],"replies":[{"embeddable":true,"href":"https:\/\/celplan.com\/pt\/wp-json\/wp\/v2\/comments?post=1087"}],"version-history":[{"count":11,"href":"https:\/\/celplan.com\/pt\/wp-json\/wp\/v2\/pages\/1087\/revisions"}],"predecessor-version":[{"id":2581,"href":"https:\/\/celplan.com\/pt\/wp-json\/wp\/v2\/pages\/1087\/revisions\/2581"}],"wp:attachment":[{"href":"https:\/\/celplan.com\/pt\/wp-json\/wp\/v2\/media?parent=1087"}],"curies":[{"name":"wp","href":"https:\/\/api.w.org\/{rel}","templated":true}]}}