{"id":1088,"date":"2024-07-03T18:31:43","date_gmt":"2024-07-03T18:31:43","guid":{"rendered":"https:\/\/celplan.com\/?page_id=1088"},"modified":"2024-08-18T15:17:25","modified_gmt":"2024-08-18T15:17:25","slug":"custom-software-development","status":"publish","type":"page","link":"https:\/\/celplan.com\/pt\/custom-software-development\/","title":{"rendered":"Desenvolvimento de software personalizado"},"content":{"rendered":"<div class=\"wp-block-uagb-container uagb-block-eghuxq0k alignfull uagb-is-root-container\"><div class=\"uagb-container-inner-blocks-wrap\">\n<div class=\"wp-block-uagb-info-box uagb-block-z9doniw9 uagb-infobox__content-wrap  uagb-infobox-icon-above-title uagb-infobox-image-valign-top\"><div class=\"uagb-ifb-content\"><div class=\"uagb-ifb-title-wrap\"><h1 class=\"uagb-ifb-title\">Desenvolvimento de software personalizado<\/h1><\/div><\/div><\/div>\n<\/div><\/div>\n\n\n\n<div class=\"wp-block-uagb-container uagb-block-eidebwjs alignfull uagb-is-root-container\"><div class=\"uagb-container-inner-blocks-wrap\">\n<div class=\"wp-block-uagb-container uagb-block-ntavs5ha\">\n<div class=\"wp-block-uagb-image alignleft uagb-block-qy2ie9dr wp-block-uagb-image--layout-default wp-block-uagb-image--effect-static wp-block-uagb-image--align-left\"><figure class=\"wp-block-uagb-image__figure\"><img decoding=\"async\" srcset=\"https:\/\/celplan.com\/wp-content\/uploads\/2024\/06\/talents_Prancheta-1_compressed-1024x683.jpg ,https:\/\/celplan.com\/wp-content\/uploads\/2024\/06\/talents_Prancheta-1_compressed-scaled.jpg 780w, https:\/\/celplan.com\/wp-content\/uploads\/2024\/06\/talents_Prancheta-1_compressed-scaled.jpg 360w\" sizes=\"auto, (max-width: 480px) 150px\" src=\"https:\/\/celplan.com\/wp-content\/uploads\/2024\/06\/talents_Prancheta-1_compressed-1024x683.jpg\" alt=\"\" class=\"uag-image-989\" width=\"564\" height=\"400\" title=\"Talento\" loading=\"lazy\" role=\"img\"\/><\/figure><\/div>\n\n\n\n<div class=\"wp-block-uagb-info-box uagb-block-ggyz8qhr uagb-infobox__content-wrap  uagb-infobox-icon-above-title uagb-infobox-image-valign-top\"><div class=\"uagb-ifb-content\"><div class=\"uagb-ifb-title-wrap\"><\/div><p class=\"uagb-ifb-desc\">A ampla experi\u00eancia da CelPlan em lidar com desafios de rede sem fio, juntamente com sua experi\u00eancia no setor e recursos robustos de desenvolvimento de software, posiciona a empresa como uma parceira ideal para criar solu\u00e7\u00f5es personalizadas adaptadas aos requisitos espec\u00edficos do cliente. <br>Our portfolio of custom software solutions encompasses Business Intelligence (BI) platforms, FCC compliance analysis tools, E911 location system design software, and air-to-ground coverage and interference analysis applications.<br><br>Um exemplo not\u00e1vel de nossas ofertas de software personalizado \u00e9 o CellAircraft, uma ferramenta avan\u00e7ada projetada para avalia\u00e7\u00e3o de throughput no downlink de redes ar-terra (ATG). Reconhecendo as \u00e1reas de cobertura expansivas inerentes \u00e0s redes ATG, a CelPlan implementou otimiza\u00e7\u00f5es significativas no CellAircraft, permitindo c\u00e1lculos r\u00e1pidos para implanta\u00e7\u00f5es em larga escala, incluindo projetos de rede em todo o pa\u00eds.<\/p><\/div><\/div>\n<\/div>\n\n\n\n<div class=\"wp-block-uagb-container uagb-block-lxteyfrt\">\n<div class=\"wp-block-uagb-info-box uagb-block-79ijmjmt uagb-infobox__content-wrap  uagb-infobox-icon-above-title uagb-infobox-image-valign-top\"><div class=\"uagb-ifb-content\"><div class=\"uagb-ifb-title-wrap\"><h3 class=\"uagb-ifb-title\">CellAircraft<\/h3><\/div><p class=\"uagb-ifb-desc\">No contexto da escassez de espectro enfrentada pelas redes ATG, a CellAircraft d\u00e1 um pr\u00eamio \u00e0 an\u00e1lise detalhada de interfer\u00eancia. Esse foco permite a utiliza\u00e7\u00e3o maximizada do espectro sem comprometer o desempenho do sistema, uma considera\u00e7\u00e3o cr\u00edtica no cen\u00e1rio de telecomunica\u00e7\u00f5es de hoje.<br><br>O CellAircraft integra-se perfeitamente com algoritmos especificados pelo cliente para prever o rendimento da aeronave, levando em conta fatores de cobertura e interfer\u00eancia. O software aproveita os dados do projeto CelPlanner para layout do local e cobertura esperada, ent\u00e3o calcula indicadores-chave de desempenho, como rendimento, aumento de ru\u00eddo, n\u00edvel de sinal e rela\u00e7\u00e3o sinal-ru\u00eddo (SNR) em uma grade em v\u00e1rias altitudes da aeronave.<\/p><\/div><\/div>\n\n\n\n<div class=\"wp-block-uagb-image alignleft uagb-block-zlzeflwe wp-block-uagb-image--layout-default wp-block-uagb-image--effect-static wp-block-uagb-image--align-left\"><figure class=\"wp-block-uagb-image__figure\"><img decoding=\"async\" srcset=\"https:\/\/celplan.com\/wp-content\/uploads\/2024\/07\/CellAircraft-3.png ,https:\/\/celplan.com\/wp-content\/uploads\/2024\/07\/CellAircraft-3.png 780w, https:\/\/celplan.com\/wp-content\/uploads\/2024\/07\/CellAircraft-3.png 360w\" sizes=\"auto, (max-width: 480px) 150px\" src=\"https:\/\/celplan.com\/wp-content\/uploads\/2024\/07\/CellAircraft-3.png\" alt=\"\" class=\"uag-image-1204\" width=\"564\" height=\"400\" title=\"CellAircraft-3\" loading=\"lazy\" role=\"img\"\/><\/figure><\/div>\n<\/div>\n\n\n\n<div class=\"wp-block-uagb-container uagb-block-ttogtouf\">\n<div class=\"wp-block-uagb-image alignleft uagb-block-n3cxnlie wp-block-uagb-image--layout-default wp-block-uagb-image--effect-static wp-block-uagb-image--align-left\"><figure class=\"wp-block-uagb-image__figure\"><img decoding=\"async\" srcset=\"https:\/\/celplan.com\/wp-content\/uploads\/2024\/07\/aircraft-steering.png ,https:\/\/celplan.com\/wp-content\/uploads\/2024\/07\/aircraft-steering.png 780w, https:\/\/celplan.com\/wp-content\/uploads\/2024\/07\/aircraft-steering.png 360w\" sizes=\"auto, (max-width: 480px) 150px\" src=\"https:\/\/celplan.com\/wp-content\/uploads\/2024\/07\/aircraft-steering.png\" alt=\"\" class=\"uag-image-1806\" width=\"564\" height=\"400\" title=\"aircraft-steering\" loading=\"lazy\" role=\"img\"\/><\/figure><\/div>\n\n\n\n<div class=\"wp-block-uagb-info-box uagb-block-ujtuildy uagb-infobox__content-wrap  uagb-infobox-icon-above-title uagb-infobox-image-valign-top\"><div class=\"uagb-ifb-content\"><div class=\"uagb-ifb-title-wrap\"><\/div><p class=\"uagb-ifb-desc\">Al\u00e9m disso, o CellAircraft incorpora um recurso inovador que auxilia na identifica\u00e7\u00e3o de locais ideais para sites adicionais e simula o impacto desses novos sites na conectividade da aeronave. Essa funcionalidade se mostra inestim\u00e1vel para esfor\u00e7os de expans\u00e3o e otimiza\u00e7\u00e3o de rede.<br><br>Ao oferecer solu\u00e7\u00f5es altamente especializadas e adapt\u00e1veis, a CelPlan demonstra seu comprometimento em abordar os desafios \u00fanicos enfrentados por diferentes setores do setor de comunica\u00e7\u00f5es sem fio, desde redes terrestres at\u00e9 sistemas a\u00e9reos.<\/p><\/div><\/div>\n<\/div>\n<\/div><\/div>","protected":false},"excerpt":{"rendered":"","protected":false},"author":2,"featured_media":0,"parent":0,"menu_order":0,"comment_status":"closed","ping_status":"closed","template":"","meta":{"_uag_custom_page_level_css":"","_monsterinsights_skip_tracking":false,"_monsterinsights_sitenote_active":false,"_monsterinsights_sitenote_note":"","_monsterinsights_sitenote_category":0,"site-sidebar-layout":"no-sidebar","site-content-layout":"","ast-site-content-layout":"full-width-container","site-content-style":"unboxed","site-sidebar-style":"unboxed","ast-global-header-display":"","ast-banner-title-visibility":"","ast-main-header-display":"","ast-hfb-above-header-display":"","ast-hfb-below-header-display":"","ast-hfb-mobile-header-display":"","site-post-title":"disabled","ast-breadcrumbs-content":"","ast-featured-img":"","footer-sml-layout":"","ast-disable-related-posts":"","theme-transparent-header-meta":"","adv-header-id-meta":"","stick-header-meta":"","header-above-stick-meta":"","header-main-stick-meta":"","header-below-stick-meta":"","astra-migrate-meta-layouts":"set","ast-page-background-enabled":"default","ast-page-background-meta":{"desktop":{"background-color":"var(--ast-global-color-4)","background-image":"","background-repeat":"repeat","background-position":"center center","background-size":"auto","background-attachment":"scroll","background-type":"","background-media":"","overlay-type":"","overlay-color":"","overlay-opacity":"","overlay-gradient":""},"tablet":{"background-color":"","background-image":"","background-repeat":"repeat","background-position":"center center","background-size":"auto","background-attachment":"scroll","background-type":"","background-media":"","overlay-type":"","overlay-color":"","overlay-opacity":"","overlay-gradient":""},"mobile":{"background-color":"","background-image":"","background-repeat":"repeat","background-position":"center center","background-size":"auto","background-attachment":"scroll","background-type":"","background-media":"","overlay-type":"","overlay-color":"","overlay-opacity":"","overlay-gradient":""}},"ast-content-background-meta":{"desktop":{"background-color":"var(--ast-global-color-5)","background-image":"","background-repeat":"repeat","background-position":"center center","background-size":"auto","background-attachment":"scroll","background-type":"","background-media":"","overlay-type":"","overlay-color":"","overlay-opacity":"","overlay-gradient":""},"tablet":{"background-color":"var(--ast-global-color-5)","background-image":"","background-repeat":"repeat","background-position":"center center","background-size":"auto","background-attachment":"scroll","background-type":"","background-media":"","overlay-type":"","overlay-color":"","overlay-opacity":"","overlay-gradient":""},"mobile":{"background-color":"var(--ast-global-color-5)","background-image":"","background-repeat":"repeat","background-position":"center center","background-size":"auto","background-attachment":"scroll","background-type":"","background-media":"","overlay-type":"","overlay-color":"","overlay-opacity":"","overlay-gradient":""}},"footnotes":""},"class_list":["post-1088","page","type-page","status-publish","hentry"],"aioseo_notices":[],"uagb_featured_image_src":{"full":false,"thumbnail":false,"medium":false,"medium_large":false,"large":false,"1536x1536":false,"2048x2048":false,"trp-custom-language-flag":false},"uagb_author_info":{"display_name":"Cristine Korowajczuk","author_link":"https:\/\/celplan.com\/pt\/author\/cris_en\/"},"uagb_comment_info":0,"uagb_excerpt":null,"_links":{"self":[{"href":"https:\/\/celplan.com\/pt\/wp-json\/wp\/v2\/pages\/1088","targetHints":{"allow":["GET"]}}],"collection":[{"href":"https:\/\/celplan.com\/pt\/wp-json\/wp\/v2\/pages"}],"about":[{"href":"https:\/\/celplan.com\/pt\/wp-json\/wp\/v2\/types\/page"}],"author":[{"embeddable":true,"href":"https:\/\/celplan.com\/pt\/wp-json\/wp\/v2\/users\/2"}],"replies":[{"embeddable":true,"href":"https:\/\/celplan.com\/pt\/wp-json\/wp\/v2\/comments?post=1088"}],"version-history":[{"count":6,"href":"https:\/\/celplan.com\/pt\/wp-json\/wp\/v2\/pages\/1088\/revisions"}],"predecessor-version":[{"id":2585,"href":"https:\/\/celplan.com\/pt\/wp-json\/wp\/v2\/pages\/1088\/revisions\/2585"}],"wp:attachment":[{"href":"https:\/\/celplan.com\/pt\/wp-json\/wp\/v2\/media?parent=1088"}],"curies":[{"name":"wp","href":"https:\/\/api.w.org\/{rel}","templated":true}]}}