{"id":1089,"date":"2024-07-03T18:31:43","date_gmt":"2024-07-03T18:31:43","guid":{"rendered":"https:\/\/celplan.com\/?page_id=1089"},"modified":"2024-07-26T20:22:21","modified_gmt":"2024-07-26T20:22:21","slug":"turnkey_network_deployments","status":"publish","type":"page","link":"https:\/\/celplan.com\/pt\/turnkey_network_deployments\/","title":{"rendered":"Implanta\u00e7\u00f5es de rede Turnkey"},"content":{"rendered":"<div class=\"wp-block-uagb-container uagb-block-eghuxq0k alignfull uagb-is-root-container\"><div class=\"uagb-container-inner-blocks-wrap\">\n<div class=\"wp-block-uagb-info-box uagb-block-z9doniw9 uagb-infobox__content-wrap  uagb-infobox-icon-above-title uagb-infobox-image-valign-top\"><div class=\"uagb-ifb-content\"><div class=\"uagb-ifb-title-wrap\"><h1 class=\"uagb-ifb-title\">Implanta\u00e7\u00f5es de rede Turnkey<\/h1><\/div><\/div><\/div>\n<\/div><\/div>\n\n\n\n<div class=\"wp-block-uagb-container uagb-block-eidebwjs alignfull uagb-is-root-container\"><div class=\"uagb-container-inner-blocks-wrap\">\n<div class=\"wp-block-uagb-container uagb-block-ntavs5ha\">\n<div class=\"wp-block-uagb-image alignleft uagb-block-qy2ie9dr wp-block-uagb-image--layout-default wp-block-uagb-image--effect-static wp-block-uagb-image--align-left\"><figure class=\"wp-block-uagb-image__figure\"><img decoding=\"async\" srcset=\"https:\/\/celplan.com\/wp-content\/uploads\/2024\/07\/video-surveillance-2-1024x681.jpg ,https:\/\/celplan.com\/wp-content\/uploads\/2024\/07\/video-surveillance-2-scaled.jpg 780w, https:\/\/celplan.com\/wp-content\/uploads\/2024\/07\/video-surveillance-2-scaled.jpg 360w\" sizes=\"auto, (max-width: 480px) 150px\" src=\"https:\/\/celplan.com\/wp-content\/uploads\/2024\/07\/video-surveillance-2-1024x681.jpg\" alt=\"\" class=\"uag-image-1956\" width=\"564\" height=\"400\" title=\"CCTV Camera or surveillance operating on street and building at\" loading=\"lazy\" role=\"img\"\/><\/figure><\/div>\n\n\n\n<div class=\"wp-block-uagb-info-box uagb-block-ggyz8qhr uagb-infobox__content-wrap  uagb-infobox-icon-above-title uagb-infobox-image-valign-top\"><div class=\"uagb-ifb-content\"><div class=\"uagb-ifb-title-wrap\"><\/div><p class=\"uagb-ifb-desc\">A CelPlan oferece solu\u00e7\u00f5es abrangentes de implanta\u00e7\u00e3o prontas para uso para organiza\u00e7\u00f5es que priorizam suas atividades comerciais principais. Nosso servi\u00e7o abrangente inclui avalia\u00e7\u00e3o das necessidades do cliente, projeto de rede, aquisi\u00e7\u00e3o, implementa\u00e7\u00e3o, testes e treinamento de usu\u00e1rios.<br><br>Tamb\u00e9m fornecemos servi\u00e7os de gerenciamento de projetos para implanta\u00e7\u00f5es de redes complexas envolvendo v\u00e1rios prestadores de servi\u00e7os, reconfigura\u00e7\u00e3o de links de micro-ondas para aumentar a capacidade e servi\u00e7os gerenciados para opera\u00e7\u00f5es de rede complexas.<br><br>Nossos servi\u00e7os de manuten\u00e7\u00e3o empregam tecnologia avan\u00e7ada para monitorar remotamente o desempenho da rede em sistemas de v\u00eddeo, TI e comunica\u00e7\u00f5es. Essa abordagem nos permite detectar n\u00e3o apenas falhas, mas tamb\u00e9m degrada\u00e7\u00e3o de desempenho, facilitando a manuten\u00e7\u00e3o proativa. A CelPlan recruta e treina pessoal local, supervisionando equipes remotas para garantir uma presta\u00e7\u00e3o de servi\u00e7os eficiente.<\/p><\/div><\/div>\n<\/div>\n\n\n\n<div class=\"wp-block-uagb-container uagb-block-lxteyfrt\">\n<div class=\"wp-block-uagb-info-box uagb-block-79ijmjmt uagb-infobox__content-wrap  uagb-infobox-icon-above-title uagb-infobox-image-valign-top\"><div class=\"uagb-ifb-content\"><div class=\"uagb-ifb-title-wrap\"><\/div><p class=\"uagb-ifb-desc\">Ao longo dos anos, a CelPlan desenvolveu uma metodologia altamente eficaz para implementa\u00e7\u00e3o de projetos como Sistemas de C\u00e2meras em Postes de Seguran\u00e7a P\u00fablica. Nossa abordagem de projeto est\u00e1 focada principalmente em fornecer solu\u00e7\u00f5es que atendam \u00e0s necessidades dos clientes da maneira mais eficiente e eficaz poss\u00edvel.<br><br>Acreditamos firmemente em um processo completo de revis\u00e3o de projeto. Para garantir que compreendemos totalmente os requisitos de vigil\u00e2ncia dos nossos clientes, iniciamos o projeto com reuni\u00f5es iniciais onde os requisitos s\u00e3o trocados, analisados \u200b\u200be compreendidos por todas as partes interessadas. Tamb\u00e9m realizamos visitas conjuntas ao local para analisar os requisitos de vigil\u00e2ncia e as instala\u00e7\u00f5es de implanta\u00e7\u00e3o.<br><br>Throughout the project lifecycle, we schedule weekly meetings between CelPlan\u2019s implementation team and the client\u2019s designated Points of Contact (POCs) to closely monitor project status. A comprehensive field survey is conducted to verify the suitability of the preliminary design and to gather detailed information for each site involved.<\/p><\/div><\/div>\n\n\n\n<div class=\"wp-block-uagb-image alignleft uagb-block-zlzeflwe wp-block-uagb-image--layout-default wp-block-uagb-image--effect-static wp-block-uagb-image--align-left\"><figure class=\"wp-block-uagb-image__figure\"><img decoding=\"async\" srcset=\"https:\/\/celplan.com\/wp-content\/uploads\/2024\/07\/police-officer-video-wall-operator-post-1-1024x683.jpg ,https:\/\/celplan.com\/wp-content\/uploads\/2024\/07\/police-officer-video-wall-operator-post-1.jpg 780w, https:\/\/celplan.com\/wp-content\/uploads\/2024\/07\/police-officer-video-wall-operator-post-1.jpg 360w\" sizes=\"auto, (max-width: 480px) 150px\" src=\"https:\/\/celplan.com\/wp-content\/uploads\/2024\/07\/police-officer-video-wall-operator-post-1-1024x683.jpg\" alt=\"\" class=\"uag-image-1957\" width=\"564\" height=\"400\" title=\"Video wall\" loading=\"lazy\" role=\"img\"\/><\/figure><\/div>\n<\/div>\n\n\n\n<div class=\"wp-block-uagb-container uagb-block-ttogtouf\">\n<div class=\"wp-block-uagb-image alignleft uagb-block-n3cxnlie wp-block-uagb-image--layout-default wp-block-uagb-image--effect-static wp-block-uagb-image--align-left\"><figure class=\"wp-block-uagb-image__figure\"><img decoding=\"async\" srcset=\"https:\/\/celplan.com\/wp-content\/uploads\/2024\/07\/fiber-1mb-1024x683.jpg ,https:\/\/celplan.com\/wp-content\/uploads\/2024\/07\/fiber-1mb-scaled.jpg 780w, https:\/\/celplan.com\/wp-content\/uploads\/2024\/07\/fiber-1mb-scaled.jpg 360w\" sizes=\"auto, (max-width: 480px) 150px\" src=\"https:\/\/celplan.com\/wp-content\/uploads\/2024\/07\/fiber-1mb-1024x683.jpg\" alt=\"\" class=\"uag-image-1743\" width=\"564\" height=\"400\" title=\"Fiber optic\" loading=\"lazy\" role=\"img\"\/><\/figure><\/div>\n\n\n\n<div class=\"wp-block-uagb-info-box uagb-block-ujtuildy uagb-infobox__content-wrap  uagb-infobox-icon-above-title uagb-infobox-image-valign-top\"><div class=\"uagb-ifb-content\"><div class=\"uagb-ifb-title-wrap\"><\/div><p class=\"uagb-ifb-desc\">A fase subsequente de planejamento e design envolve o detalhamento do escopo do projeto e a finaliza\u00e7\u00e3o dos designs em colabora\u00e7\u00e3o com o departamento de TI do cliente. Isso inclui definir a sele\u00e7\u00e3o de c\u00e2meras, projeto de rede com\/sem fio e planejamento de IP. Ap\u00f3s a aprova\u00e7\u00e3o dos projetos pelo cliente, iniciamos a fase de planejamento, que envolve dimensionar todos os aspectos das etapas de implementa\u00e7\u00e3o, determinar sequ\u00eancias de tarefas, coordenar a log\u00edstica e alocar recursos.<br><br>Segue-se a fase de execu\u00e7\u00e3o, que abrange aquisi\u00e7\u00e3o de materiais, gest\u00e3o de estoque, prepara\u00e7\u00e3o e configura\u00e7\u00e3o de equipamentos, instala\u00e7\u00e3o de componentes de c\u00e2meras e r\u00e1dio e implementa\u00e7\u00e3o sistem\u00e1tica de todas as funcionalidades.<br>Ap\u00f3s a conclus\u00e3o de cada implanta\u00e7\u00e3o, a CelPlan fornece um Plano de Teste de Aceita\u00e7\u00e3o do Cliente. Realizamos testes completos em cada local antes da entrega, minimizando o esfor\u00e7o e o tempo do cliente. Ap\u00f3s a aceita\u00e7\u00e3o, fornecemos diagramas abrangentes de rede\/sistema e planos IP de equipamentos.<br><br>Durante a fase de manuten\u00e7\u00e3o e suporte, a equipe de suporte da CelPlan permanece acess\u00edvel para solucionar quaisquer problemas do cliente. Al\u00e9m disso, realizamos monitoramento proativo semanalmente. Nossa equipe de suporte est\u00e1 preparada para responder remotamente ou no local para investigar e resolver poss\u00edveis problemas.<\/p><\/div><\/div>\n<\/div>\n\n\n\n<p>A sele\u00e7\u00e3o da tecnologia apropriada \u00e9 crucial para a efic\u00e1cia da rede. A vasta experi\u00eancia da CelPlan e a abordagem neutra em rela\u00e7\u00e3o a fornecedores nos permitem orient\u00e1-lo na escolha da solu\u00e7\u00e3o ideal, adaptada \u00e0s suas necessidades espec\u00edficas. Nosso objetivo \u00e9 garantir que a rede implementada se alinhe perfeitamente com suas necessidades operacionais e objetivos organizacionais.<br><\/p>\n<\/div><\/div>","protected":false},"excerpt":{"rendered":"<p>A sele\u00e7\u00e3o da tecnologia apropriada \u00e9 crucial para a efic\u00e1cia da rede. A vasta experi\u00eancia da CelPlan e a abordagem neutra em rela\u00e7\u00e3o a fornecedores nos permitem orient\u00e1-lo na escolha da solu\u00e7\u00e3o ideal, adaptada \u00e0s suas necessidades espec\u00edficas. Nosso objetivo \u00e9 garantir que a rede implementada se alinhe perfeitamente com suas necessidades operacionais e objetivos organizacionais.<\/p>","protected":false},"author":2,"featured_media":0,"parent":0,"menu_order":0,"comment_status":"closed","ping_status":"closed","template":"","meta":{"_uag_custom_page_level_css":"","_monsterinsights_skip_tracking":false,"_monsterinsights_sitenote_active":false,"_monsterinsights_sitenote_note":"","_monsterinsights_sitenote_category":0,"site-sidebar-layout":"no-sidebar","site-content-layout":"","ast-site-content-layout":"full-width-container","site-content-style":"unboxed","site-sidebar-style":"unboxed","ast-global-header-display":"","ast-banner-title-visibility":"","ast-main-header-display":"","ast-hfb-above-header-display":"","ast-hfb-below-header-display":"","ast-hfb-mobile-header-display":"","site-post-title":"disabled","ast-breadcrumbs-content":"","ast-featured-img":"","footer-sml-layout":"","ast-disable-related-posts":"","theme-transparent-header-meta":"","adv-header-id-meta":"","stick-header-meta":"","header-above-stick-meta":"","header-main-stick-meta":"","header-below-stick-meta":"","astra-migrate-meta-layouts":"set","ast-page-background-enabled":"default","ast-page-background-meta":{"desktop":{"background-color":"var(--ast-global-color-4)","background-image":"","background-repeat":"repeat","background-position":"center center","background-size":"auto","background-attachment":"scroll","background-type":"","background-media":"","overlay-type":"","overlay-color":"","overlay-opacity":"","overlay-gradient":""},"tablet":{"background-color":"","background-image":"","background-repeat":"repeat","background-position":"center center","background-size":"auto","background-attachment":"scroll","background-type":"","background-media":"","overlay-type":"","overlay-color":"","overlay-opacity":"","overlay-gradient":""},"mobile":{"background-color":"","background-image":"","background-repeat":"repeat","background-position":"center center","background-size":"auto","background-attachment":"scroll","background-type":"","background-media":"","overlay-type":"","overlay-color":"","overlay-opacity":"","overlay-gradient":""}},"ast-content-background-meta":{"desktop":{"background-color":"var(--ast-global-color-5)","background-image":"","background-repeat":"repeat","background-position":"center center","background-size":"auto","background-attachment":"scroll","background-type":"","background-media":"","overlay-type":"","overlay-color":"","overlay-opacity":"","overlay-gradient":""},"tablet":{"background-color":"var(--ast-global-color-5)","background-image":"","background-repeat":"repeat","background-position":"center center","background-size":"auto","background-attachment":"scroll","background-type":"","background-media":"","overlay-type":"","overlay-color":"","overlay-opacity":"","overlay-gradient":""},"mobile":{"background-color":"var(--ast-global-color-5)","background-image":"","background-repeat":"repeat","background-position":"center center","background-size":"auto","background-attachment":"scroll","background-type":"","background-media":"","overlay-type":"","overlay-color":"","overlay-opacity":"","overlay-gradient":""}},"footnotes":""},"class_list":["post-1089","page","type-page","status-publish","hentry"],"aioseo_notices":[],"uagb_featured_image_src":{"full":false,"thumbnail":false,"medium":false,"medium_large":false,"large":false,"1536x1536":false,"2048x2048":false,"trp-custom-language-flag":false},"uagb_author_info":{"display_name":"Cristine Korowajczuk","author_link":"https:\/\/celplan.com\/pt\/author\/cris_en\/"},"uagb_comment_info":0,"uagb_excerpt":"The selection of appropriate technology is crucial for network efficacy. CelPlan&#8217;s extensive experience and vendor-neutral approach enable us to guide you in choosing the optimal solution tailored to your specific requirements. Our objective is to ensure that the implemented network aligns perfectly with your operational needs and organizational goals.","_links":{"self":[{"href":"https:\/\/celplan.com\/pt\/wp-json\/wp\/v2\/pages\/1089","targetHints":{"allow":["GET"]}}],"collection":[{"href":"https:\/\/celplan.com\/pt\/wp-json\/wp\/v2\/pages"}],"about":[{"href":"https:\/\/celplan.com\/pt\/wp-json\/wp\/v2\/types\/page"}],"author":[{"embeddable":true,"href":"https:\/\/celplan.com\/pt\/wp-json\/wp\/v2\/users\/2"}],"replies":[{"embeddable":true,"href":"https:\/\/celplan.com\/pt\/wp-json\/wp\/v2\/comments?post=1089"}],"version-history":[{"count":5,"href":"https:\/\/celplan.com\/pt\/wp-json\/wp\/v2\/pages\/1089\/revisions"}],"predecessor-version":[{"id":1959,"href":"https:\/\/celplan.com\/pt\/wp-json\/wp\/v2\/pages\/1089\/revisions\/1959"}],"wp:attachment":[{"href":"https:\/\/celplan.com\/pt\/wp-json\/wp\/v2\/media?parent=1089"}],"curies":[{"name":"wp","href":"https:\/\/api.w.org\/{rel}","templated":true}]}}