{"id":1090,"date":"2024-07-03T18:31:43","date_gmt":"2024-07-03T18:31:43","guid":{"rendered":"https:\/\/celplan.com\/?page_id=1090"},"modified":"2024-08-01T15:38:32","modified_gmt":"2024-08-01T15:38:32","slug":"ict_engineering_consulting","status":"publish","type":"page","link":"https:\/\/celplan.com\/pt\/ict_engineering_consulting\/","title":{"rendered":"ICT Engineering and Consulting"},"content":{"rendered":"<div class=\"wp-block-uagb-container uagb-block-eghuxq0k alignfull uagb-is-root-container\"><div class=\"uagb-container-inner-blocks-wrap\">\n<div class=\"wp-block-uagb-info-box uagb-block-z9doniw9 uagb-infobox__content-wrap  uagb-infobox-icon-above-title uagb-infobox-image-valign-top\"><div class=\"uagb-ifb-content\"><div class=\"uagb-ifb-title-wrap\"><h1 class=\"uagb-ifb-title\">Engenharia e Consultoria em TIC<\/h1><\/div><\/div><\/div>\n<\/div><\/div>\n\n\n\n<blockquote class=\"wp-block-quote is-layout-flow wp-block-quote-is-layout-flow\">\n<p><\/p>\n\n\n\n<p>A CelPlan oferece um conjunto abrangente de servi\u00e7os de consultoria e engenharia de telecomunica\u00e7\u00f5es, abrangendo todos os aspectos das tecnologias de comunica\u00e7\u00e3o e informa\u00e7\u00e3o.<\/p>\n<\/blockquote>\n\n\n\n<div class=\"wp-block-uagb-container uagb-block-eidebwjs alignfull uagb-is-root-container\"><div class=\"uagb-container-inner-blocks-wrap\">\n<div class=\"wp-block-uagb-container uagb-block-ntavs5ha\">\n<div class=\"wp-block-uagb-image aligncenter uagb-block-qy2ie9dr wp-block-uagb-image--layout-default wp-block-uagb-image--effect-static wp-block-uagb-image--align-center alignleft\"><figure class=\"wp-block-uagb-image__figure\"><img decoding=\"async\" srcset=\"https:\/\/celplan.com\/wp-content\/uploads\/2024\/07\/servers-1mb-1024x561.jpg ,https:\/\/celplan.com\/wp-content\/uploads\/2024\/07\/servers-1mb-scaled.jpg 780w, https:\/\/celplan.com\/wp-content\/uploads\/2024\/07\/servers-1mb-scaled.jpg 360w\" sizes=\"auto, (max-width: 480px) 150px\" src=\"https:\/\/celplan.com\/wp-content\/uploads\/2024\/07\/servers-1mb-1024x561.jpg\" alt=\"\" class=\"uag-image-1744\" width=\"564\" height=\"400\" title=\"Datacenter\" loading=\"lazy\" role=\"img\"\/><\/figure><\/div>\n\n\n\n<div class=\"wp-block-uagb-container uagb-block-1c719954\">\n<div class=\"wp-block-uagb-info-box uagb-block-ggyz8qhr uagb-infobox__content-wrap  uagb-infobox-icon-above-title uagb-infobox-image-valign-top\"><div class=\"uagb-ifb-content\"><div class=\"uagb-ifb-title-wrap\"><h3 class=\"uagb-ifb-title\">Consultoria em Tecnologia da Informa\u00e7\u00e3o e Comunica\u00e7\u00e3o (TIC)<\/h3><\/div><p class=\"uagb-ifb-desc\">A equipe da CelPlan possui uma combina\u00e7\u00e3o \u00fanica de expertise e parcerias de longa data na ind\u00fastria, permitindo uma compreens\u00e3o hol\u00edstica do cen\u00e1rio de ICT. Isso nos permite propor solu\u00e7\u00f5es que v\u00e3o al\u00e9m do design de rede convencional.<br><br>Nosso portf\u00f3lio de servi\u00e7os inclui:<\/p><\/div><\/div>\n\n\n\n<ul class=\"wp-block-list\">\n<li>An\u00e1lise de modelo de neg\u00f3cios de TIC: auxiliamos clientes na avalia\u00e7\u00e3o e otimiza\u00e7\u00e3o de seus modelos de neg\u00f3cios de TIC, incluindo estrat\u00e9gias de compartilhamento de infraestrutura e dimensionamento de data center.<\/li>\n\n\n\n<li>Estrat\u00e9gias de expans\u00e3o de rede: a CelPlan realiza an\u00e1lises de custo-benef\u00edcio para extens\u00f5es de rede, comparando solu\u00e7\u00f5es de fibra \u00f3ptica e sem fio.<\/li>\n<\/ul>\n<\/div>\n<\/div>\n\n\n\n<div class=\"wp-block-uagb-container uagb-block-lxteyfrt\">\n<div class=\"wp-block-uagb-container uagb-block-19a51665\">\n<ul class=\"wp-block-list\">\n<li>Avalia\u00e7\u00e3o abrangente de arquitetura e infraestrutura de TIC: avaliamos fun\u00e7\u00f5es administrativas, t\u00e9cnicas, de gest\u00e3o e operacionais em toda a empresa, fornecendo recomenda\u00e7\u00f5es para:\n<ul class=\"wp-block-list\">\n<li>Melhorias na arquitetura e infraestrutura<\/li>\n\n\n\n<li>Otimiza\u00e7\u00e3o de sistemas de comunica\u00e7\u00e3o<\/li>\n\n\n\n<li>Solu\u00e7\u00f5es de gerenciamento de data center e banco de dados<\/li>\n\n\n\n<li>Expans\u00e3o da capacidade de armazenamento de dados<\/li>\n\n\n\n<li>Considera\u00e7\u00f5es sobre virtualiza\u00e7\u00e3o de servidor e hardware f\u00edsico<\/li>\n\n\n\n<li>Plataformas e sistemas operacionais<\/li>\n\n\n\n<li>Sistemas computacionais baseados em nuvem<\/li>\n\n\n\n<li>Tecnologias auxiliares de TIC<\/li>\n<\/ul>\n<\/li>\n\n\n\n<li>Sistemas de Comunica\u00e7\u00e3o e An\u00e1lise de Rede: A CelPlan realiza avalia\u00e7\u00f5es t\u00e9cnicas de v\u00e1rios tipos de rede, incluindo:\n<ul class=\"wp-block-list\">\n<li>Redes locais (LAN) e redes locais sem fio (WLAN)<\/li>\n\n\n\n<li>Redes de Internet e intranet<\/li>\n\n\n\n<li>Sistemas Wi-Fi<\/li>\n\n\n\n<li>Redes de fibra \u00f3ptica<\/li>\n\n\n\n<li>Redes sem fio<\/li>\n\n\n\n<li>Plataformas e sistemas operacionais<\/li>\n\n\n\n<li>Sistemas de comunica\u00e7\u00e3o de backup<\/li>\n\n\n\n<li>Wide Area Networks (WAN)<\/li>\n\n\n\n<li>Redes m\u00f3veis<\/li>\n<\/ul>\n<\/li>\n<\/ul>\n<\/div>\n\n\n\n<div class=\"wp-block-uagb-image aligncenter uagb-block-zlzeflwe wp-block-uagb-image--layout-default wp-block-uagb-image--effect-static wp-block-uagb-image--align-center alignleft\"><figure class=\"wp-block-uagb-image__figure\"><img decoding=\"async\" srcset=\"https:\/\/celplan.com\/wp-content\/uploads\/2024\/07\/consultant-cloud-1024x683.jpg ,https:\/\/celplan.com\/wp-content\/uploads\/2024\/07\/consultant-cloud-scaled.jpg 780w, https:\/\/celplan.com\/wp-content\/uploads\/2024\/07\/consultant-cloud-scaled.jpg 360w\" sizes=\"auto, (max-width: 480px) 150px\" src=\"https:\/\/celplan.com\/wp-content\/uploads\/2024\/07\/consultant-cloud-1024x683.jpg\" alt=\"\" class=\"uag-image-1935\" width=\"564\" height=\"400\" title=\"Consulting\" loading=\"lazy\" role=\"img\"\/><\/figure><\/div>\n<\/div>\n\n\n\n<div class=\"wp-block-uagb-container uagb-block-ttogtouf\">\n<div class=\"wp-block-uagb-image aligncenter uagb-block-n3cxnlie wp-block-uagb-image--layout-default wp-block-uagb-image--effect-static wp-block-uagb-image--align-center alignleft\"><figure class=\"wp-block-uagb-image__figure\"><img decoding=\"async\" srcset=\"https:\/\/celplan.com\/wp-content\/uploads\/2024\/07\/datacenter-cables-1024x576.jpg ,https:\/\/celplan.com\/wp-content\/uploads\/2024\/07\/datacenter-cables-scaled.jpg 780w, https:\/\/celplan.com\/wp-content\/uploads\/2024\/07\/datacenter-cables-scaled.jpg 360w\" sizes=\"auto, (max-width: 480px) 150px\" src=\"https:\/\/celplan.com\/wp-content\/uploads\/2024\/07\/datacenter-cables-1024x576.jpg\" alt=\"\" class=\"uag-image-1936\" width=\"564\" height=\"400\" title=\"Network,Equipment.\" loading=\"lazy\" role=\"img\"\/><\/figure><\/div>\n\n\n\n<ul class=\"wp-block-list\">\n<li>Otimiza\u00e7\u00e3o de Data Center e Infraestrutura de TI: Analisamos e recomendamos melhorias para:\n<ul class=\"wp-block-list\">\n<li>Sistemas e redes de comunica\u00e7\u00e3o em data centers<\/li>\n\n\n\n<li>Utiliza\u00e7\u00e3o de ativos e efici\u00eancia de custos<\/li>\n\n\n\n<li>Estrat\u00e9gias de compartilhamento de data center<\/li>\n\n\n\n<li>Solu\u00e7\u00f5es de hardware e software<\/li>\n\n\n\n<li>Sistemas de gest\u00e3o<\/li>\n\n\n\n<li>Sistemas de energia de reserva<\/li>\n<\/ul>\n<\/li>\n\n\n\n<li>Previs\u00e3o de demanda e planejamento de capacidade: a CelPlan estima a demanda de servi\u00e7os e clientes em toda a empresa, recomendando solu\u00e7\u00f5es de TIC e sistemas suplementares para atender \u00e0s necessidades previstas.<\/li>\n\n\n\n<li>Advanced Technology Integration: We provide recommendations for operational efficiency improvements through the implementation of big data analytics, artificial intelligence (AI), machine learning (ML), Internet of Things (IoT), cloud computing, and virtual solutions.<\/li>\n<\/ul>\n<\/div>\n<\/div><\/div>","protected":false},"excerpt":{"rendered":"<p>A CelPlan oferece um conjunto abrangente de servi\u00e7os de consultoria e engenharia de telecomunica\u00e7\u00f5es, abrangendo todos os aspectos das tecnologias de comunica\u00e7\u00e3o e informa\u00e7\u00e3o.<\/p>","protected":false},"author":2,"featured_media":0,"parent":0,"menu_order":0,"comment_status":"closed","ping_status":"closed","template":"","meta":{"_uag_custom_page_level_css":"","_monsterinsights_skip_tracking":false,"_monsterinsights_sitenote_active":false,"_monsterinsights_sitenote_note":"","_monsterinsights_sitenote_category":0,"site-sidebar-layout":"no-sidebar","site-content-layout":"","ast-site-content-layout":"full-width-container","site-content-style":"unboxed","site-sidebar-style":"unboxed","ast-global-header-display":"","ast-banner-title-visibility":"","ast-main-header-display":"","ast-hfb-above-header-display":"","ast-hfb-below-header-display":"","ast-hfb-mobile-header-display":"","site-post-title":"disabled","ast-breadcrumbs-content":"","ast-featured-img":"","footer-sml-layout":"","ast-disable-related-posts":"","theme-transparent-header-meta":"","adv-header-id-meta":"","stick-header-meta":"","header-above-stick-meta":"","header-main-stick-meta":"","header-below-stick-meta":"","astra-migrate-meta-layouts":"set","ast-page-background-enabled":"default","ast-page-background-meta":{"desktop":{"background-color":"var(--ast-global-color-4)","background-image":"","background-repeat":"repeat","background-position":"center center","background-size":"auto","background-attachment":"scroll","background-type":"","background-media":"","overlay-type":"","overlay-color":"","overlay-opacity":"","overlay-gradient":""},"tablet":{"background-color":"","background-image":"","background-repeat":"repeat","background-position":"center center","background-size":"auto","background-attachment":"scroll","background-type":"","background-media":"","overlay-type":"","overlay-color":"","overlay-opacity":"","overlay-gradient":""},"mobile":{"background-color":"","background-image":"","background-repeat":"repeat","background-position":"center center","background-size":"auto","background-attachment":"scroll","background-type":"","background-media":"","overlay-type":"","overlay-color":"","overlay-opacity":"","overlay-gradient":""}},"ast-content-background-meta":{"desktop":{"background-color":"var(--ast-global-color-5)","background-image":"","background-repeat":"repeat","background-position":"center center","background-size":"auto","background-attachment":"scroll","background-type":"","background-media":"","overlay-type":"","overlay-color":"","overlay-opacity":"","overlay-gradient":""},"tablet":{"background-color":"var(--ast-global-color-5)","background-image":"","background-repeat":"repeat","background-position":"center center","background-size":"auto","background-attachment":"scroll","background-type":"","background-media":"","overlay-type":"","overlay-color":"","overlay-opacity":"","overlay-gradient":""},"mobile":{"background-color":"var(--ast-global-color-5)","background-image":"","background-repeat":"repeat","background-position":"center center","background-size":"auto","background-attachment":"scroll","background-type":"","background-media":"","overlay-type":"","overlay-color":"","overlay-opacity":"","overlay-gradient":""}},"footnotes":""},"class_list":["post-1090","page","type-page","status-publish","hentry"],"aioseo_notices":[],"uagb_featured_image_src":{"full":false,"thumbnail":false,"medium":false,"medium_large":false,"large":false,"1536x1536":false,"2048x2048":false,"trp-custom-language-flag":false},"uagb_author_info":{"display_name":"Cristine Korowajczuk","author_link":"https:\/\/celplan.com\/pt\/author\/cris_en\/"},"uagb_comment_info":0,"uagb_excerpt":"CelPlan offers a comprehensive suite of Telecommunication Engineering and Consulting Services, encompassing all aspects of communication and information technologies.","_links":{"self":[{"href":"https:\/\/celplan.com\/pt\/wp-json\/wp\/v2\/pages\/1090","targetHints":{"allow":["GET"]}}],"collection":[{"href":"https:\/\/celplan.com\/pt\/wp-json\/wp\/v2\/pages"}],"about":[{"href":"https:\/\/celplan.com\/pt\/wp-json\/wp\/v2\/types\/page"}],"author":[{"embeddable":true,"href":"https:\/\/celplan.com\/pt\/wp-json\/wp\/v2\/users\/2"}],"replies":[{"embeddable":true,"href":"https:\/\/celplan.com\/pt\/wp-json\/wp\/v2\/comments?post=1090"}],"version-history":[{"count":14,"href":"https:\/\/celplan.com\/pt\/wp-json\/wp\/v2\/pages\/1090\/revisions"}],"predecessor-version":[{"id":2370,"href":"https:\/\/celplan.com\/pt\/wp-json\/wp\/v2\/pages\/1090\/revisions\/2370"}],"wp:attachment":[{"href":"https:\/\/celplan.com\/pt\/wp-json\/wp\/v2\/media?parent=1090"}],"curies":[{"name":"wp","href":"https:\/\/api.w.org\/{rel}","templated":true}]}}