{"id":1091,"date":"2024-07-03T18:31:43","date_gmt":"2024-07-03T18:31:43","guid":{"rendered":"https:\/\/celplan.com\/?page_id=1091"},"modified":"2024-08-18T15:38:50","modified_gmt":"2024-08-18T15:38:50","slug":"field_services","status":"publish","type":"page","link":"https:\/\/celplan.com\/pt\/field_services\/","title":{"rendered":"Servi\u00e7os de Campo"},"content":{"rendered":"<div class=\"wp-block-uagb-container uagb-block-eghuxq0k alignfull uagb-is-root-container\"><div class=\"uagb-container-inner-blocks-wrap\">\n<div class=\"wp-block-uagb-info-box uagb-block-z9doniw9 uagb-infobox__content-wrap  uagb-infobox-icon-above-title uagb-infobox-image-valign-top\"><div class=\"uagb-ifb-content\"><div class=\"uagb-ifb-title-wrap\"><h1 class=\"uagb-ifb-title\">Servi\u00e7os de Campo<\/h1><\/div><\/div><\/div>\n<\/div><\/div>\n\n\n\n<div class=\"wp-block-uagb-container uagb-block-eidebwjs alignfull uagb-is-root-container\"><div class=\"uagb-container-inner-blocks-wrap\">\n<div class=\"wp-block-uagb-container uagb-block-ntavs5ha\">\n<div class=\"wp-block-uagb-image aligncenter uagb-block-qy2ie9dr wp-block-uagb-image--layout-default wp-block-uagb-image--effect-static wp-block-uagb-image--align-center alignleft\"><figure class=\"wp-block-uagb-image__figure\"><img decoding=\"async\" srcset=\"https:\/\/celplan.com\/wp-content\/uploads\/2024\/07\/measuring-5G-1024x683.jpg ,https:\/\/celplan.com\/wp-content\/uploads\/2024\/07\/measuring-5G-scaled.jpg 780w, https:\/\/celplan.com\/wp-content\/uploads\/2024\/07\/measuring-5G-scaled.jpg 360w\" sizes=\"auto, (max-width: 480px) 150px\" src=\"https:\/\/celplan.com\/wp-content\/uploads\/2024\/07\/measuring-5G-1024x683.jpg\" alt=\"\" class=\"uag-image-1924\" width=\"564\" height=\"400\" title=\"5G\" loading=\"lazy\" role=\"img\"\/><\/figure><\/div>\n\n\n\n<div class=\"wp-block-uagb-container uagb-block-5ebb19aa\">\n<div class=\"wp-block-uagb-info-box uagb-block-ggyz8qhr uagb-infobox__content-wrap  uagb-infobox-icon-above-title uagb-infobox-image-valign-top\"><div class=\"uagb-ifb-content\"><div class=\"uagb-ifb-title-wrap\"><\/div><p class=\"uagb-ifb-desc\">O suporte a uma rede sem fio normalmente requer v\u00e1rios tipos de servi\u00e7os de campo para garantir o desempenho, a confiabilidade e a cobertura ideais da rede. A CelPlan pode dar suporte \u00e0 sua implanta\u00e7\u00e3o com uma variedade de servi\u00e7os de campo:<br><\/p><\/div><\/div>\n\n\n\n<ul class=\"wp-block-list\">\n<li>Surveys de campo e planejamento de RF:\n<ul class=\"wp-block-list\">\n<li>Realiza\u00e7\u00e3o de pesquisas f\u00edsicas em campo para avaliar os locais ideais para pontos de acesso<\/li>\n\n\n\n<li>Realizar an\u00e1lise de espectro de RF para identificar fontes de interfer\u00eancia<\/li>\n\n\n\n<li>Cria\u00e7\u00e3o de mapas de calor para visualizar a cobertura e a intensidade do sinal<\/li>\n<\/ul>\n<\/li>\n\n\n\n<li>Instala\u00e7\u00e3o e implanta\u00e7\u00e3o:\n<ul class=\"wp-block-list\">\n<li>Instala\u00e7\u00e3o de pontos de acesso sem fio, antenas e hardware relacionado<\/li>\n\n\n\n<li>Configura\u00e7\u00e3o e teste de equipamentos no local<\/li>\n\n\n\n<li>Instala\u00e7\u00e3o e gerenciamento de cabos<\/li>\n<\/ul>\n<\/li>\n<\/ul>\n<\/div>\n<\/div>\n\n\n\n<div class=\"wp-block-uagb-container uagb-block-lxteyfrt\">\n<div class=\"wp-block-uagb-container uagb-block-717f07aa\">\n<div class=\"wp-block-uagb-info-box uagb-block-79ijmjmt uagb-infobox__content-wrap  uagb-infobox-icon-above-title uagb-infobox-image-valign-top\"><div class=\"uagb-ifb-content\"><div class=\"uagb-ifb-title-wrap\"><\/div><p class=\"uagb-ifb-desc\"><br><\/p><\/div><\/div>\n\n\n\n<ul class=\"wp-block-list\">\n<li>Otimiza\u00e7\u00e3o de rede:\n<ul class=\"wp-block-list\">\n<li>Ajuste fino do posicionamento e configura\u00e7\u00e3o do ponto de acesso<\/li>\n\n\n\n<li>Ajustando n\u00edveis de pot\u00eancia e atribui\u00e7\u00f5es de canais<\/li>\n\n\n\n<li>Otimizando a capacidade e a cobertura com base nos padr\u00f5es de uso<\/li>\n<\/ul>\n<\/li>\n\n\n\n<li>Solu\u00e7\u00e3o de problemas e manuten\u00e7\u00e3o:\n<ul class=\"wp-block-list\">\n<li>Diagnosticar e resolver problemas de conectividade no local<\/li>\n\n\n\n<li>Substituindo hardware defeituoso<\/li>\n\n\n\n<li>Realizar verifica\u00e7\u00f5es de manuten\u00e7\u00e3o regulares<\/li>\n\n\n\n<li>Testes e monitoramento de desempenho:<\/li>\n\n\n\n<li>Realiza\u00e7\u00e3o de testes de taxa de transfer\u00eancia e lat\u00eancia<\/li>\n\n\n\n<li>Monitoramento da intensidade e qualidade do sinal<\/li>\n\n\n\n<li>Avaliando a experi\u00eancia do usu\u00e1rio no mundo real<\/li>\n<\/ul>\n<\/li>\n\n\n\n<li>Avalia\u00e7\u00f5es de seguran\u00e7a:\n<ul class=\"wp-block-list\">\n<li>Realiza\u00e7\u00e3o de auditorias de seguran\u00e7a da rede sem fio<\/li>\n\n\n\n<li>Identificar e abordar vulnerabilidades<\/li>\n\n\n\n<li>Implementar medidas de seguran\u00e7a como criptografia adequada<\/li>\n<\/ul>\n<\/li>\n<\/ul>\n<\/div>\n\n\n\n<div class=\"wp-block-uagb-image aligncenter uagb-block-zlzeflwe wp-block-uagb-image--layout-default wp-block-uagb-image--effect-static wp-block-uagb-image--align-center alignleft\"><figure class=\"wp-block-uagb-image__figure\"><img decoding=\"async\" srcset=\"https:\/\/celplan.com\/wp-content\/uploads\/2024\/07\/Image-CellWireless-07-1024x819.png ,https:\/\/celplan.com\/wp-content\/uploads\/2024\/07\/Image-CellWireless-07.png 780w, https:\/\/celplan.com\/wp-content\/uploads\/2024\/07\/Image-CellWireless-07.png 360w\" sizes=\"auto, (max-width: 480px) 150px\" src=\"https:\/\/celplan.com\/wp-content\/uploads\/2024\/07\/Image-CellWireless-07-1024x819.png\" alt=\"\" class=\"uag-image-1845\" width=\"564\" height=\"400\" title=\"Image CellWireless 07\" loading=\"lazy\" role=\"img\"\/><\/figure><\/div>\n<\/div>\n\n\n\n<div class=\"wp-block-uagb-container uagb-block-ttogtouf\">\n<div class=\"wp-block-uagb-image aligncenter uagb-block-n3cxnlie wp-block-uagb-image--layout-default wp-block-uagb-image--effect-static wp-block-uagb-image--align-center alignleft\"><figure class=\"wp-block-uagb-image__figure\"><img decoding=\"async\" srcset=\"https:\/\/celplan.com\/wp-content\/uploads\/2024\/07\/Screenshot-2023-09-22-075055.png ,https:\/\/celplan.com\/wp-content\/uploads\/2024\/07\/Screenshot-2023-09-22-075055.png 780w, https:\/\/celplan.com\/wp-content\/uploads\/2024\/07\/Screenshot-2023-09-22-075055.png 360w\" sizes=\"auto, (max-width: 480px) 150px\" src=\"https:\/\/celplan.com\/wp-content\/uploads\/2024\/07\/Screenshot-2023-09-22-075055.png\" alt=\"\" class=\"uag-image-1971\" width=\"564\" height=\"400\" title=\"Servi\u00e7os de Campo\" loading=\"lazy\" role=\"img\"\/><\/figure><\/div>\n\n\n\n<div class=\"wp-block-uagb-container uagb-block-5ad33087\">\n<ul class=\"wp-block-list\">\n<li>Atualiza\u00e7\u00f5es e expans\u00f5es:\n<ul class=\"wp-block-list\">\n<li>Adicionar novos pontos de acesso para expandir a cobertura<\/li>\n\n\n\n<li>Atualizando o hardware existente para suportar padr\u00f5es mais recentes<\/li>\n\n\n\n<li>Integra\u00e7\u00e3o de novas tecnologias (por exemplo, Wi-Fi 6, 5G)<\/li>\n<\/ul>\n<\/li>\n\n\n\n<li>Adapta\u00e7\u00f5es ambientais:\n<ul class=\"wp-block-list\">\n<li>Ajustando a rede para mudan\u00e7as no ambiente f\u00edsico<\/li>\n\n\n\n<li>Abordando varia\u00e7\u00f5es sazonais que podem afetar a propaga\u00e7\u00e3o do sinal<\/li>\n<\/ul>\n<\/li>\n\n\n\n<li>Verifica\u00e7\u00f5es de conformidade:\n<ul class=\"wp-block-list\">\n<li>Garantir a ades\u00e3o aos requisitos regulamentares<\/li>\n\n\n\n<li>Verificar a implementa\u00e7\u00e3o adequada das pol\u00edticas da empresa<\/li>\n<\/ul>\n<\/li>\n\n\n\n<li>Suporte e treinamento ao usu\u00e1rio:\n<ul class=\"wp-block-list\">\n<li>Fornecendo suporte no local para problemas de conectividade<\/li>\n\n\n\n<li>Treinamento de equipe de TI local em gerenciamento de rede sem fio<\/li>\n<\/ul>\n<\/li>\n\n\n\n<li>Documenta\u00e7\u00e3o:\n<ul class=\"wp-block-list\">\n<li>Manter diagramas de rede e invent\u00e1rios de equipamentos atualizados<\/li>\n\n\n\n<li>Documentando mudan\u00e7as, problemas e resolu\u00e7\u00f5es<\/li>\n<\/ul>\n<\/li>\n<\/ul>\n<\/div>\n<\/div>\n\n\n\n<p>Os servi\u00e7os de campo oferecidos pela CelPlan s\u00e3o cruciais para manter uma rede sem fio robusta, segura e eficiente. Podemos adaptar os servi\u00e7os para atender \u00e0s necessidades espec\u00edficas da sua rede e ind\u00fastria, e \u00e0s tecnologias particulares em uso.<\/p>\n<\/div><\/div>","protected":false},"excerpt":{"rendered":"<p>Os servi\u00e7os de campo oferecidos pela CelPlan s\u00e3o cruciais para manter uma rede sem fio robusta, segura e eficiente. Podemos adaptar os servi\u00e7os para atender \u00e0s necessidades espec\u00edficas da sua rede e ind\u00fastria, e \u00e0s tecnologias particulares em uso.<\/p>","protected":false},"author":2,"featured_media":0,"parent":0,"menu_order":0,"comment_status":"closed","ping_status":"closed","template":"","meta":{"_uag_custom_page_level_css":"","_monsterinsights_skip_tracking":false,"_monsterinsights_sitenote_active":false,"_monsterinsights_sitenote_note":"","_monsterinsights_sitenote_category":0,"site-sidebar-layout":"no-sidebar","site-content-layout":"","ast-site-content-layout":"full-width-container","site-content-style":"unboxed","site-sidebar-style":"unboxed","ast-global-header-display":"","ast-banner-title-visibility":"","ast-main-header-display":"","ast-hfb-above-header-display":"","ast-hfb-below-header-display":"","ast-hfb-mobile-header-display":"","site-post-title":"disabled","ast-breadcrumbs-content":"","ast-featured-img":"","footer-sml-layout":"","ast-disable-related-posts":"","theme-transparent-header-meta":"","adv-header-id-meta":"","stick-header-meta":"","header-above-stick-meta":"","header-main-stick-meta":"","header-below-stick-meta":"","astra-migrate-meta-layouts":"set","ast-page-background-enabled":"default","ast-page-background-meta":{"desktop":{"background-color":"var(--ast-global-color-4)","background-image":"","background-repeat":"repeat","background-position":"center center","background-size":"auto","background-attachment":"scroll","background-type":"","background-media":"","overlay-type":"","overlay-color":"","overlay-opacity":"","overlay-gradient":""},"tablet":{"background-color":"","background-image":"","background-repeat":"repeat","background-position":"center center","background-size":"auto","background-attachment":"scroll","background-type":"","background-media":"","overlay-type":"","overlay-color":"","overlay-opacity":"","overlay-gradient":""},"mobile":{"background-color":"","background-image":"","background-repeat":"repeat","background-position":"center center","background-size":"auto","background-attachment":"scroll","background-type":"","background-media":"","overlay-type":"","overlay-color":"","overlay-opacity":"","overlay-gradient":""}},"ast-content-background-meta":{"desktop":{"background-color":"var(--ast-global-color-5)","background-image":"","background-repeat":"repeat","background-position":"center center","background-size":"auto","background-attachment":"scroll","background-type":"","background-media":"","overlay-type":"","overlay-color":"","overlay-opacity":"","overlay-gradient":""},"tablet":{"background-color":"var(--ast-global-color-5)","background-image":"","background-repeat":"repeat","background-position":"center center","background-size":"auto","background-attachment":"scroll","background-type":"","background-media":"","overlay-type":"","overlay-color":"","overlay-opacity":"","overlay-gradient":""},"mobile":{"background-color":"var(--ast-global-color-5)","background-image":"","background-repeat":"repeat","background-position":"center center","background-size":"auto","background-attachment":"scroll","background-type":"","background-media":"","overlay-type":"","overlay-color":"","overlay-opacity":"","overlay-gradient":""}},"footnotes":""},"class_list":["post-1091","page","type-page","status-publish","hentry"],"aioseo_notices":[],"uagb_featured_image_src":{"full":false,"thumbnail":false,"medium":false,"medium_large":false,"large":false,"1536x1536":false,"2048x2048":false,"trp-custom-language-flag":false},"uagb_author_info":{"display_name":"Cristine Korowajczuk","author_link":"https:\/\/celplan.com\/pt\/author\/cris_en\/"},"uagb_comment_info":0,"uagb_excerpt":"The field services offered by CelPlan are crucial for maintaining a robust, secure, and efficient wireless network. We can tailor the services to meet the specific needs of your network and industry, and the particular technologies in use.","_links":{"self":[{"href":"https:\/\/celplan.com\/pt\/wp-json\/wp\/v2\/pages\/1091","targetHints":{"allow":["GET"]}}],"collection":[{"href":"https:\/\/celplan.com\/pt\/wp-json\/wp\/v2\/pages"}],"about":[{"href":"https:\/\/celplan.com\/pt\/wp-json\/wp\/v2\/types\/page"}],"author":[{"embeddable":true,"href":"https:\/\/celplan.com\/pt\/wp-json\/wp\/v2\/users\/2"}],"replies":[{"embeddable":true,"href":"https:\/\/celplan.com\/pt\/wp-json\/wp\/v2\/comments?post=1091"}],"version-history":[{"count":8,"href":"https:\/\/celplan.com\/pt\/wp-json\/wp\/v2\/pages\/1091\/revisions"}],"predecessor-version":[{"id":2592,"href":"https:\/\/celplan.com\/pt\/wp-json\/wp\/v2\/pages\/1091\/revisions\/2592"}],"wp:attachment":[{"href":"https:\/\/celplan.com\/pt\/wp-json\/wp\/v2\/media?parent=1091"}],"curies":[{"name":"wp","href":"https:\/\/api.w.org\/{rel}","templated":true}]}}