{"id":1093,"date":"2024-07-03T18:31:43","date_gmt":"2024-07-03T18:31:43","guid":{"rendered":"https:\/\/celplan.com\/?page_id=1093"},"modified":"2024-08-19T13:56:49","modified_gmt":"2024-08-19T13:56:49","slug":"iot_consulting_deployment","status":"publish","type":"page","link":"https:\/\/celplan.com\/pt\/iot_consulting_deployment\/","title":{"rendered":"Consultoria e Implanta\u00e7\u00e3o de IoT"},"content":{"rendered":"<p><\/p>\n\n\n\n<div class=\"wp-block-uagb-container uagb-block-eghuxq0k alignfull uagb-is-root-container\"><div class=\"uagb-container-inner-blocks-wrap\">\n<div class=\"wp-block-uagb-info-box uagb-block-z9doniw9 uagb-infobox__content-wrap  uagb-infobox-icon-above-title uagb-infobox-image-valign-top\"><div class=\"uagb-ifb-content\"><div class=\"uagb-ifb-title-wrap\"><h1 class=\"uagb-ifb-title\">Consultoria e Implanta\u00e7\u00e3o de IoT<\/h1><\/div><\/div><\/div>\n<\/div><\/div>\n\n\n\n<div class=\"wp-block-uagb-container uagb-block-eidebwjs alignfull uagb-is-root-container\"><div class=\"uagb-container-inner-blocks-wrap\">\n<div class=\"wp-block-uagb-container uagb-block-ntavs5ha\">\n<div class=\"wp-block-uagb-image alignleft uagb-block-qy2ie9dr wp-block-uagb-image--layout-default wp-block-uagb-image--effect-static wp-block-uagb-image--align-left\"><figure class=\"wp-block-uagb-image__figure\"><img decoding=\"async\" srcset=\"https:\/\/celplan.com\/wp-content\/uploads\/2024\/07\/iStock-875477982-ai-and-smart-energy-1024x683.jpg ,https:\/\/celplan.com\/wp-content\/uploads\/2024\/07\/iStock-875477982-ai-and-smart-energy-scaled.jpg 780w, https:\/\/celplan.com\/wp-content\/uploads\/2024\/07\/iStock-875477982-ai-and-smart-energy-scaled.jpg 360w\" sizes=\"auto, (max-width: 480px) 150px\" src=\"https:\/\/celplan.com\/wp-content\/uploads\/2024\/07\/iStock-875477982-ai-and-smart-energy-1024x683.jpg\" alt=\"\" class=\"uag-image-1923\" width=\"564\" height=\"400\" title=\"Ai utility\" loading=\"lazy\" role=\"img\"\/><\/figure><\/div>\n\n\n\n<div class=\"wp-block-uagb-info-box uagb-block-ggyz8qhr uagb-infobox__content-wrap  uagb-infobox-icon-above-title uagb-infobox-image-valign-top\"><div class=\"uagb-ifb-content\"><div class=\"uagb-ifb-title-wrap\"><\/div><p class=\"uagb-ifb-desc\">Uma rede LPWA (Low-Power Wide-Area) \u00e9 um sistema de telecomunica\u00e7\u00f5es sem fio projetado para ampla cobertura geogr\u00e1fica, ao mesmo tempo em que facilita a comunica\u00e7\u00e3o de baixa largura de banda entre dispositivos conectados, especialmente sensores operados por bateria.<br><br>As redes LPWA podem ser implementadas como redes privadas de sensores sem fio ou oferecidas como servi\u00e7os de terceiros, eliminando a necessidade de os propriet\u00e1rios de sensores investirem em infraestrutura de gateway. Essas redes s\u00e3o caracterizadas por um alto volume de dispositivos de baixa taxa de dados.<br><\/p><\/div><\/div>\n<\/div>\n\n\n\n<div class=\"wp-block-uagb-container uagb-block-lxteyfrt\">\n<div class=\"wp-block-uagb-container uagb-block-97bf391e\">\n<div class=\"wp-block-uagb-info-box uagb-block-79ijmjmt uagb-infobox__content-wrap  uagb-infobox-icon-above-title uagb-infobox-image-valign-top\"><div class=\"uagb-ifb-content\"><div class=\"uagb-ifb-title-wrap\"><\/div><p class=\"uagb-ifb-desc\">A CelPlan oferece solu\u00e7\u00f5es de implanta\u00e7\u00e3o abrangentes para organiza\u00e7\u00f5es focadas em seus principais objetivos de neg\u00f3cios. Nosso servi\u00e7o completo abrange:<\/p><\/div><\/div>\n\n\n\n<ul class=\"wp-block-list\">\n<li>Avalia\u00e7\u00e3o de necessidades<\/li>\n\n\n\n<li>Projeto de rede<\/li>\n\n\n\n<li>Aquisi\u00e7\u00e3o de equipamentos<\/li>\n\n\n\n<li>Implanta\u00e7\u00e3o<\/li>\n\n\n\n<li>Testando<\/li>\n\n\n\n<li>Treinamento do usu\u00e1rio<\/li>\n<\/ul>\n\n\n\n<p>Al\u00e9m disso, fornecemos servi\u00e7os de gerenciamento de projetos para implanta\u00e7\u00f5es de redes com v\u00e1rios contratantes, reconfigura\u00e7\u00e3o de links de micro-ondas para aumento de capacidade e servi\u00e7os gerenciados para opera\u00e7\u00f5es de rede complexas.<\/p>\n<\/div>\n\n\n\n<div class=\"wp-block-uagb-image alignleft uagb-block-zlzeflwe wp-block-uagb-image--layout-default wp-block-uagb-image--effect-static wp-block-uagb-image--align-left\"><figure class=\"wp-block-uagb-image__figure\"><img decoding=\"async\" srcset=\"https:\/\/celplan.com\/wp-content\/uploads\/2024\/07\/SmartFarming2.jpg ,https:\/\/celplan.com\/wp-content\/uploads\/2024\/07\/SmartFarming2.jpg 780w, https:\/\/celplan.com\/wp-content\/uploads\/2024\/07\/SmartFarming2.jpg 360w\" sizes=\"auto, (max-width: 480px) 150px\" src=\"https:\/\/celplan.com\/wp-content\/uploads\/2024\/07\/SmartFarming2.jpg\" alt=\"\" class=\"uag-image-1480\" width=\"564\" height=\"400\" title=\"SmartFarming2\" loading=\"lazy\" role=\"img\"\/><\/figure><\/div>\n<\/div>\n\n\n\n<div class=\"wp-block-uagb-container uagb-block-ttogtouf\">\n<div class=\"wp-block-uagb-image alignleft uagb-block-n3cxnlie wp-block-uagb-image--layout-default wp-block-uagb-image--effect-static wp-block-uagb-image--align-left\"><figure class=\"wp-block-uagb-image__figure\"><img decoding=\"async\" srcset=\"https:\/\/celplan.com\/wp-content\/uploads\/2024\/07\/Markets-Smart-City-1MB-1-1024x643-1.jpg ,https:\/\/celplan.com\/wp-content\/uploads\/2024\/07\/Markets-Smart-City-1MB-1-1024x643-1.jpg 780w, https:\/\/celplan.com\/wp-content\/uploads\/2024\/07\/Markets-Smart-City-1MB-1-1024x643-1.jpg 360w\" sizes=\"auto, (max-width: 480px) 150px\" src=\"https:\/\/celplan.com\/wp-content\/uploads\/2024\/07\/Markets-Smart-City-1MB-1-1024x643-1.jpg\" alt=\"\" class=\"uag-image-1393\" width=\"564\" height=\"400\" title=\"Markets\" loading=\"lazy\" role=\"img\"\/><\/figure><\/div>\n\n\n\n<div class=\"wp-block-uagb-info-box uagb-block-ujtuildy uagb-infobox__content-wrap  uagb-infobox-icon-above-title uagb-infobox-image-valign-top\"><div class=\"uagb-ifb-content\"><div class=\"uagb-ifb-title-wrap\"><\/div><p class=\"uagb-ifb-desc\">Nossa expertise se estende da defini\u00e7\u00e3o de seus requisitos organizacionais \u00e0 identifica\u00e7\u00e3o das estrat\u00e9gias mais econ\u00f4micas para implementar uma rede de Internet das Coisas (IoT) adaptada \u00e0s suas necessidades de coleta de dados. Al\u00e9m disso, a CelPlan pode auxiliar na especifica\u00e7\u00e3o de requisitos de armazenamento e processamento para dimensionar com precis\u00e3o a infraestrutura necess\u00e1ria para transmiss\u00e3o e armazenamento de dados.<\/p><\/div><\/div>\n<\/div>\n\n\n\n<p>A sele\u00e7\u00e3o da tecnologia apropriada \u00e9 crucial para a efic\u00e1cia da rede. A vasta experi\u00eancia da CelPlan e a abordagem neutra em rela\u00e7\u00e3o a fornecedores nos permitem orient\u00e1-lo na escolha da solu\u00e7\u00e3o ideal, adaptada \u00e0s suas necessidades espec\u00edficas. Nosso objetivo \u00e9 garantir que a rede implementada se alinhe perfeitamente com suas necessidades operacionais e objetivos organizacionais.<br><\/p>\n<\/div><\/div>","protected":false},"excerpt":{"rendered":"<p>Additionally, we provide project management services for multi-contractor network deployments, microwave link reconfiguration for capacity enhancement, and managed services for complex network operations. The selection of appropriate technology is crucial for network efficacy. CelPlan&#8217;s extensive experience and vendor-neutral approach enable us to guide you in choosing the optimal solution tailored to your specific requirements. Our [&hellip;]<\/p>\n","protected":false},"author":2,"featured_media":0,"parent":0,"menu_order":0,"comment_status":"closed","ping_status":"closed","template":"","meta":{"_uag_custom_page_level_css":"","_monsterinsights_skip_tracking":false,"_monsterinsights_sitenote_active":false,"_monsterinsights_sitenote_note":"","_monsterinsights_sitenote_category":0,"site-sidebar-layout":"no-sidebar","site-content-layout":"","ast-site-content-layout":"full-width-container","site-content-style":"unboxed","site-sidebar-style":"unboxed","ast-global-header-display":"","ast-banner-title-visibility":"","ast-main-header-display":"","ast-hfb-above-header-display":"","ast-hfb-below-header-display":"","ast-hfb-mobile-header-display":"","site-post-title":"disabled","ast-breadcrumbs-content":"","ast-featured-img":"","footer-sml-layout":"","ast-disable-related-posts":"","theme-transparent-header-meta":"","adv-header-id-meta":"","stick-header-meta":"","header-above-stick-meta":"","header-main-stick-meta":"","header-below-stick-meta":"","astra-migrate-meta-layouts":"set","ast-page-background-enabled":"default","ast-page-background-meta":{"desktop":{"background-color":"var(--ast-global-color-4)","background-image":"","background-repeat":"repeat","background-position":"center center","background-size":"auto","background-attachment":"scroll","background-type":"","background-media":"","overlay-type":"","overlay-color":"","overlay-opacity":"","overlay-gradient":""},"tablet":{"background-color":"","background-image":"","background-repeat":"repeat","background-position":"center center","background-size":"auto","background-attachment":"scroll","background-type":"","background-media":"","overlay-type":"","overlay-color":"","overlay-opacity":"","overlay-gradient":""},"mobile":{"background-color":"","background-image":"","background-repeat":"repeat","background-position":"center center","background-size":"auto","background-attachment":"scroll","background-type":"","background-media":"","overlay-type":"","overlay-color":"","overlay-opacity":"","overlay-gradient":""}},"ast-content-background-meta":{"desktop":{"background-color":"var(--ast-global-color-5)","background-image":"","background-repeat":"repeat","background-position":"center center","background-size":"auto","background-attachment":"scroll","background-type":"","background-media":"","overlay-type":"","overlay-color":"","overlay-opacity":"","overlay-gradient":""},"tablet":{"background-color":"var(--ast-global-color-5)","background-image":"","background-repeat":"repeat","background-position":"center center","background-size":"auto","background-attachment":"scroll","background-type":"","background-media":"","overlay-type":"","overlay-color":"","overlay-opacity":"","overlay-gradient":""},"mobile":{"background-color":"var(--ast-global-color-5)","background-image":"","background-repeat":"repeat","background-position":"center center","background-size":"auto","background-attachment":"scroll","background-type":"","background-media":"","overlay-type":"","overlay-color":"","overlay-opacity":"","overlay-gradient":""}},"footnotes":""},"class_list":["post-1093","page","type-page","status-publish","hentry"],"aioseo_notices":[],"uagb_featured_image_src":{"full":false,"thumbnail":false,"medium":false,"medium_large":false,"large":false,"1536x1536":false,"2048x2048":false,"trp-custom-language-flag":false},"uagb_author_info":{"display_name":"Cristine Korowajczuk","author_link":"https:\/\/celplan.com\/pt\/author\/cris_en\/"},"uagb_comment_info":0,"uagb_excerpt":"Additionally, we provide project management services for multi-contractor network deployments, microwave link reconfiguration for capacity enhancement, and managed services for complex network operations. The selection of appropriate technology is crucial for network efficacy. CelPlan&#8217;s extensive experience and vendor-neutral approach enable us to guide you in choosing the optimal solution tailored to your specific requirements. Our&hellip;","_links":{"self":[{"href":"https:\/\/celplan.com\/pt\/wp-json\/wp\/v2\/pages\/1093","targetHints":{"allow":["GET"]}}],"collection":[{"href":"https:\/\/celplan.com\/pt\/wp-json\/wp\/v2\/pages"}],"about":[{"href":"https:\/\/celplan.com\/pt\/wp-json\/wp\/v2\/types\/page"}],"author":[{"embeddable":true,"href":"https:\/\/celplan.com\/pt\/wp-json\/wp\/v2\/users\/2"}],"replies":[{"embeddable":true,"href":"https:\/\/celplan.com\/pt\/wp-json\/wp\/v2\/comments?post=1093"}],"version-history":[{"count":7,"href":"https:\/\/celplan.com\/pt\/wp-json\/wp\/v2\/pages\/1093\/revisions"}],"predecessor-version":[{"id":2632,"href":"https:\/\/celplan.com\/pt\/wp-json\/wp\/v2\/pages\/1093\/revisions\/2632"}],"wp:attachment":[{"href":"https:\/\/celplan.com\/pt\/wp-json\/wp\/v2\/media?parent=1093"}],"curies":[{"name":"wp","href":"https:\/\/api.w.org\/{rel}","templated":true}]}}