{"id":1094,"date":"2024-07-03T18:31:43","date_gmt":"2024-07-03T18:31:43","guid":{"rendered":"https:\/\/celplan.com\/?page_id=1094"},"modified":"2024-08-22T16:45:53","modified_gmt":"2024-08-22T16:45:53","slug":"network_solutions_services","status":"publish","type":"page","link":"https:\/\/celplan.com\/pt\/network_solutions_services\/","title":{"rendered":"Solu\u00e7\u00f5es e servi\u00e7os de rede"},"content":{"rendered":"<div class=\"wp-block-uagb-container uagb-block-eghuxq0k alignfull uagb-is-root-container\"><div class=\"uagb-container-inner-blocks-wrap\">\n<div class=\"wp-block-uagb-info-box uagb-block-z9doniw9 uagb-infobox__content-wrap  uagb-infobox-icon-above-title uagb-infobox-image-valign-top\"><div class=\"uagb-ifb-content\"><div class=\"uagb-ifb-title-wrap\"><h1 class=\"uagb-ifb-title\">Solu\u00e7\u00f5es e servi\u00e7os de rede<\/h1><\/div><\/div><\/div>\n<\/div><\/div>\n\n\n\n<div class=\"wp-block-uagb-container uagb-block-eidebwjs alignfull uagb-is-root-container\"><div class=\"uagb-container-inner-blocks-wrap\">\n<div class=\"wp-block-uagb-container uagb-block-ntavs5ha\">\n<div class=\"wp-block-uagb-image aligncenter uagb-block-qy2ie9dr wp-block-uagb-image--layout-default wp-block-uagb-image--effect-static wp-block-uagb-image--align-center alignleft\"><figure class=\"wp-block-uagb-image__figure\"><img decoding=\"async\" srcset=\"https:\/\/celplan.com\/wp-content\/uploads\/2024\/07\/5227_Testeira_LinkedIn_Ingles_CelPlan-1024x259.png ,https:\/\/celplan.com\/wp-content\/uploads\/2024\/07\/5227_Testeira_LinkedIn_Ingles_CelPlan.png 780w, https:\/\/celplan.com\/wp-content\/uploads\/2024\/07\/5227_Testeira_LinkedIn_Ingles_CelPlan.png 360w\" sizes=\"auto, (max-width: 480px) 150px\" src=\"https:\/\/celplan.com\/wp-content\/uploads\/2024\/07\/5227_Testeira_LinkedIn_Ingles_CelPlan-1024x259.png\" alt=\"\" class=\"uag-image-1559\" width=\"564\" height=\"400\" title=\"IoT Networks\" loading=\"lazy\" role=\"img\"\/><\/figure><\/div>\n\n\n\n<div class=\"wp-block-uagb-info-box uagb-block-ggyz8qhr uagb-infobox__content-wrap  uagb-infobox-icon-above-title uagb-infobox-image-valign-top\"><div class=\"uagb-ifb-content\"><div class=\"uagb-ifb-title-wrap\"><\/div><p class=\"uagb-ifb-desc\">A CelPlan Technologies oferece uma gama abrangente de servi\u00e7os de design, instala\u00e7\u00e3o e comissionamento de rede para telecomunica\u00e7\u00f5es e v\u00e1rios outros setores, incluindo energia, \u00e1gua e petr\u00f3leo e g\u00e1s. Esses servi\u00e7os est\u00e3o dispon\u00edveis como implanta\u00e7\u00f5es parciais ou solu\u00e7\u00f5es turnkey completas.<\/p><\/div><\/div>\n<\/div>\n\n\n\n<div class=\"wp-block-uagb-container uagb-block-lxteyfrt\">\n<div class=\"wp-block-uagb-info-box uagb-block-79ijmjmt uagb-infobox__content-wrap  uagb-infobox-icon-above-title uagb-infobox-image-valign-top\"><div class=\"uagb-ifb-content\"><div class=\"uagb-ifb-title-wrap\"><h3 class=\"uagb-ifb-title\">Projeto de rede de miss\u00e3o cr\u00edtica<\/h3><\/div><p class=\"uagb-ifb-desc\">Nossa equipe t\u00e9cnica especializada projeta projetos de radiofrequ\u00eancia (RF) para todas as tecnologias e faixas de frequ\u00eancia. O software propriet\u00e1rio da CelPlan, CellDesigner, \u00e9 independente de fornecedor, permitindo uma implementa\u00e7\u00e3o vers\u00e1til de projetos. Utilizamos bancos de dados avan\u00e7ados de terreno e desordem para criar projetos que se alinham de perto com as condi\u00e7\u00f5es do mundo real. Nossa expertise abrange desde r\u00e1dio m\u00f3vel terrestre e banda estreita at\u00e9 tecnologias 4G\/5G, permitindo-nos abordar desafios complexos de rede.<br><br>Nossa equipe de engenharia permanece na vanguarda das tend\u00eancias da ind\u00fastria e das bandas de frequ\u00eancia emergentes. Estamos ativamente envolvidos no design de rede para as bandas Citizens Broadband Radio Service (CBRS) e TV White Space (TVWS). Tamb\u00e9m monitoramos de perto os desenvolvimentos do leil\u00e3o da Banda C, preparados para dar suporte aos clientes com an\u00e1lises pr\u00e9-leil\u00e3o e designs abrangentes ap\u00f3s a aquisi\u00e7\u00e3o da licen\u00e7a.<br><br>Com o crescimento exponencial do tr\u00e1fego sem fio, impulsionado por usu\u00e1rios tradicionais e pela Internet das Coisas (IoT), h\u00e1 uma demanda crescente por espectro e diversos requisitos de Qualidade de Servi\u00e7o (QoS). A CelPlan possui a expertise, as habilidades e as ferramentas necess\u00e1rias para projetar redes de IoT e implementar infraestrutura 5G.<br><br>Muitas aplica\u00e7\u00f5es wireless emergentes exigem alta confiabilidade e baixa lat\u00eancia. A CelPlan tem mais de uma d\u00e9cada de experi\u00eancia em projetar redes de miss\u00e3o cr\u00edtica e auxiliar clientes com expans\u00f5es e integra\u00e7\u00e3o de novas tecnologias.<br><br>N\u00f3s projetamos redes para bandas licenciadas e n\u00e3o licenciadas, considerando seus perfis de interfer\u00eancia distintos. Al\u00e9m do design, garantimos a conformidade do sistema com os requisitos da FCC e de outras ag\u00eancias reguladoras. A CelPlan tamb\u00e9m pode produzir narrativas t\u00e9cnicas para dar suporte a renova\u00e7\u00f5es de licen\u00e7as e solicita\u00e7\u00f5es com \u00f3rg\u00e3os reguladores.<\/p><\/div><\/div>\n\n\n\n<div class=\"wp-block-uagb-image aligncenter uagb-block-zlzeflwe wp-block-uagb-image--layout-default wp-block-uagb-image--effect-static wp-block-uagb-image--align-center alignleft\"><figure class=\"wp-block-uagb-image__figure\"><img decoding=\"async\" srcset=\"https:\/\/celplan.com\/wp-content\/uploads\/2024\/07\/endpoints-with-coverage-celplanner.png ,https:\/\/celplan.com\/wp-content\/uploads\/2024\/07\/endpoints-with-coverage-celplanner.png 780w, https:\/\/celplan.com\/wp-content\/uploads\/2024\/07\/endpoints-with-coverage-celplanner.png 360w\" sizes=\"auto, (max-width: 480px) 150px\" src=\"https:\/\/celplan.com\/wp-content\/uploads\/2024\/07\/endpoints-with-coverage-celplanner.png\" alt=\"\" class=\"uag-image-1777\" width=\"564\" height=\"400\" title=\"Network Design\" loading=\"lazy\" role=\"img\"\/><\/figure><\/div>\n<\/div>\n\n\n\n<div class=\"wp-block-uagb-container uagb-block-ttogtouf\">\n<div class=\"wp-block-uagb-image aligncenter uagb-block-n3cxnlie wp-block-uagb-image--layout-default wp-block-uagb-image--effect-static wp-block-uagb-image--align-center alignleft\"><figure class=\"wp-block-uagb-image__figure\"><img decoding=\"async\" srcset=\"https:\/\/celplan.com\/wp-content\/uploads\/2024\/07\/4522_Materia_Blog_Mercado_Outubro_CelPlan-1024x678.png ,https:\/\/celplan.com\/wp-content\/uploads\/2024\/07\/4522_Materia_Blog_Mercado_Outubro_CelPlan.png 780w, https:\/\/celplan.com\/wp-content\/uploads\/2024\/07\/4522_Materia_Blog_Mercado_Outubro_CelPlan.png 360w\" sizes=\"auto, (max-width: 480px) 150px\" src=\"https:\/\/celplan.com\/wp-content\/uploads\/2024\/07\/4522_Materia_Blog_Mercado_Outubro_CelPlan-1024x678.png\" alt=\"\" class=\"uag-image-1240\" width=\"564\" height=\"400\" title=\"IoT City Figure\" loading=\"lazy\" role=\"img\"\/><\/figure><\/div>\n\n\n\n<div class=\"wp-block-uagb-info-box uagb-block-ujtuildy uagb-infobox__content-wrap  uagb-infobox-icon-above-title uagb-infobox-image-valign-top\"><div class=\"uagb-ifb-content\"><div class=\"uagb-ifb-title-wrap\"><h3 class=\"uagb-ifb-title\">Redes privadas LTE e 5G<\/h3><\/div><p class=\"uagb-ifb-desc\">LTE e 5G, evolu\u00e7\u00f5es do padr\u00e3o 3GPP baseado em OFDMA, exigem uma nova abordagem para um design eficaz e de miss\u00e3o cr\u00edtica.<br><br>Entender as complexidades da tecnologia \u00e9 crucial para o dimensionamento adequado do sistema e o equil\u00edbrio da capacidade com a interfer\u00eancia para criar redes eficientes e confi\u00e1veis.<br><br>A CelPlan auxilia os clientes a compreender essas tecnologias e modelar as demandas reais de aplicativos. Desenvolver um plano abrangente que descreva os aplicativos a serem atendidos, seus requisitos de tr\u00e1fego de dados e suas localiza\u00e7\u00f5es \u00e9 essencial para projetar uma rede que forne\u00e7a servi\u00e7o adequado e confi\u00e1vel de forma econ\u00f4mica.<br><br><br><\/p><\/div><\/div>\n<\/div>\n\n\n\n<div class=\"wp-block-uagb-container uagb-block-b0ca66ba\">\n<div class=\"wp-block-uagb-info-box uagb-block-4ddbeda6 uagb-infobox__content-wrap  uagb-infobox-icon-above-title uagb-infobox-image-valign-top\"><div class=\"uagb-ifb-content\"><div class=\"uagb-ifb-title-wrap\"><h3 class=\"uagb-ifb-title\">Projetos Turnkey, Gest\u00e3o de Projetos e Manuten\u00e7\u00e3o<\/h3><\/div><p class=\"uagb-ifb-desc\">Durante a implanta\u00e7\u00e3o do sistema, a CelPlan fornece projetos detalhados para uma implementa\u00e7\u00e3o suave e verifica o desempenho geral do sistema. Essas etapas podem ser executadas somente pelo pessoal da CelPlan ou em colabora\u00e7\u00e3o com a equipe do cliente. Atuamos como executores, consultores e\/ou instrutores para todo o espectro de atividades de design sem fio.<br><br>A CelPlan oferece implanta\u00e7\u00f5es turnkey para empresas focadas em seus neg\u00f3cios principais. Este servi\u00e7o abrangente inclui avalia\u00e7\u00e3o das necessidades do cliente, design de rede, sourcing, implanta\u00e7\u00e3o, testes e treinamento de usu\u00e1rios.<br><br>Tamb\u00e9m fornecemos servi\u00e7os de gerenciamento de projetos para implanta\u00e7\u00f5es de rede envolvendo v\u00e1rios contratados, reconfigura\u00e7\u00e3o de links de micro-ondas para maior capacidade e servi\u00e7os gerenciados para opera\u00e7\u00f5es de rede complexas.<br><br>Nossos servi\u00e7os de manuten\u00e7\u00e3o utilizam tecnologia avan\u00e7ada para monitorar remotamente o desempenho da rede (v\u00eddeo, TI, comunica\u00e7\u00f5es), detectando n\u00e3o apenas falhas, mas tamb\u00e9m degrada\u00e7\u00e3o do desempenho, permitindo manuten\u00e7\u00e3o proativa. A CelPlan emprega e treina pessoal local, supervisionando equipes remotas para garantir a entrega eficiente do servi\u00e7o.<\/p><\/div><\/div>\n\n\n\n<div class=\"wp-block-uagb-image aligncenter uagb-block-42365170 wp-block-uagb-image--layout-default wp-block-uagb-image--effect-static wp-block-uagb-image--align-center alignleft\"><figure class=\"wp-block-uagb-image__figure\"><img decoding=\"async\" srcset=\"https:\/\/celplan.com\/wp-content\/uploads\/2024\/07\/Iot-1-1024x569-1.jpg ,https:\/\/celplan.com\/wp-content\/uploads\/2024\/07\/Iot-1-1024x569-1.jpg 780w, https:\/\/celplan.com\/wp-content\/uploads\/2024\/07\/Iot-1-1024x569-1.jpg 360w\" sizes=\"auto, (max-width: 480px) 150px\" src=\"https:\/\/celplan.com\/wp-content\/uploads\/2024\/07\/Iot-1-1024x569-1.jpg\" alt=\"\" class=\"uag-image-1274\" width=\"564\" height=\"400\" title=\"Manager,Engineer,\" loading=\"lazy\" role=\"img\"\/><\/figure><\/div>\n<\/div>\n\n\n\n<p>A sele\u00e7\u00e3o da tecnologia apropriada \u00e9 crucial para a efic\u00e1cia da rede. A vasta experi\u00eancia da CelPlan e a abordagem neutra em rela\u00e7\u00e3o a fornecedores nos permitem orient\u00e1-lo na escolha da solu\u00e7\u00e3o ideal, adaptada \u00e0s suas necessidades espec\u00edficas. Nosso objetivo \u00e9 garantir que a rede implementada se alinhe perfeitamente com suas necessidades operacionais e objetivos organizacionais.<br><\/p>\n<\/div><\/div>","protected":false},"excerpt":{"rendered":"<p>A sele\u00e7\u00e3o da tecnologia apropriada \u00e9 crucial para a efic\u00e1cia da rede. A vasta experi\u00eancia da CelPlan e a abordagem neutra em rela\u00e7\u00e3o a fornecedores nos permitem orient\u00e1-lo na escolha da solu\u00e7\u00e3o ideal, adaptada \u00e0s suas necessidades espec\u00edficas. Nosso objetivo \u00e9 garantir que a rede implementada se alinhe perfeitamente com suas necessidades operacionais e objetivos organizacionais.<\/p>","protected":false},"author":2,"featured_media":0,"parent":0,"menu_order":0,"comment_status":"closed","ping_status":"closed","template":"","meta":{"_uag_custom_page_level_css":"","_monsterinsights_skip_tracking":false,"_monsterinsights_sitenote_active":false,"_monsterinsights_sitenote_note":"","_monsterinsights_sitenote_category":0,"site-sidebar-layout":"no-sidebar","site-content-layout":"","ast-site-content-layout":"full-width-container","site-content-style":"unboxed","site-sidebar-style":"unboxed","ast-global-header-display":"","ast-banner-title-visibility":"","ast-main-header-display":"","ast-hfb-above-header-display":"","ast-hfb-below-header-display":"","ast-hfb-mobile-header-display":"","site-post-title":"disabled","ast-breadcrumbs-content":"","ast-featured-img":"","footer-sml-layout":"","ast-disable-related-posts":"","theme-transparent-header-meta":"","adv-header-id-meta":"","stick-header-meta":"","header-above-stick-meta":"","header-main-stick-meta":"","header-below-stick-meta":"","astra-migrate-meta-layouts":"set","ast-page-background-enabled":"default","ast-page-background-meta":{"desktop":{"background-color":"var(--ast-global-color-4)","background-image":"","background-repeat":"repeat","background-position":"center center","background-size":"auto","background-attachment":"scroll","background-type":"","background-media":"","overlay-type":"","overlay-color":"","overlay-opacity":"","overlay-gradient":""},"tablet":{"background-color":"","background-image":"","background-repeat":"repeat","background-position":"center center","background-size":"auto","background-attachment":"scroll","background-type":"","background-media":"","overlay-type":"","overlay-color":"","overlay-opacity":"","overlay-gradient":""},"mobile":{"background-color":"","background-image":"","background-repeat":"repeat","background-position":"center center","background-size":"auto","background-attachment":"scroll","background-type":"","background-media":"","overlay-type":"","overlay-color":"","overlay-opacity":"","overlay-gradient":""}},"ast-content-background-meta":{"desktop":{"background-color":"var(--ast-global-color-5)","background-image":"","background-repeat":"repeat","background-position":"center center","background-size":"auto","background-attachment":"scroll","background-type":"","background-media":"","overlay-type":"","overlay-color":"","overlay-opacity":"","overlay-gradient":""},"tablet":{"background-color":"var(--ast-global-color-5)","background-image":"","background-repeat":"repeat","background-position":"center center","background-size":"auto","background-attachment":"scroll","background-type":"","background-media":"","overlay-type":"","overlay-color":"","overlay-opacity":"","overlay-gradient":""},"mobile":{"background-color":"var(--ast-global-color-5)","background-image":"","background-repeat":"repeat","background-position":"center center","background-size":"auto","background-attachment":"scroll","background-type":"","background-media":"","overlay-type":"","overlay-color":"","overlay-opacity":"","overlay-gradient":""}},"footnotes":""},"class_list":["post-1094","page","type-page","status-publish","hentry"],"aioseo_notices":[],"uagb_featured_image_src":{"full":false,"thumbnail":false,"medium":false,"medium_large":false,"large":false,"1536x1536":false,"2048x2048":false,"trp-custom-language-flag":false},"uagb_author_info":{"display_name":"Cristine Korowajczuk","author_link":"https:\/\/celplan.com\/pt\/author\/cris_en\/"},"uagb_comment_info":0,"uagb_excerpt":"The selection of appropriate technology is crucial for network efficacy. CelPlan&#8217;s extensive experience and vendor-neutral approach enable us to guide you in choosing the optimal solution tailored to your specific requirements. Our objective is to ensure that the implemented network aligns perfectly with your operational needs and organizational goals.","_links":{"self":[{"href":"https:\/\/celplan.com\/pt\/wp-json\/wp\/v2\/pages\/1094","targetHints":{"allow":["GET"]}}],"collection":[{"href":"https:\/\/celplan.com\/pt\/wp-json\/wp\/v2\/pages"}],"about":[{"href":"https:\/\/celplan.com\/pt\/wp-json\/wp\/v2\/types\/page"}],"author":[{"embeddable":true,"href":"https:\/\/celplan.com\/pt\/wp-json\/wp\/v2\/users\/2"}],"replies":[{"embeddable":true,"href":"https:\/\/celplan.com\/pt\/wp-json\/wp\/v2\/comments?post=1094"}],"version-history":[{"count":9,"href":"https:\/\/celplan.com\/pt\/wp-json\/wp\/v2\/pages\/1094\/revisions"}],"predecessor-version":[{"id":2678,"href":"https:\/\/celplan.com\/pt\/wp-json\/wp\/v2\/pages\/1094\/revisions\/2678"}],"wp:attachment":[{"href":"https:\/\/celplan.com\/pt\/wp-json\/wp\/v2\/media?parent=1094"}],"curies":[{"name":"wp","href":"https:\/\/api.w.org\/{rel}","templated":true}]}}