{"id":1095,"date":"2024-07-03T18:31:43","date_gmt":"2024-07-03T18:31:43","guid":{"rendered":"https:\/\/celplan.com\/?page_id=1095"},"modified":"2024-07-26T20:17:24","modified_gmt":"2024-07-26T20:17:24","slug":"network_testing","status":"publish","type":"page","link":"https:\/\/celplan.com\/pt\/network_testing\/","title":{"rendered":"Teste de rede"},"content":{"rendered":"<div class=\"wp-block-uagb-container uagb-block-eghuxq0k alignfull uagb-is-root-container\"><div class=\"uagb-container-inner-blocks-wrap\">\n<div class=\"wp-block-uagb-info-box uagb-block-z9doniw9 uagb-infobox__content-wrap  uagb-infobox-icon-above-title uagb-infobox-image-valign-top\"><div class=\"uagb-ifb-content\"><div class=\"uagb-ifb-title-wrap\"><h1 class=\"uagb-ifb-title\">Teste de rede<\/h1><\/div><\/div><\/div>\n<\/div><\/div>\n\n\n\n<div class=\"wp-block-uagb-container uagb-block-eidebwjs alignfull uagb-is-root-container\"><div class=\"uagb-container-inner-blocks-wrap\">\n<div class=\"wp-block-uagb-container uagb-block-ntavs5ha\">\n<div class=\"wp-block-uagb-image aligncenter uagb-block-qy2ie9dr wp-block-uagb-image--layout-default wp-block-uagb-image--effect-static wp-block-uagb-image--align-center alignleft\"><figure class=\"wp-block-uagb-image__figure\"><img decoding=\"async\" srcset=\"https:\/\/celplan.com\/wp-content\/uploads\/2024\/07\/measuring-5G-1024x683.jpg ,https:\/\/celplan.com\/wp-content\/uploads\/2024\/07\/measuring-5G-scaled.jpg 780w, https:\/\/celplan.com\/wp-content\/uploads\/2024\/07\/measuring-5G-scaled.jpg 360w\" sizes=\"auto, (max-width: 480px) 150px\" src=\"https:\/\/celplan.com\/wp-content\/uploads\/2024\/07\/measuring-5G-1024x683.jpg\" alt=\"\" class=\"uag-image-1924\" width=\"564\" height=\"400\" title=\"5G\" loading=\"lazy\" role=\"img\"\/><\/figure><\/div>\n\n\n\n<div class=\"wp-block-uagb-info-box uagb-block-ggyz8qhr uagb-infobox__content-wrap  uagb-infobox-icon-above-title uagb-infobox-image-valign-top\"><div class=\"uagb-ifb-content\"><div class=\"uagb-ifb-title-wrap\"><h3 class=\"uagb-ifb-title\">Teste de rede<\/h3><\/div><p class=\"uagb-ifb-desc\">Testar o desempenho da rede de dados, seja com ou sem fio, \u00e9 crucial para garantir a funcionalidade ideal e a experi\u00eancia do usu\u00e1rio no mundo interconectado de hoje. Ao avaliar sistematicamente v\u00e1rios aspectos do desempenho da rede, as organiza\u00e7\u00f5es podem identificar gargalos, inefici\u00eancias e potenciais pontos de falha antes que eles afetem os usu\u00e1rios finais ou opera\u00e7\u00f5es cr\u00edticas. Essa abordagem proativa permite otimiza\u00e7\u00f5es oportunas, planejamento de capacidade e solu\u00e7\u00e3o de problemas, levando, em \u00faltima an\u00e1lise, \u00e0 melhoria da confiabilidade, velocidade e qualidade geral do servi\u00e7o. Al\u00e9m disso, os testes regulares de desempenho ajudam as organiza\u00e7\u00f5es a manter a conformidade com os acordos de n\u00edvel de servi\u00e7o (SLAs) e padr\u00f5es da ind\u00fastria, o que \u00e9 particularmente importante em setores onde a confiabilidade da rede \u00e9 primordial, como finan\u00e7as, sa\u00fade e servi\u00e7os de emerg\u00eancia.<br><br>Em uma era em que a transforma\u00e7\u00e3o digital est\u00e1 avan\u00e7ando rapidamente, a import\u00e2ncia do desempenho robusto da rede n\u00e3o pode ser exagerada. \u00c0 medida que as empresas dependem cada vez mais de servi\u00e7os em nuvem, solu\u00e7\u00f5es de trabalho remoto e aplicativos com uso intensivo de dados, at\u00e9 mesmo pequenos problemas de rede podem resultar em perdas significativas de produtividade e insatisfa\u00e7\u00e3o do cliente. Ao implementar estrat\u00e9gias abrangentes de teste de desempenho de rede, as organiza\u00e7\u00f5es podem garantir que sua infraestrutura possa lidar com as demandas atuais e, ao mesmo tempo, se preparar para o crescimento futuro e os avan\u00e7os tecnol\u00f3gicos. Essa previs\u00e3o n\u00e3o apenas ajuda a manter uma vantagem competitiva, mas tamb\u00e9m contribui para a economia de custos, evitando atualiza\u00e7\u00f5es desnecess\u00e1rias e reduzindo despesas relacionadas ao tempo de inatividade. Em \u00faltima an\u00e1lise, uma rede bem testada e otimizada forma a espinha dorsal de opera\u00e7\u00f5es eficientes, comunica\u00e7\u00e3o cont\u00ednua e inova\u00e7\u00e3o na era digital.<\/p><\/div><\/div>\n<\/div>\n\n\n\n<div class=\"wp-block-uagb-container uagb-block-lxteyfrt\">\n<div class=\"wp-block-uagb-info-box uagb-block-79ijmjmt uagb-infobox__content-wrap  uagb-infobox-icon-above-title uagb-infobox-image-valign-top\"><div class=\"uagb-ifb-content\"><div class=\"uagb-ifb-title-wrap\"><h3 class=\"uagb-ifb-title\">As ferramentas certas para o trabalho<\/h3><\/div><p class=\"uagb-ifb-desc\">O CelPlan oferece um conjunto abrangente de ferramentas para medir e analisar o desempenho da rede, com o CellProbe e o CellScanner sendo dois componentes principais. O CellProbe fornece v\u00e1rios recursos de an\u00e1lise de rede, incluindo medi\u00e7\u00e3o de throughput, an\u00e1lise de pacotes, monitoramento de lat\u00eancia e coleta de dados SNMP. Ele pode executar testes de throughput da vida real, medir o throughput m\u00e1ximo e espec\u00edfico do aplicativo e conduzir avalia\u00e7\u00f5es de desempenho de link para tr\u00e1fego TCP e UDP. O CellProbe tamb\u00e9m inclui um scanner de pacotes, aproveitando o Wireshark para an\u00e1lise detalhada de protocolo, bem como um monitor de ping para avaliar a lat\u00eancia e a conectividade da rede. \u00c9 importante ressaltar que o CellProbe pode associar todas essas medi\u00e7\u00f5es com coordenadas GPS, permitindo dados de desempenho mapeados geograficamente. Isso permite que os operadores de rede identifiquem problemas e tend\u00eancias espec\u00edficas de localiza\u00e7\u00e3o no desempenho da rede.<br><br>O CellScanner complementa o CellProbe ao fornecer an\u00e1lise detalhada de RF em v\u00e1rias tecnologias celulares, incluindo GSM, UMTS, LTE e 5G. Ele pode escanear simultaneamente v\u00e1rios canais e tecnologias, gravando dados de teste de unidade com coordenadas geogr\u00e1ficas associadas. O CellScanner mede os principais par\u00e2metros de RF, como intensidade do sinal, qualidade e n\u00edveis de interfer\u00eancia. Quando combinado com as m\u00e9tricas de desempenho de camada superior do CellProbe, isso fornece uma vis\u00e3o hol\u00edstica do desempenho da rede, da camada f\u00edsica at\u00e9 a camada de aplica\u00e7\u00e3o.<br><br>A capacidade de correlacionar condi\u00e7\u00f5es de RF com throughput, lat\u00eancia e outros indicadores de desempenho permite solu\u00e7\u00e3o de problemas e otimiza\u00e7\u00e3o abrangentes. Juntas, essas ferramentas permitem que as operadoras de rede re\u00fanam dados de desempenho ricos e baseados em localiza\u00e7\u00e3o que podem ser usados \u200b\u200bpara identificar \u00e1reas para melhoria, validar mudan\u00e7as de rede e garantir uma experi\u00eancia de usu\u00e1rio de alta qualidade em toda a sua \u00e1rea de cobertura.<\/p><\/div><\/div>\n\n\n\n<div class=\"wp-block-uagb-image aligncenter uagb-block-zlzeflwe wp-block-uagb-image--layout-default wp-block-uagb-image--effect-static wp-block-uagb-image--align-center alignleft\"><figure class=\"wp-block-uagb-image__figure\"><img decoding=\"async\" srcset=\"https:\/\/celplan.com\/wp-content\/uploads\/2024\/07\/Image-CellWireless-07-1024x819.png ,https:\/\/celplan.com\/wp-content\/uploads\/2024\/07\/Image-CellWireless-07.png 780w, https:\/\/celplan.com\/wp-content\/uploads\/2024\/07\/Image-CellWireless-07.png 360w\" sizes=\"auto, (max-width: 480px) 150px\" src=\"https:\/\/celplan.com\/wp-content\/uploads\/2024\/07\/Image-CellWireless-07-1024x819.png\" alt=\"\" class=\"uag-image-1845\" width=\"564\" height=\"400\" title=\"Image CellWireless 07\" loading=\"lazy\" role=\"img\"\/><\/figure><\/div>\n<\/div>\n<\/div><\/div>","protected":false},"excerpt":{"rendered":"","protected":false},"author":2,"featured_media":0,"parent":0,"menu_order":0,"comment_status":"closed","ping_status":"closed","template":"","meta":{"_uag_custom_page_level_css":"","_monsterinsights_skip_tracking":false,"_monsterinsights_sitenote_active":false,"_monsterinsights_sitenote_note":"","_monsterinsights_sitenote_category":0,"site-sidebar-layout":"no-sidebar","site-content-layout":"","ast-site-content-layout":"full-width-container","site-content-style":"unboxed","site-sidebar-style":"unboxed","ast-global-header-display":"","ast-banner-title-visibility":"","ast-main-header-display":"","ast-hfb-above-header-display":"","ast-hfb-below-header-display":"","ast-hfb-mobile-header-display":"","site-post-title":"disabled","ast-breadcrumbs-content":"","ast-featured-img":"","footer-sml-layout":"","ast-disable-related-posts":"","theme-transparent-header-meta":"","adv-header-id-meta":"","stick-header-meta":"","header-above-stick-meta":"","header-main-stick-meta":"","header-below-stick-meta":"","astra-migrate-meta-layouts":"set","ast-page-background-enabled":"default","ast-page-background-meta":{"desktop":{"background-color":"var(--ast-global-color-4)","background-image":"","background-repeat":"repeat","background-position":"center center","background-size":"auto","background-attachment":"scroll","background-type":"","background-media":"","overlay-type":"","overlay-color":"","overlay-opacity":"","overlay-gradient":""},"tablet":{"background-color":"","background-image":"","background-repeat":"repeat","background-position":"center center","background-size":"auto","background-attachment":"scroll","background-type":"","background-media":"","overlay-type":"","overlay-color":"","overlay-opacity":"","overlay-gradient":""},"mobile":{"background-color":"","background-image":"","background-repeat":"repeat","background-position":"center center","background-size":"auto","background-attachment":"scroll","background-type":"","background-media":"","overlay-type":"","overlay-color":"","overlay-opacity":"","overlay-gradient":""}},"ast-content-background-meta":{"desktop":{"background-color":"var(--ast-global-color-5)","background-image":"","background-repeat":"repeat","background-position":"center center","background-size":"auto","background-attachment":"scroll","background-type":"","background-media":"","overlay-type":"","overlay-color":"","overlay-opacity":"","overlay-gradient":""},"tablet":{"background-color":"var(--ast-global-color-5)","background-image":"","background-repeat":"repeat","background-position":"center center","background-size":"auto","background-attachment":"scroll","background-type":"","background-media":"","overlay-type":"","overlay-color":"","overlay-opacity":"","overlay-gradient":""},"mobile":{"background-color":"var(--ast-global-color-5)","background-image":"","background-repeat":"repeat","background-position":"center center","background-size":"auto","background-attachment":"scroll","background-type":"","background-media":"","overlay-type":"","overlay-color":"","overlay-opacity":"","overlay-gradient":""}},"footnotes":""},"class_list":["post-1095","page","type-page","status-publish","hentry"],"aioseo_notices":[],"uagb_featured_image_src":{"full":false,"thumbnail":false,"medium":false,"medium_large":false,"large":false,"1536x1536":false,"2048x2048":false,"trp-custom-language-flag":false},"uagb_author_info":{"display_name":"Cristine Korowajczuk","author_link":"https:\/\/celplan.com\/pt\/author\/cris_en\/"},"uagb_comment_info":0,"uagb_excerpt":null,"_links":{"self":[{"href":"https:\/\/celplan.com\/pt\/wp-json\/wp\/v2\/pages\/1095","targetHints":{"allow":["GET"]}}],"collection":[{"href":"https:\/\/celplan.com\/pt\/wp-json\/wp\/v2\/pages"}],"about":[{"href":"https:\/\/celplan.com\/pt\/wp-json\/wp\/v2\/types\/page"}],"author":[{"embeddable":true,"href":"https:\/\/celplan.com\/pt\/wp-json\/wp\/v2\/users\/2"}],"replies":[{"embeddable":true,"href":"https:\/\/celplan.com\/pt\/wp-json\/wp\/v2\/comments?post=1095"}],"version-history":[{"count":16,"href":"https:\/\/celplan.com\/pt\/wp-json\/wp\/v2\/pages\/1095\/revisions"}],"predecessor-version":[{"id":1985,"href":"https:\/\/celplan.com\/pt\/wp-json\/wp\/v2\/pages\/1095\/revisions\/1985"}],"wp:attachment":[{"href":"https:\/\/celplan.com\/pt\/wp-json\/wp\/v2\/media?parent=1095"}],"curies":[{"name":"wp","href":"https:\/\/api.w.org\/{rel}","templated":true}]}}