{"id":1097,"date":"2024-07-03T18:31:43","date_gmt":"2024-07-03T18:31:43","guid":{"rendered":"https:\/\/celplan.com\/?page_id=1097"},"modified":"2024-08-22T14:12:09","modified_gmt":"2024-08-22T14:12:09","slug":"training_development_programs","status":"publish","type":"page","link":"https:\/\/celplan.com\/pt\/training_development_programs\/","title":{"rendered":"Programas de Treinamento e Desenvolvimento"},"content":{"rendered":"<div class=\"wp-block-uagb-container uagb-block-eghuxq0k alignfull uagb-is-root-container\"><div class=\"uagb-container-inner-blocks-wrap\">\n<div class=\"wp-block-uagb-info-box uagb-block-z9doniw9 uagb-infobox__content-wrap  uagb-infobox-icon-above-title uagb-infobox-image-valign-top\"><div class=\"uagb-ifb-content\"><div class=\"uagb-ifb-title-wrap\"><h1 class=\"uagb-ifb-title\">Programas de Treinamento e Desenvolvimento<\/h1><\/div><\/div><\/div>\n<\/div><\/div>\n\n\n\n<div class=\"wp-block-uagb-container uagb-block-eidebwjs alignfull uagb-is-root-container\"><div class=\"uagb-container-inner-blocks-wrap\">\n<div class=\"wp-block-uagb-container uagb-block-ntavs5ha\">\n<div class=\"wp-block-uagb-image aligncenter uagb-block-qy2ie9dr wp-block-uagb-image--layout-default wp-block-uagb-image--effect-static wp-block-uagb-image--align-center alignleft\"><figure class=\"wp-block-uagb-image__figure\"><img decoding=\"async\" srcset=\"https:\/\/celplan.com\/wp-content\/uploads\/2024\/07\/training-1024x430.jpg ,https:\/\/celplan.com\/wp-content\/uploads\/2024\/07\/training-scaled.jpg 780w, https:\/\/celplan.com\/wp-content\/uploads\/2024\/07\/training-scaled.jpg 360w\" sizes=\"auto, (max-width: 480px) 150px\" src=\"https:\/\/celplan.com\/wp-content\/uploads\/2024\/07\/training-1024x430.jpg\" alt=\"\" class=\"uag-image-1925\" width=\"564\" height=\"400\" title=\"training\" loading=\"lazy\" role=\"img\"\/><\/figure><\/div>\n\n\n\n<div class=\"wp-block-uagb-info-box uagb-block-ggyz8qhr uagb-infobox__content-wrap  uagb-infobox-icon-above-title uagb-infobox-image-valign-top\"><div class=\"uagb-ifb-content\"><div class=\"uagb-ifb-title-wrap\"><\/div><p class=\"uagb-ifb-desc\">A CelPlan oferece um programa de treinamento abrangente e diversificado que abrange v\u00e1rios aspectos de sistemas de comunica\u00e7\u00e3o sem fio e planejamento de rede, com cursos que v\u00e3o desde aulas introdut\u00f3rias sobre conceitos b\u00e1sicos de comunica\u00e7\u00e3o sem fio at\u00e9 t\u00f3picos avan\u00e7ados em tecnologias espec\u00edficas.<br><br>A CelPlan tamb\u00e9m oferece treinamento em nosso pacote de software de design de rede, incluindo o CelPlanner, que \u00e9 usado para planejamento de sistemas sem fio, planejamento de sistemas ponto-multiponto e planejamento de links de micro-ondas. <br><br>A CelPlan tamb\u00e9m oferece cursos sobre aspectos pr\u00e1ticos de projeto e otimiza\u00e7\u00e3o de redes, como medi\u00e7\u00f5es de n\u00edvel de sinal, calibra\u00e7\u00e3o de modelos de previs\u00e3o e levantamento e an\u00e1lise de sistemas reais.<\/p><\/div><\/div>\n<\/div>\n\n\n\n<div class=\"wp-block-uagb-container uagb-block-lxteyfrt\">\n<div class=\"wp-block-uagb-info-box uagb-block-79ijmjmt uagb-infobox__content-wrap  uagb-infobox-icon-above-title uagb-infobox-image-valign-top\"><div class=\"uagb-ifb-content\"><div class=\"uagb-ifb-title-wrap\"><\/div><p class=\"uagb-ifb-desc\">O programa de treinamento \u00e9 projetado para atender a diferentes n\u00edveis de p\u00fablico, de gerentes e administradores a engenheiros e t\u00e9cnicos. Os cursos podem ser personalizados para atender \u00e0s necessidades espec\u00edficas do cliente e podem ser realizados nas instala\u00e7\u00f5es da CelPlan, sites do cliente ou universidades. A CelPlan enfatiza o aprendizado pr\u00e1tico, muitas vezes incorporando exerc\u00edcios pr\u00e1ticos e estudos de caso em seus cursos.<br><br>A Celplan tamb\u00e9m oferece sess\u00f5es de treinamento gratuitas para novos lan\u00e7amentos de software para garantir que os clientes possam aproveitar ao m\u00e1ximo os novos recursos. <br><br>Al\u00e9m disso, a CelPlan oferece cursos especializados em tecnologias emergentes, como IoT e 5G, bem como sess\u00f5es focadas em aspectos espec\u00edficos de design de rede, como Field Area Networks para servi\u00e7os p\u00fablicos.<\/p><\/div><\/div>\n\n\n\n<div class=\"wp-block-uagb-image aligncenter uagb-block-zlzeflwe wp-block-uagb-image--layout-default wp-block-uagb-image--effect-static wp-block-uagb-image--align-center alignleft\"><figure class=\"wp-block-uagb-image__figure\"><img decoding=\"async\" srcset=\"https:\/\/celplan.com\/wp-content\/uploads\/2024\/07\/consultant-cloud-1024x683.jpg ,https:\/\/celplan.com\/wp-content\/uploads\/2024\/07\/consultant-cloud-scaled.jpg 780w, https:\/\/celplan.com\/wp-content\/uploads\/2024\/07\/consultant-cloud-scaled.jpg 360w\" sizes=\"auto, (max-width: 480px) 150px\" src=\"https:\/\/celplan.com\/wp-content\/uploads\/2024\/07\/consultant-cloud-1024x683.jpg\" alt=\"\" class=\"uag-image-1935\" width=\"564\" height=\"400\" title=\"Consulting\" loading=\"lazy\" role=\"img\"\/><\/figure><\/div>\n<\/div>\n\n\n\n<p>Entre em contato com a CelPlan hoje mesmo para explorar nosso cat\u00e1logo abrangente de cursos de treinamento ou para discutir solu\u00e7\u00f5es de aprendizagem personalizadas adaptadas aos requisitos espec\u00edficos da sua equipe.<\/p>\n<\/div><\/div>","protected":false},"excerpt":{"rendered":"<p>Entre em contato com a CelPlan hoje mesmo para explorar nosso cat\u00e1logo abrangente de cursos de treinamento ou para discutir solu\u00e7\u00f5es de aprendizagem personalizadas adaptadas aos requisitos espec\u00edficos da sua equipe.<\/p>","protected":false},"author":2,"featured_media":0,"parent":0,"menu_order":0,"comment_status":"closed","ping_status":"closed","template":"","meta":{"_uag_custom_page_level_css":"","_monsterinsights_skip_tracking":false,"_monsterinsights_sitenote_active":false,"_monsterinsights_sitenote_note":"","_monsterinsights_sitenote_category":0,"site-sidebar-layout":"no-sidebar","site-content-layout":"","ast-site-content-layout":"full-width-container","site-content-style":"unboxed","site-sidebar-style":"unboxed","ast-global-header-display":"","ast-banner-title-visibility":"","ast-main-header-display":"","ast-hfb-above-header-display":"","ast-hfb-below-header-display":"","ast-hfb-mobile-header-display":"","site-post-title":"disabled","ast-breadcrumbs-content":"","ast-featured-img":"","footer-sml-layout":"","ast-disable-related-posts":"","theme-transparent-header-meta":"","adv-header-id-meta":"","stick-header-meta":"","header-above-stick-meta":"","header-main-stick-meta":"","header-below-stick-meta":"","astra-migrate-meta-layouts":"set","ast-page-background-enabled":"default","ast-page-background-meta":{"desktop":{"background-color":"var(--ast-global-color-4)","background-image":"","background-repeat":"repeat","background-position":"center center","background-size":"auto","background-attachment":"scroll","background-type":"","background-media":"","overlay-type":"","overlay-color":"","overlay-opacity":"","overlay-gradient":""},"tablet":{"background-color":"","background-image":"","background-repeat":"repeat","background-position":"center center","background-size":"auto","background-attachment":"scroll","background-type":"","background-media":"","overlay-type":"","overlay-color":"","overlay-opacity":"","overlay-gradient":""},"mobile":{"background-color":"","background-image":"","background-repeat":"repeat","background-position":"center center","background-size":"auto","background-attachment":"scroll","background-type":"","background-media":"","overlay-type":"","overlay-color":"","overlay-opacity":"","overlay-gradient":""}},"ast-content-background-meta":{"desktop":{"background-color":"var(--ast-global-color-5)","background-image":"","background-repeat":"repeat","background-position":"center center","background-size":"auto","background-attachment":"scroll","background-type":"","background-media":"","overlay-type":"","overlay-color":"","overlay-opacity":"","overlay-gradient":""},"tablet":{"background-color":"var(--ast-global-color-5)","background-image":"","background-repeat":"repeat","background-position":"center center","background-size":"auto","background-attachment":"scroll","background-type":"","background-media":"","overlay-type":"","overlay-color":"","overlay-opacity":"","overlay-gradient":""},"mobile":{"background-color":"var(--ast-global-color-5)","background-image":"","background-repeat":"repeat","background-position":"center center","background-size":"auto","background-attachment":"scroll","background-type":"","background-media":"","overlay-type":"","overlay-color":"","overlay-opacity":"","overlay-gradient":""}},"footnotes":""},"class_list":["post-1097","page","type-page","status-publish","hentry"],"aioseo_notices":[],"uagb_featured_image_src":{"full":false,"thumbnail":false,"medium":false,"medium_large":false,"large":false,"1536x1536":false,"2048x2048":false,"trp-custom-language-flag":false},"uagb_author_info":{"display_name":"Cristine Korowajczuk","author_link":"https:\/\/celplan.com\/pt\/author\/cris_en\/"},"uagb_comment_info":0,"uagb_excerpt":"Contact CelPlan today to explore our comprehensive catalog of training courses or to discuss customized learning solutions tailored to your team&#8217;s specific requirements.","_links":{"self":[{"href":"https:\/\/celplan.com\/pt\/wp-json\/wp\/v2\/pages\/1097","targetHints":{"allow":["GET"]}}],"collection":[{"href":"https:\/\/celplan.com\/pt\/wp-json\/wp\/v2\/pages"}],"about":[{"href":"https:\/\/celplan.com\/pt\/wp-json\/wp\/v2\/types\/page"}],"author":[{"embeddable":true,"href":"https:\/\/celplan.com\/pt\/wp-json\/wp\/v2\/users\/2"}],"replies":[{"embeddable":true,"href":"https:\/\/celplan.com\/pt\/wp-json\/wp\/v2\/comments?post=1097"}],"version-history":[{"count":7,"href":"https:\/\/celplan.com\/pt\/wp-json\/wp\/v2\/pages\/1097\/revisions"}],"predecessor-version":[{"id":2658,"href":"https:\/\/celplan.com\/pt\/wp-json\/wp\/v2\/pages\/1097\/revisions\/2658"}],"wp:attachment":[{"href":"https:\/\/celplan.com\/pt\/wp-json\/wp\/v2\/media?parent=1097"}],"curies":[{"name":"wp","href":"https:\/\/api.w.org\/{rel}","templated":true}]}}