{"id":1492,"date":"2024-07-10T19:32:05","date_gmt":"2024-07-10T19:32:05","guid":{"rendered":"https:\/\/celplan.com\/?page_id=1492"},"modified":"2024-09-24T22:31:26","modified_gmt":"2024-09-24T22:31:26","slug":"celldesigner","status":"publish","type":"page","link":"https:\/\/celplan.com\/pt\/celldesigner\/","title":{"rendered":"CellDesigner"},"content":{"rendered":"<div class=\"wp-block-uagb-container uagb-block-eghuxq0k alignfull uagb-is-root-container\"><div class=\"uagb-container-inner-blocks-wrap\">\n<div class=\"wp-block-uagb-info-box uagb-block-z9doniw9 uagb-infobox__content-wrap  uagb-infobox-icon-above-title uagb-infobox-image-valign-top\"><div class=\"uagb-ifb-content\"><div class=\"uagb-ifb-title-wrap\"><h1 class=\"uagb-ifb-title\">CellDesigner<\/h1><\/div><\/div><\/div>\n<\/div><\/div>\n\n\n\n<p><\/p>\n\n\n\n<p><\/p>\n\n\n\n<div class=\"wp-block-uagb-container uagb-block-eidebwjs alignfull uagb-is-root-container\"><div class=\"uagb-container-inner-blocks-wrap\">\n<h2 class=\"wp-block-heading\">Apresentando o CellDesigner 14: a solu\u00e7\u00e3o abrangente de design de rede sem fio<\/h2>\n\n\n\n<div class=\"wp-block-uagb-container uagb-block-ntavs5ha\">\n<div class=\"wp-block-uagb-image aligncenter uagb-block-qy2ie9dr wp-block-uagb-image--layout-default wp-block-uagb-image--effect-static wp-block-uagb-image--align-center alignleft\"><figure class=\"wp-block-uagb-image__figure\"><img decoding=\"async\" srcset=\"https:\/\/celplan.com\/wp-content\/uploads\/2024\/07\/morfologia-out-1-1024x632.jpg ,https:\/\/celplan.com\/wp-content\/uploads\/2024\/07\/morfologia-out-1.jpg 780w, https:\/\/celplan.com\/wp-content\/uploads\/2024\/07\/morfologia-out-1.jpg 360w\" sizes=\"auto, (max-width: 480px) 150px\" src=\"https:\/\/celplan.com\/wp-content\/uploads\/2024\/07\/morfologia-out-1-1024x632.jpg\" alt=\"\" class=\"uag-image-1441\" width=\"564\" height=\"400\" title=\"Clutter\" loading=\"lazy\" role=\"img\"\/><\/figure><\/div>\n\n\n\n<div class=\"wp-block-uagb-container uagb-block-64a73f6b\">\n<div class=\"wp-block-uagb-info-box uagb-block-ggyz8qhr uagb-infobox__content-wrap  uagb-infobox-icon-above-title uagb-infobox-image-valign-top\"><div class=\"uagb-ifb-content\"><div class=\"uagb-ifb-title-wrap\"><h3 class=\"uagb-ifb-title\">CellDesigner 14<\/h3><\/div><p class=\"uagb-ifb-desc\">O CellDesigner 14, desenvolvido pela CelPlan Technologies, \u00e9 a resposta definitiva para os complexos desafios de design de redes sem fio de hoje. Este poderoso pacote de software capacita concession\u00e1rias e empresas a criar, validar e otimizar redes sem fio de miss\u00e3o cr\u00edtica com precis\u00e3o e efici\u00eancia incompar\u00e1veis.<br><br>The CellDesigner Suite comprises several integrated tools:<\/p><\/div><\/div>\n\n\n\n<ul class=\"wp-block-list\">\n<li>CelPlanner: O m\u00f3dulo principal para modelagem de rede, an\u00e1lise de cobertura e interfer\u00eancia e simula\u00e7\u00e3o de tr\u00e1fego.<\/li>\n\n\n\n<li>CellNetwork: Especializada em planejamento de backhaul.<\/li>\n\n\n\n<li>CellPerformance: Lida com integra\u00e7\u00e3o de dados de medi\u00e7\u00e3o de campo, planejamento autom\u00e1tico de c\u00e9lulas (ACP), planejamento autom\u00e1tico de frequ\u00eancia e recursos (AFP) e visualiza\u00e7\u00e3o de hiperjanelas para an\u00e1lise de dados em profundidade.<\/li>\n\n\n\n<li>CelData: Fornece recursos de edi\u00e7\u00e3o de banco de dados GIS.<\/li>\n<\/ul>\n<\/div>\n<\/div>\n\n\n\n<div class=\"wp-block-uagb-container uagb-block-lxteyfrt\">\n<div class=\"wp-block-uagb-container uagb-block-04db481e\">\n<div class=\"wp-block-uagb-info-box uagb-block-79ijmjmt uagb-infobox__content-wrap  uagb-infobox-icon-above-title uagb-infobox-image-valign-top\"><div class=\"uagb-ifb-content\"><div class=\"uagb-ifb-title-wrap\"><h3 class=\"uagb-ifb-title\">Principais vantagens<\/h3><\/div><\/div><\/div>\n\n\n\n<ul class=\"wp-block-list\">\n<li>Suporte de tecnologia incompar\u00e1vel de WiFi 6.0 e LTE para 5G-NR e al\u00e9m, o CelPlanner Suite integra perfeitamente padr\u00f5es sem fio legados e de ponta. Ele suporta sistemas especializados como AEROMACS, PMR\/LMR (P25, Tetra), LPWAN\/MESH (LoRa, SigFox) e at\u00e9 mesmo sistemas de v\u00eddeo e sat\u00e9lite (DVB-H\/SH).<\/li>\n\n\n\n<li>Flexibilidade independente de fornecedor Modele diversas tecnologias sem fio com facilidade, incluindo 5G, 4G-LTE, 3G, 2G e v\u00e1rios sistemas legados.<\/li>\n\n\n\n<li>Integra\u00e7\u00e3o avan\u00e7ada de GIS Nosso Sistema de Informa\u00e7\u00f5es Geogr\u00e1ficas propriet\u00e1rio oferece suporte multicamadas de topografia, morfologia e imagens para extrema precis\u00e3o no planejamento de rede.<\/li>\n\n\n\n<li>Modelagem de propaga\u00e7\u00e3o revolucion\u00e1ria com modelos precisos e avan\u00e7ados que integram v\u00e1rios tipos de desordem, alturas e camadas de resolu\u00e7\u00e3o.<\/li>\n\n\n\n<li>Otimiza\u00e7\u00e3o de modelo inteligente Ajuste automaticamente seus modelos usando dados do mundo real para obter maior precis\u00e3o de previs\u00e3o.<\/li>\n\n\n\n<li>An\u00e1lise abrangente de v\u00e1rios dispositivos Analise simultaneamente at\u00e9 32 classes de servi\u00e7o distintas, abrangendo v\u00e1rios dispositivos, ambientes e configura\u00e7\u00f5es de servi\u00e7o.<\/li>\n\n\n\n<li>Design de topologia de rede vers\u00e1til De redes ponto-a-multiponto a redes mesh, o CelPlanner Suite oferece cobertura para voc\u00ea, incluindo suporte especializado para implanta\u00e7\u00f5es de IoT.<\/li>\n\n\n\n<li>Planeje e otimize sua rede de backhaul em perfeita harmonia com sua rede de acesso.<\/li>\n\n\n\n<li>Ferramentas de planejamento de ponta Beneficie-se dos recursos de Planejamento Autom\u00e1tico de Frequ\u00eancia (AFP) e Planejamento Autom\u00e1tico de C\u00e9lula (ACP).<\/li>\n\n\n\n<li>Integra\u00e7\u00e3o com o Google Earth Exporte sites, pontos de extremidade, links e previs\u00f5es para visualiza\u00e7\u00e3o aprimorada.<\/li>\n<\/ul>\n<\/div>\n\n\n\n<div class=\"wp-block-uagb-image aligncenter uagb-block-zlzeflwe wp-block-uagb-image--layout-default wp-block-uagb-image--effect-static wp-block-uagb-image--align-center alignleft\"><figure class=\"wp-block-uagb-image__figure\"><img decoding=\"async\" srcset=\"https:\/\/celplan.com\/wp-content\/uploads\/2024\/07\/endpoints-with-coverage-celplanner.png ,https:\/\/celplan.com\/wp-content\/uploads\/2024\/07\/endpoints-with-coverage-celplanner.png 780w, https:\/\/celplan.com\/wp-content\/uploads\/2024\/07\/endpoints-with-coverage-celplanner.png 360w\" sizes=\"auto, (max-width: 480px) 150px\" src=\"https:\/\/celplan.com\/wp-content\/uploads\/2024\/07\/endpoints-with-coverage-celplanner.png\" alt=\"\" class=\"uag-image-1777\" width=\"564\" height=\"400\" title=\"Network Design\" loading=\"lazy\" role=\"img\"\/><\/figure><\/div>\n<\/div>\n\n\n\n<div class=\"wp-block-uagb-container uagb-block-ttogtouf\">\n<div class=\"wp-block-uagb-image aligncenter uagb-block-n3cxnlie wp-block-uagb-image--layout-default wp-block-uagb-image--effect-static wp-block-uagb-image--align-center alignleft\"><figure class=\"wp-block-uagb-image__figure\"><img decoding=\"async\" srcset=\"https:\/\/celplan.com\/wp-content\/uploads\/2024\/07\/Imagem2.png ,https:\/\/celplan.com\/wp-content\/uploads\/2024\/07\/Imagem2.png 780w, https:\/\/celplan.com\/wp-content\/uploads\/2024\/07\/Imagem2.png 360w\" sizes=\"auto, (max-width: 480px) 150px\" src=\"https:\/\/celplan.com\/wp-content\/uploads\/2024\/07\/Imagem2.png\" alt=\"\" class=\"uag-image-1304\" width=\"564\" height=\"400\" title=\"Produtos\" loading=\"lazy\" role=\"img\"\/><\/figure><\/div>\n\n\n\n<div class=\"wp-block-uagb-container uagb-block-411af41a\">\n<div class=\"wp-block-uagb-info-box uagb-block-ujtuildy uagb-infobox__content-wrap  uagb-infobox-icon-above-title uagb-infobox-image-valign-top\"><div class=\"uagb-ifb-content\"><div class=\"uagb-ifb-title-wrap\"><h3 class=\"uagb-ifb-title\">Plataforma \u00danica<\/h3><\/div><p class=\"uagb-ifb-desc\"><br><\/p><\/div><\/div>\n\n\n\n<ul class=\"wp-block-list\">\n<li>Realiza\u00e7\u00e3o de estudos de viabilidade completos<\/li>\n\n\n\n<li>Projetando redes greenfield<\/li>\n\n\n\n<li>Expans\u00e3o da infraestrutura existente<\/li>\n\n\n\n<li>Realiza\u00e7\u00e3o de an\u00e1lises de custo-benef\u00edcio de diferentes cen\u00e1rios de rede<\/li>\n<\/ul>\n\n\n\n<p>O conjunto suporta todas as bandas de frequ\u00eancia, desde as espec\u00edficas do padr\u00e3o at\u00e9 as bandas recentemente dispon\u00edveis para redes comerciais, como CBRS, TVWS e Banda C. Com sua cobertura robusta e an\u00e1lise de interfer\u00eancia, ferramentas de planejamento de capacidade e recursos de relat\u00f3rios detalhados, o CelPlanner Suite 14 garante que voc\u00ea tome decis\u00f5es informadas em cada etapa do processo de design da sua rede.<\/p>\n<\/div>\n<\/div>\n\n\n\n<p>Experimente o futuro do planejamento de rede sem fio. Escolha CelPlanner Suite 14 \u2013 Onde a inova\u00e7\u00e3o encontra a confiabilidade em um ambiente independente de fornecedor.<\/p>\n<\/div><\/div>","protected":false},"excerpt":{"rendered":"<p>Introducing CellDesigner 14: The Comprehensive Wireless Network Design Solution The suite supports all frequency bands, from standard-specific to newly available bands for commercial networks such as CBRS, TVWS, and C-Band. With its robust coverage and interference analysis, capacity planning tools, and detailed reporting capabilities, CelPlanner Suite 14 ensures you make informed decisions at every step [&hellip;]<\/p>\n","protected":false},"author":2,"featured_media":0,"parent":0,"menu_order":0,"comment_status":"closed","ping_status":"closed","template":"","meta":{"_uag_custom_page_level_css":"","_monsterinsights_skip_tracking":false,"_monsterinsights_sitenote_active":false,"_monsterinsights_sitenote_note":"","_monsterinsights_sitenote_category":0,"site-sidebar-layout":"no-sidebar","site-content-layout":"","ast-site-content-layout":"full-width-container","site-content-style":"unboxed","site-sidebar-style":"unboxed","ast-global-header-display":"","ast-banner-title-visibility":"","ast-main-header-display":"","ast-hfb-above-header-display":"","ast-hfb-below-header-display":"","ast-hfb-mobile-header-display":"","site-post-title":"disabled","ast-breadcrumbs-content":"","ast-featured-img":"","footer-sml-layout":"","ast-disable-related-posts":"","theme-transparent-header-meta":"","adv-header-id-meta":"","stick-header-meta":"","header-above-stick-meta":"","header-main-stick-meta":"","header-below-stick-meta":"","astra-migrate-meta-layouts":"set","ast-page-background-enabled":"default","ast-page-background-meta":{"desktop":{"background-color":"var(--ast-global-color-4)","background-image":"","background-repeat":"repeat","background-position":"center center","background-size":"auto","background-attachment":"scroll","background-type":"","background-media":"","overlay-type":"","overlay-color":"","overlay-opacity":"","overlay-gradient":""},"tablet":{"background-color":"","background-image":"","background-repeat":"repeat","background-position":"center center","background-size":"auto","background-attachment":"scroll","background-type":"","background-media":"","overlay-type":"","overlay-color":"","overlay-opacity":"","overlay-gradient":""},"mobile":{"background-color":"","background-image":"","background-repeat":"repeat","background-position":"center center","background-size":"auto","background-attachment":"scroll","background-type":"","background-media":"","overlay-type":"","overlay-color":"","overlay-opacity":"","overlay-gradient":""}},"ast-content-background-meta":{"desktop":{"background-color":"var(--ast-global-color-5)","background-image":"","background-repeat":"repeat","background-position":"center center","background-size":"auto","background-attachment":"scroll","background-type":"","background-media":"","overlay-type":"","overlay-color":"","overlay-opacity":"","overlay-gradient":""},"tablet":{"background-color":"var(--ast-global-color-5)","background-image":"","background-repeat":"repeat","background-position":"center center","background-size":"auto","background-attachment":"scroll","background-type":"","background-media":"","overlay-type":"","overlay-color":"","overlay-opacity":"","overlay-gradient":""},"mobile":{"background-color":"var(--ast-global-color-5)","background-image":"","background-repeat":"repeat","background-position":"center center","background-size":"auto","background-attachment":"scroll","background-type":"","background-media":"","overlay-type":"","overlay-color":"","overlay-opacity":"","overlay-gradient":""}},"footnotes":""},"class_list":["post-1492","page","type-page","status-publish","hentry"],"aioseo_notices":[],"uagb_featured_image_src":{"full":false,"thumbnail":false,"medium":false,"medium_large":false,"large":false,"1536x1536":false,"2048x2048":false,"trp-custom-language-flag":false},"uagb_author_info":{"display_name":"Cristine Korowajczuk","author_link":"https:\/\/celplan.com\/pt\/author\/cris_en\/"},"uagb_comment_info":0,"uagb_excerpt":"Introducing CellDesigner 14: The Comprehensive Wireless Network Design Solution The suite supports all frequency bands, from standard-specific to newly available bands for commercial networks such as CBRS, TVWS, and C-Band. With its robust coverage and interference analysis, capacity planning tools, and detailed reporting capabilities, CelPlanner Suite 14 ensures you make informed decisions at every step&hellip;","_links":{"self":[{"href":"https:\/\/celplan.com\/pt\/wp-json\/wp\/v2\/pages\/1492","targetHints":{"allow":["GET"]}}],"collection":[{"href":"https:\/\/celplan.com\/pt\/wp-json\/wp\/v2\/pages"}],"about":[{"href":"https:\/\/celplan.com\/pt\/wp-json\/wp\/v2\/types\/page"}],"author":[{"embeddable":true,"href":"https:\/\/celplan.com\/pt\/wp-json\/wp\/v2\/users\/2"}],"replies":[{"embeddable":true,"href":"https:\/\/celplan.com\/pt\/wp-json\/wp\/v2\/comments?post=1492"}],"version-history":[{"count":9,"href":"https:\/\/celplan.com\/pt\/wp-json\/wp\/v2\/pages\/1492\/revisions"}],"predecessor-version":[{"id":2691,"href":"https:\/\/celplan.com\/pt\/wp-json\/wp\/v2\/pages\/1492\/revisions\/2691"}],"wp:attachment":[{"href":"https:\/\/celplan.com\/pt\/wp-json\/wp\/v2\/media?parent=1492"}],"curies":[{"name":"wp","href":"https:\/\/api.w.org\/{rel}","templated":true}]}}