{"id":1522,"date":"2024-07-10T20:06:19","date_gmt":"2024-07-10T20:06:19","guid":{"rendered":"https:\/\/celplan.com\/?page_id=1522"},"modified":"2024-08-16T21:34:09","modified_gmt":"2024-08-16T21:34:09","slug":"cellspectrum-plus","status":"publish","type":"page","link":"https:\/\/celplan.com\/pt\/cellspectrum-plus\/","title":{"rendered":"CellSpectrum Plus &#8211; spectrum analyzer"},"content":{"rendered":"<div class=\"wp-block-uagb-container uagb-block-eghuxq0k alignfull uagb-is-root-container\"><div class=\"uagb-container-inner-blocks-wrap\">\n<div class=\"wp-block-uagb-info-box uagb-block-z9doniw9 uagb-infobox__content-wrap  uagb-infobox-icon-above-title uagb-infobox-image-valign-top\"><div class=\"uagb-ifb-content\"><div class=\"uagb-ifb-title-wrap\"><h1 class=\"uagb-ifb-title\">CellSpectrum Plus<\/h1><\/div><\/div><\/div>\n<\/div><\/div>\n\n\n\n<div class=\"wp-block-uagb-container uagb-block-eidebwjs alignfull uagb-is-root-container\"><div class=\"uagb-container-inner-blocks-wrap\">\n<div class=\"wp-block-uagb-container uagb-block-ntavs5ha\">\n<div class=\"wp-block-uagb-image alignleft uagb-block-qy2ie9dr wp-block-uagb-image--layout-default wp-block-uagb-image--effect-static wp-block-uagb-image--align-left\"><figure class=\"wp-block-uagb-image__figure\"><img decoding=\"async\" srcset=\"https:\/\/celplan.com\/wp-content\/uploads\/2024\/07\/Spec-Analyzer.png ,https:\/\/celplan.com\/wp-content\/uploads\/2024\/07\/Spec-Analyzer.png 780w, https:\/\/celplan.com\/wp-content\/uploads\/2024\/07\/Spec-Analyzer.png 360w\" sizes=\"auto, (max-width: 480px) 150px\" src=\"https:\/\/celplan.com\/wp-content\/uploads\/2024\/07\/Spec-Analyzer.png\" alt=\"\" class=\"uag-image-1840\" width=\"564\" height=\"400\" title=\"Spec Analyzer\" loading=\"lazy\" role=\"img\"\/><\/figure><\/div>\n\n\n\n<div class=\"wp-block-uagb-container uagb-block-30bbf1ca\">\n<div class=\"wp-block-uagb-info-box uagb-block-ggyz8qhr uagb-infobox__content-wrap  uagb-infobox-icon-above-title uagb-infobox-image-valign-top\"><div class=\"uagb-ifb-content\"><div class=\"uagb-ifb-title-wrap\"><\/div><p class=\"uagb-ifb-desc\">CellSpectrum \u00e9 um sistema de an\u00e1lise de espectro de \u00faltima gera\u00e7\u00e3o que representa o auge da tecnologia de medi\u00e7\u00e3o no setor de comunica\u00e7\u00f5es sem fio.<br><br>Principais recursos e capacidades:<\/p><\/div><\/div>\n\n\n\n<ul class=\"wp-block-list\">\n<li><strong>Cobertura de frequ\u00eancia abrangente<\/strong>: Abrangendo de 9 kHz a 27 GHz, com capacidade de expans\u00e3o para 40 GHz por meio do Downconverter DC40, garantindo prontid\u00e3o para tecnologias sem fio atuais e futuras.<\/li>\n\n\n\n<li><strong>Processamento de sinal digital de alto desempenho<\/strong>: Utilizando largura de banda em tempo real de at\u00e9 100 MHz com digitaliza\u00e7\u00e3o de 14 bits, proporcionando clareza de sinal excepcional e profundidade de an\u00e1lise.<\/li>\n\n\n\n<li><strong>Aplica\u00e7\u00f5es Vers\u00e1teis<\/strong>: Projetado para libera\u00e7\u00e3o de espectro, an\u00e1lise de interfer\u00eancia, otimiza\u00e7\u00e3o de rede e uma ampla gama de cen\u00e1rios de testes de rede sem fio.<\/li>\n<\/ul>\n<\/div>\n<\/div>\n\n\n\n<div class=\"wp-block-uagb-container uagb-block-lxteyfrt\">\n<div class=\"wp-block-uagb-container uagb-block-ab14f248\">\n<ul class=\"wp-block-list\">\n<li><strong>Capacidades avan\u00e7adas de medi\u00e7\u00e3o<\/strong>:\n<ul class=\"wp-block-list\">\n<li>Aquisi\u00e7\u00e3o em tempo real com grava\u00e7\u00e3o de espectro georreferenciado<\/li>\n\n\n\n<li>Concatena\u00e7\u00e3o e visualiza\u00e7\u00e3o de m\u00faltiplas medi\u00e7\u00f5es<\/li>\n\n\n\n<li>At\u00e9 32 marcadores est\u00e1ticos e 32 din\u00e2micos para an\u00e1lise detalhada<\/li>\n<\/ul>\n<\/li>\n\n\n\n<li><strong>Flexibilidade operacional incompar\u00e1vel<\/strong>: Suporta tanto controle local via conex\u00e3o Ethernet quanto opera\u00e7\u00e3o remota, adaptando-se a diversos ambientes operacionais.<\/li>\n\n\n\n<li><strong>Medi\u00e7\u00f5es simult\u00e2neas multibanda<\/strong>: Capacidade \u00fanica de realizar medi\u00e7\u00f5es simult\u00e2neas em diferentes bandas de frequ\u00eancia, garantindo precis\u00e3o e efici\u00eancia operacional inigual\u00e1veis.<\/li>\n\n\n\n<li><strong>Funcionalidade GPS integrada<\/strong>: Permite georreferenciamento preciso de medi\u00e7\u00f5es, essencial para aplica\u00e7\u00f5es que exigem dados de localiza\u00e7\u00e3o exatos e an\u00e1lise de campo.<\/li>\n\n\n\n<li><strong>Design port\u00e1til e robusto<\/strong>: Constru\u00e7\u00e3o leve com baixo consumo de energia, em conformidade com os regulamentos de bagagem de m\u00e3o das companhias a\u00e9reas, facilitando o transporte e a implanta\u00e7\u00e3o em campo.<\/li>\n<\/ul>\n<\/div>\n\n\n\n<div class=\"wp-block-uagb-image aligncenter uagb-block-zlzeflwe wp-block-uagb-image--layout-default wp-block-uagb-image--effect-static wp-block-uagb-image--align-center alignleft\"><figure class=\"wp-block-uagb-image__figure\"><img decoding=\"async\" srcset=\"https:\/\/celplan.com\/wp-content\/uploads\/2024\/07\/Carro6-1024x471.jpg ,https:\/\/celplan.com\/wp-content\/uploads\/2024\/07\/Carro6.jpg 780w, https:\/\/celplan.com\/wp-content\/uploads\/2024\/07\/Carro6.jpg 360w\" sizes=\"auto, (max-width: 480px) 150px\" src=\"https:\/\/celplan.com\/wp-content\/uploads\/2024\/07\/Carro6-1024x471.jpg\" alt=\"\" class=\"uag-image-1835\" width=\"564\" height=\"400\" title=\"Car\" loading=\"lazy\" role=\"img\"\/><\/figure><\/div>\n<\/div>\n\n\n\n<div class=\"wp-block-uagb-container uagb-block-ttogtouf\">\n<div class=\"wp-block-uagb-image alignleft uagb-block-n3cxnlie wp-block-uagb-image--layout-default wp-block-uagb-image--effect-static wp-block-uagb-image--align-left\"><figure class=\"wp-block-uagb-image__figure\"><img decoding=\"async\" srcset=\"https:\/\/celplan.com\/wp-content\/uploads\/2024\/07\/CelScanner-in-Suitcase.jpg ,https:\/\/celplan.com\/wp-content\/uploads\/2024\/07\/CelScanner-in-Suitcase.jpg 780w, https:\/\/celplan.com\/wp-content\/uploads\/2024\/07\/CelScanner-in-Suitcase.jpg 360w\" sizes=\"auto, (max-width: 480px) 150px\" src=\"https:\/\/celplan.com\/wp-content\/uploads\/2024\/07\/CelScanner-in-Suitcase.jpg\" alt=\"\" class=\"uag-image-1780\" width=\"564\" height=\"400\" title=\"CelScanner in Suitcase\" loading=\"lazy\" role=\"img\"\/><\/figure><\/div>\n\n\n\n<div class=\"wp-block-uagb-container uagb-block-f85ed702\">\n<ul class=\"wp-block-list\">\n<li><strong>Especifica\u00e7\u00f5es t\u00e9cnicas<\/strong>:\n<ul class=\"wp-block-list\">\n<li>Faixa din\u00e2mica: superior a 100 dB<\/li>\n\n\n\n<li>Taxa de varredura: at\u00e9 28 GHz\/s a 10 kHz de largura de banda de resolu\u00e7\u00e3o<\/li>\n\n\n\n<li>Precis\u00e3o de amplitude: \u00b12,0 dB (t\u00edpico)<\/li>\n\n\n\n<li>N\u00edvel m\u00e1ximo de entrada RF segura: +10 dBm<\/li>\n<\/ul>\n<\/li>\n\n\n\n<li><strong>Modelos Dispon\u00edveis<\/strong>:\n<ul class=\"wp-block-list\">\n<li>CellDigitizer CD08 (8 GHz), CD18 (18 GHz), CD27 (27 GHz)<\/li>\n<\/ul>\n<\/li>\n\n\n\n<li><strong>Ideal para<\/strong>:\n<ul class=\"wp-block-list\">\n<li>Operadoras de rede sem fio<\/li>\n\n\n\n<li>\u00d3rg\u00e3os reguladores do espectro<\/li>\n\n\n\n<li>Institui\u00e7\u00f5es de pesquisa em telecomunica\u00e7\u00f5es<\/li>\n\n\n\n<li>Profissionais de engenharia de RF<\/li>\n<\/ul>\n<\/li>\n<\/ul>\n<\/div>\n<\/div>\n\n\n\n<p>O sistema CellSpectrum incorpora a converg\u00eancia de hardware receptor robusto controlado por software com capacidades avan\u00e7adas de processamento de sinal. Esta combina\u00e7\u00e3o fornece poder anal\u00edtico sem precedentes e versatilidade operacional no campo de an\u00e1lise de espectro e teste de rede sem fio.<br> <br>Experimente o futuro da tecnologia de an\u00e1lise de espectro \u2013 eleve suas capacidades de medi\u00e7\u00e3o com o CellSpectrum hoje mesmo.<br><\/p>\n<\/div><\/div>","protected":false},"excerpt":{"rendered":"<p>The CellSpectrum system embodies the convergence of robust software-controlled receiver hardware with advanced signal processing capabilities. This combination delivers unprecedented analytical power and operational versatility in the field of spectrum analysis and wireless network testing. Experience the future of spectrum analysis technology &#8211; elevate your measurement capabilities with CellSpectrum today.<\/p>","protected":false},"author":2,"featured_media":0,"parent":0,"menu_order":0,"comment_status":"closed","ping_status":"closed","template":"","meta":{"_uag_custom_page_level_css":"","_monsterinsights_skip_tracking":false,"_monsterinsights_sitenote_active":false,"_monsterinsights_sitenote_note":"","_monsterinsights_sitenote_category":0,"site-sidebar-layout":"no-sidebar","site-content-layout":"","ast-site-content-layout":"full-width-container","site-content-style":"unboxed","site-sidebar-style":"unboxed","ast-global-header-display":"","ast-banner-title-visibility":"","ast-main-header-display":"","ast-hfb-above-header-display":"","ast-hfb-below-header-display":"","ast-hfb-mobile-header-display":"","site-post-title":"disabled","ast-breadcrumbs-content":"","ast-featured-img":"","footer-sml-layout":"","ast-disable-related-posts":"","theme-transparent-header-meta":"","adv-header-id-meta":"","stick-header-meta":"","header-above-stick-meta":"","header-main-stick-meta":"","header-below-stick-meta":"","astra-migrate-meta-layouts":"set","ast-page-background-enabled":"default","ast-page-background-meta":{"desktop":{"background-color":"var(--ast-global-color-4)","background-image":"","background-repeat":"repeat","background-position":"center center","background-size":"auto","background-attachment":"scroll","background-type":"","background-media":"","overlay-type":"","overlay-color":"","overlay-opacity":"","overlay-gradient":""},"tablet":{"background-color":"","background-image":"","background-repeat":"repeat","background-position":"center center","background-size":"auto","background-attachment":"scroll","background-type":"","background-media":"","overlay-type":"","overlay-color":"","overlay-opacity":"","overlay-gradient":""},"mobile":{"background-color":"","background-image":"","background-repeat":"repeat","background-position":"center center","background-size":"auto","background-attachment":"scroll","background-type":"","background-media":"","overlay-type":"","overlay-color":"","overlay-opacity":"","overlay-gradient":""}},"ast-content-background-meta":{"desktop":{"background-color":"var(--ast-global-color-5)","background-image":"","background-repeat":"repeat","background-position":"center center","background-size":"auto","background-attachment":"scroll","background-type":"","background-media":"","overlay-type":"","overlay-color":"","overlay-opacity":"","overlay-gradient":""},"tablet":{"background-color":"var(--ast-global-color-5)","background-image":"","background-repeat":"repeat","background-position":"center center","background-size":"auto","background-attachment":"scroll","background-type":"","background-media":"","overlay-type":"","overlay-color":"","overlay-opacity":"","overlay-gradient":""},"mobile":{"background-color":"var(--ast-global-color-5)","background-image":"","background-repeat":"repeat","background-position":"center center","background-size":"auto","background-attachment":"scroll","background-type":"","background-media":"","overlay-type":"","overlay-color":"","overlay-opacity":"","overlay-gradient":""}},"footnotes":""},"class_list":["post-1522","page","type-page","status-publish","hentry"],"aioseo_notices":[],"uagb_featured_image_src":{"full":false,"thumbnail":false,"medium":false,"medium_large":false,"large":false,"1536x1536":false,"2048x2048":false,"trp-custom-language-flag":false},"uagb_author_info":{"display_name":"Cristine Korowajczuk","author_link":"https:\/\/celplan.com\/pt\/author\/cris_en\/"},"uagb_comment_info":0,"uagb_excerpt":"The CellSpectrum system embodies the convergence of robust software-controlled receiver hardware with advanced signal processing capabilities. This combination delivers unprecedented analytical power and operational versatility in the field of spectrum analysis and wireless network testing. Experience the future of spectrum analysis technology &#8211; elevate your measurement capabilities with CellSpectrum today.","_links":{"self":[{"href":"https:\/\/celplan.com\/pt\/wp-json\/wp\/v2\/pages\/1522","targetHints":{"allow":["GET"]}}],"collection":[{"href":"https:\/\/celplan.com\/pt\/wp-json\/wp\/v2\/pages"}],"about":[{"href":"https:\/\/celplan.com\/pt\/wp-json\/wp\/v2\/types\/page"}],"author":[{"embeddable":true,"href":"https:\/\/celplan.com\/pt\/wp-json\/wp\/v2\/users\/2"}],"replies":[{"embeddable":true,"href":"https:\/\/celplan.com\/pt\/wp-json\/wp\/v2\/comments?post=1522"}],"version-history":[{"count":11,"href":"https:\/\/celplan.com\/pt\/wp-json\/wp\/v2\/pages\/1522\/revisions"}],"predecessor-version":[{"id":2567,"href":"https:\/\/celplan.com\/pt\/wp-json\/wp\/v2\/pages\/1522\/revisions\/2567"}],"wp:attachment":[{"href":"https:\/\/celplan.com\/pt\/wp-json\/wp\/v2\/media?parent=1522"}],"curies":[{"name":"wp","href":"https:\/\/api.w.org\/{rel}","templated":true}]}}