{"id":1905,"date":"2024-07-23T23:09:34","date_gmt":"2024-07-23T23:09:34","guid":{"rendered":"https:\/\/celplan.com\/?page_id=1905"},"modified":"2024-08-16T20:14:18","modified_gmt":"2024-08-16T20:14:18","slug":"cellscanner","status":"publish","type":"page","link":"https:\/\/celplan.com\/pt\/cellscanner\/","title":{"rendered":"CellScanner &#8211; Technology Scanner from 2G to 5G"},"content":{"rendered":"<div class=\"wp-block-uagb-container uagb-block-eghuxq0k alignfull uagb-is-root-container\"><div class=\"uagb-container-inner-blocks-wrap\">\n<div class=\"wp-block-uagb-info-box uagb-block-z9doniw9 uagb-infobox__content-wrap  uagb-infobox-icon-above-title uagb-infobox-image-valign-top\"><div class=\"uagb-ifb-content\"><div class=\"uagb-ifb-title-wrap\"><h1 class=\"uagb-ifb-title\">CellScanner<\/h1><\/div><\/div><\/div>\n<\/div><\/div>\n\n\n\n<div class=\"wp-block-uagb-container uagb-block-eidebwjs alignfull uagb-is-root-container\"><div class=\"uagb-container-inner-blocks-wrap\">\n<div class=\"wp-block-uagb-container uagb-block-ntavs5ha\">\n<div class=\"wp-block-uagb-image aligncenter uagb-block-qy2ie9dr wp-block-uagb-image--layout-default wp-block-uagb-image--effect-static wp-block-uagb-image--align-center alignleft\"><figure class=\"wp-block-uagb-image__figure\"><img decoding=\"async\" srcset=\"https:\/\/celplan.com\/wp-content\/uploads\/2024\/07\/PCI-1024x723.png ,https:\/\/celplan.com\/wp-content\/uploads\/2024\/07\/PCI.png 780w, https:\/\/celplan.com\/wp-content\/uploads\/2024\/07\/PCI.png 360w\" sizes=\"auto, (max-width: 480px) 150px\" src=\"https:\/\/celplan.com\/wp-content\/uploads\/2024\/07\/PCI-1024x723.png\" alt=\"\" class=\"uag-image-1838\" width=\"564\" height=\"400\" title=\"PCI\" loading=\"lazy\" role=\"img\"\/><\/figure><\/div>\n\n\n\n<div class=\"wp-block-uagb-container uagb-block-ff82ab18\">\n<div class=\"wp-block-uagb-info-box uagb-block-ggyz8qhr uagb-infobox__content-wrap  uagb-infobox-icon-above-title uagb-infobox-image-valign-top\"><div class=\"uagb-ifb-content\"><div class=\"uagb-ifb-title-wrap\"><\/div><p class=\"uagb-ifb-desc\">O CellScanner \u00e9 um sistema analisador de tecnologia de \u00faltima gera\u00e7\u00e3o, projetado para atender \u00e0s crescentes demandas das redes sem fio modernas, das tecnologias 2G a 5G.<br><br>O cen\u00e1rio de rede sem fio est\u00e1 pronto para um crescimento sem precedentes na capacidade de transmiss\u00e3o, impulsionado por avan\u00e7os em 5G-NR, 4G\/LTE-A, sistemas de antenas inteligentes, implementa\u00e7\u00f5es massivas de MIMO e prolifera\u00e7\u00e3o de c\u00e9lulas pequenas. Neste ambiente din\u00e2mico, nossa solu\u00e7\u00e3o avan\u00e7ada de varredura de RF serve como a principal ferramenta de diagn\u00f3stico para otimiza\u00e7\u00e3o e solu\u00e7\u00e3o de problemas de rede.<br><br>Principais recursos e benef\u00edcios:<\/p><\/div><\/div>\n\n\n\n<ul class=\"wp-block-list\">\n<li><strong>Cobertura tecnol\u00f3gica abrangente<\/strong>:\n<ul class=\"wp-block-list\">\n<li>Analisa redes GSM, UMTS, LTE, LTE-A e 5G NR<\/li>\n\n\n\n<li>Suporta todas as bandas FDD\/TDD licenciadas e n\u00e3o licenciadas, al\u00e9m de frequ\u00eancias definidas pelo usu\u00e1rio<\/li>\n<\/ul>\n<\/li>\n\n\n\n<li><strong>Ampla faixa de frequ\u00eancia<\/strong>:\n<ul class=\"wp-block-list\">\n<li>Operacional de 9 kHz a 27 GHz, expans\u00edvel at\u00e9 40 GHz com downconverter DC40<\/li>\n\n\n\n<li>Acomoda v\u00e1rias bandas de frequ\u00eancia em uma \u00fanica plataforma de hardware<\/li>\n<\/ul>\n<\/li>\n\n\n\n<li><strong>Processamento de sinal digital de alto desempenho<\/strong>:\n<ul class=\"wp-block-list\">\n<li>At\u00e9 100 MHz de largura de banda em tempo real com digitaliza\u00e7\u00e3o de 14 bits<\/li>\n\n\n\n<li>Taxas de medi\u00e7\u00e3o de at\u00e9 40 canais\/s para LTE\/5G e 30 canais\/s para GSM\/UMTS<\/li>\n<\/ul>\n<\/li>\n<\/ul>\n<\/div>\n<\/div>\n\n\n\n<div class=\"wp-block-uagb-container uagb-block-lxteyfrt\">\n<div class=\"wp-block-uagb-container uagb-block-75117dab\">\n<ul class=\"wp-block-list\">\n<li><strong>Aplica\u00e7\u00f5es Vers\u00e1teis<\/strong>:\n<ul class=\"wp-block-list\">\n<li>Planejamento de rede, otimiza\u00e7\u00e3o e an\u00e1lise de desempenho<\/li>\n\n\n\n<li>Avalia\u00e7\u00e3o de implanta\u00e7\u00e3o: alimentadores cruzados, \u00e1rea de cobertura, comportamento do cluster, verifica\u00e7\u00e3o do plano de frequ\u00eancia<\/li>\n<\/ul>\n<\/li>\n\n\n\n<li><strong>Capacidades avan\u00e7adas de medi\u00e7\u00e3o<\/strong>:\n<ul class=\"wp-block-list\">\n<li>Opera\u00e7\u00e3o simult\u00e2nea multibanda, multicanal e multitecnologia<\/li>\n\n\n\n<li>Coleta de amostras georreferenciadas com GPS integrado para georreferenciamento preciso<\/li>\n\n\n\n<li>Aquisi\u00e7\u00e3o em tempo real e registro de espectro para an\u00e1lise p\u00f3s-processamento<\/li>\n<\/ul>\n<\/li>\n\n\n\n<li><strong>Modos operacionais flex\u00edveis<\/strong>:\n<ul class=\"wp-block-list\">\n<li>Controle local via conex\u00e3o Ethernet ou opera\u00e7\u00e3o remota<\/li>\n\n\n\n<li>Suporta campanhas de drive test e coleta de medi\u00e7\u00f5es internas<\/li>\n<\/ul>\n<\/li>\n\n\n\n<li><strong>Arquitetura definida por software<\/strong>:\n<ul class=\"wp-block-list\">\n<li>Facilmente atualiz\u00e1vel para incorporar tecnologias futuras<\/li>\n\n\n\n<li>Solu\u00e7\u00e3o econ\u00f4mica que elimina a necessidade de m\u00f3dulos de hardware ou licen\u00e7as de software separados<\/li>\n<\/ul>\n<\/li>\n\n\n\n<li><strong>Design port\u00e1til e robusto<\/strong>:\n<ul class=\"wp-block-list\">\n<li>Constru\u00e7\u00e3o leve com baixo consumo de energia<\/li>\n\n\n\n<li>Em conformidade com os regulamentos de bagagem de m\u00e3o da companhia a\u00e9rea para facilitar o transporte<\/li>\n<\/ul>\n<\/li>\n<\/ul>\n<\/div>\n\n\n\n<div class=\"wp-block-uagb-image aligncenter uagb-block-zlzeflwe wp-block-uagb-image--layout-default wp-block-uagb-image--effect-static wp-block-uagb-image--align-center alignleft\"><figure class=\"wp-block-uagb-image__figure\"><img decoding=\"async\" srcset=\"https:\/\/celplan.com\/wp-content\/uploads\/2024\/07\/CelScanner-in-Suitcase.jpg ,https:\/\/celplan.com\/wp-content\/uploads\/2024\/07\/CelScanner-in-Suitcase.jpg 780w, https:\/\/celplan.com\/wp-content\/uploads\/2024\/07\/CelScanner-in-Suitcase.jpg 360w\" sizes=\"auto, (max-width: 480px) 150px\" src=\"https:\/\/celplan.com\/wp-content\/uploads\/2024\/07\/CelScanner-in-Suitcase.jpg\" alt=\"\" class=\"uag-image-1780\" width=\"564\" height=\"400\" title=\"CelScanner in Suitcase\" loading=\"lazy\" role=\"img\"\/><\/figure><\/div>\n<\/div>\n\n\n\n<div class=\"wp-block-uagb-container uagb-block-ttogtouf\">\n<div class=\"wp-block-uagb-image aligncenter uagb-block-n3cxnlie wp-block-uagb-image--layout-default wp-block-uagb-image--effect-static wp-block-uagb-image--align-center alignleft\"><figure class=\"wp-block-uagb-image__figure\"><img decoding=\"async\" srcset=\"https:\/\/celplan.com\/wp-content\/uploads\/2024\/07\/Scanner-1024x576.jpg ,https:\/\/celplan.com\/wp-content\/uploads\/2024\/07\/Scanner.jpg 780w, https:\/\/celplan.com\/wp-content\/uploads\/2024\/07\/Scanner.jpg 360w\" sizes=\"auto, (max-width: 480px) 150px\" src=\"https:\/\/celplan.com\/wp-content\/uploads\/2024\/07\/Scanner-1024x576.jpg\" alt=\"\" class=\"uag-image-1839\" width=\"564\" height=\"400\" title=\"CellScanner\" loading=\"lazy\" role=\"img\"\/><\/figure><\/div>\n\n\n\n<div class=\"wp-block-uagb-container uagb-block-755e9e05\">\n<ul class=\"wp-block-list\">\n<li><strong>Conjunto de Medi\u00e7\u00e3o Abrangente<\/strong>:\n<ul class=\"wp-block-list\">\n<li>Para 5G (NR) e 4G (LTE): RSRP, RSSI, RSRQ, SINR, PCI, \u00cdndice SSB<\/li>\n\n\n\n<li>Para 3G (UMTS): RSSI, RSCP, Ec\/Io, Delay Spread<\/li>\n\n\n\n<li>Para 2G (GSM): BSIC, RSSI, C\/I, BER<\/li>\n<\/ul>\n<\/li>\n\n\n\n<li><strong>Destaques t\u00e9cnicos<\/strong>:\n<ul class=\"wp-block-list\">\n<li>Sensibilidade RSRP: -135 a -20 dBm<\/li>\n\n\n\n<li>Precis\u00e3o de amplitude: \u00b12,0 dB (t\u00edpico)<\/li>\n\n\n\n<li>Faixa din\u00e2mica: &gt;100 dB<\/li>\n\n\n\n<li>N\u00edvel m\u00e1ximo de entrada RF segura: +10 dBm<\/li>\n<\/ul>\n<\/li>\n\n\n\n<li><strong>Modelos Dispon\u00edveis<\/strong>:\n<ul class=\"wp-block-list\">\n<li>CellDigitizer CD08 (8 GHz), CD18 (18 GHz), CD27 (27 GHz)<\/li>\n<\/ul>\n<\/li>\n\n\n\n<li><strong>Usu\u00e1rios Alvo<\/strong>:\n<ul class=\"wp-block-list\">\n<li>Operadoras de rede sem fio<\/li>\n\n\n\n<li>Engenheiros de telecomunica\u00e7\u00f5es<\/li>\n\n\n\n<li>Especialistas em otimiza\u00e7\u00e3o de rede<\/li>\n\n\n\n<li>Engenheiros de RF<\/li>\n\n\n\n<li>\u00d3rg\u00e3os reguladores<\/li>\n<\/ul>\n<\/li>\n<\/ul>\n<\/div>\n<\/div>\n\n\n\n<p>O sistema CellScanner exemplifica nosso comprometimento com a inova\u00e7\u00e3o e excel\u00eancia t\u00e9cnica no campo de an\u00e1lise de rede sem fio. Esta solu\u00e7\u00e3o vers\u00e1til aborda os desafios mais complexos em telecomunica\u00e7\u00f5es e an\u00e1lise espectral, oferecendo desempenho e adaptabilidade incompar\u00e1veis \u200b\u200bpara tecnologias sem fio atuais e futuras. <br><br>Experimente o futuro do diagn\u00f3stico de rede sem fio \u2013 eleve suas capacidades de medi\u00e7\u00e3o com o CellScanner hoje mesmo.<\/p>\n<\/div><\/div>","protected":false},"excerpt":{"rendered":"<p>The CellScanner system exemplifies our commitment to innovation and technical excellence in the field of wireless network analysis. This versatile solution addresses the most complex challenges in telecommunications and spectral analysis, offering unparalleled performance and adaptability for current and future wireless technologies. Experience the future of wireless network diagnostics &#8211; elevate your measurement capabilities with [&hellip;]<\/p>\n","protected":false},"author":2,"featured_media":0,"parent":0,"menu_order":0,"comment_status":"closed","ping_status":"closed","template":"","meta":{"_uag_custom_page_level_css":"","_monsterinsights_skip_tracking":false,"_monsterinsights_sitenote_active":false,"_monsterinsights_sitenote_note":"","_monsterinsights_sitenote_category":0,"site-sidebar-layout":"default","site-content-layout":"","ast-site-content-layout":"default","site-content-style":"default","site-sidebar-style":"default","ast-global-header-display":"","ast-banner-title-visibility":"","ast-main-header-display":"","ast-hfb-above-header-display":"","ast-hfb-below-header-display":"","ast-hfb-mobile-header-display":"","site-post-title":"disabled","ast-breadcrumbs-content":"","ast-featured-img":"","footer-sml-layout":"","ast-disable-related-posts":"","theme-transparent-header-meta":"","adv-header-id-meta":"","stick-header-meta":"","header-above-stick-meta":"","header-main-stick-meta":"","header-below-stick-meta":"","astra-migrate-meta-layouts":"set","ast-page-background-enabled":"default","ast-page-background-meta":{"desktop":{"background-color":"var(--ast-global-color-4)","background-image":"","background-repeat":"repeat","background-position":"center center","background-size":"auto","background-attachment":"scroll","background-type":"","background-media":"","overlay-type":"","overlay-color":"","overlay-opacity":"","overlay-gradient":""},"tablet":{"background-color":"","background-image":"","background-repeat":"repeat","background-position":"center center","background-size":"auto","background-attachment":"scroll","background-type":"","background-media":"","overlay-type":"","overlay-color":"","overlay-opacity":"","overlay-gradient":""},"mobile":{"background-color":"","background-image":"","background-repeat":"repeat","background-position":"center center","background-size":"auto","background-attachment":"scroll","background-type":"","background-media":"","overlay-type":"","overlay-color":"","overlay-opacity":"","overlay-gradient":""}},"ast-content-background-meta":{"desktop":{"background-color":"var(--ast-global-color-5)","background-image":"","background-repeat":"repeat","background-position":"center center","background-size":"auto","background-attachment":"scroll","background-type":"","background-media":"","overlay-type":"","overlay-color":"","overlay-opacity":"","overlay-gradient":""},"tablet":{"background-color":"var(--ast-global-color-5)","background-image":"","background-repeat":"repeat","background-position":"center center","background-size":"auto","background-attachment":"scroll","background-type":"","background-media":"","overlay-type":"","overlay-color":"","overlay-opacity":"","overlay-gradient":""},"mobile":{"background-color":"var(--ast-global-color-5)","background-image":"","background-repeat":"repeat","background-position":"center center","background-size":"auto","background-attachment":"scroll","background-type":"","background-media":"","overlay-type":"","overlay-color":"","overlay-opacity":"","overlay-gradient":""}},"footnotes":""},"class_list":["post-1905","page","type-page","status-publish","hentry"],"aioseo_notices":[],"uagb_featured_image_src":{"full":false,"thumbnail":false,"medium":false,"medium_large":false,"large":false,"1536x1536":false,"2048x2048":false,"trp-custom-language-flag":false},"uagb_author_info":{"display_name":"Cristine Korowajczuk","author_link":"https:\/\/celplan.com\/pt\/author\/cris_en\/"},"uagb_comment_info":0,"uagb_excerpt":"The CellScanner system exemplifies our commitment to innovation and technical excellence in the field of wireless network analysis. This versatile solution addresses the most complex challenges in telecommunications and spectral analysis, offering unparalleled performance and adaptability for current and future wireless technologies. Experience the future of wireless network diagnostics &#8211; elevate your measurement capabilities with&hellip;","_links":{"self":[{"href":"https:\/\/celplan.com\/pt\/wp-json\/wp\/v2\/pages\/1905","targetHints":{"allow":["GET"]}}],"collection":[{"href":"https:\/\/celplan.com\/pt\/wp-json\/wp\/v2\/pages"}],"about":[{"href":"https:\/\/celplan.com\/pt\/wp-json\/wp\/v2\/types\/page"}],"author":[{"embeddable":true,"href":"https:\/\/celplan.com\/pt\/wp-json\/wp\/v2\/users\/2"}],"replies":[{"embeddable":true,"href":"https:\/\/celplan.com\/pt\/wp-json\/wp\/v2\/comments?post=1905"}],"version-history":[{"count":13,"href":"https:\/\/celplan.com\/pt\/wp-json\/wp\/v2\/pages\/1905\/revisions"}],"predecessor-version":[{"id":2559,"href":"https:\/\/celplan.com\/pt\/wp-json\/wp\/v2\/pages\/1905\/revisions\/2559"}],"wp:attachment":[{"href":"https:\/\/celplan.com\/pt\/wp-json\/wp\/v2\/media?parent=1905"}],"curies":[{"name":"wp","href":"https:\/\/api.w.org\/{rel}","templated":true}]}}